{"id":826,"date":"2023-04-02T00:06:34","date_gmt":"2023-04-01T21:06:34","guid":{"rendered":"https:\/\/blogi.savonia.fi\/ingacheburkova\/?page_id=826"},"modified":"2024-12-09T14:58:52","modified_gmt":"2024-12-09T12:58:52","slug":"5th-week-reflections","status":"publish","type":"page","link":"https:\/\/blogi.savonia.fi\/ingacheburkova\/mielenterveys-ja-paihdehoitotyo-harjoittelu\/5th-week-reflections\/","title":{"rendered":"5th Week Reflections"},"content":{"rendered":"<p style=\"text-align: center\"><b>Viides viikko tuntuu<\/b><\/p>\n<p style=\"text-align: center\"><b>22.05 &#8211; 25.05.2023 \/ 21 viikko\u00a0<\/b><\/p>\n<p style=\"text-align: center\"><b>Niuvanniemen sairaalassa, osasto 13<\/b><\/p>\n<p><b>Tunteet<\/b><\/p>\n<p>Harjoittelu on melkein lopussa. T\u00e4m\u00e4 viikko meni supernopeasti, en edes huomannut. Olen tehnyt esitykseni ryhm\u00e4lle Ahdistus-aiheesta. Kaikki pitiv\u00e4t todella kaikesta, jopa puhuin suomea. Olen kertonut ja selitt\u00e4nyt mielenterveysh\u00e4iri\u00f6ist\u00e4 &#8211; Ahdistus, sek\u00e4 monista erilaisista menetelmist\u00e4 ja palveluista, jotka auttavat ahdistuksen hoidossa. Se oli hauskaa, ja monet ihmiset nauttivat prosessista. Joten se oli mahdollisimman mukava.<br \/>\nMutta tietysti haluan korostaa yht\u00e4 toimintaa, johon p\u00e4\u00e4sin toisen kerran toisena torstaina per\u00e4kk\u00e4in.<br \/>\nOlin hieman hermostunut siit\u00e4, ett\u00e4 minun piti puhua suomea, eik\u00e4 minulla ollut muuta syyt\u00e4 huoleen. Mutta kun aloin puhua ja tehd\u00e4 kaikkea, ahdistus katosi ja kaikki meni kuin kello.<\/p>\n<p>T\u00e4m\u00e4 organisaatio on aina iloinen opiskelijoista. Se on todella hienoa heist\u00e4!<\/p>\n<p><b>What has been new \/ Mit\u00e4 uutta<\/b><\/p>\n<p>T\u00e4ll\u00e4 viikolla min\u00e4 tutustuin ja suoritin<\/p>\n<ul>\n<li>Olen tehnyt esitykseni ryhm\u00e4lle Ahdistus-aiheesta. Tarkempi kuvaus t\u00e4\u00e4ll\u00e4 &#8211;<a class=\"row-title\" href=\"https:\/\/blogi.savonia.fi\/ingacheburkova\/wp-admin\/post.php?post=894&amp;action=edit\" aria-label=\"\u201cPotilas hoitohaastattelu \/ Assignment\u201d (Edit)\">Potilas hoitohaastattelu \/ Assignment<\/a><\/li>\n<li>Vierailin osastolla 6 &#8211; suljettu hoito- ja tutkimus\u00adosasto, oikeuspsykiatrinen miesten, jolla hoidetaan ja kuntoutetaan potilaita, joilla psykoosisairauden lis\u00e4ksi on todettu p\u00e4ihderiippuvuus sek\u00e4 persoonallisuush\u00e4iri\u00f6 tai persoonallisuuden sosiaalista vuorovaikutusta merkitt\u00e4v\u00e4sti haittaavia piirteit\u00e4. Lis\u00e4ksi osastolla on valmius tehd\u00e4 mielentilatutkimuksia;<\/li>\n<li>\n<div>HOSU:\u00a0Potilas+ \u00a0Osaston L\u00e4\u00e4k\u00e4ri + Psykologi + Omahoitaja + Sosiaality\u00f6ntekij\u00e4<\/div>\n<\/li>\n<li>\n<div>YliL\u00e4\u00e4k\u00e4rikerto: Ylil\u00e4\u00e4k\u00e4ri\u00a0+ \u00a0Osaston L\u00e4\u00e4k\u00e4ri +Potilas + Psykologi + Omahoitaja + Sosiaality\u00f6ntekij\u00e4<\/div>\n<\/li>\n<\/ul>\n<p><strong>Arviointi<\/strong><\/p>\n<p>Mielest\u00e4ni tein hyv\u00e4\u00e4 ty\u00f6t\u00e4 t\u00e4ll\u00e4 viikolla kaikilla velvollisuuksillani ja yritin soveltaa jotain, josta keskusteltiin v\u00e4li-arvioinnissa.<\/p>\n<p><strong>Analyysi<\/strong><\/p>\n<p>Todenn\u00e4k\u00f6isesti voin sanoa, ett\u00e4 t\u00e4rkeint\u00e4 n\u00e4iss\u00e4 tapahtumissa on olla huoletta, jos jokin on ep\u00e4selv\u00e4\u00e4 tai unohtunut, on parempi kysy\u00e4, tarkistaa ohjaajasi hoitajalta.<\/p>\n<p>Ajatellen, ett\u00e4 \u00a0haastattelu meni tehokas ja\u00a0\u00a0hyvin. Minun ohjaajani Nella, Pekka ja Olli-Pekka auttoi minua oikein paljon! H\u00e4n antoi minulle paljon hyv\u00e4t vinkkej\u00e4 ja neuvot. Min\u00e4 k\u00e4ytin viel\u00e4 koulun opetusmateriaali ja valmistin\u00a0kysymyksi\u00e4 etu\u00e4k\u00e4ten.<\/p>\n<p><b>Conclusions \/ P\u00e4\u00e4telm\u00e4<\/b><\/p>\n<p>Kaikista viikon tapahtumista vakuuttuin ja tajusin j\u00e4lleen kerran, ett\u00e4 aina pit\u00e4\u00e4 tehd\u00e4 tiimity\u00f6t\u00e4 ja luottaa kollegoihin, jakaa tapaukset heid\u00e4n kanssaan ja aina keskustella kaikesta.<\/p>\n<p>Sain todella\u00a0uutta k\u00e4ytt\u00e4minen kokemusta psykiatrian \/ mielenterveyden hoidosta.<\/p>\n<p><b>Action Plan \/\u00a0Suunnitelma<\/b><\/p>\n<p>T\u00e4rkein suunnitelma on k\u00e4yt\u00e4nt\u00f6jen julistaminen ja tulosten yhteenveto.<\/p>\n","protected":false},"excerpt":{"rendered":"<p>Viides viikko tuntuu 22.05 &#8211; 25.05.2023 \/ 21 viikko\u00a0 Niuvanniemen sairaalassa, osasto 13 Tunteet Harjoittelu on melkein lopussa. T\u00e4m\u00e4 viikko meni supernopeasti, en edes huomannut. Olen tehnyt esitykseni ryhm\u00e4lle Ahdistus-aiheesta. Kaikki pitiv\u00e4t todella kaikesta, jopa puhuin suomea. Olen kertonut ja selitt\u00e4nyt mielenterveysh\u00e4iri\u00f6ist\u00e4 &#8211; Ahdistus, sek\u00e4 monista erilaisista menetelmist\u00e4 ja palveluista, jotka auttavat ahdistuksen hoidossa. Se oli hauskaa, ja monet ihmiset nauttivat prosessista. Joten se oli mahdollisimman mukava. Mutta tietysti haluan korostaa yht\u00e4 toimintaa, johon p\u00e4\u00e4sin toisen kerran toisena torstaina per\u00e4kk\u00e4in. Olin hieman hermostunut siit\u00e4, ett\u00e4 minun piti puhua suomea, eik\u00e4 minulla ollut muuta syyt\u00e4 huoleen. Mutta kun aloin puhua ja tehd\u00e4 kaikkea, ahdistus katosi ja kaikki meni kuin kello. T\u00e4m\u00e4 organisaatio on aina iloinen opiskelijoista. Se on todella hienoa heist\u00e4! What has been new \/ Mit\u00e4 uutta T\u00e4ll\u00e4 viikolla min\u00e4 tutustuin ja suoritin Olen tehnyt esitykseni ryhm\u00e4lle Ahdistus-aiheesta. Tarkempi kuvaus t\u00e4\u00e4ll\u00e4 &#8211;Potilas hoitohaastattelu \/ Assignment [&hellip;]<\/p>\n","protected":false},"author":8444,"featured_media":0,"parent":809,"menu_order":2,"comment_status":"closed","ping_status":"closed","template":"page-templates\/page_fullwidth.php","meta":{"footnotes":""},"class_list":["post-826","page","type-page","status-publish","hentry","clearfix"],"_links":{"self":[{"href":"https:\/\/blogi.savonia.fi\/ingacheburkova\/wp-json\/wp\/v2\/pages\/826","targetHints":{"allow":["GET"]}}],"collection":[{"href":"https:\/\/blogi.savonia.fi\/ingacheburkova\/wp-json\/wp\/v2\/pages"}],"about":[{"href":"https:\/\/blogi.savonia.fi\/ingacheburkova\/wp-json\/wp\/v2\/types\/page"}],"author":[{"embeddable":true,"href":"https:\/\/blogi.savonia.fi\/ingacheburkova\/wp-json\/wp\/v2\/users\/8444"}],"replies":[{"embeddable":true,"href":"https:\/\/blogi.savonia.fi\/ingacheburkova\/wp-json\/wp\/v2\/comments?post=826"}],"version-history":[{"count":21,"href":"https:\/\/blogi.savonia.fi\/ingacheburkova\/wp-json\/wp\/v2\/pages\/826\/revisions"}],"predecessor-version":[{"id":1151,"href":"https:\/\/blogi.savonia.fi\/ingacheburkova\/wp-json\/wp\/v2\/pages\/826\/revisions\/1151"}],"up":[{"embeddable":true,"href":"https:\/\/blogi.savonia.fi\/ingacheburkova\/wp-json\/wp\/v2\/pages\/809"}],"wp:attachment":[{"href":"https:\/\/blogi.savonia.fi\/ingacheburkova\/wp-json\/wp\/v2\/media?parent=826"}],"curies":[{"name":"wp","href":"https:\/\/api.w.org\/{rel}","templated":true}]}}