{"id":828,"date":"2023-04-02T00:07:46","date_gmt":"2023-04-01T21:07:46","guid":{"rendered":"https:\/\/blogi.savonia.fi\/ingacheburkova\/?page_id=828"},"modified":"2024-10-01T11:58:23","modified_gmt":"2024-10-01T08:58:23","slug":"arviointi","status":"publish","type":"page","link":"https:\/\/blogi.savonia.fi\/ingacheburkova\/mielenterveys-ja-paihdehoitotyo-harjoittelu\/arviointi\/","title":{"rendered":"Arviointi"},"content":{"rendered":"<h3 style=\"text-align: center\"><span style=\"color: #000000\"><b>Mielenterveys- ja P\u00e4ihdehoitoty\u00f6 h<\/b><b>arjoittelu<\/b><\/span><\/h3>\n<h3 style=\"text-align: center\"><span style=\"color: #000000\">Arviointi<\/span><\/h3>\n<div class=\"page\" title=\"Page 1\">\n<div class=\"layoutArea\">\n<div class=\"column\">\n<p><span style=\"color: #000000\">Harjoitteluyksikko\u0308:\u00a0 Osasto 13<em>\u00a0(avoin kuntoutuosasto &#8211; pitk\u00e4aikaiskuntoutusosast)<\/em>, Niuvanniemen sairaala, Kuopio<\/span><\/p>\n<p><span style=\"color: #000000\">Minun o<span lang=\"FI\">hjaava opettaja<\/span>: Lehtori Savonia AMK \u00a0&#8211;\u00a0Marjo Heikkinen<a style=\"color: #000000\" href=\"mailto:Marjo.Heikkinen@savonia.fi\">Marjo.Heikkinen@savonia.fi<\/a><\/span><\/p>\n<p><span style=\"color: #000000\">Minun johtajani v\u00e4liarviointi ja\u00a0harjoittelun ajan\u00a0Msh Pekka Kiiskinen <a style=\"color: #000000\" href=\"mailto:Pekka.Kiiskinen@niuva.fi\" target=\"_blank\" rel=\"noopener noreferrer\">Pekka.K<\/a><a style=\"color: #000000\" href=\"mailto:Pekka.Kiiskinen@niuva.fi\" target=\"_blank\" rel=\"noopener noreferrer\">iiskinen@niuva.fi<\/a><\/span><\/p>\n<\/div>\n<\/div>\n<\/div>\n<p>&nbsp;<\/p>\n<p><span style=\"color: #000000\"><em>Aika meni niiiin nopeasti. Olen surullinen, ett\u00e4 minun t\u00e4ytyy l\u00e4hte\u00e4&#8230;. \u00a0 \u00a0Muistot t\u00e4m\u00e4 harjoitellu ovat aina syd\u00e4mess\u00e4ni!\u00a0<\/em><\/span><\/p>\n<p><span style=\"color: #000000\"><em>Minun n\u00e4k\u00f6kulma, kaikki vaaditut tavoitteet on saavutettu. Yhteisty\u00f6 ohjaajan kanssa on sujunut loistavasti ja helposti l\u00e4hestytt\u00e4v\u00e4 ja olemme ymm\u00e4rt\u00e4neet toisiamme todella hyvin.\u00a0<\/em><\/span><\/p>\n<p><span style=\"color: #000000\"><em>Olemme k\u00e4ytt\u00e4neet suomea ja englantia. Minulle on eritt\u00e4in t\u00e4rke\u00e4\u00e4 tiet\u00e4\u00e4 mentorin arvio, kuinka h\u00e4n arvioi minua.\u00a0<\/em><\/span><\/p>\n<p><span style=\"color: #000000\"><em>T\u00e4m\u00e4 on minulle eritt\u00e4in miellytt\u00e4v\u00e4 kokemus!<\/em><\/span><\/p>\n<p style=\"font-weight: 400\"><span style=\"color: #000000\"><strong>EETTINEN OSAAMINEN<\/strong><\/span><\/p>\n<p><span style=\"color: #000000\">Hoidossa min\u00e4 aina muistan ja kunnioitan potilaan rajoja, esimerkiksi:\u00a0<i>jos min\u00e4 k\u00e4yn Mediatry, luen vain oma potilaiden\u00a0kirjauksia (en lue toinen Pt\u00a0tai\u00a0osaston info); <\/i><\/span><\/p>\n<p><span style=\"color: #000000\"><i>milloin min\u00e4 olin ECT-\u00a0tutustuessa, pyysin sopimus \u00a0henkil\u00f6kunnalta ja potilaalta. Koska se on laki .<\/i><\/span><\/p>\n<p><span style=\"color: #000000\">Osastossa min\u00e4 sain todella hyv\u00e4 info Suomen Mielenterveyslain Laki:<\/span><\/p>\n<ol>\n<li><span style=\"color: #000000\"><em>\u00a0Act Amending the Mental helth Act \u2116 383\/1997, <\/em><\/span><\/li>\n<li><span style=\"color: #000000\"><em>\u00a0Suomen Perustuslaki 731\/1999; <\/em><\/span><\/li>\n<li><span style=\"color: #000000\"><em>\u00a0Laki Potilaan asemasta ja oikeuksista 785\/1992<\/em><\/span><\/li>\n<li><span style=\"color: #000000\"><em>\u00a0Mielenterveys laki 1990\/1116<\/em><\/span><\/li>\n<\/ol>\n<p><span style=\"color: #000000\">Siksi min\u00e4 kysyn neuvoja olen aina iloinen saada ammattilainen neuvoja kollegoilta, koska haluan kasvaa ammatilla ja parempi osaamiseni.<\/span><\/p>\n<p><span style=\"color: #000000\">Minun ohjat kertoivat ja ohjaavat minulle etiikka arvot, jotka ovat potilasl\u00e4ht\u00f6isyys, perusoikeuksien ja ihmisarvon kunnioittaminen, ammatillisuus ja tuloksellisuus, oikeudenmukaisuus ja avoimuus sek\u00e4 ty\u00f6hyvinvointi. Meid\u00e4n osastossa, sek\u00e4 koko sairaalassa hoitoa toteutetaan ammatillisesti, potilaiden perusoikeuksia ja ihmisarvoa kunnioittaen.<\/span><\/p>\n<div><span style=\"color: #000000\"><b><span lang=\"FI\">OHJAUS JA OPETUSOSAAMINEN<\/span><\/b><\/span><\/div>\n<div><span style=\"color: #000000\">Niuvanniemen sairaalassa j\u00e4rjestetty opetustilaus \u00a0(infotunnet). jossa\u00a0tarjoaa yst\u00e4v\u00e4llisesti opiskelija oppimisistuntoja, jotka j\u00e4rjestet\u00e4\u00e4n yhteisty\u00f6ss\u00e4 Savonia AMK:n kanssa.<\/span><br \/>\n<span style=\"color: #000000\">Olen suorittanut infotunnet ja sain enemm\u00e4n uutta tietoa: \u00a0<\/span><\/div>\n<div style=\"padding-left: 40px\"><span style=\"color: #000000\">Musiikkiterapia, Vertaistukipotiladen info, L\u00e4\u00e4ke jakaminen ohjaus.<\/span><\/div>\n<div><span style=\"color: #000000\">Lisaksi olen suorittanut ECT-teoria ja olin tutustuminen ECT-osastossa.<\/span><\/div>\n<div><span style=\"color: #000000\">Olen osallistunut kiinustunut 13-osaston toimintaan ja vierailin osastot 3 ja 6, jossa hoidetaan mielenvireysty\u00f6 &#8211; oikeuspsykiatrista \u00a0kriminaali- ja vaikeahoitoisia potilaita. <\/span><\/div>\n<div><span style=\"color: #000000\">Olen monet kerrat keskustellut DKT-ryhm\u00e4n kanssa.<\/span><\/div>\n<div><span style=\"color: #000000\">Viell\u00e4 olen osallistunut\u00a0Niuvannieminen sairaalan omaisten p\u00e4iv\u00e4. Siell\u00e4 oli luento Skitsofreniasta &#8211; Johtava l\u00e4\u00e4k\u00e4ri Allan Sepp\u00e4nen ja ylil\u00e4\u00e4k\u00e4ri Kristina Kivimies.<\/span><\/div>\n<div><span style=\"color: #000000\">Ja Ranttasauna &#8211; p\u00e4iv\u00e4\u00e4 Ranta sauna osastossa. T\u00e4m\u00e4 on yksi viel\u00e4 vaihtoehto\u00a0communikoida ja sosiaalisuutta potillan kansa.\u00a0T\u00e4m\u00e4 on paikka, jossa kaikki tulevat ja viett\u00e4v\u00e4t tuottavaa aikaa yhdess\u00e4.mielenterveyskuntoutujien virkistysp\u00e4iv\u00e4\u00e4n, jossa min\u00e4 olin avustanut kollegoiden. Min\u00e4 sai erinomaista palautetta sek\u00e4 virkistysp\u00e4iv\u00e4\u00e4n osallistuvilta ja potialta.<\/span><\/div>\n<div><span style=\"color: #000000\">T\u00e4m\u00e4 oppiminen liittyi mielenterveysk\u00e4yt\u00e4nt\u00f6\u00f6n. Olen eritt\u00e4in iloinen saadessani osallistua niihin. Se on todella hienoa!<\/span><\/div>\n<div><\/div>\n<div>\n<div><span style=\"color: #000000\"><b><span lang=\"FI\">MONIAMMATILLINEN YHTEISTY\u00d6OSAAMINEN<\/span><\/b><\/span><\/div>\n<div><span style=\"color: #000000\">Minun n\u00e4k\u00f6kulma, ovat paljon efektiivinen interaction skills\u2013 puhuminen, keskustelun per\u00e4ss\u00e4 pysyminen, aktiivinen kuuntelu, kyky vaihtaa nopeasti, seurata dialogia. Jos esimerkiksi potilas haluaa puhua enemm\u00e4n \u2013 anna h\u00e4nen ilmaista itse\u00e4\u00e4n tai p\u00e4invastoin, kun asiakas pit\u00e4\u00e4 mieluummin pitki\u00e4 taukoja puheessaan ja miettii, mit\u00e4 sanoa tai kuinka muodostaa lause tietyll\u00e4 tavalla. Minusta tulee sairaanhoitajaksi, siis minun pit\u00e4\u00e4 aina muistaa, tietoa, ja k\u00e4yt\u00e4 sellaiseen k\u00e4ytt\u00e4ytymiseen moniammatillainen aspects.<\/span><br \/>\n<span style=\"color: #000000\">Ja lis\u00e4ksi min\u00e4 kertoin potiliaille, ett\u00e4 vain monimutkainen ty\u00f6 auttaa hoidossaan. On mahdotonta parantua yhdell\u00e4 asialla (l\u00e4\u00e4kkeell\u00e4 tai ty\u00f6-ryhm\u00e4). Vain t\u00e4ydellinen kokonaisvaltainen l\u00e4hestymistapa auttaa ratkaisemaan tapauksen kokonaisuutena.<\/span><\/div>\n<div><span style=\"color: #000000\"><strong>HOSU:<\/strong>Potilas+ \u00a0Osaston L\u00e4\u00e4k\u00e4ri + Psykologi + Omahoitaja + Sosiaality\u00f6ntekij\u00e4<\/span><\/div>\n<div><span style=\"color: #000000\"><strong>YliL\u00e4\u00e4k\u00e4rikerto:\u00a0<\/strong>Ylil\u00e4\u00e4k\u00e4ri\u00a0+ \u00a0Osaston L\u00e4\u00e4k\u00e4ri +Potilas + Psykologi + Omahoitaja + Sosiaality\u00f6ntekij\u00e4<\/span><\/div>\n<div><\/div>\n<div>\n<div><span style=\"color: #000000\"><b><span lang=\"FI\">HOITOTY\u00d6N P\u00c4\u00c4T\u00d6KSENTEKO-OSAAMINEN<\/span><\/b><\/span><\/div>\n<div><span style=\"color: #000000\">Min\u00e4 k\u00e4yt\u00e4n usein <u>DUODECIM K\u00e4yp\u00e4 hoito<\/u>&#8211; suosituksia, jotka ohjaavat mielenterveysty\u00f6t\u00e4 \u00a0ja ottanut k\u00e4ytt\u00f6\u00f6n yleisempi\u00e4 metod kuten <u>BDI, GAD 7 ja Audit 10.<\/u><\/span><\/div>\n<div><span style=\"color: #000000\">Min\u00e4 todella usein k\u00e4y Mielenterveystalo.fi &#8211; \u00a0sivustoon, jossa on paljon potilasohjeita. Ja usein etsin tietoa <u>Pub Medist\u00e4.<\/u><\/span><\/div>\n<div><span style=\"color: #000000\">Harjoitellun ajan olen tutustunut l\u00e4\u00e4kkeett\u00f6miin hoitomuotoihin kuten, <em>esim. ahdistuksen hallinnan keinoihin, \u00a0ja\u00a0<\/em>tehnyt esitykseni ryhm\u00e4lle Ahdistus-aiheesta.<\/span><\/div>\n<div>\n<p><span style=\"color: #000000\">Vierailin osastolla 6 &#8211; suljettu hoito- ja tutkimus\u00adosasto, oikeuspsykiatrinen miesten, jolla hoidetaan ja kuntoutetaan potilaita, joilla psykoosisairauden lis\u00e4ksi on todettu p\u00e4ihderiippuvuus sek\u00e4 persoonallisuush\u00e4iri\u00f6 tai persoonallisuuden sosiaalista vuorovaikutusta merkitt\u00e4v\u00e4sti haittaavia piirteit\u00e4. Lis\u00e4ksi osastolla on valmius tehd\u00e4 mielentilatutkimuksia;<\/span><\/p>\n<\/div>\n<div>\n<div><span style=\"color: #000000\"><b><span lang=\"FI\">KLIININEN OSAAMINEN:<\/span><\/b><\/span><\/div>\n<div><span style=\"color: #000000\">Min\u00e4 aina muistan luottamuksellisesti hoitosuhteessa ja k\u00e4yt\u00e4n turvallista l\u00e4\u00e4kehoitoa mielenterveys- ja p\u00e4ihdety\u00f6n menetelmi\u00e4 ja siihen liittyv\u00e4\u00e4 ohjausta. Je sen jalken min\u00e4 niiden vaikuttavuutta itsearvioi.\u00a0Hy\u00f6dynt\u00e4\u00e4 ja arvioi ty\u00f6nohjauksen merkityst\u00e4 monipuolisesti.<\/span><\/div>\n<div><span style=\"color: #000000\">T\u00e4llaiset kliiniset p\u00e4tevyydet vaihtelevat paikasta toiseen ja erityisesti t\u00e4\u00e4ll\u00e4 sairaalalla &#8211; oikeuspsykiatrista, kriminaali- ja vaikeahoitoisia potilaita.<\/span><br \/>\n<span style=\"color: #000000\">Voisin kuitenkin sanoa, ett\u00e4 olen suorittanut l\u00e4\u00e4kehoitoty\u00f6 (l\u00e4\u00e4ke jakaminen)\u00a0potilaille monia erilaisia psykoosil\u00e4\u00e4kkeit\u00e4 (esim. Leponex) &#8211; aikuisten skitsofrenian oireiden yll\u00e4pitol\u00e4\u00e4ke, siell\u00e4 on potilaan tausta, nykyinen tapaus, tulevan hoidon suunnitelma. potilasj\u00e4rjestelm\u00e4 \u2013 ne ovat tavallisia ennakkotapauksia. Yrit\u00e4n toteuttaa niit\u00e4 suunnitelmia tosiel\u00e4m\u00e4ss\u00e4, osallistua tiimitapaamisiin, rakentaa sairaanhoitaja-asiakassuhteita, arvioida erityistarpeita. Kaiken kaikkiaan yrit\u00e4n vied\u00e4 teoriaa k\u00e4yt\u00e4nt\u00f6\u00f6n.<\/span><\/div>\n<\/div>\n<\/div>\n<div><\/div>\n<\/div>\n<div><\/div>\n<div style=\"text-align: center\"><span style=\"color: #000000\"><i>Kollegani ja minun ohjaat ovat oikein korkean tason ammattilaisia!<\/i><\/span><\/div>\n<div style=\"text-align: center\">\n<p style=\"text-align: center\"><span style=\"color: #000000\"><i>I am very pleased, inspired and motivated to have this unique\u00a0experience!<\/i><\/span><\/p>\n<p style=\"text-align: center\"><span style=\"color: #000000\"><em>Many thanks to my colleagues and especially to my mentor Nella, Pekka ja Olli-Pekka \ud83d\ude4f\ud83c\udffb\ud83c\udf3c<\/em><\/span><\/p>\n<p style=\"text-align: center\"><span style=\"color: #000000\"><em>Kiitos, ett\u00e4 teette arvokasta ty\u00f6t\u00e4 opetuassa ja ohjauksessa minua varmistaen minun tulevien hoitajien osaamisen kehittymisen ja\u00a0<\/em><\/span><span style=\"color: #000000\"><em>selit\u00e4t minulle mielenterveys ty\u00f6skentelyn periaatteet, l\u00f6yd\u00e4n aina jotain uutta, mit\u00e4 voin tutkia ja johon voin osallistua.<\/em><\/span><\/p>\n<p style=\"text-align: center\"><span style=\"color: #000000\"><i>Kiitoksia ja kumarrus! <\/i><\/span><\/p>\n<p style=\"text-align: center\"><span style=\"color: #000000\"><i>Ei\u00a0hyv\u00e4sti\u00a0vaan n\u00e4kemiin!\u00a0<\/i><\/span><\/p>\n<\/div>\n<div>\n<p>&nbsp;<\/p>\n<\/div>\n","protected":false},"excerpt":{"rendered":"<p>Mielenterveys- ja P\u00e4ihdehoitoty\u00f6 harjoittelu Arviointi Harjoitteluyksikko\u0308:\u00a0 Osasto 13\u00a0(avoin kuntoutuosasto &#8211; pitk\u00e4aikaiskuntoutusosast), Niuvanniemen sairaala, Kuopio Minun ohjaava opettaja: Lehtori Savonia AMK \u00a0&#8211;\u00a0Marjo HeikkinenMarjo.Heikkinen@savonia.fi Minun johtajani v\u00e4liarviointi ja\u00a0harjoittelun ajan\u00a0Msh Pekka Kiiskinen Pekka.Kiiskinen@niuva.fi &nbsp; Aika meni niiiin nopeasti. Olen surullinen, ett\u00e4 minun t\u00e4ytyy l\u00e4hte\u00e4&#8230;. \u00a0 \u00a0Muistot t\u00e4m\u00e4 harjoitellu ovat aina syd\u00e4mess\u00e4ni!\u00a0 Minun n\u00e4k\u00f6kulma, kaikki vaaditut tavoitteet on saavutettu. Yhteisty\u00f6 ohjaajan kanssa on sujunut loistavasti ja helposti l\u00e4hestytt\u00e4v\u00e4 ja olemme ymm\u00e4rt\u00e4neet toisiamme todella hyvin.\u00a0 Olemme k\u00e4ytt\u00e4neet suomea ja englantia. Minulle on eritt\u00e4in t\u00e4rke\u00e4\u00e4 tiet\u00e4\u00e4 mentorin arvio, kuinka h\u00e4n arvioi minua.\u00a0 T\u00e4m\u00e4 on minulle eritt\u00e4in miellytt\u00e4v\u00e4 kokemus! EETTINEN OSAAMINEN Hoidossa min\u00e4 aina muistan ja kunnioitan potilaan rajoja, esimerkiksi:\u00a0jos min\u00e4 k\u00e4yn Mediatry, luen vain oma potilaiden\u00a0kirjauksia (en lue toinen Pt\u00a0tai\u00a0osaston info); milloin min\u00e4 olin ECT-\u00a0tutustuessa, pyysin sopimus \u00a0henkil\u00f6kunnalta ja potilaalta. Koska se on laki . Osastossa min\u00e4 sain todella hyv\u00e4 info Suomen Mielenterveyslain Laki: \u00a0Act Amending the Mental helth Act \u2116 [&hellip;]<\/p>\n","protected":false},"author":8444,"featured_media":0,"parent":809,"menu_order":4,"comment_status":"closed","ping_status":"closed","template":"page-templates\/page_fullwidth.php","meta":{"footnotes":""},"class_list":["post-828","page","type-page","status-publish","hentry","clearfix"],"_links":{"self":[{"href":"https:\/\/blogi.savonia.fi\/ingacheburkova\/wp-json\/wp\/v2\/pages\/828","targetHints":{"allow":["GET"]}}],"collection":[{"href":"https:\/\/blogi.savonia.fi\/ingacheburkova\/wp-json\/wp\/v2\/pages"}],"about":[{"href":"https:\/\/blogi.savonia.fi\/ingacheburkova\/wp-json\/wp\/v2\/types\/page"}],"author":[{"embeddable":true,"href":"https:\/\/blogi.savonia.fi\/ingacheburkova\/wp-json\/wp\/v2\/users\/8444"}],"replies":[{"embeddable":true,"href":"https:\/\/blogi.savonia.fi\/ingacheburkova\/wp-json\/wp\/v2\/comments?post=828"}],"version-history":[{"count":31,"href":"https:\/\/blogi.savonia.fi\/ingacheburkova\/wp-json\/wp\/v2\/pages\/828\/revisions"}],"predecessor-version":[{"id":1160,"href":"https:\/\/blogi.savonia.fi\/ingacheburkova\/wp-json\/wp\/v2\/pages\/828\/revisions\/1160"}],"up":[{"embeddable":true,"href":"https:\/\/blogi.savonia.fi\/ingacheburkova\/wp-json\/wp\/v2\/pages\/809"}],"wp:attachment":[{"href":"https:\/\/blogi.savonia.fi\/ingacheburkova\/wp-json\/wp\/v2\/media?parent=828"}],"curies":[{"name":"wp","href":"https:\/\/api.w.org\/{rel}","templated":true}]}}