{"id":55,"date":"2025-09-09T11:55:44","date_gmt":"2025-09-09T08:55:44","guid":{"rendered":"https:\/\/blogi.savonia.fi\/jennililjanoksa\/?page_id=55"},"modified":"2025-09-25T12:29:35","modified_gmt":"2025-09-25T09:29:35","slug":"sisatautien-harjoittelu","status":"publish","type":"page","link":"https:\/\/blogi.savonia.fi\/jennililjanoksa\/esimerkkisivu\/sisatautien-harjoittelu\/","title":{"rendered":"Sis\u00e4tautien harjoittelu"},"content":{"rendered":"\n<p>TAVOITTEET:<\/p>\n\n\n\n<p>Opintojakson suoritettuaan opiskelija<\/p>\n\n\n\n<ul class=\"wp-block-list\">\n<li>Osaa toimia sairaanhoitajan eettisten ohjeiden ja hoitoty\u00f6n arvojen sek\u00e4 periaatteiden mukaisesti<\/li>\n\n\n\n<li>Osaa toimia vastuukysymykset huomioiden sis\u00e4tautia ja sy\u00f6p\u00e4\u00e4 sairastavan potilaan hoidossa sairauden eri vaiheissa ja kohdatessaan parantumattomasti sairaan tai kuolevan potilaan sek\u00e4 heid\u00e4n l\u00e4heisens\u00e4<\/li>\n\n\n\n<li>Osaa k\u00e4ytt\u00e4\u00e4 n\u00e4ytt\u00f6\u00f6n perustuvaa tietoa hoitoty\u00f6ss\u00e4<\/li>\n\n\n\n<li>Tunnistaa sis\u00e4- ja sy\u00f6p\u00e4tauteja sairastavan oireet ja valita tarkoituksenmukaiset hoitoty\u00f6n toimet hoidon tarpeen arvioinnissa ja hoitamisessa<\/li>\n\n\n\n<li>Osaa suunnitella, toteuttaa ja arvioida sek\u00e4 dokumentoida hoitoa yhteisty\u00f6ss\u00e4 potilaan ja omaisten kanssa<\/li>\n\n\n\n<li>Tiet\u00e4\u00e4 turvallisen keskeisen sis\u00e4tautia sairastavan potilaan l\u00e4\u00e4ke- ja nestehoidon sek\u00e4 verensiirron periaatteet.<\/li>\n\n\n\n<li>Osaa l\u00e4\u00e4kelaskut.<\/li>\n\n\n\n<li>Harjaantuu elintapamuutosten puheeksi ottamisessa ja terveyden edist\u00e4misen tukemisessa voimavaral\u00e4ht\u00f6isesti.<\/li>\n<\/ul>\n\n\n\n<p>KESKEINEN SIS\u00c4LT\u00d6:<\/p>\n\n\n\n<p>Sis\u00e4tautia sairastavan hoitoty\u00f6 vuodeosastoilla tai vastaavissa toimintaymp\u00e4rist\u00f6iss\u00e4.<br>Voimavaral\u00e4ht\u00f6inen terveytt\u00e4 edist\u00e4v\u00e4 ohjaaminen,<br>Duodecim, Oppiportti, Laitekoulutukset (soveltuvin osin)<br>Saattohoito.<\/p>\n","protected":false},"excerpt":{"rendered":"<p>TAVOITTEET: Opintojakson suoritettuaan opiskelija KESKEINEN SIS\u00c4LT\u00d6: Sis\u00e4tautia sairastavan hoitoty\u00f6 vuodeosastoilla tai vastaavissa toimintaymp\u00e4rist\u00f6iss\u00e4.Voimavaral\u00e4ht\u00f6inen terveytt\u00e4 edist\u00e4v\u00e4 ohjaaminen,Duodecim, Oppiportti, Laitekoulutukset (soveltuvin osin)Saattohoito.<\/p>\n","protected":false},"author":12438,"featured_media":0,"parent":2,"menu_order":2,"comment_status":"closed","ping_status":"closed","template":"","meta":{"footnotes":""},"class_list":["post-55","page","type-page","status-publish","hentry"],"_links":{"self":[{"href":"https:\/\/blogi.savonia.fi\/jennililjanoksa\/wp-json\/wp\/v2\/pages\/55","targetHints":{"allow":["GET"]}}],"collection":[{"href":"https:\/\/blogi.savonia.fi\/jennililjanoksa\/wp-json\/wp\/v2\/pages"}],"about":[{"href":"https:\/\/blogi.savonia.fi\/jennililjanoksa\/wp-json\/wp\/v2\/types\/page"}],"author":[{"embeddable":true,"href":"https:\/\/blogi.savonia.fi\/jennililjanoksa\/wp-json\/wp\/v2\/users\/12438"}],"replies":[{"embeddable":true,"href":"https:\/\/blogi.savonia.fi\/jennililjanoksa\/wp-json\/wp\/v2\/comments?post=55"}],"version-history":[{"count":3,"href":"https:\/\/blogi.savonia.fi\/jennililjanoksa\/wp-json\/wp\/v2\/pages\/55\/revisions"}],"predecessor-version":[{"id":64,"href":"https:\/\/blogi.savonia.fi\/jennililjanoksa\/wp-json\/wp\/v2\/pages\/55\/revisions\/64"}],"up":[{"embeddable":true,"href":"https:\/\/blogi.savonia.fi\/jennililjanoksa\/wp-json\/wp\/v2\/pages\/2"}],"wp:attachment":[{"href":"https:\/\/blogi.savonia.fi\/jennililjanoksa\/wp-json\/wp\/v2\/media?parent=55"}],"curies":[{"name":"wp","href":"https:\/\/api.w.org\/{rel}","templated":true}]}}