{"id":296,"date":"2023-12-07T20:07:40","date_gmt":"2023-12-07T18:07:40","guid":{"rendered":"https:\/\/blogi.savonia.fi\/jennisavolainen\/?page_id=296"},"modified":"2024-01-24T19:37:40","modified_gmt":"2024-01-24T17:37:40","slug":"oppimispaivakirja","status":"publish","type":"page","link":"https:\/\/blogi.savonia.fi\/jennisavolainen\/oppimispaivakirja\/","title":{"rendered":"Asiakasty\u00f6n orientoiva harjoittelu- oppimisp\u00e4iv\u00e4kirja"},"content":{"rendered":"","protected":true},"excerpt":{"rendered":"","protected":true},"author":9457,"featured_media":0,"parent":0,"menu_order":0,"comment_status":"closed","ping_status":"closed","template":"","meta":{"footnotes":""},"class_list":["post-296","page","type-page","status-publish","post-password-required","hentry"],"_links":{"self":[{"href":"https:\/\/blogi.savonia.fi\/jennisavolainen\/wp-json\/wp\/v2\/pages\/296","targetHints":{"allow":["GET"]}}],"collection":[{"href":"https:\/\/blogi.savonia.fi\/jennisavolainen\/wp-json\/wp\/v2\/pages"}],"about":[{"href":"https:\/\/blogi.savonia.fi\/jennisavolainen\/wp-json\/wp\/v2\/types\/page"}],"author":[{"embeddable":true,"href":"https:\/\/blogi.savonia.fi\/jennisavolainen\/wp-json\/wp\/v2\/users\/9457"}],"replies":[{"embeddable":true,"href":"https:\/\/blogi.savonia.fi\/jennisavolainen\/wp-json\/wp\/v2\/comments?post=296"}],"version-history":[{"count":26,"href":"https:\/\/blogi.savonia.fi\/jennisavolainen\/wp-json\/wp\/v2\/pages\/296\/revisions"}],"predecessor-version":[{"id":394,"href":"https:\/\/blogi.savonia.fi\/jennisavolainen\/wp-json\/wp\/v2\/pages\/296\/revisions\/394"}],"wp:attachment":[{"href":"https:\/\/blogi.savonia.fi\/jennisavolainen\/wp-json\/wp\/v2\/media?parent=296"}],"curies":[{"name":"wp","href":"https:\/\/api.w.org\/{rel}","templated":true}]}}