{"id":342,"date":"2023-12-11T09:17:34","date_gmt":"2023-12-11T07:17:34","guid":{"rendered":"https:\/\/blogi.savonia.fi\/jennisavolainen\/?page_id=342"},"modified":"2024-02-04T19:54:26","modified_gmt":"2024-02-04T17:54:26","slug":"toiminnalliset-ryhmatyon-menetelmat","status":"publish","type":"page","link":"https:\/\/blogi.savonia.fi\/jennisavolainen\/toiminnalliset-ryhmatyon-menetelmat\/","title":{"rendered":"Toiminnalliset ryhm\u00e4ty\u00f6n menetelm\u00e4t"},"content":{"rendered":"","protected":true},"excerpt":{"rendered":"","protected":true},"author":9457,"featured_media":0,"parent":0,"menu_order":0,"comment_status":"closed","ping_status":"closed","template":"","meta":{"footnotes":""},"class_list":["post-342","page","type-page","status-publish","post-password-required","hentry"],"_links":{"self":[{"href":"https:\/\/blogi.savonia.fi\/jennisavolainen\/wp-json\/wp\/v2\/pages\/342","targetHints":{"allow":["GET"]}}],"collection":[{"href":"https:\/\/blogi.savonia.fi\/jennisavolainen\/wp-json\/wp\/v2\/pages"}],"about":[{"href":"https:\/\/blogi.savonia.fi\/jennisavolainen\/wp-json\/wp\/v2\/types\/page"}],"author":[{"embeddable":true,"href":"https:\/\/blogi.savonia.fi\/jennisavolainen\/wp-json\/wp\/v2\/users\/9457"}],"replies":[{"embeddable":true,"href":"https:\/\/blogi.savonia.fi\/jennisavolainen\/wp-json\/wp\/v2\/comments?post=342"}],"version-history":[{"count":21,"href":"https:\/\/blogi.savonia.fi\/jennisavolainen\/wp-json\/wp\/v2\/pages\/342\/revisions"}],"predecessor-version":[{"id":390,"href":"https:\/\/blogi.savonia.fi\/jennisavolainen\/wp-json\/wp\/v2\/pages\/342\/revisions\/390"}],"wp:attachment":[{"href":"https:\/\/blogi.savonia.fi\/jennisavolainen\/wp-json\/wp\/v2\/media?parent=342"}],"curies":[{"name":"wp","href":"https:\/\/api.w.org\/{rel}","templated":true}]}}