{"id":395,"date":"2024-01-24T19:38:18","date_gmt":"2024-01-24T17:38:18","guid":{"rendered":"https:\/\/blogi.savonia.fi\/jennisavolainen\/?page_id=395"},"modified":"2024-03-17T14:49:34","modified_gmt":"2024-03-17T12:49:34","slug":"asiakastyon-tyomenetelmaharjoittelu-oppimispaivakirja","status":"publish","type":"page","link":"https:\/\/blogi.savonia.fi\/jennisavolainen\/asiakastyon-tyomenetelmaharjoittelu-oppimispaivakirja\/","title":{"rendered":"Asiakasty\u00f6n ty\u00f6menetelm\u00e4harjoittelu- oppimisp\u00e4iv\u00e4kirja"},"content":{"rendered":"","protected":true},"excerpt":{"rendered":"","protected":true},"author":9457,"featured_media":0,"parent":0,"menu_order":0,"comment_status":"closed","ping_status":"closed","template":"","meta":{"footnotes":""},"class_list":["post-395","page","type-page","status-publish","post-password-required","hentry"],"_links":{"self":[{"href":"https:\/\/blogi.savonia.fi\/jennisavolainen\/wp-json\/wp\/v2\/pages\/395","targetHints":{"allow":["GET"]}}],"collection":[{"href":"https:\/\/blogi.savonia.fi\/jennisavolainen\/wp-json\/wp\/v2\/pages"}],"about":[{"href":"https:\/\/blogi.savonia.fi\/jennisavolainen\/wp-json\/wp\/v2\/types\/page"}],"author":[{"embeddable":true,"href":"https:\/\/blogi.savonia.fi\/jennisavolainen\/wp-json\/wp\/v2\/users\/9457"}],"replies":[{"embeddable":true,"href":"https:\/\/blogi.savonia.fi\/jennisavolainen\/wp-json\/wp\/v2\/comments?post=395"}],"version-history":[{"count":26,"href":"https:\/\/blogi.savonia.fi\/jennisavolainen\/wp-json\/wp\/v2\/pages\/395\/revisions"}],"predecessor-version":[{"id":436,"href":"https:\/\/blogi.savonia.fi\/jennisavolainen\/wp-json\/wp\/v2\/pages\/395\/revisions\/436"}],"wp:attachment":[{"href":"https:\/\/blogi.savonia.fi\/jennisavolainen\/wp-json\/wp\/v2\/media?parent=395"}],"curies":[{"name":"wp","href":"https:\/\/api.w.org\/{rel}","templated":true}]}}