{"id":134,"date":"2024-11-28T10:49:53","date_gmt":"2024-11-28T08:49:53","guid":{"rendered":"https:\/\/blogi.savonia.fi\/joyandgifts\/?page_id=134"},"modified":"2024-11-28T11:08:03","modified_gmt":"2024-11-28T09:08:03","slug":"preferenssi-1","status":"publish","type":"page","link":"https:\/\/blogi.savonia.fi\/joyandgifts\/esimerkkisivu\/yritystapahtumat\/preferenssi-1\/","title":{"rendered":"Preferenssi 1"},"content":{"rendered":"\n<figure class=\"wp-block-image size-large is-resized\"><img loading=\"lazy\" decoding=\"async\" width=\"1024\" height=\"999\" src=\"https:\/\/blogi.savonia.fi\/joyandgifts\/wp-content\/uploads\/sites\/14112\/2024\/11\/IMG_2948-1024x999.jpeg\" alt=\"\" class=\"wp-image-141\" style=\"width:618px;height:auto\" srcset=\"https:\/\/blogi.savonia.fi\/joyandgifts\/wp-content\/uploads\/sites\/14112\/2024\/11\/IMG_2948-1024x999.jpeg 1024w, https:\/\/blogi.savonia.fi\/joyandgifts\/wp-content\/uploads\/sites\/14112\/2024\/11\/IMG_2948-300x293.jpeg 300w, https:\/\/blogi.savonia.fi\/joyandgifts\/wp-content\/uploads\/sites\/14112\/2024\/11\/IMG_2948-768x749.jpeg 768w, https:\/\/blogi.savonia.fi\/joyandgifts\/wp-content\/uploads\/sites\/14112\/2024\/11\/IMG_2948-359x350.jpeg 359w, https:\/\/blogi.savonia.fi\/joyandgifts\/wp-content\/uploads\/sites\/14112\/2024\/11\/IMG_2948-150x146.jpeg 150w, https:\/\/blogi.savonia.fi\/joyandgifts\/wp-content\/uploads\/sites\/14112\/2024\/11\/IMG_2948.jpeg 1179w\" sizes=\"auto, (max-width: 1024px) 100vw, 1024px\" \/><figcaption class=\"wp-element-caption\">Kuva on&nbsp;otettu&nbsp;MPM&nbsp;Servicen&nbsp;pikkujouluista,&nbsp;joissa&nbsp;esiintyi&nbsp;Kuopio Rock&nbsp;Academyn&nbsp;b\u00e4ndi.<br>Tapahtumapaikkana&nbsp;toimi&nbsp;Albatrossi, ja&nbsp;henkil\u00f6st\u00f6lle&nbsp;oli&nbsp;tarjottuna&nbsp;juomalippuja.&nbsp;<br>Henkil\u00f6st\u00f6lle&nbsp;jaettiin&nbsp;my\u00f6s&nbsp;50&nbsp;\u20ac&nbsp;lahjakortit&nbsp;Joy &amp; Gifts lahjakauppaamme.<br><br>500 \u2013 10 000 \u20ac<\/figcaption><\/figure>\n","protected":false},"excerpt":{"rendered":"<p> <a class=\"continue-reading-link\" href=\"https:\/\/blogi.savonia.fi\/joyandgifts\/esimerkkisivu\/yritystapahtumat\/preferenssi-1\/\"><\/a><\/p>\n","protected":false},"author":11930,"featured_media":0,"parent":44,"menu_order":0,"comment_status":"closed","ping_status":"closed","template":"","meta":{"footnotes":""},"class_list":["post-134","page","type-page","status-publish","hentry"],"_links":{"self":[{"href":"https:\/\/blogi.savonia.fi\/joyandgifts\/wp-json\/wp\/v2\/pages\/134","targetHints":{"allow":["GET"]}}],"collection":[{"href":"https:\/\/blogi.savonia.fi\/joyandgifts\/wp-json\/wp\/v2\/pages"}],"about":[{"href":"https:\/\/blogi.savonia.fi\/joyandgifts\/wp-json\/wp\/v2\/types\/page"}],"author":[{"embeddable":true,"href":"https:\/\/blogi.savonia.fi\/joyandgifts\/wp-json\/wp\/v2\/users\/11930"}],"replies":[{"embeddable":true,"href":"https:\/\/blogi.savonia.fi\/joyandgifts\/wp-json\/wp\/v2\/comments?post=134"}],"version-history":[{"count":4,"href":"https:\/\/blogi.savonia.fi\/joyandgifts\/wp-json\/wp\/v2\/pages\/134\/revisions"}],"predecessor-version":[{"id":161,"href":"https:\/\/blogi.savonia.fi\/joyandgifts\/wp-json\/wp\/v2\/pages\/134\/revisions\/161"}],"up":[{"embeddable":true,"href":"https:\/\/blogi.savonia.fi\/joyandgifts\/wp-json\/wp\/v2\/pages\/44"}],"wp:attachment":[{"href":"https:\/\/blogi.savonia.fi\/joyandgifts\/wp-json\/wp\/v2\/media?parent=134"}],"curies":[{"name":"wp","href":"https:\/\/api.w.org\/{rel}","templated":true}]}}