{"id":136,"date":"2024-11-28T10:53:04","date_gmt":"2024-11-28T08:53:04","guid":{"rendered":"https:\/\/blogi.savonia.fi\/joyandgifts\/?page_id=136"},"modified":"2024-11-28T11:08:36","modified_gmt":"2024-11-28T09:08:36","slug":"preferenssi-2","status":"publish","type":"page","link":"https:\/\/blogi.savonia.fi\/joyandgifts\/esimerkkisivu\/yritystapahtumat\/preferenssi-2\/","title":{"rendered":"Preferenssi 2"},"content":{"rendered":"\n<figure class=\"wp-block-image size-large is-resized\"><img loading=\"lazy\" decoding=\"async\" width=\"1024\" height=\"842\" src=\"https:\/\/blogi.savonia.fi\/joyandgifts\/wp-content\/uploads\/sites\/14112\/2024\/11\/IMG_2910-1024x842.jpeg\" alt=\"\" class=\"wp-image-144\" style=\"width:679px;height:auto\" srcset=\"https:\/\/blogi.savonia.fi\/joyandgifts\/wp-content\/uploads\/sites\/14112\/2024\/11\/IMG_2910-1024x842.jpeg 1024w, https:\/\/blogi.savonia.fi\/joyandgifts\/wp-content\/uploads\/sites\/14112\/2024\/11\/IMG_2910-300x247.jpeg 300w, https:\/\/blogi.savonia.fi\/joyandgifts\/wp-content\/uploads\/sites\/14112\/2024\/11\/IMG_2910-768x631.jpeg 768w, https:\/\/blogi.savonia.fi\/joyandgifts\/wp-content\/uploads\/sites\/14112\/2024\/11\/IMG_2910-426x350.jpeg 426w, https:\/\/blogi.savonia.fi\/joyandgifts\/wp-content\/uploads\/sites\/14112\/2024\/11\/IMG_2910-150x123.jpeg 150w, https:\/\/blogi.savonia.fi\/joyandgifts\/wp-content\/uploads\/sites\/14112\/2024\/11\/IMG_2910.jpeg 1179w\" sizes=\"auto, (max-width: 1024px) 100vw, 1024px\" \/><figcaption class=\"wp-element-caption\">Kuva on&nbsp;otettu&nbsp;Jolenen&nbsp;ty\u00f6hyvinvointip\u00e4ivilt\u00e4,&nbsp;jossa&nbsp;esiintyi&nbsp;Ville Valo.<br>Illalla&nbsp;tyhyj\u00e4&nbsp;jatkettiin&nbsp;Hotel&nbsp;Puijonsarvessa,&nbsp;jossa&nbsp;tarjoiltiinty\u00f6ntekij\u00f6ille&nbsp;juhlaillallinen.<br><br>10 000 \u2013 100 000 \u20ac<\/figcaption><\/figure>\n","protected":false},"excerpt":{"rendered":"<p> <a class=\"continue-reading-link\" href=\"https:\/\/blogi.savonia.fi\/joyandgifts\/esimerkkisivu\/yritystapahtumat\/preferenssi-2\/\"><\/a><\/p>\n","protected":false},"author":11930,"featured_media":0,"parent":44,"menu_order":0,"comment_status":"closed","ping_status":"closed","template":"","meta":{"footnotes":""},"class_list":["post-136","page","type-page","status-publish","hentry"],"_links":{"self":[{"href":"https:\/\/blogi.savonia.fi\/joyandgifts\/wp-json\/wp\/v2\/pages\/136","targetHints":{"allow":["GET"]}}],"collection":[{"href":"https:\/\/blogi.savonia.fi\/joyandgifts\/wp-json\/wp\/v2\/pages"}],"about":[{"href":"https:\/\/blogi.savonia.fi\/joyandgifts\/wp-json\/wp\/v2\/types\/page"}],"author":[{"embeddable":true,"href":"https:\/\/blogi.savonia.fi\/joyandgifts\/wp-json\/wp\/v2\/users\/11930"}],"replies":[{"embeddable":true,"href":"https:\/\/blogi.savonia.fi\/joyandgifts\/wp-json\/wp\/v2\/comments?post=136"}],"version-history":[{"count":5,"href":"https:\/\/blogi.savonia.fi\/joyandgifts\/wp-json\/wp\/v2\/pages\/136\/revisions"}],"predecessor-version":[{"id":162,"href":"https:\/\/blogi.savonia.fi\/joyandgifts\/wp-json\/wp\/v2\/pages\/136\/revisions\/162"}],"up":[{"embeddable":true,"href":"https:\/\/blogi.savonia.fi\/joyandgifts\/wp-json\/wp\/v2\/pages\/44"}],"wp:attachment":[{"href":"https:\/\/blogi.savonia.fi\/joyandgifts\/wp-json\/wp\/v2\/media?parent=136"}],"curies":[{"name":"wp","href":"https:\/\/api.w.org\/{rel}","templated":true}]}}