{"id":2,"date":"2024-11-08T10:47:49","date_gmt":"2024-11-08T08:47:49","guid":{"rendered":"https:\/\/blogi.savonia.fi\/joyandgifts\/?page_id=2"},"modified":"2024-11-26T11:11:04","modified_gmt":"2024-11-26T09:11:04","slug":"esimerkkisivu","status":"publish","type":"page","link":"https:\/\/blogi.savonia.fi\/joyandgifts\/esimerkkisivu\/","title":{"rendered":"Palvelut"},"content":{"rendered":"\n<div class=\"wp-block-cover has-white-color has-text-color has-link-color wp-elements-1d92b5d2095432a760356b0e67c886fd wp-duotone-unset-1\"><span aria-hidden=\"true\" class=\"wp-block-cover__background has-black-background-color has-background-dim\"><\/span><img loading=\"lazy\" decoding=\"async\" width=\"1024\" height=\"576\" class=\"wp-block-cover__image-background wp-image-74\" alt=\"\" src=\"https:\/\/blogi.savonia.fi\/joyandgifts\/wp-content\/uploads\/sites\/14112\/2024\/11\/gala-1024x576.jpg\" style=\"object-position:50% 50%\" data-object-fit=\"cover\" data-object-position=\"50% 50%\" srcset=\"https:\/\/blogi.savonia.fi\/joyandgifts\/wp-content\/uploads\/sites\/14112\/2024\/11\/gala-1024x576.jpg 1024w, https:\/\/blogi.savonia.fi\/joyandgifts\/wp-content\/uploads\/sites\/14112\/2024\/11\/gala-300x169.jpg 300w, https:\/\/blogi.savonia.fi\/joyandgifts\/wp-content\/uploads\/sites\/14112\/2024\/11\/gala-768x432.jpg 768w, https:\/\/blogi.savonia.fi\/joyandgifts\/wp-content\/uploads\/sites\/14112\/2024\/11\/gala-1536x864.jpg 1536w, https:\/\/blogi.savonia.fi\/joyandgifts\/wp-content\/uploads\/sites\/14112\/2024\/11\/gala-622x350.jpg 622w, https:\/\/blogi.savonia.fi\/joyandgifts\/wp-content\/uploads\/sites\/14112\/2024\/11\/gala-150x84.jpg 150w, https:\/\/blogi.savonia.fi\/joyandgifts\/wp-content\/uploads\/sites\/14112\/2024\/11\/gala-356x200.jpg 356w, https:\/\/blogi.savonia.fi\/joyandgifts\/wp-content\/uploads\/sites\/14112\/2024\/11\/gala.jpg 1920w\" sizes=\"auto, (max-width: 1024px) 100vw, 1024px\" \/><div class=\"wp-block-cover__inner-container is-layout-flow wp-block-cover-is-layout-flow\">\n<p class=\"has-text-align-center has-white-color has-text-color has-link-color has-large-font-size wp-elements-9848cf64321eb3a30a97227b04e5dd41\"><a href=\"https:\/\/blogi.savonia.fi\/joyandgifts\/esimerkkisivu\/yritystapahtumat\/\" data-type=\"page\" data-id=\"44\">Yritystapahtumat<\/a><\/p>\n<\/div><\/div>\n\n\n\n<p><\/p>\n\n\n\n<div class=\"wp-block-cover\"><span aria-hidden=\"true\" class=\"wp-block-cover__background has-background-dim\"><\/span><img loading=\"lazy\" decoding=\"async\" width=\"1024\" height=\"674\" class=\"wp-block-cover__image-background wp-image-65\" alt=\"Muista ty\u00f6ntekij\u00f6it\u00e4si lahjoilla!\" src=\"https:\/\/blogi.savonia.fi\/joyandgifts\/wp-content\/uploads\/sites\/14112\/2024\/11\/image-1-1024x674.jpeg\" data-object-fit=\"cover\" srcset=\"https:\/\/blogi.savonia.fi\/joyandgifts\/wp-content\/uploads\/sites\/14112\/2024\/11\/image-1-1024x674.jpeg 1024w, https:\/\/blogi.savonia.fi\/joyandgifts\/wp-content\/uploads\/sites\/14112\/2024\/11\/image-1-300x197.jpeg 300w, https:\/\/blogi.savonia.fi\/joyandgifts\/wp-content\/uploads\/sites\/14112\/2024\/11\/image-1-768x506.jpeg 768w, https:\/\/blogi.savonia.fi\/joyandgifts\/wp-content\/uploads\/sites\/14112\/2024\/11\/image-1-1536x1011.jpeg 1536w, https:\/\/blogi.savonia.fi\/joyandgifts\/wp-content\/uploads\/sites\/14112\/2024\/11\/image-1-532x350.jpeg 532w, https:\/\/blogi.savonia.fi\/joyandgifts\/wp-content\/uploads\/sites\/14112\/2024\/11\/image-1-150x99.jpeg 150w, https:\/\/blogi.savonia.fi\/joyandgifts\/wp-content\/uploads\/sites\/14112\/2024\/11\/image-1.jpeg 1975w\" sizes=\"auto, (max-width: 1024px) 100vw, 1024px\" \/><div class=\"wp-block-cover__inner-container is-layout-flow wp-block-cover-is-layout-flow\">\n<p class=\"has-text-align-center has-white-color has-text-color has-link-color has-large-font-size wp-elements-008c60529b1933b7664e583ffbd47872\"><a href=\"https:\/\/blogi.savonia.fi\/joyandgifts\/esimerkkisivu\/yrityslahjat\/\" data-type=\"page\" data-id=\"49\">Liikelahjat<\/a><\/p>\n<\/div><\/div>\n\n\n\n<p><\/p>\n","protected":false},"excerpt":{"rendered":"<p> <a class=\"continue-reading-link\" href=\"https:\/\/blogi.savonia.fi\/joyandgifts\/esimerkkisivu\/\"><\/a><\/p>\n","protected":false},"author":11933,"featured_media":0,"parent":0,"menu_order":0,"comment_status":"closed","ping_status":"open","template":"templates\/template-onecolumn.php","meta":{"footnotes":""},"class_list":["post-2","page","type-page","status-publish","hentry"],"_links":{"self":[{"href":"https:\/\/blogi.savonia.fi\/joyandgifts\/wp-json\/wp\/v2\/pages\/2","targetHints":{"allow":["GET"]}}],"collection":[{"href":"https:\/\/blogi.savonia.fi\/joyandgifts\/wp-json\/wp\/v2\/pages"}],"about":[{"href":"https:\/\/blogi.savonia.fi\/joyandgifts\/wp-json\/wp\/v2\/types\/page"}],"author":[{"embeddable":true,"href":"https:\/\/blogi.savonia.fi\/joyandgifts\/wp-json\/wp\/v2\/users\/11933"}],"replies":[{"embeddable":true,"href":"https:\/\/blogi.savonia.fi\/joyandgifts\/wp-json\/wp\/v2\/comments?post=2"}],"version-history":[{"count":10,"href":"https:\/\/blogi.savonia.fi\/joyandgifts\/wp-json\/wp\/v2\/pages\/2\/revisions"}],"predecessor-version":[{"id":126,"href":"https:\/\/blogi.savonia.fi\/joyandgifts\/wp-json\/wp\/v2\/pages\/2\/revisions\/126"}],"wp:attachment":[{"href":"https:\/\/blogi.savonia.fi\/joyandgifts\/wp-json\/wp\/v2\/media?parent=2"}],"curies":[{"name":"wp","href":"https:\/\/api.w.org\/{rel}","templated":true}]}}