{"id":38,"date":"2024-11-13T14:17:25","date_gmt":"2024-11-13T12:17:25","guid":{"rendered":"https:\/\/blogi.savonia.fi\/joyandgifts\/?page_id=38"},"modified":"2024-11-26T11:06:09","modified_gmt":"2024-11-26T09:06:09","slug":"yhteystiedot","status":"publish","type":"page","link":"https:\/\/blogi.savonia.fi\/joyandgifts\/yhteystiedot\/","title":{"rendered":"Yhteystiedot"},"content":{"rendered":"\n<p><strong>Ota meihin yhteytt\u00e4 matalalla kynnyksell\u00e4 ja pyyd\u00e4 tarjousta!<\/strong><\/p>\n\n\n\n<p><strong>S\u00e4hk\u00f6posti:<\/strong> joyandgifts97@gmail.com<\/p>\n\n\n\n<p><strong>Asiakaspalvelu puh<\/strong>: 0440257929* <strong>(Avoinna ma-pe, 8-16)<\/strong><\/p>\n\n\n\n<figure class=\"wp-block-image size-full is-resized\"><img loading=\"lazy\" decoding=\"async\" width=\"962\" height=\"262\" src=\"https:\/\/blogi.savonia.fi\/joyandgifts\/wp-content\/uploads\/sites\/14112\/2024\/11\/cropped-JoyGifts-logo-1-2-e1731502100668.jpeg\" alt=\"\" class=\"wp-image-17\" style=\"width:389px;height:auto\" srcset=\"https:\/\/blogi.savonia.fi\/joyandgifts\/wp-content\/uploads\/sites\/14112\/2024\/11\/cropped-JoyGifts-logo-1-2-e1731502100668.jpeg 962w, https:\/\/blogi.savonia.fi\/joyandgifts\/wp-content\/uploads\/sites\/14112\/2024\/11\/cropped-JoyGifts-logo-1-2-e1731502100668-300x82.jpeg 300w, https:\/\/blogi.savonia.fi\/joyandgifts\/wp-content\/uploads\/sites\/14112\/2024\/11\/cropped-JoyGifts-logo-1-2-e1731502100668-768x209.jpeg 768w, https:\/\/blogi.savonia.fi\/joyandgifts\/wp-content\/uploads\/sites\/14112\/2024\/11\/cropped-JoyGifts-logo-1-2-e1731502100668-900x245.jpeg 900w, https:\/\/blogi.savonia.fi\/joyandgifts\/wp-content\/uploads\/sites\/14112\/2024\/11\/cropped-JoyGifts-logo-1-2-e1731502100668-150x41.jpeg 150w\" sizes=\"auto, (max-width: 962px) 100vw, 962px\" \/><\/figure>\n\n\n\n<p><\/p>\n","protected":false},"excerpt":{"rendered":"<p>Ota meihin yhteytt\u00e4 matalalla kynnyksell\u00e4 ja pyyd\u00e4 tarjousta! S\u00e4hk\u00f6posti: joyandgifts97@gmail.com Asiakaspalvelu puh: 0440257929* (Avoinna ma-pe, 8-16) <a class=\"continue-reading-link\" href=\"https:\/\/blogi.savonia.fi\/joyandgifts\/yhteystiedot\/\"><\/a><\/p>\n","protected":false},"author":11933,"featured_media":0,"parent":0,"menu_order":3,"comment_status":"open","ping_status":"closed","template":"templates\/template-onecolumn.php","meta":{"footnotes":""},"class_list":["post-38","page","type-page","status-publish","hentry"],"_links":{"self":[{"href":"https:\/\/blogi.savonia.fi\/joyandgifts\/wp-json\/wp\/v2\/pages\/38","targetHints":{"allow":["GET"]}}],"collection":[{"href":"https:\/\/blogi.savonia.fi\/joyandgifts\/wp-json\/wp\/v2\/pages"}],"about":[{"href":"https:\/\/blogi.savonia.fi\/joyandgifts\/wp-json\/wp\/v2\/types\/page"}],"author":[{"embeddable":true,"href":"https:\/\/blogi.savonia.fi\/joyandgifts\/wp-json\/wp\/v2\/users\/11933"}],"replies":[{"embeddable":true,"href":"https:\/\/blogi.savonia.fi\/joyandgifts\/wp-json\/wp\/v2\/comments?post=38"}],"version-history":[{"count":4,"href":"https:\/\/blogi.savonia.fi\/joyandgifts\/wp-json\/wp\/v2\/pages\/38\/revisions"}],"predecessor-version":[{"id":130,"href":"https:\/\/blogi.savonia.fi\/joyandgifts\/wp-json\/wp\/v2\/pages\/38\/revisions\/130"}],"wp:attachment":[{"href":"https:\/\/blogi.savonia.fi\/joyandgifts\/wp-json\/wp\/v2\/media?parent=38"}],"curies":[{"name":"wp","href":"https:\/\/api.w.org\/{rel}","templated":true}]}}