{"id":42,"date":"2024-11-13T14:24:36","date_gmt":"2024-11-13T12:24:36","guid":{"rendered":"https:\/\/blogi.savonia.fi\/joyandgifts\/?page_id=42"},"modified":"2024-11-26T09:35:06","modified_gmt":"2024-11-26T07:35:06","slug":"testi","status":"publish","type":"page","link":"https:\/\/blogi.savonia.fi\/joyandgifts\/yritys\/testi\/","title":{"rendered":"yritysidea"},"content":{"rendered":"\n<p>Yritysideamme on helpottaa yrityksi\u00e4 luomaan ja j\u00e4rjest\u00e4m\u00e4\u00e4n tapahtumia ja tilaisuuksia, jossa voidaan vaikuttaa uusien tai vanhojen yhteisty\u00f6kumppaneiden (esim. asiakkuuksien) hankinnassa ja hallinnassa. Olennaisena osana liikeideaan kuuluu my\u00f6s liikelahjat.<\/p>\n\n\n\n<figure class=\"wp-block-image\"><img loading=\"lazy\" decoding=\"async\" width=\"1920\" height=\"1280\" src=\"https:\/\/blogi.savonia.fi\/joyandgifts\/wp-content\/uploads\/sites\/14112\/2024\/11\/laptops-593296_1920.jpg\" alt=\"\" class=\"wp-image-110\" srcset=\"https:\/\/blogi.savonia.fi\/joyandgifts\/wp-content\/uploads\/sites\/14112\/2024\/11\/laptops-593296_1920.jpg 1920w, https:\/\/blogi.savonia.fi\/joyandgifts\/wp-content\/uploads\/sites\/14112\/2024\/11\/laptops-593296_1920-300x200.jpg 300w, https:\/\/blogi.savonia.fi\/joyandgifts\/wp-content\/uploads\/sites\/14112\/2024\/11\/laptops-593296_1920-1024x683.jpg 1024w, https:\/\/blogi.savonia.fi\/joyandgifts\/wp-content\/uploads\/sites\/14112\/2024\/11\/laptops-593296_1920-768x512.jpg 768w, https:\/\/blogi.savonia.fi\/joyandgifts\/wp-content\/uploads\/sites\/14112\/2024\/11\/laptops-593296_1920-1536x1024.jpg 1536w, https:\/\/blogi.savonia.fi\/joyandgifts\/wp-content\/uploads\/sites\/14112\/2024\/11\/laptops-593296_1920-525x350.jpg 525w, https:\/\/blogi.savonia.fi\/joyandgifts\/wp-content\/uploads\/sites\/14112\/2024\/11\/laptops-593296_1920-150x100.jpg 150w\" sizes=\"auto, (max-width: 1920px) 100vw, 1920px\" \/><\/figure>\n","protected":false},"excerpt":{"rendered":"<p>Yritysideamme on helpottaa yrityksi\u00e4 luomaan ja j\u00e4rjest\u00e4m\u00e4\u00e4n tapahtumia ja tilaisuuksia, jossa voidaan vaikuttaa uusien tai vanhojen yhteisty\u00f6kumppaneiden (esim. asiakkuuksien) hankinnassa ja hallinnassa. Olennaisena osana liikeideaan kuuluu my\u00f6s liikelahjat. <a class=\"continue-reading-link\" href=\"https:\/\/blogi.savonia.fi\/joyandgifts\/yritys\/testi\/\"><\/a><\/p>\n","protected":false},"author":11930,"featured_media":15,"parent":32,"menu_order":0,"comment_status":"closed","ping_status":"closed","template":"","meta":{"footnotes":""},"class_list":["post-42","page","type-page","status-publish","has-post-thumbnail","hentry"],"_links":{"self":[{"href":"https:\/\/blogi.savonia.fi\/joyandgifts\/wp-json\/wp\/v2\/pages\/42","targetHints":{"allow":["GET"]}}],"collection":[{"href":"https:\/\/blogi.savonia.fi\/joyandgifts\/wp-json\/wp\/v2\/pages"}],"about":[{"href":"https:\/\/blogi.savonia.fi\/joyandgifts\/wp-json\/wp\/v2\/types\/page"}],"author":[{"embeddable":true,"href":"https:\/\/blogi.savonia.fi\/joyandgifts\/wp-json\/wp\/v2\/users\/11930"}],"replies":[{"embeddable":true,"href":"https:\/\/blogi.savonia.fi\/joyandgifts\/wp-json\/wp\/v2\/comments?post=42"}],"version-history":[{"count":6,"href":"https:\/\/blogi.savonia.fi\/joyandgifts\/wp-json\/wp\/v2\/pages\/42\/revisions"}],"predecessor-version":[{"id":111,"href":"https:\/\/blogi.savonia.fi\/joyandgifts\/wp-json\/wp\/v2\/pages\/42\/revisions\/111"}],"up":[{"embeddable":true,"href":"https:\/\/blogi.savonia.fi\/joyandgifts\/wp-json\/wp\/v2\/pages\/32"}],"wp:featuredmedia":[{"embeddable":true,"href":"https:\/\/blogi.savonia.fi\/joyandgifts\/wp-json\/wp\/v2\/media\/15"}],"wp:attachment":[{"href":"https:\/\/blogi.savonia.fi\/joyandgifts\/wp-json\/wp\/v2\/media?parent=42"}],"curies":[{"name":"wp","href":"https:\/\/api.w.org\/{rel}","templated":true}]}}