{"id":44,"date":"2024-11-13T14:26:01","date_gmt":"2024-11-13T12:26:01","guid":{"rendered":"https:\/\/blogi.savonia.fi\/joyandgifts\/?page_id=44"},"modified":"2024-11-28T11:06:18","modified_gmt":"2024-11-28T09:06:18","slug":"yritystapahtumat","status":"publish","type":"page","link":"https:\/\/blogi.savonia.fi\/joyandgifts\/esimerkkisivu\/yritystapahtumat\/","title":{"rendered":"Yritystapahtumat"},"content":{"rendered":"\n<p>Helpotamme yrityksen ty\u00f6taakkaa auttamalla luomaan tapahtumia, muistamisia ja tilaisuuksia yhteisty\u00f6kumppaneille ja ty\u00f6ntekij\u00f6ille. J\u00e4rjest\u00e4mme yrityksille personoituja tapahtumia, yrityksen tarpeet ja toiveet huomioiden. J\u00e4rjestett\u00e4vi\u00e4 tapahtumia voi olla esimerkiksi, pikkujoulut, kes\u00e4juhlat, asiakashankinta-illat, gaalat ja illalliset. <\/p>\n\n\n\n<figure class=\"wp-block-image\"><img loading=\"lazy\" decoding=\"async\" width=\"1920\" height=\"1080\" src=\"https:\/\/blogi.savonia.fi\/joyandgifts\/wp-content\/uploads\/sites\/14112\/2024\/11\/gala.jpg\" alt=\"\" class=\"wp-image-74\" srcset=\"https:\/\/blogi.savonia.fi\/joyandgifts\/wp-content\/uploads\/sites\/14112\/2024\/11\/gala.jpg 1920w, https:\/\/blogi.savonia.fi\/joyandgifts\/wp-content\/uploads\/sites\/14112\/2024\/11\/gala-300x169.jpg 300w, https:\/\/blogi.savonia.fi\/joyandgifts\/wp-content\/uploads\/sites\/14112\/2024\/11\/gala-1024x576.jpg 1024w, https:\/\/blogi.savonia.fi\/joyandgifts\/wp-content\/uploads\/sites\/14112\/2024\/11\/gala-768x432.jpg 768w, https:\/\/blogi.savonia.fi\/joyandgifts\/wp-content\/uploads\/sites\/14112\/2024\/11\/gala-1536x864.jpg 1536w, https:\/\/blogi.savonia.fi\/joyandgifts\/wp-content\/uploads\/sites\/14112\/2024\/11\/gala-622x350.jpg 622w, https:\/\/blogi.savonia.fi\/joyandgifts\/wp-content\/uploads\/sites\/14112\/2024\/11\/gala-150x84.jpg 150w, https:\/\/blogi.savonia.fi\/joyandgifts\/wp-content\/uploads\/sites\/14112\/2024\/11\/gala-356x200.jpg 356w\" sizes=\"auto, (max-width: 1920px) 100vw, 1920px\" \/><\/figure>\n\n\n\n<p><\/p>\n\n\n\n<p><\/p>\n\n\n\n<p><\/p>\n\n\n\n<div class=\"wp-block-cover\" style=\"min-height:257px;aspect-ratio:unset;\"><span aria-hidden=\"true\" class=\"wp-block-cover__background has-background-dim\"><\/span><img loading=\"lazy\" decoding=\"async\" width=\"1024\" height=\"999\" class=\"wp-block-cover__image-background wp-image-141\" alt=\"\" src=\"https:\/\/blogi.savonia.fi\/joyandgifts\/wp-content\/uploads\/sites\/14112\/2024\/11\/IMG_2948-1024x999.jpeg\" data-object-fit=\"cover\" srcset=\"https:\/\/blogi.savonia.fi\/joyandgifts\/wp-content\/uploads\/sites\/14112\/2024\/11\/IMG_2948-1024x999.jpeg 1024w, https:\/\/blogi.savonia.fi\/joyandgifts\/wp-content\/uploads\/sites\/14112\/2024\/11\/IMG_2948-300x293.jpeg 300w, https:\/\/blogi.savonia.fi\/joyandgifts\/wp-content\/uploads\/sites\/14112\/2024\/11\/IMG_2948-768x749.jpeg 768w, https:\/\/blogi.savonia.fi\/joyandgifts\/wp-content\/uploads\/sites\/14112\/2024\/11\/IMG_2948-359x350.jpeg 359w, https:\/\/blogi.savonia.fi\/joyandgifts\/wp-content\/uploads\/sites\/14112\/2024\/11\/IMG_2948-150x146.jpeg 150w, https:\/\/blogi.savonia.fi\/joyandgifts\/wp-content\/uploads\/sites\/14112\/2024\/11\/IMG_2948.jpeg 1179w\" sizes=\"auto, (max-width: 1024px) 100vw, 1024px\" \/><div class=\"wp-block-cover__inner-container is-layout-flow wp-block-cover-is-layout-flow\">\n<p class=\"has-text-align-center has-white-color has-text-color has-link-color has-large-font-size wp-elements-2ea0efaf408c9eca334a728bfa1ad890\"><a href=\"https:\/\/blogi.savonia.fi\/joyandgifts\/esimerkkisivu\/yritystapahtumat\/preferenssi-1\/\" data-type=\"page\" data-id=\"134\">Preferenssi 1<\/a><\/p>\n<\/div><\/div>\n\n\n\n<div class=\"wp-block-cover\" style=\"min-height:275px;aspect-ratio:unset;\"><span aria-hidden=\"true\" class=\"wp-block-cover__background has-background-dim\"><\/span><img loading=\"lazy\" decoding=\"async\" width=\"1024\" height=\"842\" class=\"wp-block-cover__image-background wp-image-144\" alt=\"\" src=\"https:\/\/blogi.savonia.fi\/joyandgifts\/wp-content\/uploads\/sites\/14112\/2024\/11\/IMG_2910-1024x842.jpeg\" data-object-fit=\"cover\" srcset=\"https:\/\/blogi.savonia.fi\/joyandgifts\/wp-content\/uploads\/sites\/14112\/2024\/11\/IMG_2910-1024x842.jpeg 1024w, https:\/\/blogi.savonia.fi\/joyandgifts\/wp-content\/uploads\/sites\/14112\/2024\/11\/IMG_2910-300x247.jpeg 300w, https:\/\/blogi.savonia.fi\/joyandgifts\/wp-content\/uploads\/sites\/14112\/2024\/11\/IMG_2910-768x631.jpeg 768w, https:\/\/blogi.savonia.fi\/joyandgifts\/wp-content\/uploads\/sites\/14112\/2024\/11\/IMG_2910-426x350.jpeg 426w, https:\/\/blogi.savonia.fi\/joyandgifts\/wp-content\/uploads\/sites\/14112\/2024\/11\/IMG_2910-150x123.jpeg 150w, https:\/\/blogi.savonia.fi\/joyandgifts\/wp-content\/uploads\/sites\/14112\/2024\/11\/IMG_2910.jpeg 1179w\" sizes=\"auto, (max-width: 1024px) 100vw, 1024px\" \/><div class=\"wp-block-cover__inner-container is-layout-flow wp-block-cover-is-layout-flow\">\n<p class=\"has-text-align-center has-white-color has-text-color has-link-color has-large-font-size wp-elements-87b542ccc74beb828d97a3f22d8c51c2\"><a href=\"https:\/\/blogi.savonia.fi\/joyandgifts\/esimerkkisivu\/yritystapahtumat\/preferenssi-2\/\" data-type=\"page\" data-id=\"136\">Preferenssi 2<\/a><\/p>\n<\/div><\/div>\n\n\n\n<div class=\"wp-block-cover\" style=\"min-height:259px;aspect-ratio:unset;\"><span aria-hidden=\"true\" class=\"wp-block-cover__background has-background-dim\"><\/span><img loading=\"lazy\" decoding=\"async\" width=\"1024\" height=\"737\" class=\"wp-block-cover__image-background wp-image-147\" alt=\"\" src=\"https:\/\/blogi.savonia.fi\/joyandgifts\/wp-content\/uploads\/sites\/14112\/2024\/11\/IMG_2947-1024x737.jpeg\" data-object-fit=\"cover\" srcset=\"https:\/\/blogi.savonia.fi\/joyandgifts\/wp-content\/uploads\/sites\/14112\/2024\/11\/IMG_2947-1024x737.jpeg 1024w, https:\/\/blogi.savonia.fi\/joyandgifts\/wp-content\/uploads\/sites\/14112\/2024\/11\/IMG_2947-300x216.jpeg 300w, https:\/\/blogi.savonia.fi\/joyandgifts\/wp-content\/uploads\/sites\/14112\/2024\/11\/IMG_2947-768x553.jpeg 768w, https:\/\/blogi.savonia.fi\/joyandgifts\/wp-content\/uploads\/sites\/14112\/2024\/11\/IMG_2947-486x350.jpeg 486w, https:\/\/blogi.savonia.fi\/joyandgifts\/wp-content\/uploads\/sites\/14112\/2024\/11\/IMG_2947-150x108.jpeg 150w, https:\/\/blogi.savonia.fi\/joyandgifts\/wp-content\/uploads\/sites\/14112\/2024\/11\/IMG_2947.jpeg 1178w\" sizes=\"auto, (max-width: 1024px) 100vw, 1024px\" \/><div class=\"wp-block-cover__inner-container is-layout-flow wp-block-cover-is-layout-flow\">\n<p class=\"has-text-align-center has-white-color has-text-color has-link-color has-large-font-size wp-elements-ecf2dee5a2f469ef5f513e137c45fbf0\"><a href=\"https:\/\/blogi.savonia.fi\/joyandgifts\/esimerkkisivu\/yritystapahtumat\/preferenssi-3\/\" data-type=\"page\" data-id=\"139\">Preferenssi 3<\/a><\/p>\n<\/div><\/div>\n","protected":false},"excerpt":{"rendered":"<p>Helpotamme yrityksen ty\u00f6taakkaa auttamalla luomaan tapahtumia, muistamisia ja tilaisuuksia yhteisty\u00f6kumppaneille ja ty\u00f6ntekij\u00f6ille. J\u00e4rjest\u00e4mme yrityksille personoituja tapahtumia, yrityksen tarpeet ja toiveet huomioiden. J\u00e4rjestett\u00e4vi\u00e4 tapahtumia voi olla esimerkiksi, pikkujoulut, kes\u00e4juhlat, asiakashankinta-illat, gaalat ja illalliset. <a class=\"continue-reading-link\" href=\"https:\/\/blogi.savonia.fi\/joyandgifts\/esimerkkisivu\/yritystapahtumat\/\"><\/a><\/p>\n","protected":false},"author":11933,"featured_media":0,"parent":2,"menu_order":1,"comment_status":"closed","ping_status":"closed","template":"","meta":{"footnotes":""},"class_list":["post-44","page","type-page","status-publish","hentry"],"_links":{"self":[{"href":"https:\/\/blogi.savonia.fi\/joyandgifts\/wp-json\/wp\/v2\/pages\/44","targetHints":{"allow":["GET"]}}],"collection":[{"href":"https:\/\/blogi.savonia.fi\/joyandgifts\/wp-json\/wp\/v2\/pages"}],"about":[{"href":"https:\/\/blogi.savonia.fi\/joyandgifts\/wp-json\/wp\/v2\/types\/page"}],"author":[{"embeddable":true,"href":"https:\/\/blogi.savonia.fi\/joyandgifts\/wp-json\/wp\/v2\/users\/11933"}],"replies":[{"embeddable":true,"href":"https:\/\/blogi.savonia.fi\/joyandgifts\/wp-json\/wp\/v2\/comments?post=44"}],"version-history":[{"count":8,"href":"https:\/\/blogi.savonia.fi\/joyandgifts\/wp-json\/wp\/v2\/pages\/44\/revisions"}],"predecessor-version":[{"id":160,"href":"https:\/\/blogi.savonia.fi\/joyandgifts\/wp-json\/wp\/v2\/pages\/44\/revisions\/160"}],"up":[{"embeddable":true,"href":"https:\/\/blogi.savonia.fi\/joyandgifts\/wp-json\/wp\/v2\/pages\/2"}],"wp:attachment":[{"href":"https:\/\/blogi.savonia.fi\/joyandgifts\/wp-json\/wp\/v2\/media?parent=44"}],"curies":[{"name":"wp","href":"https:\/\/api.w.org\/{rel}","templated":true}]}}