{"id":49,"date":"2024-11-13T14:31:11","date_gmt":"2024-11-13T12:31:11","guid":{"rendered":"https:\/\/blogi.savonia.fi\/joyandgifts\/?page_id=49"},"modified":"2024-11-13T15:56:39","modified_gmt":"2024-11-13T13:56:39","slug":"yrityslahjat","status":"publish","type":"page","link":"https:\/\/blogi.savonia.fi\/joyandgifts\/esimerkkisivu\/yrityslahjat\/","title":{"rendered":"Liikelahjat"},"content":{"rendered":"\n<p>Liikelahjat ovat helppotapa ilahduttaa ja kiitt\u00e4\u00e4 ty\u00f6ntekij\u00f6it\u00e4si tai asiakkaitasi toimivasta yhteisty\u00f6st\u00e4 ja hyv\u00e4st\u00e4 ty\u00f6st\u00e4. Meid\u00e4n laajasta lahja valikoimasta voit valita sopivan lahjan jokaiseen tilanteeseen.<\/p>\n\n\n\n<p>Lahjaesimerkkej\u00e4<\/p>\n\n\n\n<p>konvehtirasiat, lahjakortit, korut, leivonnaiset, parfyymit, kortit ja paljon muuta<\/p>\n\n\n\n<p><\/p>\n\n\n\n<figure class=\"wp-block-image\"><img loading=\"lazy\" decoding=\"async\" width=\"1920\" height=\"1080\" src=\"https:\/\/blogi.savonia.fi\/joyandgifts\/wp-content\/uploads\/sites\/14112\/2024\/11\/Lahjapaketti-2.jpg\" alt=\"\" class=\"wp-image-76\" srcset=\"https:\/\/blogi.savonia.fi\/joyandgifts\/wp-content\/uploads\/sites\/14112\/2024\/11\/Lahjapaketti-2.jpg 1920w, https:\/\/blogi.savonia.fi\/joyandgifts\/wp-content\/uploads\/sites\/14112\/2024\/11\/Lahjapaketti-2-300x169.jpg 300w, https:\/\/blogi.savonia.fi\/joyandgifts\/wp-content\/uploads\/sites\/14112\/2024\/11\/Lahjapaketti-2-1024x576.jpg 1024w, https:\/\/blogi.savonia.fi\/joyandgifts\/wp-content\/uploads\/sites\/14112\/2024\/11\/Lahjapaketti-2-768x432.jpg 768w, https:\/\/blogi.savonia.fi\/joyandgifts\/wp-content\/uploads\/sites\/14112\/2024\/11\/Lahjapaketti-2-1536x864.jpg 1536w, https:\/\/blogi.savonia.fi\/joyandgifts\/wp-content\/uploads\/sites\/14112\/2024\/11\/Lahjapaketti-2-622x350.jpg 622w, https:\/\/blogi.savonia.fi\/joyandgifts\/wp-content\/uploads\/sites\/14112\/2024\/11\/Lahjapaketti-2-150x84.jpg 150w, https:\/\/blogi.savonia.fi\/joyandgifts\/wp-content\/uploads\/sites\/14112\/2024\/11\/Lahjapaketti-2-356x200.jpg 356w\" sizes=\"auto, (max-width: 1920px) 100vw, 1920px\" \/><\/figure>\n","protected":false},"excerpt":{"rendered":"<p>Liikelahjat ovat helppotapa ilahduttaa ja kiitt\u00e4\u00e4 ty\u00f6ntekij\u00f6it\u00e4si tai asiakkaitasi toimivasta yhteisty\u00f6st\u00e4 ja hyv\u00e4st\u00e4 ty\u00f6st\u00e4. Meid\u00e4n laajasta lahja valikoimasta voit valita sopivan lahjan jokaiseen tilanteeseen. Lahjaesimerkkej\u00e4 konvehtirasiat, lahjakortit, korut, leivonnaiset, parfyymit, kortit ja paljon muuta <a class=\"continue-reading-link\" href=\"https:\/\/blogi.savonia.fi\/joyandgifts\/esimerkkisivu\/yrityslahjat\/\"><\/a><\/p>\n","protected":false},"author":10153,"featured_media":0,"parent":2,"menu_order":2,"comment_status":"closed","ping_status":"closed","template":"","meta":{"footnotes":""},"class_list":["post-49","page","type-page","status-publish","hentry"],"_links":{"self":[{"href":"https:\/\/blogi.savonia.fi\/joyandgifts\/wp-json\/wp\/v2\/pages\/49","targetHints":{"allow":["GET"]}}],"collection":[{"href":"https:\/\/blogi.savonia.fi\/joyandgifts\/wp-json\/wp\/v2\/pages"}],"about":[{"href":"https:\/\/blogi.savonia.fi\/joyandgifts\/wp-json\/wp\/v2\/types\/page"}],"author":[{"embeddable":true,"href":"https:\/\/blogi.savonia.fi\/joyandgifts\/wp-json\/wp\/v2\/users\/10153"}],"replies":[{"embeddable":true,"href":"https:\/\/blogi.savonia.fi\/joyandgifts\/wp-json\/wp\/v2\/comments?post=49"}],"version-history":[{"count":8,"href":"https:\/\/blogi.savonia.fi\/joyandgifts\/wp-json\/wp\/v2\/pages\/49\/revisions"}],"predecessor-version":[{"id":132,"href":"https:\/\/blogi.savonia.fi\/joyandgifts\/wp-json\/wp\/v2\/pages\/49\/revisions\/132"}],"up":[{"embeddable":true,"href":"https:\/\/blogi.savonia.fi\/joyandgifts\/wp-json\/wp\/v2\/pages\/2"}],"wp:attachment":[{"href":"https:\/\/blogi.savonia.fi\/joyandgifts\/wp-json\/wp\/v2\/media?parent=49"}],"curies":[{"name":"wp","href":"https:\/\/api.w.org\/{rel}","templated":true}]}}