{"id":101,"date":"2022-03-31T10:23:38","date_gmt":"2022-03-31T07:23:38","guid":{"rendered":"https:\/\/blogi.savonia.fi\/juliaporko\/?page_id=101"},"modified":"2022-03-31T11:19:51","modified_gmt":"2022-03-31T08:19:51","slug":"perioperatiivisen-hoitotyon-harjoittelu","status":"publish","type":"page","link":"https:\/\/blogi.savonia.fi\/juliaporko\/esimerkkisivu\/perioperatiivisen-hoitotyon-harjoittelu\/","title":{"rendered":"3. Perioperatiivisen hoitoty\u00f6n harjoittelu"},"content":{"rendered":"\n<p>Opintojakson suoritettuaan opiskelija osaa<br>&#8211; ty\u00f6skennell\u00e4 hoitoty\u00f6n arvojen ja periaatteiden mukaisesti perioperatiivisessa hoitoty\u00f6ss\u00e4<br>&#8211; k\u00e4ytt\u00e4\u00e4 tietoja perioperatiivisen potilaan hoidon tarpeenm\u00e4\u00e4rittelyss\u00e4, suunnittelussa, toteutuksessa ja arvioinnissa<br>&#8211; soveltaa tietoja potilaan toimenpiteeseen valmistamisessa ja ohjauksessa, sek\u00e4 toimenpiteen j\u00e4lkeisess\u00e4 tarkkailussa ja hoidossa<br>&#8211; tutkia, arvioida ja yll\u00e4pit\u00e4\u00e4 perioperatiivisen potilaan peruselintoimintoja<br>&#8211; aseptisen toiminnan periaatteet<br>&#8211; keskeiset perioperatiivisen hoitoty\u00f6n toiminnot ja niiss\u00e4 tarvittavien hoitov\u00e4lineiden- ja laitteiden oikean ja turvallisen k\u00e4yt\u00f6n<br>&#8211; turvallisen perioperatiivisen l\u00e4\u00e4kehoidon, nestehoidon ja verensiirron toteuttamisen sek\u00e4 l\u00e4\u00e4kelaskennan<br>&#8211; ohjata potilaita ja omaisia perioperatiivisen hoitoprosessin eri vaiheissa<br>&#8211; toteuttaa ja arvioida moniammatillista yhteisty\u00f6t\u00e4 perioperatiivisessa hoitoty\u00f6ss\u00e4<br>&#8211; arvioida ja kehitt\u00e4\u00e4 perioperatiivisen hoitoty\u00f6n osaamistaan<br>-reflektoida omaa oppimistaan ja kehittymist\u00e4\u00e4n<\/p>\n\n\n\n<p><\/p>\n","protected":false},"excerpt":{"rendered":"<p>Opintojakson suoritettuaan opiskelija osaa&#8211; ty\u00f6skennell\u00e4 hoitoty\u00f6n arvojen ja periaatteiden mukaisesti perioperatiivisessa hoitoty\u00f6ss\u00e4&#8211; k\u00e4ytt\u00e4\u00e4 tietoja perioperatiivisen potilaan hoidon tarpeenm\u00e4\u00e4rittelyss\u00e4, suunnittelussa, toteutuksessa ja arvioinnissa&#8211; soveltaa tietoja potilaan toimenpiteeseen valmistamisessa ja ohjauksessa, sek\u00e4 toimenpiteen j\u00e4lkeisess\u00e4 tarkkailussa ja hoidossa&#8211; tutkia, arvioida ja yll\u00e4pit\u00e4\u00e4 perioperatiivisen potilaan peruselintoimintoja&#8211; aseptisen toiminnan periaatteet&#8211; keskeiset perioperatiivisen hoitoty\u00f6n toiminnot ja &#8230; <a class=\"continue-reading-link\" href=\"https:\/\/blogi.savonia.fi\/juliaporko\/esimerkkisivu\/perioperatiivisen-hoitotyon-harjoittelu\/\"> Continue reading<\/a><\/p>\n","protected":false},"author":7982,"featured_media":0,"parent":2,"menu_order":3,"comment_status":"closed","ping_status":"closed","template":"","meta":{"footnotes":""},"class_list":["post-101","page","type-page","status-publish","hentry"],"_links":{"self":[{"href":"https:\/\/blogi.savonia.fi\/juliaporko\/wp-json\/wp\/v2\/pages\/101","targetHints":{"allow":["GET"]}}],"collection":[{"href":"https:\/\/blogi.savonia.fi\/juliaporko\/wp-json\/wp\/v2\/pages"}],"about":[{"href":"https:\/\/blogi.savonia.fi\/juliaporko\/wp-json\/wp\/v2\/types\/page"}],"author":[{"embeddable":true,"href":"https:\/\/blogi.savonia.fi\/juliaporko\/wp-json\/wp\/v2\/users\/7982"}],"replies":[{"embeddable":true,"href":"https:\/\/blogi.savonia.fi\/juliaporko\/wp-json\/wp\/v2\/comments?post=101"}],"version-history":[{"count":2,"href":"https:\/\/blogi.savonia.fi\/juliaporko\/wp-json\/wp\/v2\/pages\/101\/revisions"}],"predecessor-version":[{"id":109,"href":"https:\/\/blogi.savonia.fi\/juliaporko\/wp-json\/wp\/v2\/pages\/101\/revisions\/109"}],"up":[{"embeddable":true,"href":"https:\/\/blogi.savonia.fi\/juliaporko\/wp-json\/wp\/v2\/pages\/2"}],"wp:attachment":[{"href":"https:\/\/blogi.savonia.fi\/juliaporko\/wp-json\/wp\/v2\/media?parent=101"}],"curies":[{"name":"wp","href":"https:\/\/api.w.org\/{rel}","templated":true}]}}