{"id":14,"date":"2021-02-22T20:50:44","date_gmt":"2021-02-22T18:50:44","guid":{"rendered":"https:\/\/blogi.savonia.fi\/juliaporko\/?page_id=14"},"modified":"2024-08-05T13:24:05","modified_gmt":"2024-08-05T10:24:05","slug":"1-hoitotaito","status":"publish","type":"page","link":"https:\/\/blogi.savonia.fi\/juliaporko\/esimerkkisivu\/1-hoitotaito\/","title":{"rendered":"1. Hoitotaito"},"content":{"rendered":"\n<p>Olen Julia&nbsp;Porko, 22-vuotias k\u00e4til\u00f6opiskelija. Olen Vantaalta kotoisin ja asunut siell\u00e4 koko ik\u00e4ni, mutta opiskeluiden my\u00f6t\u00e4 muutin Kuopioon tammikuussa 2021.&nbsp;Olen valmistunut ylioppilaaksi 2018, ja sen j\u00e4lkeen pit\u00e4nyt v\u00e4livuosia t\u00f6it\u00e4 tehdess\u00e4. Olen my\u00f6s aikaisempina vuosina hakenut yliopistoon opiskelemaan psykologiaa, mutta hakujen my\u00f6t\u00e4 k\u00e4til\u00f6n ura&nbsp;tuntui olevan l\u00e4hemp\u00e4n\u00e4 syd\u00e4nt\u00e4. Jo lukion aikana olen tehnyt&nbsp;t\u00f6it\u00e4 koulun ohella.&nbsp;&nbsp;<\/p>\n\n\n\n<p>Olen mielest\u00e4ni melko hidas oppimaan. Olen huomannut opiskeluideni aikana, ett\u00e4 oppimiseni vaatii&nbsp;paljon toistoja, jotta todella jotain sis\u00e4ist\u00e4n. Haluan ensin ymm\u00e4rt\u00e4\u00e4, ett\u00e4 miksi jotain tehd\u00e4\u00e4n, ennen kuin ryhdyn opettelemaan ulkoa.&nbsp;Minulle on t\u00e4rke\u00e4\u00e4 kokonaiskuva, eik\u00e4 pienet yksityiskohdat. Minulla on silti maalaisj\u00e4rke\u00e4, ja se on ollut minulle hy\u00f6dyksi opintojen aikana. Mit\u00e4 enemm\u00e4n minua kiinnostaa aihe, mit\u00e4 haluan oppia, sit\u00e4 paremmin opin.&nbsp;Lukion opinnot kahlasin l\u00e4pi ulkoa opettelemalla, lukuun ottamatta aiheita, mitk\u00e4 todella kiinnosti esimerkiksi biologia. Olin silti aina tunneilla mukana, ja kaikin&nbsp;puolin tunnollinen opiskelija.&nbsp;Lukiossa oppiminen oli aivan erilaista kuin nyt, ja&nbsp;oppimisen halu tulee nyt sis\u00e4lt\u00e4p\u00e4in ja siksi asioiden sis\u00e4ist\u00e4minen on paljon helpompaa kuin ennen. Silti&nbsp;v\u00e4lill\u00e4 asioiden muistaminen takkuaa.&nbsp;&nbsp;<\/p>\n\n\n\n<p>Ohjaajaltani toivon k\u00e4rsiv\u00e4llisyytt\u00e4. Oppimiseni saattaa vaatia useita erilaisia metodeja ja eri tyylisi\u00e4 tapoja selitt\u00e4\u00e4 ja n\u00e4ytt\u00e4\u00e4.&nbsp;Haluan silti tehd\u00e4 mahdollisimman paljon itse.&nbsp;&nbsp;<\/p>\n\n\n\n<p>Olen ehdottomasti se oppija, joka oppii kaikista parhaiten tekem\u00e4ll\u00e4. En arasta uusia tilanteita, ja tartun toimeen aina, jos on mahdollisuus oppia. Aluksi&nbsp;toimin&nbsp;tietyll\u00e4 varauksella&nbsp;ja haluan toki varmistua, ett\u00e4 teen oikein, mutta opin silloin, kun kokeilen ja teen itse. Niin kuin kukaan muukaan, en tykk\u00e4\u00e4 ep\u00e4onnistua ja saatan helposti&nbsp;lannistua,&nbsp;jos en jotain heti osaa, joten tarvitsen positiivista kannustusta, jos ja kun en jotain asiaa heti osaa tehd\u00e4.&nbsp;&nbsp;<\/p>\n\n\n\n<p>Yleisesti olen melko taitava k\u00e4sist\u00e4ni, ja fiksu. Ty\u00f6el\u00e4m\u00e4ss\u00e4ni olen saanut melko v\u00e4h\u00e4n rakentavaa palautetta, mutta sen sijaan olen saanut positiivista palautetta ja ollut itse kehitt\u00e4m\u00e4ss\u00e4 itse\u00e4ni paremmaksi. Toki rakentava palaute on ollut minulle t\u00e4rke\u00e4\u00e4, ja arvostan&nbsp;sit\u00e4 yht\u00e4 paljon, kuin positiivistakin palautetta. Mielest\u00e4ni olen loistava asiakaspalvelija, ja se on ehdottomasti ollut aina minun vahvuuteni. Olen tehnyt 17-vuotiaasta asti asiakaspalveluty\u00f6t\u00e4. Olen ollut McDonald\u2019silla, Hoplopissa, sek\u00e4 K-Citymarketissa t\u00f6iss\u00e4. Vuodesta&nbsp;2019 asti olen tehnyt esimiest\u00f6it\u00e4 vuorop\u00e4\u00e4llikk\u00f6n\u00e4. Olen ollut my\u00f6s t\u00f6iss\u00e4 iltap\u00e4iv\u00e4kerho-ohjaajana.&nbsp;Ihmisl\u00e4heiset ty\u00f6paikat ovat olleet ty\u00f6paikkoja, miss\u00e4 minulle t\u00e4rkein palaute tulee asiakkailta. Periaatteenani on aina ollut miellytt\u00e4\u00e4 asiakasta, ja&nbsp;muu palaute tulee toissijaisena.&nbsp;&nbsp;<\/p>\n\n\n\n<p>Syy, miksi hain hoitoalalle, on melko yksinkertainen. Minulla on niin paljon empatiakyky\u00e4 ja halua auttaa muita, ett\u00e4 koen, ett\u00e4 se tulee k\u00e4ytt\u00e4\u00e4 hy\u00f6dyksi alalla, miss\u00e4 minunkaltaisia ihmisi\u00e4 tarvitaan.&nbsp;Tied\u00e4n toimivani aina eettisesti, pist\u00e4en potilaan ja asiakkaan aina etusijalle.&nbsp;Minua ehk\u00e4 eniten huolettaa se, ett\u00e4 olen todella herkk\u00e4 ihminen. Pelk\u00e4\u00e4n, ett\u00e4 minun on vaikea unohtaa t\u00f6iss\u00e4 tapahtuvat ik\u00e4v\u00e4t asiat ty\u00f6vuoron p\u00e4\u00e4tytty\u00e4.&nbsp;Minulle on niin t\u00e4rke\u00e4\u00e4 saada muille hyv\u00e4 olo, ett\u00e4 saatan ep\u00e4huomiossa unohtaa oman hyvinvointini.&nbsp;T\u00f6iss\u00e4 haluan aina antaa kaikkeni, ja&nbsp;haluan olla se hoitaja, joka menee kotiin ty\u00f6vuoron j\u00e4lkeen, ja tiet\u00e4\u00e4, ett\u00e4 on t\u00f6iss\u00e4 tehnyt kaiken voitavansa auttaakseen muita.&nbsp;&nbsp;<\/p>\n\n\n\n<p>Osaan mitata mielest\u00e4ni hyvin perushoitoty\u00f6n&nbsp;mittauksia kuten verenpaineen ja verensokerin. Osaan ja ymm\u00e4rr\u00e4n happisaturaatiomittarin toiminnan,&nbsp;hengitysfrekvenssin tutkimisen, ja kehossa olevien ulkoisten merkkien tulkinnan ymm\u00e4rt\u00e4misen. Ymm\u00e4rr\u00e4n esimerkiksi painehaavojen vakavuuden ja potilaan asennon t\u00e4rkeyden ja muut&nbsp;ergonomiset seikat. Opittavaa minulla on eniten yleisesti asiakaskontakteissa, kun tehd\u00e4\u00e4n oikeita toimenpiteit\u00e4 oikeille asiakkaille. Potilasohjaus on&nbsp;varmasti asia, mihin saatan kompastua, sill\u00e4 keskityn niin paljon itse siihen, mit\u00e4 teen.&nbsp;&nbsp;<\/p>\n\n\n\n<p>Haluan tehd\u00e4 paljon erilaisia tutkimuksia potilaalle, mutta erityisesti keskitty\u00e4 siihen, ett\u00e4 otan asiakkaan huomioon ihmisen\u00e4, enk\u00e4 koekaniinina. Haluan panostaa potilasohjaukseen.&nbsp;&nbsp;<\/p>\n\n\n\n<p>Olen aikaisemmissa ty\u00f6paikoissani melko paljon kouluttanut muita ihmisi\u00e4, joten ymm\u00e4rr\u00e4n sen kannalta, miten t\u00e4rke\u00e4\u00e4 elekieli ja \u00e4\u00e4nens\u00e4vy on. Mielest\u00e4ni olen hyv\u00e4 ihmisten kanssa, eik\u00e4 potilasohjaus tule olemaan ongelma muuten, kuin ett\u00e4 saatan ep\u00e4huomiossa j\u00e4tt\u00e4\u00e4 jotain sanomatta.&nbsp;<\/p>\n\n\n\n<p>Haluan keskitty\u00e4 siihen, ett\u00e4 kun teen t\u00f6it\u00e4, on minulla ja muilla turvallista olla. Esimerkiksi ett\u00e4 potilas saa oikeanlaista hoitoa oikeaan aikaan, oikeat l\u00e4\u00e4kkeet ja ergonomian t\u00e4rkeyden. Jos minua j\u00e4nnitt\u00e4\u00e4, unohdan helposti asioita, joten minun on t\u00e4rke\u00e4 osata hoitaa rauhassa tilanteita.&nbsp;Potilaan siirt\u00e4minen on mielest\u00e4ni melko \u201cpelottavan\u201d tuntuista, ja haluan siihen erityisesti keskitty\u00e4 ohjaajani kanssa.&nbsp;&nbsp;<\/p>\n\n\n\n<p>Yleisesti, olen loistava tiimipelaaja. Haluan ty\u00f6skennell\u00e4 yhteisty\u00f6ss\u00e4 monen osaavan k\u00e4siparin kanssa, ja se ett\u00e4 opin uutta, vaatii paljon my\u00f6s muilta. Arvostan \u00e4\u00e4rett\u00f6m\u00e4sti muilta saatua palautetta, ja haluan my\u00f6s itse antaa muille palautetta. Minulle&nbsp;t\u00f6iss\u00e4 on aina ollut t\u00e4rke\u00e4\u00e4 ty\u00f6kaverit, ja ty\u00f6ymp\u00e4rist\u00f6n hyvinvointi ja ryhm\u00e4dynamiikka. Haluan panostaa ty\u00f6ilmapiiriin, ja antaa muille mahdollisimman hyv\u00e4n kuvan itsest\u00e4ni. Hoitoalalla varmasti&nbsp;aluksi on vierasta se, miten k\u00e4yt\u00e4nn\u00f6ss\u00e4 yhteisty\u00f6t\u00e4 tehd\u00e4\u00e4n ja kuinka paljon apua saa ja annetaan muille.&nbsp;&nbsp;<\/p>\n\n\n\n<p><\/p>\n\n\n\n<h1 class=\"wp-block-heading\"><\/h1>\n","protected":false},"excerpt":{"rendered":"<p>Olen Julia&nbsp;Porko, 22-vuotias k\u00e4til\u00f6opiskelija. Olen Vantaalta kotoisin ja asunut siell\u00e4 koko ik\u00e4ni, mutta opiskeluiden my\u00f6t\u00e4 muutin Kuopioon tammikuussa 2021.&nbsp;Olen valmistunut ylioppilaaksi 2018, ja sen j\u00e4lkeen pit\u00e4nyt v\u00e4livuosia t\u00f6it\u00e4 tehdess\u00e4. Olen my\u00f6s aikaisempina vuosina hakenut yliopistoon opiskelemaan psykologiaa, mutta hakujen my\u00f6t\u00e4 k\u00e4til\u00f6n ura&nbsp;tuntui olevan l\u00e4hemp\u00e4n\u00e4 syd\u00e4nt\u00e4. Jo lukion aikana olen tehnyt&nbsp;t\u00f6it\u00e4 &#8230; <a class=\"continue-reading-link\" href=\"https:\/\/blogi.savonia.fi\/juliaporko\/esimerkkisivu\/1-hoitotaito\/\"> Continue reading<\/a><\/p>\n","protected":false},"author":7982,"featured_media":0,"parent":2,"menu_order":3,"comment_status":"open","ping_status":"closed","template":"","meta":{"footnotes":""},"class_list":["post-14","page","type-page","status-publish","hentry"],"_links":{"self":[{"href":"https:\/\/blogi.savonia.fi\/juliaporko\/wp-json\/wp\/v2\/pages\/14","targetHints":{"allow":["GET"]}}],"collection":[{"href":"https:\/\/blogi.savonia.fi\/juliaporko\/wp-json\/wp\/v2\/pages"}],"about":[{"href":"https:\/\/blogi.savonia.fi\/juliaporko\/wp-json\/wp\/v2\/types\/page"}],"author":[{"embeddable":true,"href":"https:\/\/blogi.savonia.fi\/juliaporko\/wp-json\/wp\/v2\/users\/7982"}],"replies":[{"embeddable":true,"href":"https:\/\/blogi.savonia.fi\/juliaporko\/wp-json\/wp\/v2\/comments?post=14"}],"version-history":[{"count":4,"href":"https:\/\/blogi.savonia.fi\/juliaporko\/wp-json\/wp\/v2\/pages\/14\/revisions"}],"predecessor-version":[{"id":63,"href":"https:\/\/blogi.savonia.fi\/juliaporko\/wp-json\/wp\/v2\/pages\/14\/revisions\/63"}],"up":[{"embeddable":true,"href":"https:\/\/blogi.savonia.fi\/juliaporko\/wp-json\/wp\/v2\/pages\/2"}],"wp:attachment":[{"href":"https:\/\/blogi.savonia.fi\/juliaporko\/wp-json\/wp\/v2\/media?parent=14"}],"curies":[{"name":"wp","href":"https:\/\/api.w.org\/{rel}","templated":true}]}}