{"id":156,"date":"2022-08-22T15:33:51","date_gmt":"2022-08-22T12:33:51","guid":{"rendered":"https:\/\/blogi.savonia.fi\/juliaporko\/?page_id=156"},"modified":"2022-09-28T08:40:12","modified_gmt":"2022-09-28T05:40:12","slug":"valiarviointi","status":"publish","type":"page","link":"https:\/\/blogi.savonia.fi\/juliaporko\/esimerkkisivu\/lasten-nuorten-ja-perheiden-hoitotyo\/valiarviointi\/","title":{"rendered":"V\u00e4liarviointi"},"content":{"rendered":"\n<p>Harjoittelussa t\u00e4h\u00e4n asti on p\u00e4ivitt\u00e4in tullut paljon uusia asioita, sill\u00e4 joka p\u00e4iv\u00e4 on ollut uusi potilas hoidettavana. Olen p\u00e4\u00e4ssyt tutustumaan hyvin moneen erilaiseen sairauteen ja potilaaseen, ja t\u00e4m\u00e4 on mielest\u00e4ni ollut eritt\u00e4in t\u00e4rke\u00e4\u00e4 oppimiseni kannalta. On ollut eri ik\u00e4isi\u00e4, ja erilaisia sairauksia, joten lasten hoitaminen on ollut hyvin monipuolista. Erityisesti olen oppinut leukemiaa sairastavan potilaan hoitamisesta, mutta kuitenkin melko v\u00e4h\u00e4n tullut t\u00e4h\u00e4n liittyv\u00e4\u00e4 oppimista, sill\u00e4 vain muutaman hetken olen ns. &#8221;omalla&#8221; osastollani viett\u00e4nyt. Kuitenkin osastolla, miss\u00e4 olen ollut, on my\u00f6s ollut oman osaston potilaita.<\/p>\n\n\n\n<p>Olen ollut oikeastaan melkein joka vuorossa eri ihmisen ohjattavana, joten on ollut hankala luoda niin hyv\u00e4\u00e4 oppimiskokemusta, mit\u00e4 olisi voinut saada. Voin kuvitella, ett\u00e4 uuden ihmisen on vaikea antaa minun tehd\u00e4 itse, joten olisi mukavaa enemm\u00e4n p\u00e4\u00e4st\u00e4 itse tekem\u00e4\u00e4n asioita, eik\u00e4 vain seurata vierest\u00e4. Toki sekin ollut hyvin opettavaista, ja olen aina kysynyt ep\u00e4selvi\u00e4 asioita, ja tarjoutunut tekem\u00e4\u00e4n my\u00f6s itse. V\u00e4lill\u00e4 kuitenkin en kerke\u00e4 kysy\u00e4, saisinko itse tehd\u00e4. <\/p>\n\n\n\n<p>Arviointilomakkeeseen viitaten, olemme tutkailleet osaston palliatiivisen hoitotiimin kanssa paljonkin eettisi\u00e4 ristiriitoja, ja n\u00e4m\u00e4 ovatkin mielest\u00e4ni todella mielenkiintoisia seikkoja. Olemme pohtineet lasten oikeuksia saattohoidossa, ja muutenkin sy\u00f6p\u00e4hoidoissa. Minulla lapsen saattohoito on her\u00e4tt\u00e4nyt paljon ajatuksia, ja n\u00e4ist\u00e4 ollaan aina keskusteltu harjoitteluvuoroissa erityisesti palliatiivisen hoitotiimin hoitajien kanssa.<\/p>\n\n\n\n<p>On sanomattakin selv\u00e4\u00e4, ett\u00e4 sy\u00f6p\u00e4hoidot ovat perheelle my\u00f6s henkisesti todella raskaita. N\u00e4iden teemojen tiimoilta on ollut my\u00f6s paljon keskustelua osastolla muiden kanssa, ja on mukava kun koko osasto pohtii lapsen ja perheen hyvinvoinnin kannalta t\u00e4rkeit\u00e4 seikkoja, ja ottaa kaikki mahdolliset osakohdat huomioon.<\/p>\n\n\n\n<p>My\u00f6s ollut keskustelua hoidon vaikutusta lapsen kasvuun, ja miten t\u00e4rke\u00e4\u00e4 on my\u00f6s huomioida lapsen kehitys hoitojen aikana. Hyvin paljon olen perehtynyt leukemian hoitoon ja siihen liittyviin tutkimuksiin, ja oikeastaan kaikkeen, mik\u00e4 siihen liittyy. Olen ollut hoitosuunnitelma keskusteluissa mukana, kontaktissa my\u00f6s vanhempiin ja osallistunut keskusteluun l\u00e4\u00e4k\u00e4rien ja vanhempien, lapsen ja hoitajien v\u00e4lill\u00e4. Osastolla on omat ohjeet liittyen sy\u00f6p\u00e4hoitoihin, mihin olen tutustunut paljonkin. Erityisen mielenkiintoista on ollut mukana leukemian diagnosointivaiheessa. T\u00e4m\u00e4n kyseisen p\u00e4iv\u00e4n aikana, opin aivan hurjasti.<\/p>\n\n\n\n<p>L\u00e4\u00e4ke- ja nestehoitoja on tullut tehty\u00e4 oikeastaan joka p\u00e4iv\u00e4. T\u00e4ll\u00f6in tulee arvioida hyvin suuri kokonaisuus, mik\u00e4 liittyy hoitovasteeseen ja ylip\u00e4\u00e4t\u00e4ns\u00e4, mit\u00e4 tulee tarkkailla lapsessa hoidon aikana. L\u00e4\u00e4kelaskuja olen harjoitellut, ja tarkistellut esimerkiksi l\u00e4\u00e4keannoksia. N\u00e4it\u00e4 kokemuksia tahtoisin lis\u00e4\u00e4, miss\u00e4 p\u00e4\u00e4sisin ihan itse tekem\u00e4\u00e4n. Silti paljon perushoitoa ja vitaalien mittauksia on ollut, sek\u00e4 nestehoitoon liittyvi\u00e4 perushommia. Mielest\u00e4ni kirjaamisen t\u00e4rkeys on kyll\u00e4 t\u00e4ss\u00e4 harkassa korostunut erityisen paljon, koska siihen liittyy todella suuri kokonaisuus, eik\u00e4 pelk\u00e4st\u00e4\u00e4n se, mit\u00e4 seuraava vuoroon tulevan kuuluu tiet\u00e4\u00e4.<\/p>\n\n\n\n<p>Paljon olen oppinut, mutta toivon kyll\u00e4 lis\u00e4\u00e4 t\u00e4h\u00e4n asti opitun kertaamista ja toteuttamista.<\/p>\n\n\n\n<p>V\u00e4liarvioinnissa keskusteltiin arviointilomakkeen kompetenssien mukaisesti, miten harjottelu on sujunut. Keskusteltiin my\u00f6s siit\u00e4, kun olen kovin v\u00e4h\u00e4n ollut omien ohjaajien mukana, ja t\u00e4h\u00e4n yhdess\u00e4 mietittiin ratkaisua. Pohdittiin, ett\u00e4 jos ei jatkossa omaa ohjaajaa ole paikalla, kysyn opiskelijavastaavalta olisiko joku muu sh minun ohjaajanani loppuharjoittelun. Ohjaajalta pyyd\u00e4n viel\u00e4 oman v\u00e4liarvionnin ja palautteen harjoittelustani t\u00e4h\u00e4n asti. Kokonaisuudessa harjoittelun aikana on tullut arviointilomakkeen mukaisia asioita, ja harjoittelu etenee hyv\u00e4ksytysti.<\/p>\n","protected":false},"excerpt":{"rendered":"<p>Harjoittelussa t\u00e4h\u00e4n asti on p\u00e4ivitt\u00e4in tullut paljon uusia asioita, sill\u00e4 joka p\u00e4iv\u00e4 on ollut uusi potilas hoidettavana. Olen p\u00e4\u00e4ssyt tutustumaan hyvin moneen erilaiseen sairauteen ja potilaaseen, ja t\u00e4m\u00e4 on mielest\u00e4ni ollut eritt\u00e4in t\u00e4rke\u00e4\u00e4 oppimiseni kannalta. On ollut eri ik\u00e4isi\u00e4, ja erilaisia sairauksia, joten lasten hoitaminen on ollut hyvin monipuolista. Erityisesti &#8230; <a class=\"continue-reading-link\" href=\"https:\/\/blogi.savonia.fi\/juliaporko\/esimerkkisivu\/lasten-nuorten-ja-perheiden-hoitotyo\/valiarviointi\/\"> Continue reading<\/a><\/p>\n","protected":false},"author":7982,"featured_media":0,"parent":149,"menu_order":3,"comment_status":"open","ping_status":"closed","template":"","meta":{"footnotes":""},"class_list":["post-156","page","type-page","status-publish","hentry"],"_links":{"self":[{"href":"https:\/\/blogi.savonia.fi\/juliaporko\/wp-json\/wp\/v2\/pages\/156","targetHints":{"allow":["GET"]}}],"collection":[{"href":"https:\/\/blogi.savonia.fi\/juliaporko\/wp-json\/wp\/v2\/pages"}],"about":[{"href":"https:\/\/blogi.savonia.fi\/juliaporko\/wp-json\/wp\/v2\/types\/page"}],"author":[{"embeddable":true,"href":"https:\/\/blogi.savonia.fi\/juliaporko\/wp-json\/wp\/v2\/users\/7982"}],"replies":[{"embeddable":true,"href":"https:\/\/blogi.savonia.fi\/juliaporko\/wp-json\/wp\/v2\/comments?post=156"}],"version-history":[{"count":3,"href":"https:\/\/blogi.savonia.fi\/juliaporko\/wp-json\/wp\/v2\/pages\/156\/revisions"}],"predecessor-version":[{"id":171,"href":"https:\/\/blogi.savonia.fi\/juliaporko\/wp-json\/wp\/v2\/pages\/156\/revisions\/171"}],"up":[{"embeddable":true,"href":"https:\/\/blogi.savonia.fi\/juliaporko\/wp-json\/wp\/v2\/pages\/149"}],"wp:attachment":[{"href":"https:\/\/blogi.savonia.fi\/juliaporko\/wp-json\/wp\/v2\/media?parent=156"}],"curies":[{"name":"wp","href":"https:\/\/api.w.org\/{rel}","templated":true}]}}