{"id":158,"date":"2022-08-22T15:34:18","date_gmt":"2022-08-22T12:34:18","guid":{"rendered":"https:\/\/blogi.savonia.fi\/juliaporko\/?page_id=158"},"modified":"2022-10-11T20:27:04","modified_gmt":"2022-10-11T17:27:04","slug":"loppuyhteenveto","status":"publish","type":"page","link":"https:\/\/blogi.savonia.fi\/juliaporko\/esimerkkisivu\/lasten-nuorten-ja-perheiden-hoitotyo\/loppuyhteenveto\/","title":{"rendered":"Loppuyhteenveto"},"content":{"rendered":"\n<p><strong>Oppimisen taidot<\/strong><\/p>\n\n\n\n<p>Harjoittelun aikana on pit\u00e4nyt ottaa paljon vastuuta omasta oppimisestaan, sill\u00e4 melko v\u00e4h\u00e4n olen omien ohjaajieni kanssa ollut. Paljon on tullut erilaisia opetustyylej\u00e4, mutta pikkuhiljaa kuitenkin kehittynyt oma tyyli tehd\u00e4 hommia. <\/p>\n\n\n\n<p><strong>Eettinen osaaminen ja ammatillisuus<\/strong><\/p>\n\n\n\n<p>Ammatillisuuteni on hurjasti kehittynyt, sill\u00e4 todella joutunut tsempata, ettei vie raskaita aiheita ty\u00f6paikan ulkopuolelle. Lapsien kanssa ty\u00f6skentely vaatii muutenkin hirve\u00e4sti k\u00e4rsiv\u00e4llisyytt\u00e4 ja tunnollisuutta. Hoitamiseen liittyy niin paljon muutakin, kuin toimenpiteiden suorittaminen, joten todella joutuu pohtimaan monelta eri kantilta mit\u00e4 tekee. <\/p>\n\n\n\n<p><strong>Ty\u00f6yhteis\u00f6osaaminen<\/strong><\/p>\n\n\n\n<p>Osastolla tehd\u00e4\u00e4n paljon yhteisty\u00f6t\u00e4 moniammatillisesti. Jokaisen rooli on t\u00e4rke\u00e4, ja osastolla mietit\u00e4\u00e4n paljon muutakin, kuin fyysist\u00e4 hyvinvointia. On t\u00e4rke\u00e4\u00e4 tehd\u00e4 yhteisty\u00f6t\u00e4, ja mietti\u00e4 lapsen ja perheen hyvinvointia isona kokonaisuutena.<\/p>\n\n\n\n<p><strong>Asiakasl\u00e4ht\u00f6isyys<\/strong><\/p>\n\n\n\n<p>Harjoittelun aikana on t\u00e4rke\u00e4\u00e4 pohtia mik\u00e4 on parhaaksi perheelle, ja puntaroida asioiden haittavaikutuksia ja hy\u00f6tyj\u00e4, ja tehd\u00e4 p\u00e4\u00e4t\u00f6ksi\u00e4, mist\u00e4 koituu mahdollisimman v\u00e4h\u00e4n haittoja. Jokaisen perheenj\u00e4senen hyvinvointi otetaan huomioon, ja potilasl\u00e4ht\u00f6isyys on suurempi kokonaisuus, kuin mit\u00e4 ajattelin.<\/p>\n\n\n\n<p><strong>N\u00e4ytt\u00f6\u00f6n perustuva toiminta ja p\u00e4\u00e4t\u00f6ksenteko<\/strong><\/p>\n\n\n\n<p>Olen p\u00e4\u00e4ssyt hyvin seuraamaan, miten l\u00e4\u00e4k\u00e4rit ja hoitajat yhdess\u00e4 pohtivat erilaisia vaihtoehtoja hoitoihin liittyen. On ollut mielenkiintoista seurata sy\u00f6p\u00e4hoitojen kulkua, ja miten hoitopolku m\u00e4\u00e4r\u00e4ytyy. <\/p>\n\n\n\n<p><strong>Kliininen hoitoty\u00f6<\/strong><\/p>\n\n\n\n<p>Ihan hurjasti ollut harjoittelun aikana l\u00e4\u00e4ke- ja nestehoitoa. Paljon saanut toteuttaa erilaisia toimenpiteit\u00e4, mutta my\u00f6s oppinut perusteellisesti, mink\u00e4laisia menetelmi\u00e4 kuuluu sy\u00f6p\u00e4hoitoihin. Sy\u00f6p\u00e4hoitojen kulku ja hoitaminen on hyvin selkeytynyt.<\/p>\n","protected":false},"excerpt":{"rendered":"<p>Oppimisen taidot Harjoittelun aikana on pit\u00e4nyt ottaa paljon vastuuta omasta oppimisestaan, sill\u00e4 melko v\u00e4h\u00e4n olen omien ohjaajieni kanssa ollut. Paljon on tullut erilaisia opetustyylej\u00e4, mutta pikkuhiljaa kuitenkin kehittynyt oma tyyli tehd\u00e4 hommia. Eettinen osaaminen ja ammatillisuus Ammatillisuuteni on hurjasti kehittynyt, sill\u00e4 todella joutunut tsempata, ettei vie raskaita aiheita ty\u00f6paikan ulkopuolelle. &#8230; <a class=\"continue-reading-link\" href=\"https:\/\/blogi.savonia.fi\/juliaporko\/esimerkkisivu\/lasten-nuorten-ja-perheiden-hoitotyo\/loppuyhteenveto\/\"> Continue reading<\/a><\/p>\n","protected":false},"author":7982,"featured_media":0,"parent":149,"menu_order":4,"comment_status":"closed","ping_status":"closed","template":"","meta":{"footnotes":""},"class_list":["post-158","page","type-page","status-publish","hentry"],"_links":{"self":[{"href":"https:\/\/blogi.savonia.fi\/juliaporko\/wp-json\/wp\/v2\/pages\/158","targetHints":{"allow":["GET"]}}],"collection":[{"href":"https:\/\/blogi.savonia.fi\/juliaporko\/wp-json\/wp\/v2\/pages"}],"about":[{"href":"https:\/\/blogi.savonia.fi\/juliaporko\/wp-json\/wp\/v2\/types\/page"}],"author":[{"embeddable":true,"href":"https:\/\/blogi.savonia.fi\/juliaporko\/wp-json\/wp\/v2\/users\/7982"}],"replies":[{"embeddable":true,"href":"https:\/\/blogi.savonia.fi\/juliaporko\/wp-json\/wp\/v2\/comments?post=158"}],"version-history":[{"count":7,"href":"https:\/\/blogi.savonia.fi\/juliaporko\/wp-json\/wp\/v2\/pages\/158\/revisions"}],"predecessor-version":[{"id":210,"href":"https:\/\/blogi.savonia.fi\/juliaporko\/wp-json\/wp\/v2\/pages\/158\/revisions\/210"}],"up":[{"embeddable":true,"href":"https:\/\/blogi.savonia.fi\/juliaporko\/wp-json\/wp\/v2\/pages\/149"}],"wp:attachment":[{"href":"https:\/\/blogi.savonia.fi\/juliaporko\/wp-json\/wp\/v2\/media?parent=158"}],"curies":[{"name":"wp","href":"https:\/\/api.w.org\/{rel}","templated":true}]}}