{"id":181,"date":"2022-09-30T19:24:50","date_gmt":"2022-09-30T16:24:50","guid":{"rendered":"https:\/\/blogi.savonia.fi\/juliaporko\/?page_id=181"},"modified":"2022-11-14T11:44:10","modified_gmt":"2022-11-14T09:44:10","slug":"oppimisen-reflektointi","status":"publish","type":"page","link":"https:\/\/blogi.savonia.fi\/juliaporko\/esimerkkisivu\/5-mielenterveys-ja-paihdehoitotyon-harjoittelu\/oppimisen-reflektointi\/","title":{"rendered":"Oppimisen reflektointi"},"content":{"rendered":"\n<p><strong>Ensimm\u00e4inen viikko<\/strong><\/p>\n\n\n\n<p>T\u00e4m\u00e4n viikon aikana jo ensimm\u00e4isten p\u00e4ivien kohdalla olin tilanteessa, miss\u00e4 potilas oli aggressiivinen ja v\u00e4kivallan uhka kohdistui muihin potilaisiin ja hoitajiin. Tilannetta edelt\u00e4v\u00e4sti olin toisen potilaan huoneessa hoitajan kanssa, ja kuulin k\u00e4yt\u00e4v\u00e4lt\u00e4 huutoa. Menin katsomaan tilannetta, ja huomasin potilaan k\u00e4ytt\u00e4ytyv\u00e4n aggressiivisen ja hermostuneen oloisesti. Tilanteeseen tuli muutama hoitaja, ja ilmeisesti v\u00e4enpaljoudesta potilas kiihtyi entisest\u00e4\u00e4n, ja alkoi ly\u00f6m\u00e4\u00e4n viereist\u00e4 tupakkakoppia. Itse liukenin paikalta pois, ja menin kauemmas seuraamaan ja kuuntelemaan tilanteen etenemist\u00e4. Tilanne saatiin rauhoitettua useamman hoitajan toimesta, ja nopeasti saatiin paikalle apua saattamaan potilas eristyshuoneeseen. Kenellekk\u00e4\u00e4n ei onneksi sattunut mit\u00e4\u00e4n, mutta siit\u00e4 huolimatta tilanne s\u00e4ik\u00e4ytti minua todella paljon. Olin seuraamassa vierest\u00e4, kun tilanteesta tehtiin HaiPro, ja kun l\u00e4\u00e4k\u00e4ri saapui paikalle aloittamaan eristyksen. K\u00e4ytiin pitk\u00e4 keskustelu ohjaajani kanssa tapahtuneesta, ja my\u00f6skin hoitajien kesken my\u00f6hemmin k\u00e4ytiin keskustelua defusing- tyylisesti. Seurasin tulevilla l\u00e4\u00e4k\u00e4rinkierroilla, miten potilasta kehotettiin tulevaisuudessa hoitajan, psykologin ja toimintaterapeutin apukeinojen avulla selviytym\u00e4\u00e4n ahdistuksesta ja hermostumisesta ilman, ett\u00e4 syntyy uhkaavia tilanteita. <\/p>\n\n\n\n<p><strong>Toinen viikko<\/strong><\/p>\n\n\n\n<p>Toisen viikon merkitt\u00e4vin oppimiskokemus oli, kun potilaan kanssa l\u00e4\u00e4k\u00e4ri suoritti tarkkailuhaastattelun. Potilas on ollut hoidossa jo kauemmin, mutta 3 kuukauden ajanjakso oli mennyt, ja potilaasta tehtiin protokollan mukaisesti uusi M1- l\u00e4hete. Oli mielenkiintoista kuulla potilaan n\u00e4k\u00f6kulma asiasta, ja miten h\u00e4n vastaa haastattelussa. Kuten moni muukin potilas osastolla, h\u00e4nkin on t\u00e4ysin sairaudentunnoton, eik\u00e4 ymm\u00e4rr\u00e4 miksi on hoidossa. Haastattelu suoritettiin tulkin avustuksella, jotta saadaan mahdollisimman monipuolinen sanavarasto k\u00e4ytt\u00f6\u00f6n. Minulle tuli k\u00e4sitys potilaasta, ett\u00e4 h\u00e4n olisi t\u00e4ysin valmis menem\u00e4\u00e4n siviiliin, eik\u00e4 hy\u00f6dy hoidosta mit\u00e4\u00e4n, vaan p\u00e4invastoin. My\u00f6hemmin keskustelimme l\u00e4\u00e4k\u00e4rin kanssa potilaan poistuttua, ja h\u00e4n kertoi potilaan olevan hyv\u00e4 esimerkki, miten vaarallinen sairaus skitsofrenia tosissaan on, sill\u00e4 sairautta todella harva varsinkin kyseisell\u00e4 osastolla tunnistaa. Potilas asetettiin tarkkailuun, ja h\u00e4n ei saanut poistua osastolta. Lopulta potilas sai p\u00e4\u00e4t\u00f6ksen, ett\u00e4 pakkohoito jatkuu. <\/p>\n\n\n\n<p><strong>Kolmas viikko<\/strong><\/p>\n\n\n\n<p>T\u00e4ll\u00e4 viikolla perehdyin paljon psyykel\u00e4\u00e4kkeisiin, ja p\u00e4\u00e4sin pist\u00e4m\u00e4\u00e4n Robinul injektion potilaalle. Tutkimme ohjaajan kanssa l\u00e4\u00e4kekaapin sis\u00e4lt\u00f6\u00f6n, ja ohjaaja kertoi erilaisista psyykel\u00e4\u00e4kkeist\u00e4, ja yhdisti tietoa my\u00f6s liittyen omaan tulevaan ammattiini k\u00e4til\u00f6n\u00e4. Psyykel\u00e4\u00e4kkeet ovat olleet melko tuntematon alue minulle, joten kaikki oppi oli uutta ja paljon j\u00e4i my\u00f6s mieleen. P\u00e4\u00e4sin my\u00f6s jakamaan l\u00e4\u00e4kkeit\u00e4, ja pohtimaan eri l\u00e4\u00e4keaineiden indikaatioita hoitoon liittyen. <\/p>\n\n\n\n<p><strong>Nelj\u00e4s viikko<\/strong><\/p>\n\n\n\n<p>T\u00e4m\u00e4n viikon aikana oli useampikin merkitt\u00e4v\u00e4 oppimiskokemus. Yksi mieleenpainuvimmista aiheista oli leposide-eristys, potilaan fyysinen rajoittaminen ja ylil\u00e4\u00e4k\u00e4rin kierrolla k\u00e4yt\u00e4v\u00e4t asiat ja pointit. Potilas asetettiin leposide-eristykseen, jotta v\u00e4ltytt\u00e4isiin potilaan itselleen aiheuttamilta vahingoilta. Potilaan sairaus oireilee positiivisin oirein, ja n\u00e4in aiheuttaa melko vakavankin tapaturmariskin itselleen. Minulle tuli hyvin tutuksi lepositeet, ja niiden k\u00e4ytt\u00e4minen, sek\u00e4 siihen liittyv\u00e4 lains\u00e4\u00e4d\u00e4nt\u00f6 ja rajoitukset. Potilaan fyysinen rajoittaminen oli t\u00e4ss\u00e4 tilanteessa l\u00e4hinn\u00e4 ennakointia, johon liittyi tilanteeseen ryhtymisen suunnitteleminen, ja useamman, jopa seitsem\u00e4n hoitajan l\u00e4sn\u00e4olo. Yhdess\u00e4 pohdimme, mihin kukakin sijoittuu. Siirsimme eristyshuoneesta potilaan s\u00e4ngyn pois huoneesta, ja vaihdoimme sen eristykseen tarkoitettuun s\u00e4nkyyn. Tilanne vaati huolellista suunnittelua ja ripe\u00e4\u00e4 sek\u00e4 sujuvaa ty\u00f6skentely\u00e4, sill\u00e4 potilas on eritt\u00e4in karkualtis, ja varmasti k\u00e4ytt\u00e4\u00e4 jokaisen tilaisuuden hyv\u00e4ksi. Itse olin asettunut v\u00e4lioven eteen, jotta est\u00e4isin liikenteen k\u00e4yt\u00e4vien v\u00e4lill\u00e4. Olin hyvin tietoinen sijoittumiseni riskeist\u00e4, ja n\u00e4ist\u00e4 minulle viel\u00e4 erikseen huomautettiinkin. Olin sin\u00e4ns\u00e4 hyvinkin vaarallisessa paikassa, sill\u00e4 jos potilas hoitajista p\u00e4\u00e4sisikin l\u00e4pi, olisin varmasti tulilinjalla ja varmasti v\u00e4kivallan kohteen uhrina. Tilanteen eskaloituessa, olisin kyll\u00e4 v\u00e4istynyt pois tielt\u00e4 itseni suojaamiseksi. Ylil\u00e4\u00e4k\u00e4rinkierrolla olin l\u00e4hinn\u00e4 mielenkiinnosta, ett\u00e4 mit\u00e4 kuuluu ylil\u00e4\u00e4k\u00e4rin teht\u00e4viin, ja miten h\u00e4n n\u00e4m\u00e4 p\u00e4\u00e4t\u00f6ksens\u00e4 perustelee. <\/p>\n","protected":false},"excerpt":{"rendered":"<p>Ensimm\u00e4inen viikko T\u00e4m\u00e4n viikon aikana jo ensimm\u00e4isten p\u00e4ivien kohdalla olin tilanteessa, miss\u00e4 potilas oli aggressiivinen ja v\u00e4kivallan uhka kohdistui muihin potilaisiin ja hoitajiin. Tilannetta edelt\u00e4v\u00e4sti olin toisen potilaan huoneessa hoitajan kanssa, ja kuulin k\u00e4yt\u00e4v\u00e4lt\u00e4 huutoa. Menin katsomaan tilannetta, ja huomasin potilaan k\u00e4ytt\u00e4ytyv\u00e4n aggressiivisen ja hermostuneen oloisesti. Tilanteeseen tuli muutama hoitaja, &#8230; <a class=\"continue-reading-link\" href=\"https:\/\/blogi.savonia.fi\/juliaporko\/esimerkkisivu\/5-mielenterveys-ja-paihdehoitotyon-harjoittelu\/oppimisen-reflektointi\/\"> Continue reading<\/a><\/p>\n","protected":false},"author":7982,"featured_media":0,"parent":176,"menu_order":2,"comment_status":"open","ping_status":"closed","template":"","meta":{"footnotes":""},"class_list":["post-181","page","type-page","status-publish","hentry"],"_links":{"self":[{"href":"https:\/\/blogi.savonia.fi\/juliaporko\/wp-json\/wp\/v2\/pages\/181","targetHints":{"allow":["GET"]}}],"collection":[{"href":"https:\/\/blogi.savonia.fi\/juliaporko\/wp-json\/wp\/v2\/pages"}],"about":[{"href":"https:\/\/blogi.savonia.fi\/juliaporko\/wp-json\/wp\/v2\/types\/page"}],"author":[{"embeddable":true,"href":"https:\/\/blogi.savonia.fi\/juliaporko\/wp-json\/wp\/v2\/users\/7982"}],"replies":[{"embeddable":true,"href":"https:\/\/blogi.savonia.fi\/juliaporko\/wp-json\/wp\/v2\/comments?post=181"}],"version-history":[{"count":5,"href":"https:\/\/blogi.savonia.fi\/juliaporko\/wp-json\/wp\/v2\/pages\/181\/revisions"}],"predecessor-version":[{"id":218,"href":"https:\/\/blogi.savonia.fi\/juliaporko\/wp-json\/wp\/v2\/pages\/181\/revisions\/218"}],"up":[{"embeddable":true,"href":"https:\/\/blogi.savonia.fi\/juliaporko\/wp-json\/wp\/v2\/pages\/176"}],"wp:attachment":[{"href":"https:\/\/blogi.savonia.fi\/juliaporko\/wp-json\/wp\/v2\/media?parent=181"}],"curies":[{"name":"wp","href":"https:\/\/api.w.org\/{rel}","templated":true}]}}