{"id":185,"date":"2022-09-30T19:25:41","date_gmt":"2022-09-30T16:25:41","guid":{"rendered":"https:\/\/blogi.savonia.fi\/juliaporko\/?page_id=185"},"modified":"2022-11-16T16:39:33","modified_gmt":"2022-11-16T14:39:33","slug":"loppuarviointi","status":"publish","type":"page","link":"https:\/\/blogi.savonia.fi\/juliaporko\/esimerkkisivu\/5-mielenterveys-ja-paihdehoitotyon-harjoittelu\/loppuarviointi\/","title":{"rendered":"Loppuarviointi"},"content":{"rendered":"\n<p><strong>Eettinen osaaminen<\/strong><\/p>\n\n\n\n<p>Teoriassa opitut lains\u00e4\u00e4d\u00e4nn\u00f6t, ja erityisohjeet ovat hyvin tulleet k\u00e4yt\u00e4nn\u00f6ss\u00e4 tutuiksi. Ohjeistuksia on harjoitteluyksik\u00f6ss\u00e4ni sovellettu sopiviksi osastolle, jotta saadaan potilaan hoidosta ja henkil\u00f6st\u00f6n turvallisuudesta riitt\u00e4v\u00e4. Monet tilanteet vaativat useamman tahon mielipiteen, ja l\u00e4\u00e4k\u00e4riin luotetaan lopullisen p\u00e4\u00e4t\u00f6ksen tekemisess\u00e4. Pelisilm\u00e4\u00e4 ja maalaisj\u00e4rke\u00e4 on hyvin t\u00e4rke\u00e4 k\u00e4ytt\u00e4\u00e4 mielenterveysty\u00f6ss\u00e4, ja harjoittelun aikana tilanteiden ennakointi on ensiarvoisen t\u00e4rke\u00e4\u00e4. Eettinen pohdinta on hyv\u00e4 tuoda ilmi ja ajatusten sanominen \u00e4\u00e4neen on t\u00e4rke\u00e4\u00e4, jottei pienetk\u00e4\u00e4n t\u00e4rke\u00e4t seikat potilaiden hoitoon liittyen mene sivusuun. Olen saanut vastauksia kysymyksiin, mit\u00e4 olen ennen harjoittelua pohtinut, ja mik\u00e4\u00e4n p\u00e4\u00e4t\u00f6s ei ole j\u00e4\u00e4nyt ilman eettist\u00e4 pohdintaa. Oma ammatillinen eettisyys on kehittynyt hurjasti harjoittelun aikana, ja muutenkin ammatti-min\u00e4 on l\u00f6yt\u00e4nyt uusia seikkoja omassa pohdinnassaan.<\/p>\n\n\n\n<p><strong>Ohjaus- ja opetusosaaminen<\/strong><\/p>\n\n\n\n<p>Potilaiden ohjaus on p\u00e4ivitt\u00e4ist\u00e4, ja sit\u00e4 erityisesti harjoittelun viimeisin\u00e4 p\u00e4ivin\u00e4 olen tehnyt itsen\u00e4isesti. Rohkaistuessani olen ymm\u00e4rt\u00e4nyt, mink\u00e4laisia asioida tuoda ilmi ohjauksessa, jotta t\u00e4rkeimm\u00e4t pointit saa sanotuksi. Potilailla on rajallinen kapasiteetti, kuinka paljon informaatiota pystyv\u00e4t ottaa vastaan, ja ohjauksen yksinkertaisuus ja suoraviivaisuus on ollut t\u00e4rke\u00e4\u00e4. Oman toiminnallisen hetken aikana oli pohdittava juuri n\u00e4it\u00e4 seikkoja, ja suunnitellessa mietti\u00e4 tarkkaan, mit\u00e4 kerron ja miten. Kehityst\u00e4 on tullut erityisesti ryhm\u00e4n luonteen hahmottamisessa.<\/p>\n\n\n\n<p><strong>Moniammatillinen yhteisty\u00f6osaaminen<\/strong><\/p>\n\n\n\n<p>Potilaan hoidon monimuotoisuus takaa yleens\u00e4 mahdollisimman parhaan tuloksen, joka on minulle ollut sanomattakin selv\u00e4\u00e4. Minulle on eniten selkeytynyt nimenomaan vaikeahoitoisten potilaiden hoitopolku, ja miten monimutkainen se saattaa olla. My\u00f6sk\u00e4\u00e4n en ole ennen kohdannut, ett\u00e4 psykologi olisi n\u00e4in tiiviisti hoidossa mukana, joka tosin johtuu aikaisempien harjoittelupaikkojen luonteesta. On ollut mielenkiintoista n\u00e4hd\u00e4, miten psykologi ja hoitaja on yhteisty\u00f6ss\u00e4 hoitoon liittyen. Muuten oikeastaan ennakkotietoni ovat vahvistuneet, ja hoitopolku on entist\u00e4 selke\u00e4mpi.<\/p>\n\n\n\n<p><strong>Hoitoty\u00f6n p\u00e4\u00e4t\u00f6ksenteko-osaaminen<\/strong><\/p>\n\n\n\n<p>P\u00e4\u00e4t\u00f6kset tehd\u00e4\u00e4n niin kokemuksen kuin tutkitun tiedon ja lains\u00e4\u00e4d\u00e4nt\u00f6jen avulla. T\u00e4rke\u00e4t p\u00e4\u00e4t\u00f6kset tehd\u00e4\u00e4n suurella harkinnalla, ja niiden p\u00e4tevyytt\u00e4 arvioidaan jatkuvasti. Olen huomannut, ett\u00e4 paljon on eri mielipiteit\u00e4 ja kantoja hoitoihin liittyen, ja t\u00e4ss\u00e4 kohtaa kuunnellaan lains\u00e4\u00e4d\u00e4nt\u00f6j\u00e4 ja ohjeistuksia. Asiat hoidetaan harkinnalla loppuun asti, ja pohditaan yhdess\u00e4 moniammatillisesti, toimiiko tehdyt p\u00e4\u00e4t\u00f6kset, kuten haluttiinkin.<\/p>\n\n\n\n<p><strong>Kulttuurinen osaaminen<\/strong><\/p>\n\n\n\n<p>Hyvin eri l\u00e4ht\u00f6kohdista tulevia mielenterveyspotilaita olen tavannut osastolla, ja on ollut todella mielenkiintoista pohtiakin n\u00e4it\u00e4 taustoja verrattuna nykytilanteeseen. Potilaiden menneisyys vaihtelee laidasta laitaan, mutta jokaista silti hoidetaan t\u00e4\u00e4ll\u00e4 juuri niin kuin parhaaksi n\u00e4hd\u00e4\u00e4n. Kaikki on tasa-arvoisia, ja ket\u00e4\u00e4n ei tuomita menneisyyden perusteella, vaan vain nykyhetkell\u00e4 on merkityst\u00e4. Kuitenkin on \u00e4\u00e4rimm\u00e4isi\u00e4 poikkeustilanteita, kuten seksuaalirikolliset ja muut \u00e4\u00e4rimm\u00e4iset teot ja sairauden vakavuusasteet, joita ei voi j\u00e4tt\u00e4\u00e4 huomioimatta. Ainakin itse toivon, ett\u00e4 ilmiselvi\u00e4 asioita, my\u00f6s potilaiden persoonassa tai menneisyydess\u00e4 olevia, ei j\u00e4tet\u00e4 huomioimatta, mik\u00e4li ne ovat suuri riski muille ihmisille. Jonkinlainen &#8221;vankilakulttuuri&#8221; n\u00e4kyy osastolla, ja voi aiheuttaa kireytt\u00e4 ilmapiiriss\u00e4. T\u00e4m\u00e4 on taas asia, mik\u00e4 varmasti tulee aina olemaan t\u00e4m\u00e4nkaltaisissa paikoissa. Siihen kyll\u00e4 puututaan, mutta sen eliminoiminen voi olla mahdotonta.<\/p>\n\n\n\n<p><strong>Kliininen osaaminen<\/strong><\/p>\n\n\n\n<p>L\u00e4\u00e4kehoidollinen tiet\u00e4mys on avartunut minulla hurjasti, ja muutenkin potilaan hoidon monimuotoisuus on selkeytynyt. Mielenterveyspotilaita hoidetaan niin monelta eri osa-alueelta, joten yksi harjoittelu on vain pintaraapaisu siit\u00e4, mit\u00e4 kaikkea t\u00e4h\u00e4n aiheeseen kuuluu. Kuitenkin selke\u00e4 kuva on muodostunut, ja osaan varmasti hy\u00f6dynt\u00e4\u00e4 oppimaani my\u00f6s seuraavissakin harjoitteluissa. Erityisesti suullisen raportoinnin t\u00e4rkeys on huomioitu osastolla. Hoidon toteutus, arviointi ja siihen liittyv\u00e4t pohdinnat ovat avartaneet suunnittelun t\u00e4rkeytt\u00e4. Hoidossa joudutaan arvioimaan todella monta asiaa samaan aikaan, mutta on hyvin selke\u00e4\u00e4, ett\u00e4 mit\u00e4 asioita ne ovat, ja miksi juuri ne asiat ovat t\u00e4rkeit\u00e4. <\/p>\n","protected":false},"excerpt":{"rendered":"<p>Eettinen osaaminen Teoriassa opitut lains\u00e4\u00e4d\u00e4nn\u00f6t, ja erityisohjeet ovat hyvin tulleet k\u00e4yt\u00e4nn\u00f6ss\u00e4 tutuiksi. Ohjeistuksia on harjoitteluyksik\u00f6ss\u00e4ni sovellettu sopiviksi osastolle, jotta saadaan potilaan hoidosta ja henkil\u00f6st\u00f6n turvallisuudesta riitt\u00e4v\u00e4. Monet tilanteet vaativat useamman tahon mielipiteen, ja l\u00e4\u00e4k\u00e4riin luotetaan lopullisen p\u00e4\u00e4t\u00f6ksen tekemisess\u00e4. Pelisilm\u00e4\u00e4 ja maalaisj\u00e4rke\u00e4 on hyvin t\u00e4rke\u00e4 k\u00e4ytt\u00e4\u00e4 mielenterveysty\u00f6ss\u00e4, ja harjoittelun aikana tilanteiden &#8230; <a class=\"continue-reading-link\" href=\"https:\/\/blogi.savonia.fi\/juliaporko\/esimerkkisivu\/5-mielenterveys-ja-paihdehoitotyon-harjoittelu\/loppuarviointi\/\"> Continue reading<\/a><\/p>\n","protected":false},"author":7982,"featured_media":0,"parent":176,"menu_order":4,"comment_status":"open","ping_status":"closed","template":"","meta":{"footnotes":""},"class_list":["post-185","page","type-page","status-publish","hentry"],"_links":{"self":[{"href":"https:\/\/blogi.savonia.fi\/juliaporko\/wp-json\/wp\/v2\/pages\/185","targetHints":{"allow":["GET"]}}],"collection":[{"href":"https:\/\/blogi.savonia.fi\/juliaporko\/wp-json\/wp\/v2\/pages"}],"about":[{"href":"https:\/\/blogi.savonia.fi\/juliaporko\/wp-json\/wp\/v2\/types\/page"}],"author":[{"embeddable":true,"href":"https:\/\/blogi.savonia.fi\/juliaporko\/wp-json\/wp\/v2\/users\/7982"}],"replies":[{"embeddable":true,"href":"https:\/\/blogi.savonia.fi\/juliaporko\/wp-json\/wp\/v2\/comments?post=185"}],"version-history":[{"count":10,"href":"https:\/\/blogi.savonia.fi\/juliaporko\/wp-json\/wp\/v2\/pages\/185\/revisions"}],"predecessor-version":[{"id":228,"href":"https:\/\/blogi.savonia.fi\/juliaporko\/wp-json\/wp\/v2\/pages\/185\/revisions\/228"}],"up":[{"embeddable":true,"href":"https:\/\/blogi.savonia.fi\/juliaporko\/wp-json\/wp\/v2\/pages\/176"}],"wp:attachment":[{"href":"https:\/\/blogi.savonia.fi\/juliaporko\/wp-json\/wp\/v2\/media?parent=185"}],"curies":[{"name":"wp","href":"https:\/\/api.w.org\/{rel}","templated":true}]}}