{"id":235,"date":"2023-01-26T21:14:42","date_gmt":"2023-01-26T19:14:42","guid":{"rendered":"https:\/\/blogi.savonia.fi\/juliaporko\/?page_id=235"},"modified":"2023-02-06T10:02:01","modified_gmt":"2023-02-06T08:02:01","slug":"lahtotaso-ja-tavoitteet","status":"publish","type":"page","link":"https:\/\/blogi.savonia.fi\/juliaporko\/esimerkkisivu\/kotihoito-ja-gerontologinen-hoitotyo\/lahtotaso-ja-tavoitteet\/","title":{"rendered":"L\u00e4ht\u00f6taso ja tavoitteet"},"content":{"rendered":"\n<p><strong>Oppimisen taidot<\/strong><\/p>\n\n\n\n<p>T\u00e4ll\u00e4 hetkell\u00e4 tiedostan hyvin itselleni parhaat tapani oppia. Olen ehdottomasti se henkil\u00f6, joka oppii tekem\u00e4ll\u00e4 ja tekem\u00e4ns\u00e4 toiminnan perusteella saadun palautteen avulla. Palautteen saaminen on minulle \u00e4\u00e4rimm\u00e4isen t\u00e4rke\u00e4\u00e4, sill\u00e4 vaikka luotan ett\u00e4 osaan, en ehk\u00e4 silloin osaa huomioida asioita, mihin keskitty\u00e4 ensi kerralla paremmin. Osaan arvioida itse\u00e4ni, mutta saatan keskitty\u00e4 ns. &#8221;v\u00e4\u00e4riin&#8221; asioihin, mill\u00e4 ei olisi niin paljon merkityst\u00e4, kuin jokin toinen seikka miss\u00e4 olisi enemm\u00e4n parannettavaa. Odotan paljon oppimista t\u00e4m\u00e4n harjoittelun aikana, sill\u00e4 t\u00e4ss\u00e4 vaiheessa opintoja minun odotukseni itse\u00e4ni kohtaan ovat jo melko korkealla. Saatan olla my\u00f6s hyvin itsekriittinen, ja haluan aina tehd\u00e4 parhaani, joten odotan palautetta paljon. Aion haastaa itse\u00e4ni keskittym\u00e4\u00e4n laajemmin asioihin, miss\u00e4 minulla on parannettavaa.<\/p>\n\n\n\n<p><strong>Eettinen osaaminen ja ammatillisuus<\/strong><\/p>\n\n\n\n<p>Eettisess\u00e4 toiminnassa ei mielest\u00e4ni ole moittimista. Olen aina toiminut salassapitovelvollisuuksien mukaisesti ja noudattanut hyvin tarkasti potilasturvallisuutta. Potilaan oikeudet tulivat hyvin tutuiksi viime harjoittelun aikana, mutta toivon saavani viel\u00e4 laajempaa k\u00e4sityst\u00e4 t\u00e4st\u00e4 aihealueesta. Paljon opinnoissa puhuttanut eettisyys gerontologisen hoitoty\u00f6n parissa, ja n\u00e4ihin teemoihin tahdon perehty\u00e4 harjoittelun aikana. Haluan keskitty\u00e4 itsem\u00e4\u00e4r\u00e4\u00e4misoikeuden ja riitt\u00e4v\u00e4n hyv\u00e4n hoidon takaamiseen vanhusty\u00f6ss\u00e4. <\/p>\n\n\n\n<p><strong>Ty\u00f6yhteis\u00f6osaaminen<\/strong><\/p>\n\n\n\n<p>Moniammatillisessa ty\u00f6ryhm\u00e4ss\u00e4 ty\u00f6skentely on hyvin tuttua minulle aikaisempien harjoitteluiden pohjalta. Kollegiaalisuus ja ty\u00f6tovereiden ja eri ammattiryhmien t\u00e4rkeys on tullut kokemuksen my\u00f6t\u00e4 entist\u00e4 t\u00e4rke\u00e4mm\u00e4ksi. Odotan innolla, mink\u00e4laista yhteisty\u00f6t\u00e4 tehd\u00e4\u00e4n seuraavassa harjoittelussa. En ole muuten tutustunut vanhusten hoitoty\u00f6h\u00f6n, kuin harjoitteluiden my\u00f6t\u00e4 hoitoty\u00f6n harjoittelussa, sis\u00e4tautien harjoittelussa sek\u00e4 ollessani neurokirurgian vuodeosastolla harjoittelussa. Ty\u00f6yhteis\u00f6n osana olen ollut vain opiskelijan roolissa, mutta t\u00e4m\u00e4kin auttanut hahmottamaan kokonaisuutta. Vanhusty\u00f6ss\u00e4 on mielest\u00e4ni helppo l\u00e4hesty\u00e4 potilaisiin ja asiakkaisiin, joten itsen\u00e4ist\u00e4kin ty\u00f6t\u00e4 varmasti. Ty\u00f6njako ja yhteisty\u00f6 gerontologisessa hoitoty\u00f6ss\u00e4 voi olla haaste, mutta silti eritt\u00e4in t\u00e4rke\u00e4\u00e4. Ty\u00f6teht\u00e4vien jakoon ja moniammatillisuuteen perehtyminen on minun mielest\u00e4ni t\u00e4rke\u00e4 n\u00e4k\u00f6kulma harjoittelun aikana. <\/p>\n\n\n\n<p><strong>Sosiaali- ja terveydenhuollon toimintaymp\u00e4rist\u00f6<\/strong><\/p>\n\n\n\n<p>Terveysasema harjoittelupaikkana on minulle t\u00e4ysin vieras, joten t\u00e4m\u00e4n harjoittelun aikana odotan, ett\u00e4 toimintamallit tulevat tutuiksi. Muuten kyll\u00e4 sote-alan ymp\u00e4rist\u00f6 on tuttu ja minulle tutut protokollat ovat hallussa p\u00e4\u00e4piirteitt\u00e4in. Vanhuksien osalta olen jokseenkin enemm\u00e4n perehtynyt esimerkiksi hoivakodista osastolle siirtymiseen ja takaisin. N\u00e4m\u00e4kin kokemuksen harjoitteluiden my\u00f6t\u00e4. Melko v\u00e4h\u00e4n silti t\u00e4st\u00e4 kokemusta, ja koen, ett\u00e4 gerontologiasta olen n\u00e4hnyt vain pintaraapaisun kokonaisuudesta. Kokonaisuuden ymm\u00e4rt\u00e4minen vanhusty\u00f6n terveydenhuollon ymp\u00e4rist\u00f6ss\u00e4 on aihe, mihin haluan perehty\u00e4.<\/p>\n\n\n\n<p><strong>Kliininen osaaminen<\/strong><\/p>\n\n\n\n<p>Osaan toteuttaa l\u00e4\u00e4kehoitoa, ja minulle ovat perussairaudet tuttuja, ja osaan tunnistaa yleisimpi\u00e4 gerontologiaan liittyvi\u00e4 sairauksia. L\u00e4\u00e4kehoitoa osaan toteuttaa siten, ett\u00e4 tied\u00e4n joitakin yhteisvaikutuksia ja haittavaikutuksia joistakin l\u00e4\u00e4kkeist\u00e4, ja osaan sen mukaan ohjata potilasta. Tiedostan eri l\u00e4\u00e4kkeenottoreitit, ja niiden t\u00e4rkeys miss\u00e4kin tilanteessa. Gerontologiassa erityisen t\u00e4rke\u00e4\u00e4 on huomata potilaan kuntouttaminen ja toimintakyvyn yll\u00e4pit\u00e4minen ja t\u00e4t\u00e4 ollutkin aikaisemmissa harjoitteluissa esill\u00e4. Aseptiikka on my\u00f6s minulle t\u00e4rke\u00e4\u00e4, ja pyrin aina puhtaaseen ty\u00f6skentelyyn. Kirjallista ja suullista raportointia ollut jonkun verran, t\u00e4t\u00e4 toivoisin lis\u00e4\u00e4 harjoittelun aikana.<\/p>\n\n\n\n<p><strong>N\u00e4ytt\u00f6\u00f6n perustuva toiminta ja p\u00e4\u00e4t\u00f6ksenteko<\/strong><\/p>\n\n\n\n<p>N\u00e4ytt\u00f6\u00f6n perustuva tieto on tietysti t\u00e4rke\u00e4\u00e4, ja siihen aina pyrin. Jos en tied\u00e4 tai osaa, niin kysyn. Pyrin itse aina selvitt\u00e4m\u00e4\u00e4n ep\u00e4selv\u00e4t asiat, ja tied\u00e4n mist\u00e4 etsi\u00e4 tietoa jos en sit\u00e4 heti l\u00f6yd\u00e4. Gerontologisessa hoitoty\u00f6ss\u00e4 erityisen t\u00e4rke\u00e4\u00e4 noudattaa l\u00e4\u00e4kehoitoon liittyv\u00e4\u00e4n n\u00e4ytt\u00f6\u00f6n perustuvaa tietoa, ja t\u00e4m\u00e4 teema kiinnostaakin eniten. Vanhusten hoitaminen on yleist\u00e4 hoitajien kesken, ja varmasti jokainen ymm\u00e4rt\u00e4\u00e4 n\u00e4ytt\u00f6\u00f6n perustuvan toiminnan t\u00e4rkeyden gerontologisessa hoitoty\u00f6ss\u00e4, sill\u00e4 niin moni asia vaikuttaa toiseen. Vanhuksen fyysinen ja psyykkinen kunto on niin moninaista, ja vaatii aina laaja-alaista pohdintaa. T\u00e4ss\u00e4 toivon harjaantuvani enemm\u00e4n.<\/p>\n\n\n\n<p><strong>Ohjaus- ja opetusosaaminen<\/strong><\/p>\n\n\n\n<p>Potilasta kyll\u00e4 osaan ohjata, ja se onkin minulle tuttua. Omaisten ohjausta on ollut hyvin v\u00e4hiss\u00e4 m\u00e4\u00e4rin aikaisempien harjoitteluiden aikana, ja t\u00e4t\u00e4 toivoisin lis\u00e4\u00e4 ja haluaisin harjaantua t\u00e4ss\u00e4. Osaan mielest\u00e4ni hyvin ohjaustilanteessa ohjata johdonmukaisesti ja selke\u00e4sti, mutta tietysti t\u00e4ss\u00e4kin aina parannettavaa. Eniten ohjausta on vanhusten kanssa ollut p\u00e4ivitt\u00e4isiss\u00e4 toiminnoissa.<\/p>\n\n\n\n<p><strong>Sosiaali- ja terveyspalvelujen laatu ja turvallisuus<\/strong><\/p>\n\n\n\n<p>Tietosuoja ja tietoturva ovat k\u00e4sitteen\u00e4 tuttuja. En ole niihin k\u00e4yt\u00e4nn\u00f6ss\u00e4 p\u00e4\u00e4ssyt kunnolla perehtym\u00e4\u00e4n. Perusasiat kyll\u00e4 t\u00e4ss\u00e4kin ymm\u00e4rr\u00e4n, ja tiedostan aiheen t\u00e4rkeyden. Potilasta en ole itse koskaan varsinaisesti kotiuttanut, ja siihen liittyv\u00e4t seikat eiv\u00e4t ole kovinkaan tuttuja. Haluan keskitty\u00e4 erityisesti laatuun ja turvallisuuteen harjoittelun aikana, ja niihin liittyviin asioihin. Erityisesti sellaisiin asioihin, mihin itse pystyn hoitajana vaikuttamaan, jotta parantaisin vanhuksen loppuel\u00e4m\u00e4n laatua ja terveyden yll\u00e4pitoa.<\/p>\n","protected":false},"excerpt":{"rendered":"<p>Oppimisen taidot T\u00e4ll\u00e4 hetkell\u00e4 tiedostan hyvin itselleni parhaat tapani oppia. Olen ehdottomasti se henkil\u00f6, joka oppii tekem\u00e4ll\u00e4 ja tekem\u00e4ns\u00e4 toiminnan perusteella saadun palautteen avulla. Palautteen saaminen on minulle \u00e4\u00e4rimm\u00e4isen t\u00e4rke\u00e4\u00e4, sill\u00e4 vaikka luotan ett\u00e4 osaan, en ehk\u00e4 silloin osaa huomioida asioita, mihin keskitty\u00e4 ensi kerralla paremmin. Osaan arvioida itse\u00e4ni, mutta &#8230; <a class=\"continue-reading-link\" href=\"https:\/\/blogi.savonia.fi\/juliaporko\/esimerkkisivu\/kotihoito-ja-gerontologinen-hoitotyo\/lahtotaso-ja-tavoitteet\/\"> Continue reading<\/a><\/p>\n","protected":false},"author":7982,"featured_media":0,"parent":232,"menu_order":1,"comment_status":"open","ping_status":"closed","template":"","meta":{"footnotes":""},"class_list":["post-235","page","type-page","status-publish","hentry"],"_links":{"self":[{"href":"https:\/\/blogi.savonia.fi\/juliaporko\/wp-json\/wp\/v2\/pages\/235","targetHints":{"allow":["GET"]}}],"collection":[{"href":"https:\/\/blogi.savonia.fi\/juliaporko\/wp-json\/wp\/v2\/pages"}],"about":[{"href":"https:\/\/blogi.savonia.fi\/juliaporko\/wp-json\/wp\/v2\/types\/page"}],"author":[{"embeddable":true,"href":"https:\/\/blogi.savonia.fi\/juliaporko\/wp-json\/wp\/v2\/users\/7982"}],"replies":[{"embeddable":true,"href":"https:\/\/blogi.savonia.fi\/juliaporko\/wp-json\/wp\/v2\/comments?post=235"}],"version-history":[{"count":4,"href":"https:\/\/blogi.savonia.fi\/juliaporko\/wp-json\/wp\/v2\/pages\/235\/revisions"}],"predecessor-version":[{"id":242,"href":"https:\/\/blogi.savonia.fi\/juliaporko\/wp-json\/wp\/v2\/pages\/235\/revisions\/242"}],"up":[{"embeddable":true,"href":"https:\/\/blogi.savonia.fi\/juliaporko\/wp-json\/wp\/v2\/pages\/232"}],"wp:attachment":[{"href":"https:\/\/blogi.savonia.fi\/juliaporko\/wp-json\/wp\/v2\/media?parent=235"}],"curies":[{"name":"wp","href":"https:\/\/api.w.org\/{rel}","templated":true}]}}