{"id":246,"date":"2023-02-06T10:05:33","date_gmt":"2023-02-06T08:05:33","guid":{"rendered":"https:\/\/blogi.savonia.fi\/juliaporko\/?page_id=246"},"modified":"2023-03-02T19:23:57","modified_gmt":"2023-03-02T17:23:57","slug":"valiarviointi","status":"publish","type":"page","link":"https:\/\/blogi.savonia.fi\/juliaporko\/esimerkkisivu\/kotihoito-ja-gerontologinen-hoitotyo\/valiarviointi\/","title":{"rendered":"V\u00e4liarviointi"},"content":{"rendered":"\n<p><strong>Oppimisen taidot<\/strong><\/p>\n\n\n\n<p>Blogiin kirjoittaminen on ollut oppimisen tukena, ja avuksi palauttamaan opittuja asioita mieleen. Palautetta on tullut sopivasti, ja hyvin ohjaajat puuttuvat, mik\u00e4li jotain olisi hyv\u00e4 tehd\u00e4 toisin. My\u00f6s huolellisuutta noudatan, sill\u00e4 kuitenkin opiskelijan roolissa olen. Ep\u00e4selviss\u00e4 tilanteissa tietysti kysyn ohjaajalta. Yhdess\u00e4 ohjaajien kanssa etsimme p\u00e4iv\u00e4kohtaisesti minulle hy\u00f6dyllist\u00e4 puuhaa, ja sen mukaan p\u00e4iv\u00e4ni ovat muodostuneetkin. Lis\u00e4\u00e4 vain palautetta ja \u00e4\u00e4neenajattelua, niin saa viel\u00e4 lis\u00e4\u00e4 hiottua yksityiskohtia.<\/p>\n\n\n\n<p><strong>Eettinen osaaminen ja ammatillisuus<\/strong><\/p>\n\n\n\n<p>Vaitiolovelvollisuus on minulle ihan selke\u00e4 juttu, tietosuoja-asioissa ei ole mit\u00e4\u00e4n ep\u00e4selv\u00e4\u00e4, mik\u00e4 tieto kenellekin kuuluu ja mik\u00e4 ei. Harjoittelun aikana tullut my\u00f6s lis\u00e4\u00e4 tietoa t\u00e4h\u00e4n liittyen, esimerkiksi eri terveydenhuoltotahojen keskusteltaessa toistensa kanssa. Potilaat ovat hyvin erilaisia vastaanottoty\u00f6ss\u00e4, joka vaatii erilaisia kohtaamisia. T\u00e4m\u00e4 ei ole minulle ollut hankalaa, ja erilaisten ihmisten kohtaaminen ei ole tuottanut vaikeuksia. Eettisyys tulee mielest\u00e4ni hyvin esille t\u00e4\u00e4ll\u00e4 hoitajan ty\u00f6ss\u00e4, sill\u00e4 jokainen hoitaja ty\u00f6skentelee yksin, joten voisi olla pienempi kynnys katsoa asioita sormien l\u00e4pi. Ammatillisuus ja eettinen osaaminen on minulle t\u00e4rke\u00e4\u00e4, ja n\u00e4it\u00e4 asioita tietysti noudatan. Varsinkin ik\u00e4ihmisill\u00e4 on t\u00e4rke\u00e4\u00e4 huomioida oikeus saada hoitoa, ja ett\u00e4 loppuel\u00e4m\u00e4 olisi mahdollisimman hyv\u00e4laatuinen. Paljon joutuu joustamaan ja j\u00e4rjestelem\u00e4\u00e4n hoitoja ja palveluita t\u00e4\u00e4ll\u00e4 terveyskeskuksella, ja sen kautta tulee hyvin esille, miten t\u00e4rke\u00e4\u00e4 on huolehtia, ett\u00e4 potilas saa tarvittavaa hoitoa.<\/p>\n\n\n\n<p><strong>Ty\u00f6yhteis\u00f6osaaminen<\/strong><\/p>\n\n\n\n<p>Hyvin moniammatillista on toiminta t\u00e4\u00e4ll\u00e4 terveyskeskuksessa, ja moni taho tekee yhteisty\u00f6t\u00e4 potilaan terveyden yll\u00e4pit\u00e4misen tueksi. Eri ammattiryhmiss\u00e4 tutustuminen kiinnostaakin, ja aijon k\u00e4yd\u00e4 esim. reumahoitajan mukana harjoittelun aikana.<\/p>\n\n\n\n<p><strong>Sosiaali- ja terveydenhuollon toimintaymp\u00e4rist\u00f6<\/strong><\/p>\n\n\n\n<p>Kotihoitoon liittyvi\u00e4 palveluita tai asioita t\u00e4ss\u00e4 harjoittelussa ei ole tullut. Kuitenkin terveyskeskus ymp\u00e4rist\u00f6 on tullut hyvin tutuksi, ja protokollat mink\u00e4 mukaan t\u00e4\u00e4ll\u00e4 toimitaan. Paljon her\u00e4\u00e4 kysymyksi\u00e4 p\u00e4ivien mittaan, ja t\u00e4m\u00e4 ollutkin hyv\u00e4 tapa tutustua laajemmin TK-maailmaan.<\/p>\n\n\n\n<p><strong>Kliininen osaaminen<\/strong><\/p>\n\n\n\n<p>L\u00e4\u00e4kehoitoa olen toteuttanut l\u00e4hinn\u00e4 ainoastaan injektioiden muodossa, ja niit\u00e4 ollutkin runsaasti. L\u00e4\u00e4kehoito toteutuu my\u00f6s puheluiden v\u00e4lityksell\u00e4, ja paljon n\u00e4ist\u00e4 asioista potilaat soittavatkin. Tuntuu v\u00e4lill\u00e4, ett\u00e4 l\u00e4\u00e4kehoidon asiat menev\u00e4t ristiin ja hieman sekaisin kesken\u00e4\u00e4n. Kertaamalla n\u00e4it\u00e4 asioita, ne varmasti j\u00e4\u00e4v\u00e4t sitten mieleen. Viel\u00e4 lis\u00e4\u00e4 ventrogluteaalisesti haluaisin injektioiden pistoa harjoitella.<\/p>\n\n\n\n<p>Paljon erilaisia sairaustapauksia on tullut vastaan, mutta selke\u00e4sti huomaa ne yleisimm\u00e4t sairaudet ik\u00e4ihmisill\u00e4. Erityisesti haavahoitoihin vaikuttavat sairaudet ovat selke\u00e4sti esill\u00e4, sill\u00e4 ne vaikuttavat hyvin paljon haavan parantumiseen. Olisi hyv\u00e4 perehty\u00e4 viel\u00e4 lis\u00e4\u00e4 erilaisiin sairauksiin ja eri paikoissa tutustumalla t\u00e4m\u00e4 varmasti toteutuu ja opin paljon lis\u00e4\u00e4 esim. reumasta, ja mit\u00e4 seikkoja liittyy haavanhoitoon muut sairaudet huomioonottaen.<\/p>\n\n\n\n<p>Aseptiikka on mielest\u00e4ni toteutunut hyvin harjoittelun aikana, ja t\u00e4ss\u00e4 olenkin hyvin tarkka. Erityisesti injektioissa, toimenpiteiden aikana ja haavanhoidossa aseptiikka on todella t\u00e4rke\u00e4\u00e4. Kiinnostaa tutustua enemm\u00e4n haavanhoitoihin liittyv\u00e4\u00e4n aseptiikkaan, ja miten se toteutetaan ns. haastavimmissa haavoissa.<\/p>\n\n\n\n<p>Suunnitelmallisuus on parantunut minulla t\u00e4m\u00e4n harjoittelun aikana. Olen hyvin oppinut, miten mihinkin vastaanottoon kannattaisi valmistautua ja mit\u00e4 minun tarvitsee etuk\u00e4teen varata. N\u00e4it\u00e4 tilanteita toki toivon lis\u00e4\u00e4, ett\u00e4 saisin itse mietti\u00e4 mink\u00e4laista tarviketta ym. tarvitsen. <\/p>\n\n\n\n<p>Olen p\u00e4\u00e4ssyt hyvin kirjaamaan harjoittelun aikana. Hieman hankalalta silti tuntuu, koska olen aina harjoittelut tehnyt osastolla. T\u00e4t\u00e4 siis viel\u00e4 lis\u00e4\u00e4, ja ett\u00e4 saisi ns. punaisesta langasta kiinni.<\/p>\n\n\n\n<p><strong>N\u00e4ytt\u00f6\u00f6n perustuva toiminta ja p\u00e4\u00e4t\u00f6ksenteko<\/strong><\/p>\n\n\n\n<p>Puhelimen v\u00e4lityksell\u00e4 olen ohjannut potilaita jonkin verran. Ohjaaminen terveyskeskuksessa on hyvin erilaista, ja hieman hankalaa sill\u00e4 se vaatii hyvin paljon tiet\u00e4myst\u00e4. Kuitenkin aina vierest\u00e4 seuraan ja opin samalla, kun ohjaajat ohjaavat potilaita. Jotain helppoja caseja voisin loppuharjoittelussa yritt\u00e4\u00e4 ohjata. <\/p>\n\n\n\n<p><strong>Sosiaali- ja terveyspalvelujen laatu ja turvallisuus<\/strong><\/p>\n\n\n\n<p>Ainakin nyt on erottunut hyvin perusterveydenhuollon ja erikoissairaanhoidon eroavaisuudet, eli mitk\u00e4 asiat kuuluu perus ja mitk\u00e4 erikois. Potilaalla saattaa olla todella monta eri asiointipaikkaa, miss\u00e4 hoitoja toteutetaan. V\u00e4lill\u00e4 hankaluuksia ymm\u00e4rt\u00e4\u00e4 milloin kuuluu ty\u00f6terveyteen ja mik\u00e4 minnekin. N\u00e4iss\u00e4kin toki aina kysynyt, jos j\u00e4\u00e4nyt ep\u00e4selv\u00e4ksi. <\/p>\n","protected":false},"excerpt":{"rendered":"<p>Oppimisen taidot Blogiin kirjoittaminen on ollut oppimisen tukena, ja avuksi palauttamaan opittuja asioita mieleen. Palautetta on tullut sopivasti, ja hyvin ohjaajat puuttuvat, mik\u00e4li jotain olisi hyv\u00e4 tehd\u00e4 toisin. My\u00f6s huolellisuutta noudatan, sill\u00e4 kuitenkin opiskelijan roolissa olen. Ep\u00e4selviss\u00e4 tilanteissa tietysti kysyn ohjaajalta. Yhdess\u00e4 ohjaajien kanssa etsimme p\u00e4iv\u00e4kohtaisesti minulle hy\u00f6dyllist\u00e4 puuhaa, ja &#8230; <a class=\"continue-reading-link\" href=\"https:\/\/blogi.savonia.fi\/juliaporko\/esimerkkisivu\/kotihoito-ja-gerontologinen-hoitotyo\/valiarviointi\/\"> Continue reading<\/a><\/p>\n","protected":false},"author":7982,"featured_media":0,"parent":232,"menu_order":3,"comment_status":"open","ping_status":"closed","template":"","meta":{"footnotes":""},"class_list":["post-246","page","type-page","status-publish","hentry"],"_links":{"self":[{"href":"https:\/\/blogi.savonia.fi\/juliaporko\/wp-json\/wp\/v2\/pages\/246","targetHints":{"allow":["GET"]}}],"collection":[{"href":"https:\/\/blogi.savonia.fi\/juliaporko\/wp-json\/wp\/v2\/pages"}],"about":[{"href":"https:\/\/blogi.savonia.fi\/juliaporko\/wp-json\/wp\/v2\/types\/page"}],"author":[{"embeddable":true,"href":"https:\/\/blogi.savonia.fi\/juliaporko\/wp-json\/wp\/v2\/users\/7982"}],"replies":[{"embeddable":true,"href":"https:\/\/blogi.savonia.fi\/juliaporko\/wp-json\/wp\/v2\/comments?post=246"}],"version-history":[{"count":3,"href":"https:\/\/blogi.savonia.fi\/juliaporko\/wp-json\/wp\/v2\/pages\/246\/revisions"}],"predecessor-version":[{"id":258,"href":"https:\/\/blogi.savonia.fi\/juliaporko\/wp-json\/wp\/v2\/pages\/246\/revisions\/258"}],"up":[{"embeddable":true,"href":"https:\/\/blogi.savonia.fi\/juliaporko\/wp-json\/wp\/v2\/pages\/232"}],"wp:attachment":[{"href":"https:\/\/blogi.savonia.fi\/juliaporko\/wp-json\/wp\/v2\/media?parent=246"}],"curies":[{"name":"wp","href":"https:\/\/api.w.org\/{rel}","templated":true}]}}