{"id":249,"date":"2023-02-06T10:06:14","date_gmt":"2023-02-06T08:06:14","guid":{"rendered":"https:\/\/blogi.savonia.fi\/juliaporko\/?page_id=249"},"modified":"2023-03-08T09:43:16","modified_gmt":"2023-03-08T07:43:16","slug":"loppuyhteenveto","status":"publish","type":"page","link":"https:\/\/blogi.savonia.fi\/juliaporko\/esimerkkisivu\/kotihoito-ja-gerontologinen-hoitotyo\/loppuyhteenveto\/","title":{"rendered":"Loppuyhteenveto"},"content":{"rendered":"\n<p><strong>Oppimisen taidot<\/strong><\/p>\n\n\n\n<p>Blogiin kirjoittaminen on ollut oppimisen tukena, ja avuksi palauttamaan opittuja asioita mieleen. Palautetta on tullut sopivasti, ja hyvin ohjaajat puuttuvat, mik\u00e4li jotain olisi hyv\u00e4 tehd\u00e4 toisin. My\u00f6s huolellisuutta noudatan, sill\u00e4 kuitenkin opiskelijan roolissa olen. Ep\u00e4selviss\u00e4 tilanteissa tietysti kysyn ohjaajalta. Yhdess\u00e4 ohjaajien kanssa etsimme p\u00e4iv\u00e4kohtaisesti minulle hy\u00f6dyllist\u00e4 puuhaa, ja sen mukaan p\u00e4iv\u00e4ni ovat muodostuneetkin. <\/p>\n\n\n\n<p><strong>Eettinen osaaminen ja ammatillisuus<\/strong><\/p>\n\n\n\n<p>Vaitiolovelvollisuus on minulle ihan selke\u00e4 juttu, tietosuoja-asioissa ei ole mit\u00e4\u00e4n ep\u00e4selv\u00e4\u00e4, mik\u00e4 tieto kenellekin kuuluu ja mik\u00e4 ei. Harjoittelun aikana tullut my\u00f6s lis\u00e4\u00e4 tietoa t\u00e4h\u00e4n liittyen, esimerkiksi eri terveydenhuoltotahojen keskusteltaessa toistensa kanssa. Potilaat ovat hyvin erilaisia vastaanottoty\u00f6ss\u00e4, joka vaatii erilaisia kohtaamisia. T\u00e4m\u00e4 ei ole minulle ollut hankalaa, ja erilaisten ihmisten kohtaaminen ei ole tuottanut vaikeuksia. Eettisyys tulee mielest\u00e4ni hyvin esille t\u00e4\u00e4ll\u00e4 hoitajan ty\u00f6ss\u00e4, sill\u00e4 jokainen hoitaja ty\u00f6skentelee yksin, joten voisi olla pienempi kynnys katsoa asioita sormien l\u00e4pi. Ammatillisuus ja eettinen osaaminen on minulle t\u00e4rke\u00e4\u00e4, ja n\u00e4it\u00e4 asioita tietysti noudatan. Varsinkin ik\u00e4ihmisill\u00e4 on t\u00e4rke\u00e4\u00e4 huomioida oikeus saada hoitoa, ja ett\u00e4 loppuel\u00e4m\u00e4 olisi mahdollisimman hyv\u00e4laatuinen. Paljon joutuu joustamaan ja j\u00e4rjestelem\u00e4\u00e4n hoitoja ja palveluita t\u00e4\u00e4ll\u00e4 terveyskeskuksella, ja sen kautta tulee hyvin esille, miten t\u00e4rke\u00e4\u00e4 on huolehtia, ett\u00e4 potilas saa tarvittavaa hoitoa.<\/p>\n\n\n\n<p><strong>Ty\u00f6yhteis\u00f6osaaminen<\/strong><\/p>\n\n\n\n<p>Hyvin moniammatillista on toiminta t\u00e4\u00e4ll\u00e4 terveyskeskuksessa, ja moni taho tekee yhteisty\u00f6t\u00e4 potilaan terveyden yll\u00e4pit\u00e4misen tueksi. L\u00e4\u00e4k\u00e4ri\u00e4 joutuu usein konsultoimaan, ja yhdess\u00e4 pohditaan ratkaisuita. Olen toimenpiteiss\u00e4 avustanut l\u00e4\u00e4k\u00e4ri\u00e4, konsultoinut suullisesti ja Pegasoksen kautta, sek\u00e4 muuten pohtineet yhdess\u00e4 \u00e4\u00e4neen potilaan tilannetta ohjaajan, l\u00e4\u00e4k\u00e4rin ja potilaan kanssa. Paljon tulee my\u00f6s yhteisty\u00f6t\u00e4 lastensuojelun, pakolaisviranomaisten, ensihoidon ja esimerkiksi apteekkien kanssa.<\/p>\n\n\n\n<p><strong>Sosiaali- ja terveydenhuollon toimintaymp\u00e4rist\u00f6<\/strong><\/p>\n\n\n\n<p>Kotihoitoon liittyvi\u00e4 palveluita tai asioita t\u00e4ss\u00e4 harjoittelussa ei ole tullut. Kuitenkin terveyskeskus ymp\u00e4rist\u00f6 on tullut hyvin tutuksi, ja protokollat mink\u00e4 mukaan t\u00e4\u00e4ll\u00e4 toimitaan. Paljon her\u00e4\u00e4 kysymyksi\u00e4 p\u00e4ivien mittaan, ja t\u00e4m\u00e4 ollutkin hyv\u00e4 tapa tutustua laajemmin TK-maailmaan. Kotihoidon ja palveluasumisen piiriss\u00e4 olevia potilaita on my\u00f6s terveyskeskuksissa, ja n\u00e4in tullut tutuksi hoitopolut my\u00f6s kotihoitoon ja terveyskeskukseen, ja niiden v\u00e4liseen yhteisty\u00f6h\u00f6n liittyen.<\/p>\n\n\n\n<p><strong>Kliininen osaaminen<\/strong><\/p>\n\n\n\n<p>L\u00e4\u00e4kehoitoa olen toteuttanut l\u00e4hinn\u00e4 ainoastaan injektioiden muodossa, ja niit\u00e4 ollutkin runsaasti. L\u00e4\u00e4kehoito toteutuu my\u00f6s puheluiden v\u00e4lityksell\u00e4, ja paljon n\u00e4ist\u00e4 asioista potilaat soittavatkin. Tuntuu v\u00e4lill\u00e4, ett\u00e4 l\u00e4\u00e4kehoidon asiat menev\u00e4t ristiin ja hieman sekaisin kesken\u00e4\u00e4n. Kertaamalla n\u00e4it\u00e4 asioita, ne varmasti j\u00e4\u00e4v\u00e4t sitten mieleen. Olen v\u00e4liarvioinnin j\u00e4lkeen tutkinut potilaiden l\u00e4\u00e4kelistoja, ja tutustunut yleisimpiin l\u00e4\u00e4kkeisiin, mit\u00e4 i\u00e4kk\u00e4ill\u00e4 on. My\u00f6s l\u00e4\u00e4keinteraktioita ja haittavaikutuksia olen yleisimpien l\u00e4\u00e4keaineiden tiimoilta pohtinut ja selvitt\u00e4nyt. <\/p>\n\n\n\n<p>Paljon erilaisia sairaustapauksia on tullut vastaan, mutta selke\u00e4sti huomaa ne yleisimm\u00e4t sairaudet ik\u00e4ihmisill\u00e4. Erityisesti haavahoitoihin vaikuttavat sairaudet ovat selke\u00e4sti esill\u00e4, sill\u00e4 ne vaikuttavat hyvin paljon haavan parantumiseen. My\u00f6s jalkaterapeutin kanssa oltuani selkeni, miten se esimerkiksi vaikuttaa julkisessa terveydenhuollossa hoitoon p\u00e4\u00e4syyn, ett\u00e4 mink\u00e4laisia perussairauksia potilaalla on. <\/p>\n\n\n\n<p>Aseptiikka on mielest\u00e4ni toteutunut hyvin harjoittelun aikana, ja t\u00e4ss\u00e4 olenkin hyvin tarkka. Erityisesti injektioissa, toimenpiteiden aikana ja haavanhoidossa aseptiikka on todella t\u00e4rke\u00e4\u00e4. Aseptiikkaan liittynyt my\u00f6s paljon oman kehon ja vaatteiden suojaaminen, ettei siirr\u00e4 potilaan mikrobeja seuraavaan. TK:lla oli my\u00f6s hygieniahoitajien j\u00e4rjest\u00e4m\u00e4 koulutus, miss\u00e4 selvitettiin, kuinka hyvin desinfioi omat k\u00e4tens\u00e4 uv- lampun avulla. <\/p>\n\n\n\n<p>Suunnitelmallisuus on parantunut minulla t\u00e4m\u00e4n harjoittelun aikana. Olen hyvin oppinut, miten mihinkin vastaanottoon kannattaisi valmistautua ja mit\u00e4 minun tarvitsee etuk\u00e4teen varata. My\u00f6s muiden ammattiryhmien vastaanottojen aikataulutus on tullut tutuksi, sill\u00e4 aikataulut saattavat olla hyvinkin tiukkoja. Jotkut joutuvat hoitamaan useamman ty\u00f6ntekij\u00e4n hommia, ja joutuu priorisoimaan omaa toimintaa paljon, jotta saa t\u00e4rkeimm\u00e4t asiat tehty\u00e4. T\u00e4ss\u00e4kin korostuu tietysti kirjaamisen t\u00e4rkeys, mik\u00e4li jotain hoitoon olennaista j\u00e4\u00e4 tekem\u00e4tt\u00e4 ajanpuutteen takia. Onneksi kollegiaalisuus on hyv\u00e4ll\u00e4 mallilla ainakin t\u00e4\u00e4ll\u00e4 TK:ssa, jolloin kollegalta pystyy pyyt\u00e4m\u00e4\u00e4n apua. <\/p>\n\n\n\n<p>Olen p\u00e4\u00e4ssyt hyvin kirjaamaan harjoittelun aikana. Hieman hankalalta silti tuntuu, koska olen aina harjoittelut tehnyt osastolla. Kuitenkin hyv\u00e4 ollut muistaa, mik\u00e4 on oleellista, ja sit\u00e4 kuvailla niin tarkkaan, kuin vain on tarpeellista muiden tiet\u00e4\u00e4. <\/p>\n\n\n\n<p><strong>N\u00e4ytt\u00f6\u00f6n perustuva toiminta ja p\u00e4\u00e4t\u00f6ksenteko<\/strong><\/p>\n\n\n\n<p>Puhelimen v\u00e4lityksell\u00e4 olen ohjannut potilaita jonkin verran. Ohjaaminen terveyskeskuksessa on hyvin erilaista, ja hieman hankalaa sill\u00e4 se vaatii hyvin paljon tiet\u00e4myst\u00e4. Kuitenkin aina vierest\u00e4 seuraan ja opin samalla, kun ohjaajat ohjaavat potilaita. Ohjaamista tulee paljon p\u00e4iv\u00e4n mittaan, mit\u00e4 ei edes v\u00e4ltt\u00e4m\u00e4tt\u00e4 itse huomaakaan, ett\u00e4 juuri ohjasi potilasta. Varsinkin jos viikon aikana on niukasti antaa vastaanottoaikoja hoitajalle tai l\u00e4\u00e4k\u00e4rille, omahoidon ja siihen ohjauksen t\u00e4rkeys korostuu. K\u00e4yp\u00e4hoito- suositukset ovat hyvi\u00e4, mik\u00e4li on jotain selvitett\u00e4vi\u00e4 asioita j\u00e4\u00e4nyt, sek\u00e4 duodecim on ollut hyv\u00e4 tietol\u00e4hdekanta. <\/p>\n\n\n\n<p><strong>Sosiaali- ja terveyspalvelujen laatu ja turvallisuus<\/strong><\/p>\n\n\n\n<p>Ainakin nyt on erottunut hyvin perusterveydenhuollon ja erikoissairaanhoidon eroavaisuudet, eli mitk\u00e4 asiat kuuluu perus ja mitk\u00e4 erikois. Potilaalla saattaa olla todella monta eri asiointipaikkaa, miss\u00e4 hoitoja toteutetaan. Kotihoitoon liittyvi\u00e4 polkuja on hyv\u00e4 pohtia, ja mietti\u00e4 miten kotiapua tarvitseva i\u00e4k\u00e4s p\u00e4\u00e4see hoidon piiriin. My\u00f6s hoitotarvikejakelussa tutustuminen selkeytti, mink\u00e4laisia palveluita perussairaat ja kroonisesti sairaat saavat, ja miten KELA:n avustukset toimii. Eri ammattiryhmiss\u00e4 on my\u00f6s hoitoon p\u00e4\u00e4syn kriteerej\u00e4, ja erilaisia riskiluokkia, mitk\u00e4 m\u00e4\u00e4ritt\u00e4v\u00e4t hoidon p\u00e4\u00e4syn. Kirjaaminen n\u00e4iss\u00e4kin asioissa on ihan \u00e4\u00e4rimm\u00e4isen t\u00e4rke\u00e4\u00e4. Terveydenhuollossa palvelun laatu on my\u00f6s valitettavasti hyvin paljon siit\u00e4 kiinni, mink\u00e4lainen ihminen potilasta hoitaa. Jotkut l\u00e4\u00e4k\u00e4rit ovat tarkempia, ja jotkut kiinnitt\u00e4v\u00e4t erilaisiin asioihin huomiota. T\u00e4m\u00e4n tietysti pit\u00e4isi aina olla yhdenvertaista, ja tulisi jokaisen toimia tietyn kaavan mukaan.<\/p>\n\n\n\n<p>Arvioinnissa tulee n\u00e4ky\u00e4 arvioijan&nbsp;nimi, ammatti ja arviointip\u00e4iv\u00e4m\u00e4\u00e4r\u00e4. HYV\/HYL<\/p>\n","protected":false},"excerpt":{"rendered":"<p>Oppimisen taidot Blogiin kirjoittaminen on ollut oppimisen tukena, ja avuksi palauttamaan opittuja asioita mieleen. Palautetta on tullut sopivasti, ja hyvin ohjaajat puuttuvat, mik\u00e4li jotain olisi hyv\u00e4 tehd\u00e4 toisin. My\u00f6s huolellisuutta noudatan, sill\u00e4 kuitenkin opiskelijan roolissa olen. Ep\u00e4selviss\u00e4 tilanteissa tietysti kysyn ohjaajalta. Yhdess\u00e4 ohjaajien kanssa etsimme p\u00e4iv\u00e4kohtaisesti minulle hy\u00f6dyllist\u00e4 puuhaa, ja &#8230; <a class=\"continue-reading-link\" href=\"https:\/\/blogi.savonia.fi\/juliaporko\/esimerkkisivu\/kotihoito-ja-gerontologinen-hoitotyo\/loppuyhteenveto\/\"> Continue reading<\/a><\/p>\n","protected":false},"author":7982,"featured_media":0,"parent":232,"menu_order":4,"comment_status":"open","ping_status":"closed","template":"","meta":{"footnotes":""},"class_list":["post-249","page","type-page","status-publish","hentry"],"_links":{"self":[{"href":"https:\/\/blogi.savonia.fi\/juliaporko\/wp-json\/wp\/v2\/pages\/249","targetHints":{"allow":["GET"]}}],"collection":[{"href":"https:\/\/blogi.savonia.fi\/juliaporko\/wp-json\/wp\/v2\/pages"}],"about":[{"href":"https:\/\/blogi.savonia.fi\/juliaporko\/wp-json\/wp\/v2\/types\/page"}],"author":[{"embeddable":true,"href":"https:\/\/blogi.savonia.fi\/juliaporko\/wp-json\/wp\/v2\/users\/7982"}],"replies":[{"embeddable":true,"href":"https:\/\/blogi.savonia.fi\/juliaporko\/wp-json\/wp\/v2\/comments?post=249"}],"version-history":[{"count":6,"href":"https:\/\/blogi.savonia.fi\/juliaporko\/wp-json\/wp\/v2\/pages\/249\/revisions"}],"predecessor-version":[{"id":269,"href":"https:\/\/blogi.savonia.fi\/juliaporko\/wp-json\/wp\/v2\/pages\/249\/revisions\/269"}],"up":[{"embeddable":true,"href":"https:\/\/blogi.savonia.fi\/juliaporko\/wp-json\/wp\/v2\/pages\/232"}],"wp:attachment":[{"href":"https:\/\/blogi.savonia.fi\/juliaporko\/wp-json\/wp\/v2\/media?parent=249"}],"curies":[{"name":"wp","href":"https:\/\/api.w.org\/{rel}","templated":true}]}}