{"id":295,"date":"2023-09-27T08:36:30","date_gmt":"2023-09-27T05:36:30","guid":{"rendered":"https:\/\/blogi.savonia.fi\/juliaporko\/?page_id=295"},"modified":"2023-09-28T23:07:05","modified_gmt":"2023-09-28T20:07:05","slug":"valiarviointi","status":"publish","type":"page","link":"https:\/\/blogi.savonia.fi\/juliaporko\/esimerkkisivu\/hoitotyon-osaamisen-taydentaminen\/valiarviointi\/","title":{"rendered":"V\u00e4liarviointi"},"content":{"rendered":"\n<p><strong>Hoitoty\u00f6n eettisyys ja ammatillisuus<\/strong><\/p>\n\n\n\n<p>Jatkuvasti tulee uutta oppia ja kaikilta osa-alueilta kehittyy. Oppii tunnistamaan asioita, mit\u00e4 osaa ja mit\u00e4 ei. Huomaan, ett\u00e4 minulla on muodostunut omia tapoja ja tyylej\u00e4 toimia. My\u00f6s oppiminen on syventynyt niin, ettei tarvitse jokaista liikett\u00e4 mietti\u00e4 etuk\u00e4teen, ja hoitotoimiin ryhtyminen on nopeampaa ja helpompaa. <\/p>\n\n\n\n<p>Harjoittelun aikana toistuu potilaskohtaamisissa tietty samanlainen kaava, joka helpottaa my\u00f6s minua. Erikoisemmissa tapauksissa minulla on ohjaaja tai muu ty\u00f6kaveri kenelt\u00e4 kysy\u00e4, ja t\u00e4ll\u00e4 tavalla uudetkin asiat luonnistuu, koska perushommat on hallussa. Huomaan, ett\u00e4 kuitenkin se oma itsevarmuus ja ammatillisuus on vasta kehittym\u00e4ss\u00e4 per\u00e4ss\u00e4. Joissakin asioissa ep\u00e4r\u00f6in kovasti, vaikka osaisinkin. On kuitenkin p\u00e4ivi\u00e4, kun kaikki luistaa tosi hyvin, joten luokittelen t\u00e4m\u00e4n ehk\u00e4 oman ujouden vaikuttavan asiaan. On my\u00f6s mukavaa, ett\u00e4 hoitoty\u00f6n ulkopuoliset asiat alkavat tulemaan tutuksi, mutta n\u00e4ihin tarvitsee paljon varmuutta ja lis\u00e4\u00e4 tietoa. Se tietynlainen ammatillisuus on siis kehittynyt ja voi jo rehellisesti sanoa, ett\u00e4 osaakin jotain.<\/p>\n\n\n\n<p>Eettisi\u00e4 seikkoja on ollut itsetuhoisten potilaiden kanssa, jolloin on pit\u00e4nyt pohtia, milloin aloittaa keskustelu ja mist\u00e4. Olen esimerkiksi lukenut tilannetta, ja j\u00e4tt\u00e4nyt potilaan haastattelun l\u00e4\u00e4k\u00e4rill\u00e4. T\u00e4m\u00e4n koin ehdottomasti olevan oikea ratkaisu potilaan kannalta, joka on jo valmiiksi ahdistunut. Olen my\u00f6s osaan tapauksista j\u00e4tt\u00e4nyt menem\u00e4tt\u00e4 tai tutustumatta ja miettinyt, ett\u00e4 en koe mitenk\u00e4\u00e4n olevani hy\u00f6dyllinen t\u00e4ss\u00e4 tilanteessa. My\u00f6s v\u00e4kivallan uhrin p\u00e4ivystyksess\u00e4 her\u00e4tt\u00e4v\u00e4t tunteita ja pohdintaa. My\u00f6s p\u00e4ihteiden k\u00e4ytt\u00e4j\u00e4t ovat iso eettist\u00e4 pohdintaa aiheuttava potilasryhm\u00e4. Samalla kokee suurta huolta ja empatiaa, mutta en koe, ett\u00e4 osaisin heit\u00e4 auttaa.<\/p>\n\n\n\n<p><strong>Asiakasl\u00e4ht\u00f6isyys ja kliininen osaaminen<\/strong><\/p>\n\n\n\n<p>On mukava huomata omasta toiminnasta, ett\u00e4 erilaiset potilasryhm\u00e4t eiv\u00e4t tuota en\u00e4\u00e4 hankaluuksia, koska tied\u00e4n suurin piirtein, mit\u00e4 tietty potilasryhm\u00e4 vaatii. Jos en esimerkiksi tied\u00e4 miten potilas liikkuu, tied\u00e4n miten t\u00e4m\u00e4n varmistan ilman, ett\u00e4 luen pitki\u00e4 hoitotekstej\u00e4 tai muuta. Helposti tilanteet selvi\u00e4\u00e4 potilaalta kysym\u00e4ll\u00e4, ja yhdess\u00e4 potilaan kanssa toimimalla. Ennen kuin tilanteeseen l\u00e4hden, perehdyn mielest\u00e4ni oleellisiin asioihin, loput selvit\u00e4n tarvittaessa. <\/p>\n\n\n\n<p>T\u00e4ss\u00e4 toki my\u00f6s kehitytt\u00e4v\u00e4\u00e4, ja aina on jotain ep\u00e4varmoja seikkoja. N\u00e4it\u00e4 on esimerkiksi huolimattomuusvirheet nestehoitoon tai muihin hoitoty\u00f6h\u00f6n liittyviin asioihin, jotka toki eiv\u00e4t ole kuitenkaan isoja mokia tai unohduksia, mutta pient\u00e4 hienos\u00e4\u00e4t\u00f6\u00e4 vaatii. <\/p>\n\n\n\n<p>Kliinisess\u00e4kin osaamisessa on paljon tullut kertausta ja uusiakin asioita. Kanylointia tulee tehty\u00e4 usein t\u00e4\u00e4ll\u00e4, ja esimerkiksi EKG:t\u00e4 l\u00e4hes p\u00e4ivitt\u00e4in. K\u00e4dentaidot t\u00e4\u00e4ll\u00e4 siis kehittyy todella paljon. T\u00e4ss\u00e4kin huomaa jo varmuutta ja kaikki ei tunnu niin vaikealta en\u00e4\u00e4. En ehk\u00e4 ole rohkein ihminen kuitenkaan aina, mutta parhaani mukaan ryhdyn ja teen. L\u00e4\u00e4ke- ja nestehoitoa on suhteellisen paljon ja ne keskittyv\u00e4t kivunhoitoon ja vitaalielintoimintojen korjaamiseen\/parantamiseen, joten sen suhteen mukavasti my\u00f6s uutta asiaa ja kertausta. P\u00e4ivystyksess\u00e4 on my\u00f6s s\u00e4hk\u00f6inen l\u00e4\u00e4kekaappi, joten siihenkin p\u00e4\u00e4ssyt tutustumaan.<\/p>\n\n\n\n<p>Potilaan vastaanottaminen on sellainen, mihin p\u00e4\u00e4ssyt perehtym\u00e4\u00e4n ja harjoittelemaan, joka on todella kiva, sill\u00e4 aikaisemmin ei ole ollut varsinaisesti t\u00e4ll\u00e4ista vastaanottoa.<\/p>\n\n\n\n<p><strong>N\u00e4ytt\u00f6\u00f6n perustuva toiminta ja p\u00e4\u00e4t\u00f6ksenteko<\/strong><\/p>\n\n\n\n<p>Kirjaamista on tullut tehty\u00e4 paljon. Se on hyvin erilaista, kuin aikaisemmin. Kirjaaminen painottuu sen hetkiseen tilaan, eik\u00e4 mit\u00e4\u00e4n ylim\u00e4\u00e4r\u00e4isi\u00e4 sepustuksia kirjoitella. Siihen olen kuitenkin ihan hyvin harjaantunut. <\/p>\n\n\n\n<p>On todella opettavaista p\u00e4\u00e4st\u00e4 seuraamaan ennakkoon tulleita Esi1- luokan potilaita. Paljon caseja, joita on koulussa k\u00e4sitelty, ja nyt niit\u00e4 n\u00e4kee tosiel\u00e4m\u00e4ss\u00e4. Paljon huoneen nurkalta ei n\u00e4e, mutta esimerkiksi on ollut hienoa seurata kommunikaatiota ja potilaan vitaaleja oikean h\u00e4t\u00e4tilanteen ollessa p\u00e4\u00e4ll\u00e4. Ja siell\u00e4 jos miss\u00e4, huomaan ABCDE-n t\u00e4rkeyden.<\/p>\n\n\n\n<p><strong>Sosiaali- ja terveyspalveluiden laatu ja turvallisuus<\/strong><\/p>\n\n\n\n<p>Minun varovaisuuteni on v\u00e4lill\u00e4 my\u00f6s valttikortti, sill\u00e4 saatan toisinaan olla jopa liian innokas. Joitakin asioita muistaa v\u00e4\u00e4rin, tai menee asioiden edelle. Sit\u00e4 oppii tunnistamaan milloin, osaa ja milloin ei, jolloin pys\u00e4htyy ja miettii, ett\u00e4 t\u00e4m\u00e4 olisi ehk\u00e4 asia mik\u00e4 kannattaa varmistaa. On ollut tilanteita, miss\u00e4 on ollut l\u00e4helt\u00e4piti-tilanne. Mutta n\u00e4ist\u00e4 opitaan, ja kyse on ollut inhimillisest\u00e4 unohduksesta. Pit\u00e4\u00e4 luottaa itseens\u00e4, mutta aina tulisi ehdottomasti kysy\u00e4, jos ei ole varma. <\/p>\n","protected":false},"excerpt":{"rendered":"<p>Hoitoty\u00f6n eettisyys ja ammatillisuus Jatkuvasti tulee uutta oppia ja kaikilta osa-alueilta kehittyy. Oppii tunnistamaan asioita, mit\u00e4 osaa ja mit\u00e4 ei. Huomaan, ett\u00e4 minulla on muodostunut omia tapoja ja tyylej\u00e4 toimia. My\u00f6s oppiminen on syventynyt niin, ettei tarvitse jokaista liikett\u00e4 mietti\u00e4 etuk\u00e4teen, ja hoitotoimiin ryhtyminen on nopeampaa ja helpompaa. Harjoittelun aikana &#8230; <a class=\"continue-reading-link\" href=\"https:\/\/blogi.savonia.fi\/juliaporko\/esimerkkisivu\/hoitotyon-osaamisen-taydentaminen\/valiarviointi\/\"> Continue reading<\/a><\/p>\n","protected":false},"author":7982,"featured_media":0,"parent":271,"menu_order":3,"comment_status":"open","ping_status":"closed","template":"","meta":{"footnotes":""},"class_list":["post-295","page","type-page","status-publish","hentry"],"_links":{"self":[{"href":"https:\/\/blogi.savonia.fi\/juliaporko\/wp-json\/wp\/v2\/pages\/295","targetHints":{"allow":["GET"]}}],"collection":[{"href":"https:\/\/blogi.savonia.fi\/juliaporko\/wp-json\/wp\/v2\/pages"}],"about":[{"href":"https:\/\/blogi.savonia.fi\/juliaporko\/wp-json\/wp\/v2\/types\/page"}],"author":[{"embeddable":true,"href":"https:\/\/blogi.savonia.fi\/juliaporko\/wp-json\/wp\/v2\/users\/7982"}],"replies":[{"embeddable":true,"href":"https:\/\/blogi.savonia.fi\/juliaporko\/wp-json\/wp\/v2\/comments?post=295"}],"version-history":[{"count":2,"href":"https:\/\/blogi.savonia.fi\/juliaporko\/wp-json\/wp\/v2\/pages\/295\/revisions"}],"predecessor-version":[{"id":298,"href":"https:\/\/blogi.savonia.fi\/juliaporko\/wp-json\/wp\/v2\/pages\/295\/revisions\/298"}],"up":[{"embeddable":true,"href":"https:\/\/blogi.savonia.fi\/juliaporko\/wp-json\/wp\/v2\/pages\/271"}],"wp:attachment":[{"href":"https:\/\/blogi.savonia.fi\/juliaporko\/wp-json\/wp\/v2\/media?parent=295"}],"curies":[{"name":"wp","href":"https:\/\/api.w.org\/{rel}","templated":true}]}}