{"id":308,"date":"2023-10-10T11:33:24","date_gmt":"2023-10-10T08:33:24","guid":{"rendered":"https:\/\/blogi.savonia.fi\/juliaporko\/?page_id=308"},"modified":"2023-10-10T13:36:59","modified_gmt":"2023-10-10T10:36:59","slug":"loppuarviointi","status":"publish","type":"page","link":"https:\/\/blogi.savonia.fi\/juliaporko\/esimerkkisivu\/hoitotyon-osaamisen-taydentaminen\/loppuarviointi\/","title":{"rendered":"Loppuarviointi"},"content":{"rendered":"\n<p><strong>Hoitoty\u00f6n eettisyys ja ammatillisuus<\/strong><\/p>\n\n\n\n<p>Jatkuvasti tulee uutta oppia ja kaikilta osa-alueilta kehittyy. Oppii tunnistamaan asioita, mit\u00e4 osaa ja mit\u00e4 ei. Huomaan, ett\u00e4 minulla on muodostunut omia tapoja ja tyylej\u00e4 toimia. My\u00f6s oppiminen on syventynyt niin, ettei tarvitse jokaista liikett\u00e4 mietti\u00e4 etuk\u00e4teen, ja hoitotoimiin ryhtyminen on nopeampaa ja helpompaa. Enemm\u00e4n se tekeminen alkaa olla jo niit\u00e4 asioita mit\u00e4 jo osaa. <\/p>\n\n\n\n<p>Harjoittelun aikana toistuu potilaskohtaamisissa tietty samanlainen kaava, joka helpottaa my\u00f6s minua. Erikoisemmissa tapauksissa minulla on ohjaaja tai muu ty\u00f6kaveri kenelt\u00e4 kysy\u00e4, ja t\u00e4ll\u00e4 tavalla uudetkin asiat luonnistuu, koska perushommat on hallussa. T\u00e4m\u00e4 on vahvistunut hyvin harjoittelun aikana, ja potilaan kohtaaminen on jo hyvin luontevaa.<\/p>\n\n\n\n<p>Eettisi\u00e4 seikkoja on ollut itsetuhoisten, p\u00e4ihteidenk\u00e4ytt\u00e4jien ja sekavien potilaiden kanssa. N\u00e4m\u00e4 ovat joko \u00e4\u00e4rimm\u00e4isen haastavia tai sitten ulottuvat t\u00e4ysin osaamisalueeni ulkopuolelle, joten en asioihin ole sen kummemmin puuttunut, kuin mit\u00e4 minun &#8221;vastuisiini&#8221; kuuluu. Toki omia ajatuksia her\u00e4\u00e4 ed. mainittujen potilaiden kohdalla, mutta se ammatillisuus on jo olemassa, ett\u00e4 ei niiden omien mielipiteiden anna mitenk\u00e4\u00e4n vaikuttaa ty\u00f6ntekoon.<\/p>\n\n\n\n<p><strong>Asiakasl\u00e4ht\u00f6isyys ja kliininen osaaminen<\/strong><\/p>\n\n\n\n<p>On mukava huomata omasta toiminnasta, ett\u00e4 erilaiset potilasryhm\u00e4t eiv\u00e4t tuota en\u00e4\u00e4 hankaluuksia, koska tied\u00e4n suurin piirtein, mit\u00e4 tietty potilasryhm\u00e4 vaatii. Jos en esimerkiksi tied\u00e4 miten potilas liikkuu, tied\u00e4n miten t\u00e4m\u00e4n varmistan ilman, ett\u00e4 luen pitki\u00e4 hoitotekstej\u00e4 tai muuta. Helposti tilanteet selvi\u00e4\u00e4 potilaalta kysym\u00e4ll\u00e4, ja yhdess\u00e4 potilaan kanssa toimimalla. Ennen kuin tilanteeseen l\u00e4hden, perehdyn mielest\u00e4ni oleellisiin asioihin, loput selvit\u00e4n tarvittaessa. My\u00f6s ty\u00f6diagnoosin perusteella osaan p\u00e4\u00e4tell\u00e4 p\u00e4tki\u00e4 potilaan hoidosta ja mit\u00e4 siihen voisi sis\u00e4lty\u00e4.<\/p>\n\n\n\n<p>Kliinisess\u00e4kin osaamisessa on paljon tullut kertausta ja uusiakin asioita. Kanylointia tulee tehty\u00e4 usein t\u00e4\u00e4ll\u00e4, ja esimerkiksi EKG:t\u00e4 l\u00e4hes p\u00e4ivitt\u00e4in. K\u00e4dentaidot t\u00e4\u00e4ll\u00e4 siis kehittyy todella paljon. T\u00e4ss\u00e4kin huomaa jo varmuutta ja kaikki ei tunnu niin vaikealta en\u00e4\u00e4. L\u00e4\u00e4ke- ja nestehoitoa on suhteellisen paljon ja ne keskittyv\u00e4t kivunhoitoon ja vitaalielintoimintojen korjaamiseen\/parantamiseen, joten sen suhteen mukavasti my\u00f6s uutta asiaa ja kertausta. P\u00e4ivystyksess\u00e4 on my\u00f6s s\u00e4hk\u00f6inen l\u00e4\u00e4kekaappi, joten siihenkin p\u00e4\u00e4ssyt tutustumaan. Kanylointi ja verin\u00e4ytteidein otto on niin my\u00f6s lempipuuhaa, kuin melko hyvin hallussakin. T\u00e4ss\u00e4 muistan hyvin aseptiikan ja potilaan ohjauksen, varsinkin neulakammoisten kohdalla. Paljon pieni\u00e4 uusia asioita on tullut, ja huomaan my\u00f6s niit\u00e4 toiminnassa, ett\u00e4 sellaista nippelitietoa my\u00f6s tullut.<\/p>\n\n\n\n<p>Potilaan vastaanottaminen on sellainen, mihin p\u00e4\u00e4ssyt perehtym\u00e4\u00e4n ja harjoittelemaan, joka on todella kiva, sill\u00e4 aikaisemmin ei ole ollut varsinaisesti t\u00e4ll\u00e4ista vastaanottoa. Olen my\u00f6s kotiutusasioita hoitanut, ja potilaille tilannut kyytej\u00e4 esimerkiksi. <\/p>\n\n\n\n<p><strong>N\u00e4ytt\u00f6\u00f6n perustuva toiminta ja p\u00e4\u00e4t\u00f6ksenteko<\/strong><\/p>\n\n\n\n<p>Kirjaamista on tullut tehty\u00e4 paljon. Se on hyvin erilaista, kuin aikaisemmin. Kirjaaminen painottuu sen hetkiseen tilaan, eik\u00e4 mit\u00e4\u00e4n ylim\u00e4\u00e4r\u00e4isi\u00e4 sepustuksia kirjoitella. Olen my\u00f6s oppinut lis\u00e4\u00e4, ett\u00e4 miss\u00e4 asioissa se kirjaaminen on erityisen t\u00e4rke\u00e4\u00e4. <\/p>\n\n\n\n<p>Leposidejuttuja on my\u00f6s pariin otteeseen ollut, ja n\u00e4it\u00e4 asioita ollutkin aikaisemmin, mutta k\u00e4sitys niiden toiminnasta ja siihen liittyvist\u00e4 asioista vahvistunut. Edelleen paljon mietin syy-seuraussuhteita ja pohdin perusteluita asioille ja hoitotoimille, jotta tekemiseni perustuu johonkin tutkittuun tietoon. Potilaiden hoitoon liittyvi\u00e4 asioita joutuu my\u00f6s priorisoimaan paljon, ja kaikkea ei t\u00e4\u00e4ll\u00e4 voida tehd\u00e4. T\u00e4ss\u00e4 olen my\u00f6s harjaantunut, ett\u00e4 mitk\u00e4 asiat ovat siin\u00e4 hetkess\u00e4 nyt t\u00e4rkeimm\u00e4t. Toki ABCDE- protokolla t\u00e4ss\u00e4 hyvin auttaa.<\/p>\n\n\n\n<p><\/p>\n\n\n\n<p><strong>Sosiaali- ja terveyspalveluiden laatu ja turvallisuus<\/strong><\/p>\n\n\n\n<p>Olen oppinut tunnistamaan milloin, osaan ja milloin en, jolloin pys\u00e4hdyn ja mietin, ett\u00e4 t\u00e4m\u00e4 olisi ehk\u00e4 asia mik\u00e4 kannattaa varmistaa. Kaikkea ei pysty tekem\u00e4\u00e4n, eik\u00e4 tarvitse. Joskus kiire ahdistaa nurkkaan, ja on teht\u00e4v\u00e4 valintoja milloin mik\u00e4kin asia on kriittinen. N\u00e4it\u00e4 asioita voi pohtia yksin tai muiden kanssa, mutta hyvin kuitenkin tied\u00e4n mik\u00e4 on t\u00e4rke\u00e4\u00e4.<\/p>\n\n\n\n<p><\/p>\n","protected":false},"excerpt":{"rendered":"<p>Hoitoty\u00f6n eettisyys ja ammatillisuus Jatkuvasti tulee uutta oppia ja kaikilta osa-alueilta kehittyy. Oppii tunnistamaan asioita, mit\u00e4 osaa ja mit\u00e4 ei. Huomaan, ett\u00e4 minulla on muodostunut omia tapoja ja tyylej\u00e4 toimia. My\u00f6s oppiminen on syventynyt niin, ettei tarvitse jokaista liikett\u00e4 mietti\u00e4 etuk\u00e4teen, ja hoitotoimiin ryhtyminen on nopeampaa ja helpompaa. Enemm\u00e4n se &#8230; <a class=\"continue-reading-link\" href=\"https:\/\/blogi.savonia.fi\/juliaporko\/esimerkkisivu\/hoitotyon-osaamisen-taydentaminen\/loppuarviointi\/\"> Continue reading<\/a><\/p>\n","protected":false},"author":7982,"featured_media":0,"parent":271,"menu_order":4,"comment_status":"open","ping_status":"closed","template":"","meta":{"footnotes":""},"class_list":["post-308","page","type-page","status-publish","hentry"],"_links":{"self":[{"href":"https:\/\/blogi.savonia.fi\/juliaporko\/wp-json\/wp\/v2\/pages\/308","targetHints":{"allow":["GET"]}}],"collection":[{"href":"https:\/\/blogi.savonia.fi\/juliaporko\/wp-json\/wp\/v2\/pages"}],"about":[{"href":"https:\/\/blogi.savonia.fi\/juliaporko\/wp-json\/wp\/v2\/types\/page"}],"author":[{"embeddable":true,"href":"https:\/\/blogi.savonia.fi\/juliaporko\/wp-json\/wp\/v2\/users\/7982"}],"replies":[{"embeddable":true,"href":"https:\/\/blogi.savonia.fi\/juliaporko\/wp-json\/wp\/v2\/comments?post=308"}],"version-history":[{"count":5,"href":"https:\/\/blogi.savonia.fi\/juliaporko\/wp-json\/wp\/v2\/pages\/308\/revisions"}],"predecessor-version":[{"id":314,"href":"https:\/\/blogi.savonia.fi\/juliaporko\/wp-json\/wp\/v2\/pages\/308\/revisions\/314"}],"up":[{"embeddable":true,"href":"https:\/\/blogi.savonia.fi\/juliaporko\/wp-json\/wp\/v2\/pages\/271"}],"wp:attachment":[{"href":"https:\/\/blogi.savonia.fi\/juliaporko\/wp-json\/wp\/v2\/media?parent=308"}],"curies":[{"name":"wp","href":"https:\/\/api.w.org\/{rel}","templated":true}]}}