{"id":319,"date":"2024-04-19T11:06:25","date_gmt":"2024-04-19T08:06:25","guid":{"rendered":"https:\/\/blogi.savonia.fi\/juliaporko\/?page_id=319"},"modified":"2024-05-02T13:24:28","modified_gmt":"2024-05-02T10:24:28","slug":"lahtotaso-ja-tavoitteet","status":"publish","type":"page","link":"https:\/\/blogi.savonia.fi\/juliaporko\/katilotyon-harjoittelut\/tkhra1-katilotyon-harjoittelu-raskausaikana\/lahtotaso-ja-tavoitteet\/","title":{"rendered":"L\u00e4ht\u00f6taso ja tavoitteet"},"content":{"rendered":"\n<p><strong>Eettinen osaaminen<\/strong><\/p>\n\n\n\n<p>Oma ammatillinen toiminta on kehittynyt joka harjoittelun my\u00f6t\u00e4 ja koen eettisen osaamiseni olevan hyv\u00e4ll\u00e4 tasolla. Potilas tulee kohdata yksil\u00f6n\u00e4 ja kunnioittaa H\u00e4nen toiveita, sek\u00e4 potilaskohtaisia tarpeita ammatillisesti. Olen oppinut kunnioittamaan asiakkaan omaa tilaa ja haavoittuvaisuutta, joka on varmasti hy\u00f6dyksi minulle ja asiakkaalle. <\/p>\n\n\n\n<p>T\u00e4m\u00e4n harjoittelun tavoitteenani on kehitt\u00e4\u00e4 herkist\u00e4kin asioista puhumista ja puheeksiottoa. Haluan my\u00f6s oppia, miten tuoda neutraalisti my\u00f6s ik\u00e4v\u00e4n s\u00e4vyisi\u00e4 uutisia asiakkaalle, mutta samalla tuoda toivoa ep\u00e4toivoisilta vaikuttaviinkin tilanteisiin. T\u00e4m\u00e4 varmasti harjaantuu, kun tilanteita tulee eteen ja pohtii hyvin mit\u00e4 sanoo jo etuk\u00e4teen.<\/p>\n\n\n\n<p><strong>Ohjaus- ja terveyden edist\u00e4misen osaaminen<\/strong><\/p>\n\n\n\n<p>Harjoittelussa on hy\u00f6dyksi jo oppimani ohjaaminen, joka liittyy aikaisempiin harjoitteluihin. P\u00e4\u00e4sen nyt tuomaan oppimaani teoriaa esille, ja hy\u00f6dynt\u00e4m\u00e4\u00e4n tietoani harjoittelussa. Mielest\u00e4ni minulla on hyv\u00e4 pohja perusohjaamiseen liittyen, mutta toki k\u00e4til\u00f6ty\u00f6n teorian soveltaminen on uutta, sill\u00e4 t\u00e4m\u00e4 on ensimm\u00e4inen k\u00e4til\u00f6ty\u00f6n harjoitteluni. Joitakin palasia varmasti osaa teoriatiedon pohjalta asiakkaalle ohjata ja mainita, mutta hyv\u00e4 olla esimerkiksi muistiinpanoja ja potilasohjeita tukena aluksi.<\/p>\n\n\n\n<p>Ohjaamisessa ja terveyden edist\u00e4misess\u00e4 tavoitteena on itsen\u00e4inen ohjaaminen, jotta osaan tuoda t\u00e4rkeimm\u00e4t asiat esille, enk\u00e4 &#8221;hukuta&#8221; asiakasta informaatiolla. N\u00e4iss\u00e4 aion k\u00e4ytt\u00e4\u00e4 tukena potilasohjeita, ohjaajan tietoa ja K\u00e4yp\u00e4-hoito-suosituksia. <\/p>\n\n\n\n<p><strong>Kliininen osaaminen<\/strong><\/p>\n\n\n\n<p>Sairaanhoitajana kliinist\u00e4 osaamista minulla on hyvin, sill\u00e4 olen onnekseni saanut harjoitella paljon sairaalaymp\u00e4rist\u00f6iss\u00e4, miss\u00e4 k\u00e4dentaidot ovat jatkuvasti tarpeellisia. Olen my\u00f6s ollut opintojen aikana kiinnostunut oppimaan ja tehnyt paljon itse, joten esimerkiksi kanylointi ja verin\u00e4ytteidenotto on hyvin mielek\u00e4st\u00e4 minulle. <\/p>\n\n\n\n<p>Hyv\u00e4n pohjan lis\u00e4ksi, mielest\u00e4ni esimerkiksi KTG- k\u00e4yr\u00e4n ottaminen sujuu minulta ihan hyvin. Olen p\u00e4\u00e4ssyt raskaanaolevalta sit\u00e4 ottamaan, sek\u00e4 tekem\u00e4\u00e4n ulkotutkimusta. Kuitenkin hyvin v\u00e4h\u00e4n k\u00e4dentaitoja on koulussa p\u00e4\u00e4ssyt opettelemaan, joten hyvin noviisi olen k\u00e4til\u00f6ty\u00f6n kliinisten taitojen kanssa. Kuitenkin teoriatietoa on ja sit\u00e4 onkin hyv\u00e4 p\u00e4\u00e4st\u00e4 nyt yhdist\u00e4m\u00e4\u00e4n kliiniseen osaamiseen.<\/p>\n\n\n\n<p>Haluan p\u00e4\u00e4st\u00e4 lis\u00e4\u00e4 harjoittelemaan KTG-k\u00e4yr\u00e4n ottamista ja tulkitsemista, ulko- ja sis\u00e4tutkimuksia sek\u00e4 esimerkiksi k\u00e4ynnistyspotilaan ohjausta. Tavoitteena on siis osata perusasioita raskaanaolevan hoidosta, sek\u00e4 soveltamaan teoriatietoa kliiniseen osaamiseen. Haluan paljon tehd\u00e4 itse, silloin opin parhaiten. Aluksi varmasti ujostuttaa tehd\u00e4, kun ei ole viel\u00e4 tuttua hommaa, mutta intoa on kuitenkin oppia ja olen aina ollut varovainen yritt\u00e4ess\u00e4ni jotain ensimm\u00e4isi\u00e4 kertoja. T\u00e4ss\u00e4 apuna ohjaaja ja k\u00e4ytett\u00e4viss\u00e4 oleva teoriamateriaali, sek\u00e4 opiskelukaverit moduulijakson aikana.<\/p>\n\n\n\n<p><strong>Moniammatillinen ja -kulttuurinen osaaminen<\/strong><\/p>\n\n\n\n<p>Moniammatillisuus tietenkin hyvin tuttua, ja jokainen hoitava taho on asiakkaalle yht\u00e4 t\u00e4rke\u00e4. Kommunikaatio ja tiedonjako on parantunut minulla paljon. My\u00f6s l\u00e4\u00e4k\u00e4rille konsultointi ja muiden tahojen mukaan ottaminen hoitoon on ollut tutumpaa harjoitteluiden edetess\u00e4. Kuitenkin v\u00e4lill\u00e4 vaikea hahmottaa, milloin ottaa yhteytt\u00e4 kehenkin ammattilaiseen.<\/p>\n\n\n\n<p>Tavoitteena on keskitty\u00e4 monipuoliseen ammatillisuuteen, ja olla kiinnostunut niist\u00e4 ammattilaisista, jotka hoitoon mahdollisesti osallistuvat. Raporttien antaminen my\u00f6s yksi tavoite ehdottomasti, sill\u00e4 se on hieman sekalaista v\u00e4lill\u00e4. T\u00e4h\u00e4nkin toistoja ja harjoitusta, sek\u00e4 muistiinpanoja olen tyk\u00e4nnyt tehd\u00e4 aikaisemmissa harjoitteluissa, ja se onkin ollut oppimisen tukena hyvin.<\/p>\n","protected":false},"excerpt":{"rendered":"<p>Eettinen osaaminen Oma ammatillinen toiminta on kehittynyt joka harjoittelun my\u00f6t\u00e4 ja koen eettisen osaamiseni olevan hyv\u00e4ll\u00e4 tasolla. Potilas tulee kohdata yksil\u00f6n\u00e4 ja kunnioittaa H\u00e4nen toiveita, sek\u00e4 potilaskohtaisia tarpeita ammatillisesti. Olen oppinut kunnioittamaan asiakkaan omaa tilaa ja haavoittuvaisuutta, joka on varmasti hy\u00f6dyksi minulle ja asiakkaalle. T\u00e4m\u00e4n harjoittelun tavoitteenani on kehitt\u00e4\u00e4 herkist\u00e4kin &#8230; <a class=\"continue-reading-link\" href=\"https:\/\/blogi.savonia.fi\/juliaporko\/katilotyon-harjoittelut\/tkhra1-katilotyon-harjoittelu-raskausaikana\/lahtotaso-ja-tavoitteet\/\"> Continue reading<\/a><\/p>\n","protected":false},"author":7982,"featured_media":0,"parent":316,"menu_order":1,"comment_status":"open","ping_status":"closed","template":"","meta":{"footnotes":""},"class_list":["post-319","page","type-page","status-publish","hentry"],"_links":{"self":[{"href":"https:\/\/blogi.savonia.fi\/juliaporko\/wp-json\/wp\/v2\/pages\/319","targetHints":{"allow":["GET"]}}],"collection":[{"href":"https:\/\/blogi.savonia.fi\/juliaporko\/wp-json\/wp\/v2\/pages"}],"about":[{"href":"https:\/\/blogi.savonia.fi\/juliaporko\/wp-json\/wp\/v2\/types\/page"}],"author":[{"embeddable":true,"href":"https:\/\/blogi.savonia.fi\/juliaporko\/wp-json\/wp\/v2\/users\/7982"}],"replies":[{"embeddable":true,"href":"https:\/\/blogi.savonia.fi\/juliaporko\/wp-json\/wp\/v2\/comments?post=319"}],"version-history":[{"count":3,"href":"https:\/\/blogi.savonia.fi\/juliaporko\/wp-json\/wp\/v2\/pages\/319\/revisions"}],"predecessor-version":[{"id":330,"href":"https:\/\/blogi.savonia.fi\/juliaporko\/wp-json\/wp\/v2\/pages\/319\/revisions\/330"}],"up":[{"embeddable":true,"href":"https:\/\/blogi.savonia.fi\/juliaporko\/wp-json\/wp\/v2\/pages\/316"}],"wp:attachment":[{"href":"https:\/\/blogi.savonia.fi\/juliaporko\/wp-json\/wp\/v2\/media?parent=319"}],"curies":[{"name":"wp","href":"https:\/\/api.w.org\/{rel}","templated":true}]}}