{"id":331,"date":"2024-05-07T05:38:42","date_gmt":"2024-05-07T02:38:42","guid":{"rendered":"https:\/\/blogi.savonia.fi\/juliaporko\/?page_id=331"},"modified":"2024-09-08T16:09:39","modified_gmt":"2024-09-08T13:09:39","slug":"tkhlap1-katilotyon-harjoittelu-lapsivuodeaikana","status":"publish","type":"page","link":"https:\/\/blogi.savonia.fi\/juliaporko\/katilotyon-harjoittelut\/tkhlap1-katilotyon-harjoittelu-lapsivuodeaikana\/","title":{"rendered":"TKHLAP1\u00a0K\u00e4til\u00f6ty\u00f6n harjoittelu lapsivuodeaikana"},"content":{"rendered":"\n<p><strong>Harjoittelujakso:\u00a0<\/strong>TKHLAP1 K\u00e4til\u00f6ty\u00f6n harjoittelu lapsivuodeaikana<\/p>\n\n\n\n<p><strong>Harjoittelupaikka:\u00a0<\/strong>Espoon\/Jorvin sairaala, osasto N6<\/p>\n\n\n\n<p><strong>Harjoitteluaika:\u00a0<\/strong>viikot 31-33 29.7-18.8.2024<\/p>\n\n\n\n<p><strong>Harjoittelua ohjaavan opettajan nimi ja yhteystiedot:<\/strong><\/p>\n\n\n\n<p>Anna-Kaisa Kokkonen, anna-kaisa.kokkonen@savonia.fi<\/p>\n\n\n\n<p><strong>T\u00e4h\u00e4n asti tehdyt k\u00e4til\u00f6ty\u00f6n harjoittelut:<\/strong><\/p>\n\n\n\n<p>TKHARA1 K\u00e4til\u00f6ty\u00f6n harjoittelu raskausaikana (PSHVA Naisten akuuttikeskus, tarkkailuosasto 4 viikkoa)<\/p>\n\n\n\n<p><strong>K\u00e4til\u00f6ty\u00f6n harjoittelukirja<\/strong>:<\/p>\n\n\n\n<p>Raskauden aikainen k\u00e4til\u00f6ty\u00f6 85kpl<\/p>\n\n\n\n<p>Korkean riskin raskauden, synnytyksen ja lapsivuodeajan k\u00e4til\u00f6ty\u00f6 39kpl<\/p>\n","protected":false},"excerpt":{"rendered":"<p>Harjoittelujakso:\u00a0TKHLAP1 K\u00e4til\u00f6ty\u00f6n harjoittelu lapsivuodeaikana Harjoittelupaikka:\u00a0Espoon\/Jorvin sairaala, osasto N6 Harjoitteluaika:\u00a0viikot 31-33 29.7-18.8.2024 Harjoittelua ohjaavan opettajan nimi ja yhteystiedot: Anna-Kaisa Kokkonen, anna-kaisa.kokkonen@savonia.fi T\u00e4h\u00e4n asti tehdyt k\u00e4til\u00f6ty\u00f6n harjoittelut: TKHARA1 K\u00e4til\u00f6ty\u00f6n harjoittelu raskausaikana (PSHVA Naisten akuuttikeskus, tarkkailuosasto 4 viikkoa) K\u00e4til\u00f6ty\u00f6n harjoittelukirja: Raskauden aikainen k\u00e4til\u00f6ty\u00f6 85kpl Korkean riskin raskauden, synnytyksen ja lapsivuodeajan k\u00e4til\u00f6ty\u00f6 39kpl <a class=\"continue-reading-link\" href=\"https:\/\/blogi.savonia.fi\/juliaporko\/katilotyon-harjoittelut\/tkhlap1-katilotyon-harjoittelu-lapsivuodeaikana\/\"> Continue reading<\/a><\/p>\n","protected":false},"author":7982,"featured_media":0,"parent":376,"menu_order":2,"comment_status":"closed","ping_status":"closed","template":"","meta":{"footnotes":""},"class_list":["post-331","page","type-page","status-publish","hentry"],"_links":{"self":[{"href":"https:\/\/blogi.savonia.fi\/juliaporko\/wp-json\/wp\/v2\/pages\/331","targetHints":{"allow":["GET"]}}],"collection":[{"href":"https:\/\/blogi.savonia.fi\/juliaporko\/wp-json\/wp\/v2\/pages"}],"about":[{"href":"https:\/\/blogi.savonia.fi\/juliaporko\/wp-json\/wp\/v2\/types\/page"}],"author":[{"embeddable":true,"href":"https:\/\/blogi.savonia.fi\/juliaporko\/wp-json\/wp\/v2\/users\/7982"}],"replies":[{"embeddable":true,"href":"https:\/\/blogi.savonia.fi\/juliaporko\/wp-json\/wp\/v2\/comments?post=331"}],"version-history":[{"count":3,"href":"https:\/\/blogi.savonia.fi\/juliaporko\/wp-json\/wp\/v2\/pages\/331\/revisions"}],"predecessor-version":[{"id":397,"href":"https:\/\/blogi.savonia.fi\/juliaporko\/wp-json\/wp\/v2\/pages\/331\/revisions\/397"}],"up":[{"embeddable":true,"href":"https:\/\/blogi.savonia.fi\/juliaporko\/wp-json\/wp\/v2\/pages\/376"}],"wp:attachment":[{"href":"https:\/\/blogi.savonia.fi\/juliaporko\/wp-json\/wp\/v2\/media?parent=331"}],"curies":[{"name":"wp","href":"https:\/\/api.w.org\/{rel}","templated":true}]}}