{"id":333,"date":"2024-05-07T05:39:51","date_gmt":"2024-05-07T02:39:51","guid":{"rendered":"https:\/\/blogi.savonia.fi\/juliaporko\/?page_id=333"},"modified":"2024-05-23T12:29:21","modified_gmt":"2024-05-23T09:29:21","slug":"lahtotaso-ja-tavoitteet","status":"publish","type":"page","link":"https:\/\/blogi.savonia.fi\/juliaporko\/katilotyon-harjoittelut\/tkhlap1-katilotyon-harjoittelu-lapsivuodeaikana\/lahtotaso-ja-tavoitteet\/","title":{"rendered":"L\u00e4ht\u00f6taso ja tavoitteet"},"content":{"rendered":"\n<p><strong>Eettinen osaaminen<\/strong><\/p>\n\n\n\n<p>Lapsivuodeharjoittelussa eettisi\u00e4 tavoitteita on moniakin. T\u00e4m\u00e4 harjoittelu on minulle erityisen merkityksellinen, sill\u00e4 t\u00e4m\u00e4n teen ty\u00f6suhteessa ja kyseinen ty\u00f6suhde on minulla ensikosketus hoitoalalla ty\u00f6skentelyyn. Toivon ja oletankin, ett\u00e4 ammatillinen kasvu on hurjaa t\u00e4m\u00e4n jakson aikana. Tavoitteenani on jatkuvasti kehitt\u00e4\u00e4 omaa toimintaani ja olla avoimena jatkuvasti uuden oppimiselle. Pyrin olemaan kriittinen oman tekemiseni suhteen ja vastaanottamaan palautetta mahdollisimman paljon. Oma vastuu on erityisess\u00e4 asemassa, sill\u00e4 t\u00e4ll\u00e4 kertaa ei ole oma ohjaajaa samallalailla kuin muissa harjoitteluissa. Toki aion hy\u00f6dynt\u00e4\u00e4 omaa nimetty\u00e4 mentoriani ja kaikkia ty\u00f6tovereita, sek\u00e4 heid\u00e4n asiantuntemustaan. Minulle t\u00e4rke\u00e4 tavoite on my\u00f6s eettisten ristiriitatilanteiden arvioiminen ja niist\u00e4 avoimesti puhuminen. Esimerkiksi vauvan k\u00e4sittelyyn liittyv\u00e4t asiat ja kotiolot ovat itselle asioita, mit\u00e4 kotiuttaessa aion ottaa huomioon. Kotiuttamisen aikana ja vanhempien ohjaamisen yhteydess\u00e4 my\u00f6s tulee varmasti eettist\u00e4 pohdintaa liittyen lapsen kasvatukseen. T\u00e4ss\u00e4 toki t\u00e4rke\u00e4\u00e4 antaa vanhemmille tilaa, mutta my\u00f6s ottaa puheeksi mahdollisesti esille tulevat vaikeudet.<\/p>\n\n\n\n<p><strong>Ohjaus- ja terveyden edist\u00e4misen osaaminen<\/strong><\/p>\n\n\n\n<p>P\u00e4\u00e4asiallinen tavoitteeni on antaa ammattilaisena mahdollisimmat hyv\u00e4t avaimet tulevalle perheelle onneliseen ja hyvinvoivaan arkeen. Konkreettisemmin tavoite tarkoittaa minulle sit\u00e4, ett\u00e4 ohjeistan milloin on syyt\u00e4 huolestua, milloin tulisi pyyt\u00e4\u00e4 apua ja mitk\u00e4 voisivat olla tilanteita, joissa perheen hyvinvointi on uhattuna. Tavoitteenani on ohjeistaa haavanhoitoon liittyvi\u00e4 ohjeita, synnytyksen j\u00e4lkeisen kivunhoitoon, vuotoon ja tehtyihin toimenpiteisiin liittyv\u00e4\u00e4 seurantaa. My\u00f6s t\u00e4rke\u00e4n\u00e4 terveyden edist\u00e4miseen liittyvi\u00e4 tavoitteita on vauvan hyvinvoinnin ja komplikaatioiden seurannan ohjeistaminen, vanhempien yhteisty\u00f6n tukeminen arjessa sek\u00e4 tukiverkoston varmistaminen tai muun avun tarpeen havainnoiminen. Aion ottaa puheeksi asioita, mitk\u00e4 liittyv\u00e4t arjessa p\u00e4rj\u00e4\u00e4miseen ja toivon my\u00f6s luovani ilmapiirin perheille, miss\u00e4 voi rohkeasti sanoa mik\u00e4li perhe tarvitsee enemm\u00e4n apua. Vastasyntyneen tarkkailuun liittyvi\u00e4 tavoitteita on terveydenedist\u00e4miseen liittyen lapsen n\u00e4lk\u00e4viestien ohjaaminen, imetysohjaaminen ja esimerkiksi mist\u00e4 tunnistaa, ett\u00e4 vauva on kyll\u00e4inen. T\u00e4rke\u00e4 osa-alue, mihin my\u00f6s haluan panostaa on seksuaaliohjaus ja lis\u00e4\u00e4ntymisterveyteen liittyv\u00e4 ohjaaminen. Meid\u00e4n tuoreiden tulevien k\u00e4til\u00f6iden sukupolvi on mielest\u00e4ni avainasemassa, ett\u00e4 seksuaaliterveydest\u00e4 puhuttaisiin viel\u00e4 enemm\u00e4n ja ohjattaisiin my\u00f6s lis\u00e4\u00e4ntymisterveyteen liittyvi\u00e4 asioita. T\u00e4ss\u00e4 avainasemassa on avoin keskustelu ja ilmapiirin mukainen kanssak\u00e4yminen.<\/p>\n\n\n\n<p><strong>Kliininen osaaminen<\/strong><\/p>\n\n\n\n<p>T\u00e4rkeimp\u00e4n\u00e4 tavoitteena on synnytt\u00e4neen naisen sek\u00e4 vastasyntyneen hoitopolun osaaminen, sek\u00e4 turvallisen l\u00e4\u00e4kehoidon toteuttaminen. Tahdon oppia vastasyntyneen perushoitoon liittyvi\u00e4 asioita itsekin, jotta osaan n\u00e4it\u00e4 sitten perheille ohjata mahdollisimman hyvin. N\u00e4iss\u00e4kin asioissa hy\u00f6dynn\u00e4n muita kokeneempia k\u00e4til\u00f6it\u00e4 ja kollegoita. Tietysti jo opitun asian k\u00e4yt\u00e4nt\u00f6\u00f6n laittaminen, kuten vastasyntyneen virvoittelu ja synnytt\u00e4neen naisen tarkkailu, esimerkiksi vuodon seuranta ja kohdun supistelun, sek\u00e4 mahdollisten repe\u00e4mien ja ompeluiden seuranta. Koen t\u00e4rke\u00e4n\u00e4 my\u00f6s ohjata hygieniaan liittyvi\u00e4 asioita ja niiden t\u00e4rkeytt\u00e4. Varsinkin vastasyntyneen kohdalla aseptiikka on t\u00e4rke\u00e4\u00e4 ja siihen aion kiinnitt\u00e4\u00e4 paljonkin huomioita esimerkiksi rokottaessa ja tutkiessa kielij\u00e4nnett\u00e4. Haluan my\u00f6s tutustua lapsivuoteella k\u00e4ytett\u00e4viin k\u00e4til\u00f6ty\u00f6n laitteisiin, joiden avulla saan omasta ty\u00f6nteostani mahdollisesti tehokkaampaa. Kirjaamisen taidot my\u00f6s olennainen osa harjoittelun tavoitteita. T\u00e4rke\u00e4n\u00e4 tavoitteena my\u00f6s kotiutukseen liittyv\u00e4t asiat ja jatkohoidon ohjaaminen.<\/p>\n\n\n\n<p><strong>Moniammatillinen ja -kulttuurinen osaaminen<\/strong><\/p>\n\n\n\n<p>Lapsivuodeosastolla moniammatillinen yhteisty\u00f6 on t\u00e4rke\u00e4ss\u00e4 asemassa ja tavoitteena on hy\u00f6dynt\u00e4\u00e4 monialaisesti eri ammattiryhmi\u00e4. P\u00e4\u00e4kaupunkiseudulla enemm\u00e4n korostuu eri kulttuureiden huomiointi ja niiden vaikutus hoitoon ja tapoihin toimia. N\u00e4iss\u00e4 asioissa avoimesti kysyy ja keskustelee, sek\u00e4 kysyy neuvoa kollegoilta. T\u00e4rke\u00e4\u00e4 on kuunnella perheen toiveita ja parhaansa mukaan niit\u00e4 toteuttaa. Tavoitteenani on olla avoin erilaisille potilasryhmille ja kulttuureille, sek\u00e4 my\u00f6s silt\u00e4 kantilta oppia uusia toimintatapoja ja tyylej\u00e4. <\/p>\n","protected":false},"excerpt":{"rendered":"<p>Eettinen osaaminen Lapsivuodeharjoittelussa eettisi\u00e4 tavoitteita on moniakin. T\u00e4m\u00e4 harjoittelu on minulle erityisen merkityksellinen, sill\u00e4 t\u00e4m\u00e4n teen ty\u00f6suhteessa ja kyseinen ty\u00f6suhde on minulla ensikosketus hoitoalalla ty\u00f6skentelyyn. Toivon ja oletankin, ett\u00e4 ammatillinen kasvu on hurjaa t\u00e4m\u00e4n jakson aikana. Tavoitteenani on jatkuvasti kehitt\u00e4\u00e4 omaa toimintaani ja olla avoimena jatkuvasti uuden oppimiselle. Pyrin olemaan &#8230; <a class=\"continue-reading-link\" href=\"https:\/\/blogi.savonia.fi\/juliaporko\/katilotyon-harjoittelut\/tkhlap1-katilotyon-harjoittelu-lapsivuodeaikana\/lahtotaso-ja-tavoitteet\/\"> Continue reading<\/a><\/p>\n","protected":false},"author":7982,"featured_media":0,"parent":331,"menu_order":1,"comment_status":"open","ping_status":"closed","template":"","meta":{"footnotes":""},"class_list":["post-333","page","type-page","status-publish","hentry"],"_links":{"self":[{"href":"https:\/\/blogi.savonia.fi\/juliaporko\/wp-json\/wp\/v2\/pages\/333","targetHints":{"allow":["GET"]}}],"collection":[{"href":"https:\/\/blogi.savonia.fi\/juliaporko\/wp-json\/wp\/v2\/pages"}],"about":[{"href":"https:\/\/blogi.savonia.fi\/juliaporko\/wp-json\/wp\/v2\/types\/page"}],"author":[{"embeddable":true,"href":"https:\/\/blogi.savonia.fi\/juliaporko\/wp-json\/wp\/v2\/users\/7982"}],"replies":[{"embeddable":true,"href":"https:\/\/blogi.savonia.fi\/juliaporko\/wp-json\/wp\/v2\/comments?post=333"}],"version-history":[{"count":13,"href":"https:\/\/blogi.savonia.fi\/juliaporko\/wp-json\/wp\/v2\/pages\/333\/revisions"}],"predecessor-version":[{"id":350,"href":"https:\/\/blogi.savonia.fi\/juliaporko\/wp-json\/wp\/v2\/pages\/333\/revisions\/350"}],"up":[{"embeddable":true,"href":"https:\/\/blogi.savonia.fi\/juliaporko\/wp-json\/wp\/v2\/pages\/331"}],"wp:attachment":[{"href":"https:\/\/blogi.savonia.fi\/juliaporko\/wp-json\/wp\/v2\/media?parent=333"}],"curies":[{"name":"wp","href":"https:\/\/api.w.org\/{rel}","templated":true}]}}