{"id":351,"date":"2024-05-27T20:32:40","date_gmt":"2024-05-27T17:32:40","guid":{"rendered":"https:\/\/blogi.savonia.fi\/juliaporko\/?page_id=351"},"modified":"2024-06-03T13:25:24","modified_gmt":"2024-06-03T10:25:24","slug":"loppuarviointi","status":"publish","type":"page","link":"https:\/\/blogi.savonia.fi\/juliaporko\/katilotyon-harjoittelut\/tkhra1-katilotyon-harjoittelu-raskausaikana\/loppuarviointi\/","title":{"rendered":"Loppuarviointi"},"content":{"rendered":"\n<p><strong>Eettinen osaaminen<\/strong><\/p>\n\n\n\n<p>Oma ammatillinen toiminta on kehittynyt joka harjoittelun my\u00f6t\u00e4 ja koen eettisen osaamiseni olevan hyv\u00e4ll\u00e4 tasolla. Potilas tulee kohdata yksil\u00f6n\u00e4 ja kunnioittaa H\u00e4nen toiveita, sek\u00e4 potilaskohtaisia tarpeita ammatillisesti. Olen oppinut kunnioittamaan asiakkaan omaa tilaa ja haavoittuvaisuutta, joka on varmasti hy\u00f6dyksi minulle ja asiakkaalle. Harjoittelu on vaatinut eettist\u00e4 pohdintaa ja her\u00e4tt\u00e4nyt my\u00f6s itsess\u00e4 paljon tunteita. Toimintani on k\u00e4til\u00f6ty\u00f6n arvojen mukaista ja my\u00f6s ristiriitatilanteissa olen uskaltanut tuoda \u00e4\u00e4neni esille. <\/p>\n\n\n\n<p>Puheeksi otto tilanteita ei niin paljoa ole tullut. Toki tietyll\u00e4 tavalla on joutunut my\u00f6s tuomaan perheelle harmillisia uutisia ja n\u00e4it\u00e4 tilanteita p\u00e4\u00e4ssyt harjoittelemaan. Kivun kohtaaminen oli minulle alkuun hyvin hankalaa, mutta siihenkin saanut ammattimaisen kosketuksen ja asenteen. Olen potilaan kanssa oppinut siet\u00e4m\u00e4\u00e4n tietynlaista kipua ja aina sanoessani potilaalle \u00e4\u00e4neen, ett\u00e4 kipua on synnytyksess\u00e4 siedett\u00e4v\u00e4, olen sen my\u00f6s itsekin oppinut.<\/p>\n\n\n\n<p>Kollegiaalisuus korostuu t\u00e4\u00e4ll\u00e4, vaikka ty\u00f6 on melko itsen\u00e4ist\u00e4kin. Olen p\u00e4\u00e4ssyt antamaan l\u00e4\u00e4k\u00e4rinkierrolla raporttia ja pohtimaan yhdess\u00e4 gynekologin kanssa potilaan hoitosuunnitelmaa ja esitt\u00e4nyt siihen liittyvi\u00e4 kysymyksi\u00e4 ja ehdotuksia. Oma vastuu on esill\u00e4 moduuliharjoittelussa, sill\u00e4 ty\u00f6skentely on hyvin itsen\u00e4ist\u00e4. Hyvin olen kuitenkin raportoinut voinnin muutoksista ohjaajalle, ja pohtinut itsekin n\u00e4it\u00e4 asioita, jotka ovat askarruttaneet. <\/p>\n\n\n\n<p>Raskaudenkeskeytyksiin en ole p\u00e4\u00e4ssyt mukaan, n\u00e4iss\u00e4 tilanteissa on oltava niin hienovarainen ja ihmispaljous ei ole hyv\u00e4ksi potilaalle, joten olen pysytellyt taka-alalla potilaan etua ajatellen. Oma ammatillinen kasvu on ottanut huiman harppauksen harjoittelun aikana, ja on ollut ilo tutustua tulevaisuuden potilasryhm\u00e4\u00e4n. Ihmiset ovat niin erilaisia, ja tietyll\u00e4 tapaa jo osaa mukautua heid\u00e4n tarpeidensa mukaan, mutta unohtamatta omaa ammatillista persoonaa ja tyyli\u00e4 toimia. <\/p>\n\n\n\n<p>L\u00e4\u00e4k\u00e4reiden kanssa olisin mieluusti enemm\u00e4nkin tehnyt yhteisty\u00f6t\u00e4, liittyen potilaiden hoitosuunnitelmiin. Olisi mielenkiintoista kuulla enemm\u00e4n heid\u00e4n p\u00e4\u00e4t\u00f6sten takana olevista syist\u00e4 ja ajatuksista. N\u00e4it\u00e4 sitten tulevaisuudessa enemm\u00e4n, kuitenkin tavoitteenani oli p\u00e4\u00e4st\u00e4 jyv\u00e4lle ihan perusasioista. <\/p>\n\n\n\n<p><strong>Ohjaus- ja terveyden edist\u00e4misen osaaminen<\/strong><\/p>\n\n\n\n<p>Harjoittelussa on hy\u00f6dyksi jo oppimani ohjaaminen, joka liittyy aikaisempiin harjoitteluihin. P\u00e4\u00e4sen nyt tuomaan oppimaani teoriaa esille, ja hy\u00f6dynt\u00e4m\u00e4\u00e4n tietoani harjoittelussa. Mielest\u00e4ni minulla on hyv\u00e4 pohja perusohjaamiseen liittyen, mutta toki k\u00e4til\u00f6ty\u00f6n teorian soveltaminen on uutta, sill\u00e4 t\u00e4m\u00e4 on ensimm\u00e4inen k\u00e4til\u00f6ty\u00f6n harjoitteluni. <\/p>\n\n\n\n<p>K\u00e4til\u00f6ty\u00f6n teorian hy\u00f6dynt\u00e4minen oli nimenomaan ehk\u00e4 harjoittelun vaikein osuus. Olen nopea oppimaan ja p\u00e4\u00e4osin opin parhaiten tekem\u00e4ll\u00e4. On ollut vaikea yhdist\u00e4\u00e4 teoriaa k\u00e4yt\u00e4nt\u00f6\u00f6n, mutta jotenkin vain ne palaset kuitenkin loksahtivat kohdalleen ja aina tuli &#8221;ahaa-el\u00e4myksi\u00e4&#8221;, kun muistikin jonkin pienen yksityiskohdan teorioista. V\u00e4lill\u00e4 menee aihealueet sekaisin ja ajatus saattaa olla pirstaleista, mutta pikkuhiljaa t\u00e4h\u00e4n alkaa tulemaan otetta. <\/p>\n\n\n\n<p>Potilasohjeet ovat olleet todella hyvi\u00e4 tukena. Teoriaa olen lukenut p\u00e4ivitt\u00e4in ja muistellut asioita, jotta asiat j\u00e4isiv\u00e4t mieleen. Ohjaajatkin kehuneet, ett\u00e4 kyselen ihan hirmuisesti asioita. Olen kiinnostunut ja utelias, ja t\u00e4m\u00e4 on ollut paras valttikorttini. <\/p>\n\n\n\n<p>En varmaan miss\u00e4\u00e4n harjoittelussa ole ohjannut n\u00e4in paljoa kuin kyseisess\u00e4. Joka p\u00e4iv\u00e4 ja hyvin monista eri asioista, mutta my\u00f6s samoista asioista on tullut ohjattua. Se on ollut yll\u00e4tt\u00e4v\u00e4n luontevaa ja helppoa. Esimerkkin\u00e4 synnytyksen k\u00e4ynnist\u00e4minen, liikelaskenta, toksemikkopotilaiden ohjaus, latenssivaiheen hoito.<\/p>\n\n\n\n<p>Riskiperheit\u00e4 oli jonkin verran, erityisesti nuoria odottajia. Heid\u00e4n kohdallaan ohjaus oli kannustamista avunpyyt\u00e4miseen ja siihen, ettei tarvitse olla yksin. Seksuaaliterveyden ohjaamista en p\u00e4\u00e4ssyt paljoa tekem\u00e4\u00e4n, sekin j\u00e4\u00e4 tulevaisuuden harjoitteluihin. Kuitenkin puhetta oli potilaiden kanssa l\u00e4heisyyden t\u00e4rkeydest\u00e4 synnytyksen alkaessa ja puolison tuesta sek\u00e4 l\u00e4sn\u00e4olosta.<\/p>\n\n\n\n<p><strong>Kliininen osaaminen<\/strong><\/p>\n\n\n\n<p>Hyv\u00e4n pohjan lis\u00e4ksi, mielest\u00e4ni esimerkiksi KTG- k\u00e4yr\u00e4n ottaminen sujuu minulta ihan hyvin. Olen p\u00e4\u00e4ssyt raskaana olevilta sit\u00e4 ottamaan, sek\u00e4 tekem\u00e4\u00e4n ulko- ja sis\u00e4tutkimuksia. My\u00f6s geminien KTG-k\u00e4yr\u00e4n ajaminen tuli tutuksi.<\/p>\n\n\n\n<p>Osaan toteuttaa k\u00e4ynnistyspotilaan l\u00e4\u00e4kehoitoa, sek\u00e4 toksemia potilaan l\u00e4\u00e4kehoitoa. My\u00f6s kivunhoitoon, toksemiaan ja k\u00e4ynnistykseen liittyv\u00e4\u00e4 KTG-k\u00e4yr\u00e4n tulkitsemista olen tehnyt paljon, sek\u00e4 siihen liittyv\u00e4\u00e4 l\u00e4\u00e4kehoitoa. K\u00e4yr\u00e4n tulkitseminen itsess\u00e4\u00e4n on kehittynyt hyvin paljon. L\u00e4\u00e4kkeett\u00f6mi\u00e4 kivunhoitomenetelmi\u00e4 olen p\u00e4\u00e4ssyt my\u00f6s hy\u00f6dynt\u00e4m\u00e4\u00e4n hyvin. <\/p>\n\n\n\n<p>Aseptiikka on t\u00e4rke\u00e4\u00e4 ja siihen kiinnit\u00e4n huomioita. Nestehoitoa toteutetaan melko paljon, ja kanylointia olen p\u00e4\u00e4ssyt tekem\u00e4\u00e4n my\u00f6s. Toki enemm\u00e4n olisin sit\u00e4 kaivannut. Kirjaaminen on tullut tutuksi ja harjaantunut harjoittelun aikana. Osaan jo oppia tunnistamaan, mist\u00e4 kirjata ja mik\u00e4 ei ole niin oleellista. <\/p>\n\n\n\n<p><strong>Moniammatillinen ja -kulttuurinen osaaminen<\/strong><\/p>\n\n\n\n<p>Moniammatillisuus tietenkin hyvin tuttua. T\u00e4\u00e4ll\u00e4 se on ollut erilaista, kuin muissa harjoitteluissa ja se on ollut mukavaa oppia, ket\u00e4 kaikkia kuuluu raskaana olevan hoitoon. Osastolla on konsultoitu aina kriisity\u00f6ntekij\u00e4st\u00e4 vauvatehon ty\u00f6ntekij\u00f6ihin ja pediatriin.<\/p>\n\n\n\n<p>Raportointia olen tehnyt harjoittelun aikana paljon. Se ehk\u00e4 hieman vaikeampaa, mutta siihenkin oppinut pikkuhiljaa. Se on jatkossa asia, mihin aion kunnolla paneutua.<\/p>\n\n\n\n<p><\/p>\n","protected":false},"excerpt":{"rendered":"<p>Eettinen osaaminen Oma ammatillinen toiminta on kehittynyt joka harjoittelun my\u00f6t\u00e4 ja koen eettisen osaamiseni olevan hyv\u00e4ll\u00e4 tasolla. Potilas tulee kohdata yksil\u00f6n\u00e4 ja kunnioittaa H\u00e4nen toiveita, sek\u00e4 potilaskohtaisia tarpeita ammatillisesti. Olen oppinut kunnioittamaan asiakkaan omaa tilaa ja haavoittuvaisuutta, joka on varmasti hy\u00f6dyksi minulle ja asiakkaalle. Harjoittelu on vaatinut eettist\u00e4 pohdintaa ja &#8230; <a class=\"continue-reading-link\" href=\"https:\/\/blogi.savonia.fi\/juliaporko\/katilotyon-harjoittelut\/tkhra1-katilotyon-harjoittelu-raskausaikana\/loppuarviointi\/\"> Continue reading<\/a><\/p>\n","protected":false},"author":7982,"featured_media":0,"parent":316,"menu_order":2,"comment_status":"open","ping_status":"closed","template":"","meta":{"footnotes":""},"class_list":["post-351","page","type-page","status-publish","hentry"],"_links":{"self":[{"href":"https:\/\/blogi.savonia.fi\/juliaporko\/wp-json\/wp\/v2\/pages\/351","targetHints":{"allow":["GET"]}}],"collection":[{"href":"https:\/\/blogi.savonia.fi\/juliaporko\/wp-json\/wp\/v2\/pages"}],"about":[{"href":"https:\/\/blogi.savonia.fi\/juliaporko\/wp-json\/wp\/v2\/types\/page"}],"author":[{"embeddable":true,"href":"https:\/\/blogi.savonia.fi\/juliaporko\/wp-json\/wp\/v2\/users\/7982"}],"replies":[{"embeddable":true,"href":"https:\/\/blogi.savonia.fi\/juliaporko\/wp-json\/wp\/v2\/comments?post=351"}],"version-history":[{"count":11,"href":"https:\/\/blogi.savonia.fi\/juliaporko\/wp-json\/wp\/v2\/pages\/351\/revisions"}],"predecessor-version":[{"id":363,"href":"https:\/\/blogi.savonia.fi\/juliaporko\/wp-json\/wp\/v2\/pages\/351\/revisions\/363"}],"up":[{"embeddable":true,"href":"https:\/\/blogi.savonia.fi\/juliaporko\/wp-json\/wp\/v2\/pages\/316"}],"wp:attachment":[{"href":"https:\/\/blogi.savonia.fi\/juliaporko\/wp-json\/wp\/v2\/media?parent=351"}],"curies":[{"name":"wp","href":"https:\/\/api.w.org\/{rel}","templated":true}]}}