{"id":364,"date":"2024-08-05T12:34:56","date_gmt":"2024-08-05T09:34:56","guid":{"rendered":"https:\/\/blogi.savonia.fi\/juliaporko\/?page_id=364"},"modified":"2024-09-08T16:05:24","modified_gmt":"2024-09-08T13:05:24","slug":"tkhn1-katilotyon-harjoittelu-naistentaudit-osasto","status":"publish","type":"page","link":"https:\/\/blogi.savonia.fi\/juliaporko\/katilotyon-harjoittelut\/tkhn1-katilotyon-harjoittelu-naistentaudit-osasto\/","title":{"rendered":"TKHN1\u00a0K\u00e4til\u00f6ty\u00f6n harjoittelu naistentaudit (osasto)"},"content":{"rendered":"\n<p id=\"block-cb79dd98-f7b0-41b2-9821-25dea2ee4cad\"><strong><br>Harjoittelujakso:\u00a0<\/strong>TKHN1 K\u00e4til\u00f6ty\u00f6n harjoittelu naistentaudit, osasto<\/p>\n\n\n\n<p id=\"block-0629e48f-0fcb-4fa9-b85b-55ebfbb53174\"><strong>Harjoittelupaikka:\u00a0<\/strong>P\u00e4ij\u00e4t-H\u00e4meen keskussairaala, osasto R2<\/p>\n\n\n\n<p id=\"block-d9fd4a83-ce41-409f-9b50-4ce1b2335314\"><strong>Harjoitteluaika:\u00a0<\/strong>viikot 34-36<\/p>\n\n\n\n<p id=\"block-fe3a3203-bdc2-42bd-861b-658ef13edcc1\"><strong>Harjoittelupaikan k\u00e4til\u00f6ohjaajien nimet ja yhteystiedot:<\/strong><\/p>\n\n\n\n<p id=\"block-8f072142-dc4c-425f-9b5b-306550af4e13\">Eerika Ranta, eerika.ranta@paijatha.fi<\/p>\n\n\n\n<p>Elisa Salminen, elisa.salminen@paijatha.fi<\/p>\n\n\n\n<p id=\"block-5c8fa644-0ad1-4dd7-b304-d426a5b4e6ed\"><strong>Harjoittelua ohjaavan opettajan nimi ja yhteystiedot:<\/strong><\/p>\n\n\n\n<p id=\"block-39c4b4f8-0066-4eba-848c-9edc5eb5fba1\">Anna-Kaisa Kokkonen, anna-kaisa.kokkonen@savonia.fi<\/p>\n\n\n\n<p id=\"block-79e1a783-1f9b-4132-bfb1-600ab03d0bc3\"><strong>T\u00e4h\u00e4n asti tehdyt k\u00e4til\u00f6ty\u00f6n harjoittelut:<\/strong><\/p>\n\n\n\n<p id=\"block-b847c8b0-7a9c-4f7a-8a8e-e6188f5e3490\">TKHARA1 K\u00e4til\u00f6ty\u00f6n harjoittelu raskausaikana (PSHVA Naisten akuuttikeskus, tarkkailuosasto 4 viikkoa)<\/p>\n\n\n\n<p id=\"block-0471fd00-4347-4844-a81f-3c709e6835dd\">TKHLAP1 K\u00e4til\u00f6ty\u00f6n harjoittelu lapsivuodeaikana (Espoon\/Jorvin sairaala, osasto N6, 3 viikkoa)<\/p>\n\n\n\n<p id=\"block-bfe40dd3-e364-4ea5-827f-776d0485f70c\"><strong>K\u00e4til\u00f6ty\u00f6n harjoittelukirja<\/strong>:<\/p>\n\n\n\n<p>Naistentautipotilaan hoitoty\u00f6: &#8211;<\/p>\n\n\n\n<p>Raskauden aikainen k\u00e4til\u00f6ty\u00f6 85kpl<\/p>\n\n\n\n<p>Vastasyntyneen k\u00e4til\u00f6ty\u00f6 23kpl<\/p>\n\n\n\n<p>Erityistarkkailua vaativan vastasyntyneen k\u00e4til\u00f6ty\u00f6 6kpl<\/p>\n\n\n\n<p>Lapsivuodeajan k\u00e4til\u00f6ty\u00f6 18kpl<\/p>\n\n\n\n<p>Korkean riskin raskauden, synnytyksen ja lapsivuodeajan k\u00e4til\u00f6ty\u00f6 39<\/p>\n","protected":false},"excerpt":{"rendered":"<p>Harjoittelujakso:\u00a0TKHN1 K\u00e4til\u00f6ty\u00f6n harjoittelu naistentaudit, osasto Harjoittelupaikka:\u00a0P\u00e4ij\u00e4t-H\u00e4meen keskussairaala, osasto R2 Harjoitteluaika:\u00a0viikot 34-36 Harjoittelupaikan k\u00e4til\u00f6ohjaajien nimet ja yhteystiedot: Eerika Ranta, eerika.ranta@paijatha.fi Elisa Salminen, elisa.salminen@paijatha.fi Harjoittelua ohjaavan opettajan nimi ja yhteystiedot: Anna-Kaisa Kokkonen, anna-kaisa.kokkonen@savonia.fi T\u00e4h\u00e4n asti tehdyt k\u00e4til\u00f6ty\u00f6n harjoittelut: TKHARA1 K\u00e4til\u00f6ty\u00f6n harjoittelu raskausaikana (PSHVA Naisten akuuttikeskus, tarkkailuosasto 4 viikkoa) TKHLAP1 K\u00e4til\u00f6ty\u00f6n harjoittelu lapsivuodeaikana &#8230; <a class=\"continue-reading-link\" href=\"https:\/\/blogi.savonia.fi\/juliaporko\/katilotyon-harjoittelut\/tkhn1-katilotyon-harjoittelu-naistentaudit-osasto\/\"> Continue reading<\/a><\/p>\n","protected":false},"author":7982,"featured_media":0,"parent":376,"menu_order":2,"comment_status":"closed","ping_status":"closed","template":"","meta":{"footnotes":""},"class_list":["post-364","page","type-page","status-publish","hentry"],"_links":{"self":[{"href":"https:\/\/blogi.savonia.fi\/juliaporko\/wp-json\/wp\/v2\/pages\/364","targetHints":{"allow":["GET"]}}],"collection":[{"href":"https:\/\/blogi.savonia.fi\/juliaporko\/wp-json\/wp\/v2\/pages"}],"about":[{"href":"https:\/\/blogi.savonia.fi\/juliaporko\/wp-json\/wp\/v2\/types\/page"}],"author":[{"embeddable":true,"href":"https:\/\/blogi.savonia.fi\/juliaporko\/wp-json\/wp\/v2\/users\/7982"}],"replies":[{"embeddable":true,"href":"https:\/\/blogi.savonia.fi\/juliaporko\/wp-json\/wp\/v2\/comments?post=364"}],"version-history":[{"count":5,"href":"https:\/\/blogi.savonia.fi\/juliaporko\/wp-json\/wp\/v2\/pages\/364\/revisions"}],"predecessor-version":[{"id":395,"href":"https:\/\/blogi.savonia.fi\/juliaporko\/wp-json\/wp\/v2\/pages\/364\/revisions\/395"}],"up":[{"embeddable":true,"href":"https:\/\/blogi.savonia.fi\/juliaporko\/wp-json\/wp\/v2\/pages\/376"}],"wp:attachment":[{"href":"https:\/\/blogi.savonia.fi\/juliaporko\/wp-json\/wp\/v2\/media?parent=364"}],"curies":[{"name":"wp","href":"https:\/\/api.w.org\/{rel}","templated":true}]}}