{"id":366,"date":"2024-08-05T12:37:59","date_gmt":"2024-08-05T09:37:59","guid":{"rendered":"https:\/\/blogi.savonia.fi\/juliaporko\/?page_id=366"},"modified":"2024-08-05T13:25:40","modified_gmt":"2024-08-05T10:25:40","slug":"lahtotaso-ja-tavoitteet","status":"publish","type":"page","link":"https:\/\/blogi.savonia.fi\/juliaporko\/katilotyon-harjoittelut\/tkhn1-katilotyon-harjoittelu-naistentaudit-osasto\/lahtotaso-ja-tavoitteet\/","title":{"rendered":"L\u00e4ht\u00f6taso ja tavoitteet"},"content":{"rendered":"\n<p><strong>Eettinen osaaminen ja ammatillisuus<\/strong><\/p>\n\n\n\n<p>Harjoittelussa keski\u00f6ss\u00e4 oman ammatillisuuden ja vastuunottamisen kehittyminen. Minulle t\u00e4ss\u00e4 harjoittelussa on t\u00e4rke\u00e4\u00e4 juuri kehitty\u00e4 ammatillisesta n\u00e4k\u00f6kulmasta, luoda uusia toimivia toimintatapoja ja tarkastella sit\u00e4, miten otan palautetta vastaan ja hy\u00f6dynn\u00e4n sit\u00e4. Haluan yh\u00e4 huomioida omat vastuualueet, mutta pyrin silti ottamaan vastuuta enemm\u00e4n ja olemaan rohkeampi sill\u00e4 saralla. Hienovaraisuus naistentautien \u00e4\u00e4rell\u00e4 on todella t\u00e4rke\u00e4\u00e4. Varmasti sen puolesta tulee my\u00f6s eettist\u00e4 pohdintaa, on mukava ett\u00e4 p\u00e4\u00e4sen harjoitteluun osastolle, miss\u00e4 on paljon samanlaisia potilasryhmi\u00e4, joten p\u00e4\u00e4see syventym\u00e4\u00e4n my\u00f6s potilaan henkiseen kokemukseen hoidosta ja mahdollisista sairauksista. Toivon ett\u00e4 pystyn olemaan my\u00f6s henkisesti heille tukena.<\/p>\n\n\n\n<p><strong>Terveyden edist\u00e4misen osaaminen<\/strong><\/p>\n\n\n\n<p>Eri sis\u00e4lt\u00f6alueet ja niiden t\u00e4rkeys on tavoitteena sis\u00e4ist\u00e4\u00e4 ja terveysneuvonnan antaminen varmasti yksi t\u00e4rkeimpi\u00e4 omia tavoitteita. N\u00e4ihin p\u00e4\u00e4st\u00e4kseen varmasti minun t\u00e4ytyy kertailla teoriaa ja kysell\u00e4 ep\u00e4varmoja asioita. T\u00e4rke\u00e4\u00e4 minulle on olla aktiivinen ja kysell\u00e4 mahdollisimman paljon. <\/p>\n\n\n\n<p><strong>Ohjausosaaminen<\/strong><\/p>\n\n\n\n<p>Luulen, ett\u00e4 my\u00f6s ohjaaminen saattaa olla hieman hankalaa alkuun, sill\u00e4 on j\u00e4lleen niin uusi osa-alue harjoitteluiden osalta. Seksuaaliohjauksen antaminen ei tunnu ep\u00e4mukavalta, ja toivon, ett\u00e4 t\u00e4m\u00e4 olisi asia, miss\u00e4 pystyisin tuomaan itse\u00e4ni hyvin esille olemalla rohkea ja reilusti ottamaan puheeksi, kun n\u00e4en tarpeen. Toivon, ett\u00e4 pystyn ohjaamisen avulla voimaannuttamaan naisia ja tukemaan heit\u00e4 el\u00e4m\u00e4nkaaren vaiheesta huolimatta.<\/p>\n\n\n\n<p><strong>Kliininen osaaminen<\/strong><\/p>\n\n\n\n<p>Toivon, ett\u00e4 p\u00e4\u00e4sen toteuttamaan l\u00e4\u00e4kehoitoa mahdollisimman paljon. Tahdon oppia k\u00e4til\u00f6ty\u00f6n k\u00e4yt\u00e4nt\u00f6j\u00e4 naistentautien hoidossa, esimerkiksi miten v\u00e4lineit\u00e4 hy\u00f6dynnet\u00e4\u00e4n, mitk\u00e4 ovat oleellisia ty\u00f6kaluja ja miten potilas voi olla omassa hoidossa osallinen mahdollisimman paljon. T\u00e4h\u00e4n keinona varmasti aktiivinen kuunteleminen ja osallistuminen hoitoon ohjaajan kanssa yhdess\u00e4, paljon kysellen.<\/p>\n\n\n\n<p><strong>Moniammatillinen ja kulttuurinen osaaminen<\/strong><\/p>\n\n\n\n<p>Minusta on niin t\u00e4rke\u00e4\u00e4 p\u00e4\u00e4st\u00e4 tukemaan naisia v\u00e4litt\u00e4m\u00e4tt\u00e4 sairaudesta, el\u00e4m\u00e4nvaiheesta tai i\u00e4st\u00e4. Tahdon ehdottomasti ottaa huomioon kulttuuriset ja yksil\u00f6lliset tekij\u00e4t, sill\u00e4 ollaan todenn\u00e4k\u00f6isesti hyvin intiimien asioiden \u00e4\u00e4relle. T\u00e4ss\u00e4 auttaa toki moniammatillisuus ja kollegoiden hiljaisenkin tiedon hy\u00f6dynt\u00e4minen. On my\u00f6s todella t\u00e4rke\u00e4\u00e4 olla aito ja kohdata potilaat aina yksil\u00f6llisesti ja jokaisen omat tarpeet huomioiden.<\/p>\n","protected":false},"excerpt":{"rendered":"<p>Eettinen osaaminen ja ammatillisuus Harjoittelussa keski\u00f6ss\u00e4 oman ammatillisuuden ja vastuunottamisen kehittyminen. Minulle t\u00e4ss\u00e4 harjoittelussa on t\u00e4rke\u00e4\u00e4 juuri kehitty\u00e4 ammatillisesta n\u00e4k\u00f6kulmasta, luoda uusia toimivia toimintatapoja ja tarkastella sit\u00e4, miten otan palautetta vastaan ja hy\u00f6dynn\u00e4n sit\u00e4. Haluan yh\u00e4 huomioida omat vastuualueet, mutta pyrin silti ottamaan vastuuta enemm\u00e4n ja olemaan rohkeampi sill\u00e4 saralla. &#8230; <a class=\"continue-reading-link\" href=\"https:\/\/blogi.savonia.fi\/juliaporko\/katilotyon-harjoittelut\/tkhn1-katilotyon-harjoittelu-naistentaudit-osasto\/lahtotaso-ja-tavoitteet\/\"> Continue reading<\/a><\/p>\n","protected":false},"author":7982,"featured_media":0,"parent":364,"menu_order":1,"comment_status":"open","ping_status":"closed","template":"","meta":{"footnotes":""},"class_list":["post-366","page","type-page","status-publish","hentry"],"_links":{"self":[{"href":"https:\/\/blogi.savonia.fi\/juliaporko\/wp-json\/wp\/v2\/pages\/366","targetHints":{"allow":["GET"]}}],"collection":[{"href":"https:\/\/blogi.savonia.fi\/juliaporko\/wp-json\/wp\/v2\/pages"}],"about":[{"href":"https:\/\/blogi.savonia.fi\/juliaporko\/wp-json\/wp\/v2\/types\/page"}],"author":[{"embeddable":true,"href":"https:\/\/blogi.savonia.fi\/juliaporko\/wp-json\/wp\/v2\/users\/7982"}],"replies":[{"embeddable":true,"href":"https:\/\/blogi.savonia.fi\/juliaporko\/wp-json\/wp\/v2\/comments?post=366"}],"version-history":[{"count":6,"href":"https:\/\/blogi.savonia.fi\/juliaporko\/wp-json\/wp\/v2\/pages\/366\/revisions"}],"predecessor-version":[{"id":373,"href":"https:\/\/blogi.savonia.fi\/juliaporko\/wp-json\/wp\/v2\/pages\/366\/revisions\/373"}],"up":[{"embeddable":true,"href":"https:\/\/blogi.savonia.fi\/juliaporko\/wp-json\/wp\/v2\/pages\/364"}],"wp:attachment":[{"href":"https:\/\/blogi.savonia.fi\/juliaporko\/wp-json\/wp\/v2\/media?parent=366"}],"curies":[{"name":"wp","href":"https:\/\/api.w.org\/{rel}","templated":true}]}}