{"id":385,"date":"2024-09-03T16:43:59","date_gmt":"2024-09-03T13:43:59","guid":{"rendered":"https:\/\/blogi.savonia.fi\/juliaporko\/?page_id=385"},"modified":"2024-09-03T16:43:59","modified_gmt":"2024-09-03T13:43:59","slug":"loppuarviointi","status":"publish","type":"page","link":"https:\/\/blogi.savonia.fi\/juliaporko\/katilotyon-harjoittelut\/tkhn1-katilotyon-harjoittelu-naistentaudit-osasto\/loppuarviointi\/","title":{"rendered":"Loppuarviointi\u00a0"},"content":{"rendered":"\n<p><strong>Eettinen osaaminen ja ammatillisuus<\/strong>&nbsp;<\/p>\n\n\n\n<p>On ollut antoisaa hoitaa potilasryhmi\u00e4, jotka todella arvostavat ty\u00f6t\u00e4, mit\u00e4 teet. Se, ett\u00e4 osaa olla hienovarainen ja toimia omien arvojen mukaisesti kyll\u00e4 palkitaan ja potilaiden kohtaaminen yksil\u00f6llisesti on ollut hyv\u00e4 keino tukea potilaita my\u00f6s henkisesti. Osaan jo hyvin kohdata potilaat niin, ett\u00e4 en my\u00f6sk\u00e4\u00e4n anna rankempien casejen menn\u00e4 \u201cihon alle\u201d, vaan pyrin tilanteeseen n\u00e4hden olemaan positiivinen ja iloinen. Lohduttavia sanoja on vaikeasti sairaille v\u00e4lill\u00e4 vaikea l\u00f6yt\u00e4\u00e4, mutta hyvin mielest\u00e4ni pystyn silti olemaan potilaan tukena.&nbsp;&nbsp;<\/p>\n\n\n\n<p>Jotkin asioista ovat haastavia k\u00e4sitt\u00e4\u00e4, varsinkin kun nuori henkil\u00f6 sairastuu vakavasti, mutta oman ty\u00f6roolin ja henkil\u00f6kohtaisen n\u00e4kemyksen kehitys on ollut hy\u00f6dyksi t\u00e4ss\u00e4. Mielest\u00e4ni p\u00e4\u00e4sin hyvin n\u00e4iss\u00e4 asioissa tavoitteeseen, sill\u00e4 itsell\u00e4 ammatillinen kehittyminen oli huomattavinta harjoittelun aikana.&nbsp;<\/p>\n\n\n\n<p><strong>Terveyden edist\u00e4misen osaaminen<\/strong>&nbsp;<\/p>\n\n\n\n<p>Terveysneuvonnan antamine liittyi kokonaisvaltaiseen hyvinvointiin, kuten ruokailuihin ja nesteytykseen, mink\u00e4laisiin asioihin kiinnitt\u00e4\u00e4 omassa voinnissa ja mitk\u00e4 ovat asioita, joiden avulla potilas voisi kehitt\u00e4\u00e4 omaa hyvinvointia sairaudesta huolimatta. Potilaita oli melko v\u00e4h\u00e4n, joten sen puolesta toivon, ett\u00e4 p\u00e4\u00e4sisin lis\u00e4\u00e4 tutustumaan, mink\u00e4laista terveysneuvontaa naistentautien potilaalle voi antaa.&nbsp;<\/p>\n\n\n\n<p><strong>Ohjausosaaminen<\/strong>&nbsp;<\/p>\n\n\n\n<p>Potilaiden ohjaaminen liittyi eniten osastolla olemiseen liittyv\u00e4\u00e4n ohjaukseen, esimerkiksi ruokailuun, nesteytykseen ja yleisen voinnin yll\u00e4pitoon. Potilasryhm\u00e4n\u00e4 esimerkiksi sy\u00f6p\u00e4\u00e4 sairastavat tarvitsivat paljon tukea monella el\u00e4m\u00e4nalueen saralla ja t\u00e4h\u00e4n p\u00e4\u00e4si hyvin tutustumaan. Raskaudenkeskeytysten hoitaminen vaati my\u00f6s ohjaamista. Kuitenkin potilasryhm\u00e4t sijoittuivat l\u00e4hinn\u00e4 sy\u00f6p\u00e4\u00e4 sairastaviin naisiin, joten se on seuraavassa naistentautien harjoittelussa tavoitteena, ett\u00e4 p\u00e4\u00e4sisi lis\u00e4\u00e4 tutustumaan erilaisten potilasryhmien ohjaukseen.&nbsp;<\/p>\n\n\n\n<p><strong>Kliininen osaaminen<\/strong>&nbsp;<\/p>\n\n\n\n<p>P\u00e4\u00e4sin toteuttamaan l\u00e4\u00e4kehoitoa erityisesti infektion hoitoon liittyen. My\u00f6s kivunhoitoa ja esimerkiksi ravitsemukseen liittyv\u00e4\u00e4 kliinist\u00e4 hoitoty\u00f6t\u00e4, nen\u00e4mahaletkun laittoa, avanteet ja sy\u00f6p\u00e4potilaan pahoinvoinnin hoitoty\u00f6t\u00e4. My\u00f6s injektioita oli ja gynekologisia toimenpiteit\u00e4 oli muutamia. Raskauden keskeytyksi\u00e4 oli my\u00f6s muutamia, joiden l\u00e4\u00e4kehoitoa p\u00e4\u00e4si toteuttamaan. Olisin kaivannut enemm\u00e4n puuhaa k\u00e4sill\u00e4 ja laajempaa k\u00e4sityst\u00e4 kliinisest\u00e4 puolesta. Osastolla oli tosiaan melko v\u00e4h\u00e4n gynekologisia potilaita harjoittelun ajan, mutta my\u00f6s jo keskusteleminen ja kyseleminen eri potilasryhmist\u00e4 on tuonut uusia n\u00e4kemyksi\u00e4 gynekologisen potilaan hoitamiseen.&nbsp;&nbsp;<\/p>\n\n\n\n<p><strong>Moniammatillinen ja kulttuurinen osaaminen<\/strong>&nbsp;<\/p>\n\n\n\n<p>Moniammatillisuuden hy\u00f6dynt\u00e4minen on ollut iso osa harjoittelua, sill\u00e4 l\u00e4hes kaikki potilasryhm\u00e4t, joita hoidin, on vaatinut hoidonsuunnittelua, psyykkist\u00e4 tukea, ravitsemusterapiaa ja muiden tutkimusten my\u00f6t\u00e4 vaikka mit\u00e4 ammattialojen asiantuntijoiden yhteisty\u00f6t\u00e4. Kulttuurisia eroja on ollut hyv\u00e4 huomioida, sill\u00e4 jokainen ihminen on hyvin erilainen ja kaipaa erilaista suhtautumista omaan hoitoonsa. Hoitoon motivoiminen on vaatinut erilaisia keinoja, joita pystyy hy\u00f6dynt\u00e4\u00e4 potilaan ohjaamisessa.&nbsp;&nbsp;<\/p>\n\n\n\n<p>Melko v\u00e4h\u00e4n hyvin erilaisia kulttuuriryhmi\u00e4 harjoittelun aikana on tullut vastaan, mutta sis\u00e4ist\u00e4n ja tiedostan sen vaikutuksen moneen osa-alueeseen.&nbsp;<\/p>\n","protected":false},"excerpt":{"rendered":"<p>Eettinen osaaminen ja ammatillisuus&nbsp; On ollut antoisaa hoitaa potilasryhmi\u00e4, jotka todella arvostavat ty\u00f6t\u00e4, mit\u00e4 teet. Se, ett\u00e4 osaa olla hienovarainen ja toimia omien arvojen mukaisesti kyll\u00e4 palkitaan ja potilaiden kohtaaminen yksil\u00f6llisesti on ollut hyv\u00e4 keino tukea potilaita my\u00f6s henkisesti. Osaan jo hyvin kohdata potilaat niin, ett\u00e4 en my\u00f6sk\u00e4\u00e4n anna rankempien &#8230; <a class=\"continue-reading-link\" href=\"https:\/\/blogi.savonia.fi\/juliaporko\/katilotyon-harjoittelut\/tkhn1-katilotyon-harjoittelu-naistentaudit-osasto\/loppuarviointi\/\"> Continue reading<\/a><\/p>\n","protected":false},"author":7982,"featured_media":0,"parent":364,"menu_order":2,"comment_status":"open","ping_status":"closed","template":"","meta":{"footnotes":""},"class_list":["post-385","page","type-page","status-publish","hentry"],"_links":{"self":[{"href":"https:\/\/blogi.savonia.fi\/juliaporko\/wp-json\/wp\/v2\/pages\/385","targetHints":{"allow":["GET"]}}],"collection":[{"href":"https:\/\/blogi.savonia.fi\/juliaporko\/wp-json\/wp\/v2\/pages"}],"about":[{"href":"https:\/\/blogi.savonia.fi\/juliaporko\/wp-json\/wp\/v2\/types\/page"}],"author":[{"embeddable":true,"href":"https:\/\/blogi.savonia.fi\/juliaporko\/wp-json\/wp\/v2\/users\/7982"}],"replies":[{"embeddable":true,"href":"https:\/\/blogi.savonia.fi\/juliaporko\/wp-json\/wp\/v2\/comments?post=385"}],"version-history":[{"count":1,"href":"https:\/\/blogi.savonia.fi\/juliaporko\/wp-json\/wp\/v2\/pages\/385\/revisions"}],"predecessor-version":[{"id":386,"href":"https:\/\/blogi.savonia.fi\/juliaporko\/wp-json\/wp\/v2\/pages\/385\/revisions\/386"}],"up":[{"embeddable":true,"href":"https:\/\/blogi.savonia.fi\/juliaporko\/wp-json\/wp\/v2\/pages\/364"}],"wp:attachment":[{"href":"https:\/\/blogi.savonia.fi\/juliaporko\/wp-json\/wp\/v2\/media?parent=385"}],"curies":[{"name":"wp","href":"https:\/\/api.w.org\/{rel}","templated":true}]}}