{"id":388,"date":"2024-09-03T16:45:52","date_gmt":"2024-09-03T13:45:52","guid":{"rendered":"https:\/\/blogi.savonia.fi\/juliaporko\/?page_id=388"},"modified":"2024-09-08T15:58:57","modified_gmt":"2024-09-08T12:58:57","slug":"tkhna1-katilotyon-harjoittelu-naistentaudit-poliklinikka","status":"publish","type":"page","link":"https:\/\/blogi.savonia.fi\/juliaporko\/katilotyon-harjoittelut\/tkhna1-katilotyon-harjoittelu-naistentaudit-poliklinikka\/","title":{"rendered":"TKHNA1\u00a0K\u00e4til\u00f6ty\u00f6n harjoittelu naistentaudit (poliklinikka)"},"content":{"rendered":"\n<p><strong>Harjoittelujakso:\u00a0<\/strong>TKHNA1 K\u00e4til\u00f6ty\u00f6n harjoittelu naistentaudit, poliklinikka<\/p>\n\n\n\n<p><strong>Harjoittelupaikka:\u00a0<\/strong>PSSHP\/Kuopio\/KYS\/Naisten poliklinikka 141613<\/p>\n\n\n\n<p><strong>Harjoitteluaika:\u00a0<\/strong>viikot 37-39 (9.9-29.9.2024)<\/p>\n\n\n\n<p><strong>Harjoittelupaikan k\u00e4til\u00f6ohjaajien nimet ja yhteystiedot:<\/strong><\/p>\n\n\n\n<p>Elina Heikkinen, elina.heikkinen@pshyvinvointialue.fi<\/p>\n\n\n\n<p><strong>Harjoittelua ohjaavan opettajan nimi ja yhteystiedot:<\/strong><\/p>\n\n\n\n<p>Anna-Kaisa Kokkonen, anna-kaisa.kokkonen@savonia.fi<\/p>\n\n\n\n<p><strong>T\u00e4h\u00e4n asti tehdyt k\u00e4til\u00f6ty\u00f6n harjoittelut:<\/strong><\/p>\n\n\n\n<p>TKHARA1 K\u00e4til\u00f6ty\u00f6n harjoittelu raskausaikana (PSHVA Naisten akuuttikeskus, tarkkailuosasto 4 viikkoa)<\/p>\n\n\n\n<p>TKHN1 K\u00e4til\u00f6ty\u00f6n harjoittelu naistentaudit (P\u00e4ij\u00e4t-H\u00e4meen keskussairaala, osasto R2, 3 viikkoa)<\/p>\n\n\n\n<p>TKHLAP1 K\u00e4til\u00f6ty\u00f6n harjoittelu lapsivuodeaikana (Espoon\/Jorvin sairaala, osasto N6, 3 viikkoa)<\/p>\n\n\n\n<p><strong>K\u00e4til\u00f6ty\u00f6n harjoittelukirja<\/strong>:<\/p>\n\n\n\n<p>Naistentautipotilaan hoitoty\u00f6: 10kpl<\/p>\n\n\n\n<p>Raskauden aikainen k\u00e4til\u00f6ty\u00f6 86kpl<\/p>\n\n\n\n<p>Vastasyntyneen k\u00e4til\u00f6ty\u00f6 39kpl<\/p>\n\n\n\n<p>Erityistarkkailua vaativan vastasyntyneen k\u00e4til\u00f6ty\u00f6 7kpl<\/p>\n\n\n\n<p>Lapsivuodeajan k\u00e4til\u00f6ty\u00f6 33kpl<\/p>\n\n\n\n<p>Korkean riskin raskauden, synnytyksen ja lapsivuodeajan k\u00e4til\u00f6ty\u00f6 40kpl<\/p>\n","protected":false},"excerpt":{"rendered":"<p>Harjoittelujakso:\u00a0TKHNA1 K\u00e4til\u00f6ty\u00f6n harjoittelu naistentaudit, poliklinikka Harjoittelupaikka:\u00a0PSSHP\/Kuopio\/KYS\/Naisten poliklinikka 141613 Harjoitteluaika:\u00a0viikot 37-39 (9.9-29.9.2024) Harjoittelupaikan k\u00e4til\u00f6ohjaajien nimet ja yhteystiedot: Elina Heikkinen, elina.heikkinen@pshyvinvointialue.fi Harjoittelua ohjaavan opettajan nimi ja yhteystiedot: Anna-Kaisa Kokkonen, anna-kaisa.kokkonen@savonia.fi T\u00e4h\u00e4n asti tehdyt k\u00e4til\u00f6ty\u00f6n harjoittelut: TKHARA1 K\u00e4til\u00f6ty\u00f6n harjoittelu raskausaikana (PSHVA Naisten akuuttikeskus, tarkkailuosasto 4 viikkoa) TKHN1 K\u00e4til\u00f6ty\u00f6n harjoittelu naistentaudit (P\u00e4ij\u00e4t-H\u00e4meen keskussairaala, osasto &#8230; <a class=\"continue-reading-link\" href=\"https:\/\/blogi.savonia.fi\/juliaporko\/katilotyon-harjoittelut\/tkhna1-katilotyon-harjoittelu-naistentaudit-poliklinikka\/\"> Continue reading<\/a><\/p>\n","protected":false},"author":7982,"featured_media":0,"parent":376,"menu_order":4,"comment_status":"closed","ping_status":"closed","template":"","meta":{"footnotes":""},"class_list":["post-388","page","type-page","status-publish","hentry"],"_links":{"self":[{"href":"https:\/\/blogi.savonia.fi\/juliaporko\/wp-json\/wp\/v2\/pages\/388","targetHints":{"allow":["GET"]}}],"collection":[{"href":"https:\/\/blogi.savonia.fi\/juliaporko\/wp-json\/wp\/v2\/pages"}],"about":[{"href":"https:\/\/blogi.savonia.fi\/juliaporko\/wp-json\/wp\/v2\/types\/page"}],"author":[{"embeddable":true,"href":"https:\/\/blogi.savonia.fi\/juliaporko\/wp-json\/wp\/v2\/users\/7982"}],"replies":[{"embeddable":true,"href":"https:\/\/blogi.savonia.fi\/juliaporko\/wp-json\/wp\/v2\/comments?post=388"}],"version-history":[{"count":2,"href":"https:\/\/blogi.savonia.fi\/juliaporko\/wp-json\/wp\/v2\/pages\/388\/revisions"}],"predecessor-version":[{"id":393,"href":"https:\/\/blogi.savonia.fi\/juliaporko\/wp-json\/wp\/v2\/pages\/388\/revisions\/393"}],"up":[{"embeddable":true,"href":"https:\/\/blogi.savonia.fi\/juliaporko\/wp-json\/wp\/v2\/pages\/376"}],"wp:attachment":[{"href":"https:\/\/blogi.savonia.fi\/juliaporko\/wp-json\/wp\/v2\/media?parent=388"}],"curies":[{"name":"wp","href":"https:\/\/api.w.org\/{rel}","templated":true}]}}