{"id":390,"date":"2024-09-03T16:46:46","date_gmt":"2024-09-03T13:46:46","guid":{"rendered":"https:\/\/blogi.savonia.fi\/juliaporko\/?page_id=390"},"modified":"2024-09-08T16:35:25","modified_gmt":"2024-09-08T13:35:25","slug":"lahtotaso-ja-tavoitteet","status":"publish","type":"page","link":"https:\/\/blogi.savonia.fi\/juliaporko\/katilotyon-harjoittelut\/tkhna1-katilotyon-harjoittelu-naistentaudit-poliklinikka\/lahtotaso-ja-tavoitteet\/","title":{"rendered":"L\u00e4ht\u00f6taso ja tavoitteet\u00a0"},"content":{"rendered":"\n<p><strong>Eettinen osaaminen ja ammatillisuus<\/strong>&nbsp;<\/p>\n\n\n\n<p>Luulen, ett\u00e4 poliklinikalla ty\u00f6skentely on j\u00e4rjestelm\u00e4llisemp\u00e4\u00e4 ja aikataulutetumpaa, kuin osastolla, joten jo uudenlainen ty\u00f6skentely-ymp\u00e4rist\u00f6 on uusi kokemus. Tiiviimpi ty\u00f6skentely my\u00f6s tuo uusia haasteita omaan ammatillisuuteen, ett\u00e4 miten toiminnasta saa v\u00e4hemm\u00e4n \u201cliukuhihna\u201d -meininki\u00e4, ja ett\u00e4 jokaisen potilaan saa kohdattua yksil\u00f6llisesti, vaikka potilaan el\u00e4m\u00e4nkaareen ei olekaan koko vuoroa aikaa perehty\u00e4.\u00a0\u00a0Osaan kohdata potilaat yksil\u00f6llisesti heid\u00e4n tarpeet huomioiden ja eettist\u00e4 pohdintaa teen paljon joko itsen\u00e4isesti tai tuon esille isommat eettiset dilemmat tai huomiot. Eettisi\u00e4kin asioita olisi hyv\u00e4 pohtia etuk\u00e4teen, jotta niihin voi tilanteen tullessa varautua ja keskustella avoimesti my\u00f6s itse potilaan kanssa eettist\u00e4 pohdintaa her\u00e4tt\u00e4vist\u00e4 tilanteista. <\/p>\n\n\n\n<p><strong>Terveyden edist\u00e4misen osaaminen<\/strong>&nbsp;<\/p>\n\n\n\n<p>Pyrin huomioimaan jokaisen potilaan el\u00e4m\u00e4nkaaren hoidossa, jotta osaan antaa oikeanlaista ja oikeanaikaista ohjausta potilaalle. Terveysneuvontaa haluan antaa potilaalle yksil\u00f6llisesti ja kysy\u00e4 potilaalta itselt\u00e4\u00e4n, mit\u00e4 h\u00e4n toivoisi omaan hyvinvointiinsa liittyen.\u00a0\u00a0Terveysneuvonta, mit\u00e4 olen tehnyt on ollut melko pintapuolista ja harjoittelun aikana on vaikea perehty\u00e4 yhteen aihealueeseen sen perusteellisemmin. Terveysneuvonta, mit\u00e4 osaan, liittyy enemm\u00e4n synnytt\u00e4neiden ohjaamiseen. Haavanhoidon ohjaukset ja esimerkiksi tulehdusten oireiden seuranta on hyvin tuttua. Naistentautien potilasta olen ohjannut juuri n\u00e4iden tulehdusten merkkien seuraamisen suhteen, sek\u00e4 esimerkiksi vuotojen seuraamista. Naistentautien osastoharjoittelussa hoidin paljon sy\u00f6p\u00e4\u00e4 sairastavia potilaita. Toki aikaisempien harjoitteluiden pohjalta liikuntaan, ravitsemukseen ja el\u00e4m\u00e4ntapoihin liittyv\u00e4\u00e4 ohjausta tekee usein. Olisi hyv\u00e4 p\u00e4\u00e4st\u00e4 ohjaamaan juuri esimerkiksi hedelm\u00e4llisyyteen liittyv\u00e4\u00e4 ohjausta. Ehk\u00e4isyyn ja seksuaalisuuteen liittyv\u00e4\u00e4 ohjausta my\u00f6s olisi mielenkiintoista p\u00e4\u00e4st\u00e4 toteuttamaan. <\/p>\n\n\n\n<p><strong>Ohjausosaaminen<\/strong>&nbsp;<\/p>\n\n\n\n<p>N\u00e4ytt\u00f6\u00f6n perustuva ja potilasl\u00e4ht\u00f6inen ohjaaminen on joka paikassa erilaista, mutta luotan, ett\u00e4 saan tutustua hyvin eri potilasryhmiin ja siten antaa oikeanlaista ohjausta. Tykk\u00e4\u00e4n my\u00f6s siit\u00e4, ett\u00e4 saan seurata, mink\u00e4laisella tyylill\u00e4 muut ohjaavat ja siten l\u00f6yd\u00e4n hyvin oman tyylini. My\u00f6s kokeilemalla ja ohjaajan t\u00e4ydent\u00e4mill\u00e4 kommenteilla varmasti muistij\u00e4lki on hyv\u00e4.\u00a0\u00a0Kuukautiskierron vaikutukset hormoonitoimintaan ja siten hoitoon on teoriassa muistissa, mutta n\u00e4it\u00e4 olisi kiva p\u00e4\u00e4st\u00e4 soveltamaan. <\/p>\n\n\n\n<p><strong>Kliininen osaaminen<\/strong>&nbsp;<\/p>\n\n\n\n<p>T\u00e4m\u00e4 on nyt osa-alue, mihin haluan eniten keskitty\u00e4, sill\u00e4 osastoharjoittelussa oli melko v\u00e4h\u00e4n k\u00e4dentaitojen kehitt\u00e4mist\u00e4. P\u00e4\u00e4sin toteuttamaan suonensis\u00e4ist\u00e4 neste- ja l\u00e4\u00e4kehoitoa paljon sy\u00f6p\u00e4potilaiden hoidossa, sek\u00e4 raskaudenkeskeytyksi\u00e4 hoidin. My\u00f6s toimenpiteen j\u00e4lkeist\u00e4 hoitoa oli, kuten infektioseurantaa ja yleisesti potilaan voinnin seurantaa. Luulen, ett\u00e4 n\u00e4m\u00e4 hy\u00f6dytt\u00e4v\u00e4t minua tiedon ja taitojen soveltamisessa. Olen itseasiassa itse ollut ivf-hoidoissa mukana siten, ett\u00e4 olen ollut luovuttamassa munasoluja, joten t\u00e4t\u00e4 odotan kovasti, jos p\u00e4\u00e4sisi hoidon toiseen puoleen tutustumaan tarkemmin. Teoriassa on tullut opittua asioita, mutta olisi t\u00e4rke\u00e4\u00e4 p\u00e4\u00e4st\u00e4 tekem\u00e4\u00e4n itse mahdollisimman paljon, kuitenkin poliklinikalla tehd\u00e4\u00e4n hyvin erilaisia asioita, kuin osastolla. Papa-kokeiden otto, kanylointi, toimenpiteiss\u00e4 avustaminen, botox-hoidot, tvt, loopit ym. olisi mukava edes teoriassa k\u00e4yd\u00e4 l\u00e4pi kertausmieless\u00e4 tai ihan k\u00e4yt\u00e4nn\u00f6ss\u00e4, jos tulisi kyseisi\u00e4 toimenpiteit\u00e4. Haluan olla aktiivinen ja menn\u00e4 ihan vaan kaikkeen mahdolliseen mukaan, mihin harjoittelun aikana on mahdollista p\u00e4\u00e4st\u00e4.\u00a0<\/p>\n\n\n\n<p><strong>Moniammatillinen ja kulttuurinen osaaminen<\/strong>&nbsp;<\/p>\n\n\n\n<p>Minusta on niin t\u00e4rke\u00e4\u00e4 p\u00e4\u00e4st\u00e4 tukemaan naisia v\u00e4litt\u00e4m\u00e4tt\u00e4 sairaudesta, el\u00e4m\u00e4nvaiheesta tai i\u00e4st\u00e4. Tahdon ehdottomasti ottaa huomioon kulttuuriset ja yksil\u00f6lliset tekij\u00e4t, sill\u00e4 ollaan todenn\u00e4k\u00f6isesti hyvin intiimien asioiden \u00e4\u00e4relle. T\u00e4ss\u00e4 auttaa toki moniammatillisuus ja kollegoiden hiljaisenkin tiedon hy\u00f6dynt\u00e4minen. On my\u00f6s todella t\u00e4rke\u00e4\u00e4 olla aito ja kohdata potilaat aina yksil\u00f6llisesti ja jokaisen omat tarpeet huomioiden.\u00a0T\u00e4m\u00e4n osa-alueen osaaminen on vaikea opetella, vaan se tulee ainakin itsell\u00e4 aika itsest\u00e4\u00e4n. Olen jo pikkuhiljaa oppinut soveltamaan tietoa ja siten auttamaan perheit\u00e4 ja naisia ymm\u00e4rt\u00e4m\u00e4\u00e4n omaa tilannetta paremmin. Usein tiet\u00e4isin, mit\u00e4 sanoa vaikeissakin tilanteissa, mutta tuntuu ettei uskalla. Toivon, ett\u00e4 uskallan olla koko ajan rohkeampi ja my\u00f6s luottamaan itseeni ja osaamiseeni, sek\u00e4 olemaan aktiivinen kyselem\u00e4\u00e4n ja kyseenalaistamaan. <\/p>\n","protected":false},"excerpt":{"rendered":"<p>Eettinen osaaminen ja ammatillisuus&nbsp; Luulen, ett\u00e4 poliklinikalla ty\u00f6skentely on j\u00e4rjestelm\u00e4llisemp\u00e4\u00e4 ja aikataulutetumpaa, kuin osastolla, joten jo uudenlainen ty\u00f6skentely-ymp\u00e4rist\u00f6 on uusi kokemus. Tiiviimpi ty\u00f6skentely my\u00f6s tuo uusia haasteita omaan ammatillisuuteen, ett\u00e4 miten toiminnasta saa v\u00e4hemm\u00e4n \u201cliukuhihna\u201d -meininki\u00e4, ja ett\u00e4 jokaisen potilaan saa kohdattua yksil\u00f6llisesti, vaikka potilaan el\u00e4m\u00e4nkaareen ei olekaan koko vuoroa &#8230; <a class=\"continue-reading-link\" href=\"https:\/\/blogi.savonia.fi\/juliaporko\/katilotyon-harjoittelut\/tkhna1-katilotyon-harjoittelu-naistentaudit-poliklinikka\/lahtotaso-ja-tavoitteet\/\"> Continue reading<\/a><\/p>\n","protected":false},"author":7982,"featured_media":0,"parent":388,"menu_order":1,"comment_status":"open","ping_status":"closed","template":"","meta":{"footnotes":""},"class_list":["post-390","page","type-page","status-publish","hentry"],"_links":{"self":[{"href":"https:\/\/blogi.savonia.fi\/juliaporko\/wp-json\/wp\/v2\/pages\/390","targetHints":{"allow":["GET"]}}],"collection":[{"href":"https:\/\/blogi.savonia.fi\/juliaporko\/wp-json\/wp\/v2\/pages"}],"about":[{"href":"https:\/\/blogi.savonia.fi\/juliaporko\/wp-json\/wp\/v2\/types\/page"}],"author":[{"embeddable":true,"href":"https:\/\/blogi.savonia.fi\/juliaporko\/wp-json\/wp\/v2\/users\/7982"}],"replies":[{"embeddable":true,"href":"https:\/\/blogi.savonia.fi\/juliaporko\/wp-json\/wp\/v2\/comments?post=390"}],"version-history":[{"count":3,"href":"https:\/\/blogi.savonia.fi\/juliaporko\/wp-json\/wp\/v2\/pages\/390\/revisions"}],"predecessor-version":[{"id":400,"href":"https:\/\/blogi.savonia.fi\/juliaporko\/wp-json\/wp\/v2\/pages\/390\/revisions\/400"}],"up":[{"embeddable":true,"href":"https:\/\/blogi.savonia.fi\/juliaporko\/wp-json\/wp\/v2\/pages\/388"}],"wp:attachment":[{"href":"https:\/\/blogi.savonia.fi\/juliaporko\/wp-json\/wp\/v2\/media?parent=390"}],"curies":[{"name":"wp","href":"https:\/\/api.w.org\/{rel}","templated":true}]}}