{"id":409,"date":"2024-09-24T16:23:21","date_gmt":"2024-09-24T13:23:21","guid":{"rendered":"https:\/\/blogi.savonia.fi\/juliaporko\/?page_id=409"},"modified":"2024-09-24T16:44:57","modified_gmt":"2024-09-24T13:44:57","slug":"loppuarviointi","status":"publish","type":"page","link":"https:\/\/blogi.savonia.fi\/juliaporko\/katilotyon-harjoittelut\/tkhlap1-katilotyon-harjoittelu-lapsivuodeaikana\/loppuarviointi\/","title":{"rendered":"Loppuarviointi"},"content":{"rendered":"\n<p id=\"block-50b22864-70bf-47f4-9ccf-15282cd84a80\"><strong>Eettinen osaaminen<\/strong><\/p>\n\n\n\n<p id=\"block-8604c440-57eb-499d-963b-09e2c7239a99\">Osaan toimia eettisten periaatteiden mukaisesti ja noudattaa ty\u00f6ymp\u00e4rist\u00f6n ohjeistuksia. Osaan toimia kollegiaalisesti ja muita kunnioittavasti ty\u00f6ymp\u00e4rist\u00f6ss\u00e4. Jatkuvasti pyrin kehitt\u00e4m\u00e4\u00e4n omaa toimintaani ja kysell\u00e4 paljon kokeneemmilta kollegoilta my\u00f6s hiljaista tietoa. Eettisiss\u00e4 tilanteissa toki toimin k\u00e4til\u00f6ty\u00f6n arvojen mukaisesti, mutta tarvittaessa keskustelen asioista ty\u00f6ymp\u00e4rist\u00f6ss\u00e4, mik\u00e4li tulee tarvetta.<\/p>\n\n\n\n<p id=\"block-a17a9dcd-f9df-438b-97b6-25561ba71be9\"><strong>Ohjaus ja terveyden edist\u00e4misen osaaminen<\/strong><\/p>\n\n\n\n<p id=\"block-dd0c8f55-c507-4ef1-acac-8a1ced88edd7\">Synnytt\u00e4neen naisen ja perheen hyvinvoinnin tukeminen on ollut t\u00e4rke\u00e4ss\u00e4 roolissa. Olen ohjannut paljon synnytyksen j\u00e4lkeen toipumiseen ja palautumiseen liittyvi\u00e4 asioita esimerkiksi lantionpohjan lihaksista, liikunnasta, ruokavalion monipuolisuuden t\u00e4rkeydest\u00e4 ja my\u00f6s milloin olla yhteydess\u00e4, jos her\u00e4\u00e4 huoli omasta tai lapsen hyvinvoinnista.  Ty\u00f6skentely on hyvin paljon ohjaamista, jotta tuoreet vanhemmat oppisivat itse huolehtimaan asioista mahdollisimman paljon. Imetysohjausta osaan antaa, vaikka siin\u00e4 tuskin kukaan on ikin\u00e4 valmis. Osaan ohjata lis\u00e4maitojen antoja, vauvan perushoitoja ja synnytt\u00e4neen, sek\u00e4 vauvan hygieniaan liittyvi\u00e4 asioita. Sektion j\u00e4lkeen osaan ohjata haavanhoitoa, haavan paranemiseen ja paranteluun liittyvi\u00e4 asioita. Repe\u00e4mien hoidon ohjaamista osaan tehd\u00e4, mihin liittyy hygienia ja huolestuttavat oireet ja niiden seuranta. Vauvan voinnin seurantaan liittyvi\u00e4 asioita osaan ohjata, ett\u00e4 milloin olla yhteydess\u00e4, mik\u00e4li vauvan voinnista her\u00e4\u00e4 huoli. My\u00f6s k\u00e4sinlypsy\u00e4 ja rintapumpun k\u00e4ytt\u00f6\u00e4 olen ohjannut. Paljon my\u00f6s varsinkin synnytt\u00e4neen kanssa keskustellaan synnytyksest\u00e4 ja miten sen synnytt\u00e4nyt kokee menneen. Olen tarjonnut henkist\u00e4 tukea ja keskusteluapua tarvittaessa. Paljon olen my\u00f6s ohjannut vanhemmille imetyksen turvamerkkej\u00e4 ja vauvan n\u00e4lk\u00e4viestej\u00e4, sek\u00e4 vauvan nukuttamiseen liittyvi\u00e4 asioita.<\/p>\n\n\n\n<p id=\"block-033a6783-37c4-4807-a22d-9a0328b977bf\"><strong>Kliininen osaaminen<\/strong><\/p>\n\n\n\n<p id=\"block-033a6783-37c4-4807-a22d-9a0328b977bf\">Itselle uutena oppina on tullut vauvan k\u00e4sittely ylip\u00e4\u00e4t\u00e4ns\u00e4. Osaan vaihtaa vaipat pest\u00e4 kylvett\u00e4\u00e4 ym. mutta toki n\u00e4m\u00e4 ohjaan vanhemmille teht\u00e4v\u00e4ksi. Osaan mitata vauvalta kuuloseulan, ottaa verensokereita, happisaturaatiota, painon, bilirubiinin. Osaan arvioida vauvan kielij\u00e4nnett\u00e4, j\u00e4ntevyytt\u00e4 ja keltaisuutta. Synnytt\u00e4neen hoidosta osaan kohdunpainannan, kestokatetrointiin liittyv\u00e4n ohjauksen ja sen poistamisen, synnytt\u00e4neen voinnin seurannasta osaan ohjata j\u00e4lkivuotoon liittyv\u00e4t asiat, rintatulehduksen hoito ja seuranta. Hyvin paljon olen tehnyt imetysohjausta. Osaan toteuttaa vauvan valohoitoa, arvioida hartiadystokian aiheuttamia murtumia, vauvan ravitsemuksen tilaa ja sen ohjaamista imetyksen turvamerkein.<\/p>\n\n\n\n<p id=\"block-f16345cc-9222-4c60-8d51-ee9f266a1a1b\"><strong>Moniammatillinen ja -kulttuurinen osaaminen<\/strong><\/p>\n\n\n\n<p id=\"block-fd26fd0b-c71d-49bf-8e7e-99ffc3883c9c\">Lapsivuodeosastolla moniammatillinen yhteisty\u00f6 on t\u00e4rke\u00e4ss\u00e4 asemassa ja tavoitteena on hy\u00f6dynt\u00e4\u00e4 monialaisesti eri ammattiryhmi\u00e4. P\u00e4\u00e4kaupunkiseudulla enemm\u00e4n korostuu eri kulttuureiden huomiointi ja niiden vaikutus hoitoon ja tapoihin toimia. <\/p>\n","protected":false},"excerpt":{"rendered":"<p>Eettinen osaaminen Osaan toimia eettisten periaatteiden mukaisesti ja noudattaa ty\u00f6ymp\u00e4rist\u00f6n ohjeistuksia. Osaan toimia kollegiaalisesti ja muita kunnioittavasti ty\u00f6ymp\u00e4rist\u00f6ss\u00e4. Jatkuvasti pyrin kehitt\u00e4m\u00e4\u00e4n omaa toimintaani ja kysell\u00e4 paljon kokeneemmilta kollegoilta my\u00f6s hiljaista tietoa. Eettisiss\u00e4 tilanteissa toki toimin k\u00e4til\u00f6ty\u00f6n arvojen mukaisesti, mutta tarvittaessa keskustelen asioista ty\u00f6ymp\u00e4rist\u00f6ss\u00e4, mik\u00e4li tulee tarvetta. Ohjaus ja terveyden edist\u00e4misen &#8230; <a class=\"continue-reading-link\" href=\"https:\/\/blogi.savonia.fi\/juliaporko\/katilotyon-harjoittelut\/tkhlap1-katilotyon-harjoittelu-lapsivuodeaikana\/loppuarviointi\/\"> Continue reading<\/a><\/p>\n","protected":false},"author":7982,"featured_media":0,"parent":331,"menu_order":2,"comment_status":"closed","ping_status":"closed","template":"","meta":{"footnotes":""},"class_list":["post-409","page","type-page","status-publish","hentry"],"_links":{"self":[{"href":"https:\/\/blogi.savonia.fi\/juliaporko\/wp-json\/wp\/v2\/pages\/409","targetHints":{"allow":["GET"]}}],"collection":[{"href":"https:\/\/blogi.savonia.fi\/juliaporko\/wp-json\/wp\/v2\/pages"}],"about":[{"href":"https:\/\/blogi.savonia.fi\/juliaporko\/wp-json\/wp\/v2\/types\/page"}],"author":[{"embeddable":true,"href":"https:\/\/blogi.savonia.fi\/juliaporko\/wp-json\/wp\/v2\/users\/7982"}],"replies":[{"embeddable":true,"href":"https:\/\/blogi.savonia.fi\/juliaporko\/wp-json\/wp\/v2\/comments?post=409"}],"version-history":[{"count":7,"href":"https:\/\/blogi.savonia.fi\/juliaporko\/wp-json\/wp\/v2\/pages\/409\/revisions"}],"predecessor-version":[{"id":418,"href":"https:\/\/blogi.savonia.fi\/juliaporko\/wp-json\/wp\/v2\/pages\/409\/revisions\/418"}],"up":[{"embeddable":true,"href":"https:\/\/blogi.savonia.fi\/juliaporko\/wp-json\/wp\/v2\/pages\/331"}],"wp:attachment":[{"href":"https:\/\/blogi.savonia.fi\/juliaporko\/wp-json\/wp\/v2\/media?parent=409"}],"curies":[{"name":"wp","href":"https:\/\/api.w.org\/{rel}","templated":true}]}}