{"id":424,"date":"2024-09-29T19:29:28","date_gmt":"2024-09-29T16:29:28","guid":{"rendered":"https:\/\/blogi.savonia.fi\/juliaporko\/?page_id=424"},"modified":"2024-10-06T21:14:44","modified_gmt":"2024-10-06T18:14:44","slug":"lahtotaso-ja-tavoitteet","status":"publish","type":"page","link":"https:\/\/blogi.savonia.fi\/juliaporko\/katilotyon-harjoittelut\/tkhsyy1-katilotyon-harjoittelu-synnytyksen-aikana\/lahtotaso-ja-tavoitteet\/","title":{"rendered":"L\u00e4ht\u00f6taso ja tavoitteet\u00a0"},"content":{"rendered":"\n<p><strong>Eettinen osaaminen ja ammatillisuus<\/strong><\/p>\n\n\n\n<p>Eettist\u00e4 osaamista ja ammatillisuutta on aina hyv\u00e4 oppia soveltamaan ja varsinkin nyt t\u00e4ysin uudessa ty\u00f6skentely ymp\u00e4rist\u00f6ss\u00e4 on vaikea etuk\u00e4teen m\u00e4\u00e4ritell\u00e4 tarkkoja tavoitteita. P\u00e4\u00e4osin tavoitteenani on harjoittaa eettist\u00e4 pohdintaa, pyrki\u00e4 tuomaan eettisesti hankalia aiheita esille ja t\u00e4ten kehitt\u00e4\u00e4 ammatillisuuttani sen my\u00f6t\u00e4. <\/p>\n\n\n\n<p>Harjoittelussa on hyv\u00e4 pit\u00e4\u00e4 huoli oman vastuualueen rajoista ja ty\u00f6skennell\u00e4 niiden mukaan. Minun t\u00e4rkein tavoitteeni on olla aktiivinen oppija ja ime\u00e4 niin hiljaista tietoa, kuin k\u00e4dentaitoja kaikin mahdollisin tavoin. Toivon harjoitteluyksik\u00f6lt\u00e4 kannustavaa otetta opiskelijaan ja positiivista asennetta my\u00f6s meihin &#8221;ensikertalaisiin&#8221; salissa, kovasti t\u00e4t\u00e4 harjoittelujaksoa j\u00e4nnit\u00e4n. <\/p>\n\n\n\n<p>Pyrin luottamaan my\u00f6s omaan teorian osaamiseen ja paljon \u00e4\u00e4neen ajattelemista, joka on minulle tullut toimivaksi harjoitteluiden my\u00f6t\u00e4. Herk\u00e4sti saatan sekoittaa asioita, joten minulle olisi t\u00e4rke\u00e4\u00e4, ett\u00e4 korjaan v\u00e4\u00e4r\u00e4t muistikuvat ja ennen tilanteisiin menoa, kertaan itse ja ohjaajan kanssa, mit\u00e4 tehd\u00e4\u00e4n, jotta muistij\u00e4lki olisi mahdollisimman vahva. Eettiselt\u00e4 kannalta minulle my\u00f6s yksi eritt\u00e4in t\u00e4rke\u00e4 tavoite, mik\u00e4 on ollut pitkin harjoitteluita, ett\u00e4 kest\u00e4isin n\u00e4hd\u00e4 kipua toisella ihmisell\u00e4 (esim. synnytys\/supistuskivut). Osaan mielest\u00e4ni hyvin kohdata potilaita ja olenkin tavannut synnytyksen juurella olevia synnytt\u00e4ji\u00e4, eik\u00e4 muuten potilaiden kohtaaminen tunnu miss\u00e4\u00e4n nimess\u00e4 ep\u00e4luontevalta tai vaikealta. N\u00e4m\u00e4kin tavoitteet toki tarkentuvat viel\u00e4 harjoittelun edetess\u00e4, kun tiet\u00e4\u00e4 tarkemmin, mit\u00e4 oikeasti tuleman pit\u00e4\u00e4.<\/p>\n\n\n\n<p><strong>Terveyden edist\u00e4misen osaaminen<\/strong> <strong>ja ohjausosaaminen<\/strong><\/p>\n\n\n\n<p>Osaan antaa imetysohjausta, joka on toki hy\u00f6dyksi vauvan syntyess\u00e4. Osaan hyvin huomioida toimenpiteiss\u00e4 potilaan ja mielest\u00e4ni hyvin huomioin potilaita aina ja kerron, mit\u00e4 teen. Tavoitteenani on osata ohjata synnytyksen edetess\u00e4 synnytt\u00e4j\u00e4lle sopivia ponnistusasentoja tilanteiden mukaan, osata ohjata oikea ponnistusajankohta ja tukea synnytt\u00e4j\u00e4\u00e4 ja tukihenkil\u00f6\u00e4 mahdollisimman hyvin. Minulle itselleni my\u00f6s t\u00e4rke\u00e4 tavoite on, ett\u00e4 mit\u00e4 ikin\u00e4 teen, kerron synnytt\u00e4j\u00e4lle, mit\u00e4 tapahtuu ja pid\u00e4n my\u00f6s tukihenkil\u00f6n ajantasalla. Avautumisvaiheessa tavoitteena on oppia ohjaamaan hyvin kivunlievitykseen liittyvi\u00e4 asioita, kuten l\u00e4mp\u00f6hoidot ja hengitysharjoitukset, sek\u00e4 liikkumisen ja yleisen hyvinvoinnin yll\u00e4pidon t\u00e4rkeys. Aion my\u00f6s kiinnitt\u00e4\u00e4 huomiota koko ajan tukihenkil\u00f6n ohjaukseen, kuten mit\u00e4 h\u00e4n voisi tehd\u00e4 helpottaakseen synnytt\u00e4j\u00e4n oloa avautumisvaiheessa. T\u00e4rke\u00e4\u00e4 my\u00f6s ohjata \u00e4idille j\u00e4lkivuodon seuranta ja varmistaa siten kohdun kunnollinen supistuminen synnytyksen j\u00e4lkeen ja virtsaamisen t\u00e4rkeys synnytyksen j\u00e4lkeen.  Terveyden edist\u00e4misen puolesta viel\u00e4 tavoitteena on ohjata synnytyksen ymp\u00e4rill\u00e4 t\u00e4rkeit\u00e4 asioita, niin isoja kokonaisuuksia, kuin pieni\u00e4 tekij\u00f6it\u00e4, mist\u00e4 synnytt\u00e4j\u00e4 ja perhe saattaisi hy\u00f6ty\u00e4. J\u00e4lleen, t\u00e4h\u00e4n saralle on melko vaikea keksi\u00e4 muuta tavoitetta, varmasti n\u00e4m\u00e4kin tarkentuvat hurjasti harjoittelun edetess\u00e4.<\/p>\n\n\n\n<p><strong>Kliininen osaaminen<\/strong><\/p>\n\n\n\n<p>Osaan kanyloida, katetroida, asettaa KTG k\u00e4yr\u00e4n, tehd\u00e4 sis\u00e4tutkimuksen, tehd\u00e4 ulkotutkimuksen, painaa kohtua, ohjata l\u00e4\u00e4kkeett\u00f6mi\u00e4 kivunlievityskeinoja, mitata vastasyntyneen perusmittaukset (saturaatio, l\u00e4mp\u00f6, syke, hengitystaajuus) ja arvioida vastasyntyneen yleistonusta. Harjoittelu raskaana olevien osastolla toi hyvin valmiuksia synnytyssaliin, sill\u00e4 siell\u00e4 hoidin paljon juuri avautumisvaiheessa olevia synnytt\u00e4ji\u00e4. Vastasyntyneen k\u00e4sittely my\u00f6s tuttua lapsivuodeharjoittelun my\u00f6t\u00e4.<\/p>\n\n\n\n<p>Kliinisi\u00e4 tavoitteita on hurjasti, mutta pyrin niit\u00e4 hieman rajoittamaan t\u00e4rkeimpiin, mit\u00e4 ensimm\u00e4isen synnytyssali harjoittelun my\u00f6t\u00e4 haluan ainakin osata. K\u00e4dentaidoista tavoitteena olisi oppia puuduttaminen ennen episiotomiaa\/ompelua, oppia otteet vauvan ulosautossa ja kanylointiin lis\u00e4\u00e4 varmuutta, sit\u00e4 tuskin voi koskaan harjoitella liikaa. Haluan osata tulkita KTG: k\u00e4yr\u00e4\u00e4 paremmin, toteuttaa synnytyksen aikaista l\u00e4\u00e4kehoitoa (mit\u00e4 siihen kuuluu, mitk\u00e4 ovat k\u00e4til\u00f6n rooli n\u00e4iss\u00e4 ja miten arvioida l\u00e4\u00e4kehoidon riitt\u00e4vyys\/tarpeellisuus ja oikea-aikaisuus), olisi hienoa p\u00e4\u00e4st\u00e4 ompelemaan mahdollisimman paljon, se tuntuu vaikeimmalta ja jopa ahdistavalta. Ja tietysti tavoite on turvallisesti ja oikeaoppisesti auttaa vastasyntynyt maailmaan, muistaen erityisesti v\u00e4lilihan tukeminen, p\u00e4\u00e4n oikeaoppinen, -aikainen hidastaminen ja j\u00e4lkeisten ulosauttaminen. My\u00f6s tavoitteena, mit\u00e4 vastasyntyneen hoitoon kuuluu heti syntym\u00e4n j\u00e4lkeen. T\u00e4rkeint\u00e4 toki on, ett\u00e4 synnytt\u00e4ji\u00e4 on mahdollisimman paljon, jotta saisin ulosauttoja ja n\u00e4m\u00e4h\u00e4n ovat asioita, mihin en voi vaikuttaa. Anna-Kaisalta hyv\u00e4 nosto, ett\u00e4 kakkosk\u00e4til\u00f6innin rooleihin ehdottomasti haluan my\u00f6s tutustua, ja mitk\u00e4 kakkosk\u00e4til\u00f6n roolissa ovat t\u00e4rkeit\u00e4 asioita.<\/p>\n\n\n\n<p><strong>Moniammatillinen ja kulttuurinen osaaminen<\/strong><\/p>\n\n\n\n<p>Mielest\u00e4ni t\u00e4ss\u00e4 t\u00e4rke\u00e4 tavoite on osata ohjata erikielisi\u00e4 synnytt\u00e4ji\u00e4 ja miten kommunikaatio toimii, kun ei ole yhteist\u00e4 kielt\u00e4. Eri kulttuureissa synnytt\u00e4minen voi erota kantasuomalaisista, joten olisi hy\u00f6dyllist\u00e4 opin kannalta, ett\u00e4 p\u00e4\u00e4sisi hoitamaan erilaisista kulttuureista tulevia synnytt\u00e4ji\u00e4, jotta olisi hyv\u00e4t valmiudet jatkossa. Moniammatillisuuden puolesta tavoitteenani, joka toki sivuaa muitakin osa-alueita, on tiedostaa hetki, miss\u00e4 k\u00e4til\u00f6n osaaminen ja vastuualue tulee vastaan, eli milloin on se hetki kutsua l\u00e4\u00e4k\u00e4ri paikalle. <\/p>\n\n\n\n<p><\/p>\n","protected":false},"excerpt":{"rendered":"<p>Eettinen osaaminen ja ammatillisuus Eettist\u00e4 osaamista ja ammatillisuutta on aina hyv\u00e4 oppia soveltamaan ja varsinkin nyt t\u00e4ysin uudessa ty\u00f6skentely ymp\u00e4rist\u00f6ss\u00e4 on vaikea etuk\u00e4teen m\u00e4\u00e4ritell\u00e4 tarkkoja tavoitteita. P\u00e4\u00e4osin tavoitteenani on harjoittaa eettist\u00e4 pohdintaa, pyrki\u00e4 tuomaan eettisesti hankalia aiheita esille ja t\u00e4ten kehitt\u00e4\u00e4 ammatillisuuttani sen my\u00f6t\u00e4. Harjoittelussa on hyv\u00e4 pit\u00e4\u00e4 huoli oman &#8230; <a class=\"continue-reading-link\" href=\"https:\/\/blogi.savonia.fi\/juliaporko\/katilotyon-harjoittelut\/tkhsyy1-katilotyon-harjoittelu-synnytyksen-aikana\/lahtotaso-ja-tavoitteet\/\"> Continue reading<\/a><\/p>\n","protected":false},"author":7982,"featured_media":0,"parent":420,"menu_order":1,"comment_status":"open","ping_status":"closed","template":"","meta":{"footnotes":""},"class_list":["post-424","page","type-page","status-publish","hentry"],"_links":{"self":[{"href":"https:\/\/blogi.savonia.fi\/juliaporko\/wp-json\/wp\/v2\/pages\/424","targetHints":{"allow":["GET"]}}],"collection":[{"href":"https:\/\/blogi.savonia.fi\/juliaporko\/wp-json\/wp\/v2\/pages"}],"about":[{"href":"https:\/\/blogi.savonia.fi\/juliaporko\/wp-json\/wp\/v2\/types\/page"}],"author":[{"embeddable":true,"href":"https:\/\/blogi.savonia.fi\/juliaporko\/wp-json\/wp\/v2\/users\/7982"}],"replies":[{"embeddable":true,"href":"https:\/\/blogi.savonia.fi\/juliaporko\/wp-json\/wp\/v2\/comments?post=424"}],"version-history":[{"count":7,"href":"https:\/\/blogi.savonia.fi\/juliaporko\/wp-json\/wp\/v2\/pages\/424\/revisions"}],"predecessor-version":[{"id":433,"href":"https:\/\/blogi.savonia.fi\/juliaporko\/wp-json\/wp\/v2\/pages\/424\/revisions\/433"}],"up":[{"embeddable":true,"href":"https:\/\/blogi.savonia.fi\/juliaporko\/wp-json\/wp\/v2\/pages\/420"}],"wp:attachment":[{"href":"https:\/\/blogi.savonia.fi\/juliaporko\/wp-json\/wp\/v2\/media?parent=424"}],"curies":[{"name":"wp","href":"https:\/\/api.w.org\/{rel}","templated":true}]}}