{"id":436,"date":"2024-10-28T10:40:41","date_gmt":"2024-10-28T08:40:41","guid":{"rendered":"https:\/\/blogi.savonia.fi\/juliaporko\/?page_id=436"},"modified":"2024-11-04T21:37:40","modified_gmt":"2024-11-04T19:37:40","slug":"valiarviointi","status":"publish","type":"page","link":"https:\/\/blogi.savonia.fi\/juliaporko\/katilotyon-harjoittelut\/tkhsyy1-katilotyon-harjoittelu-synnytyksen-aikana\/valiarviointi\/","title":{"rendered":"V\u00e4liarviointi"},"content":{"rendered":"\n<p><strong>Eettinen osaaminen ja ammatillisuus<\/strong><\/p>\n\n\n\n<p>Olen jo oppinut harjoitteluyksik\u00f6n t\u00e4rkeimm\u00e4t ohjeistukset ja toimintamallit. Olen tutustunut hoito-ohjeisiin ja n\u00e4it\u00e4 p\u00e4\u00e4ssyt toteuttamaan ohjaajan kanssa ohjeiden mukaisesti. Osaan tarkastella omia toimintatapoja ja mit\u00e4 niiss\u00e4 on hyv\u00e4\u00e4 ja mit\u00e4 kehitett\u00e4v\u00e4\u00e4. Minulla on pysynyt katse kokonaisuuksien hahmottamisessa ja pyrin jatkuvasti vahvistamaan oppimaani ja jo opitun p\u00e4\u00e4lle rakentamaan uutta tietoa ja laajentamaan n\u00e4k\u00f6kulmaa. Osaan pohtia eettisi\u00e4 ristiriitatilanteita, mik\u00e4li niit\u00e4 ilmenee. Eniten eettisi\u00e4 pulmatilanteita on ollut synnytyksen turvallisen etenemisen varmistaminen vs. synnytt\u00e4j\u00e4n toiveet, n\u00e4iss\u00e4 tehd\u00e4\u00e4n yhdess\u00e4 kompromisseja ja pohditaan porukalla parasta vaihtoehtoa. <\/p>\n\n\n\n<p>Loppuharjoittelussa pyrin viel\u00e4 syvemmin tutustumaan hoito-ohjeisiin liittyen s\u00e4\u00e4nn\u00f6llisiin synnytyksiin. Eettist\u00e4 pohdintaa tulee varmasti ja n\u00e4it\u00e4 asioita pyrin pohtimaan jatkossakin. Ammatillisuus kehittyy omien taitojen my\u00f6t\u00e4 koko ajan ja kulkee k\u00e4si k\u00e4dess\u00e4 toiminnan mukana, ja siihen haluankin panostaa. Hyvin on tullut moniammatillisuutta esille harjoittelun aikana synnytyksien lomassa, mutta sen syvent\u00e4minen loppuharjoittelun tavoitteena ja moniammatillisuuden ymm\u00e4rt\u00e4misen lis\u00e4\u00e4minen. Olen p\u00e4\u00e4ssyt antamaan raporttia ja avustamaan l\u00e4\u00e4k\u00e4reit\u00e4, mutta n\u00e4it\u00e4 tietysti toivon lis\u00e4\u00e4 harjoituksen kannalta. Osaan mielest\u00e4ni hyvin vastaanottaa palautetta, kysell\u00e4 ja kyseenalaistaa, mutta t\u00e4t\u00e4 toki olisi hyv\u00e4 viel\u00e4 lis\u00e4t\u00e4 ja my\u00f6s antaa vastavuoroisesti palautetta. <\/p>\n\n\n\n<p><strong>Terveyden edist\u00e4misen osaaminen<\/strong> <strong>ja ohjausosaaminen<\/strong><\/p>\n\n\n\n<p>Osaan ohjata avautumisvaiheessa synnytt\u00e4j\u00e4\u00e4 ja tukihenkil\u00f6\u00e4 tarvittaessa. Avautumisvaiheessa osaan ohjata: ilokaasu, s\u00e4\u00e4nn\u00f6llisen virtsaamisen t\u00e4rkeys, kivun hoito ja kivunhoidon vaihtoehdot miss\u00e4kin vaiheessa, supistusten laatu ja merkitys. Osaan my\u00f6s tarkkailla KTG k\u00e4yr\u00e4\u00e4 ja arvioida supistuksia ja siki\u00f6n syd\u00e4n\u00e4\u00e4ni\u00e4. Olen hieman jo alkanut ohjaamaan my\u00f6s ponnistusvaiheessa ja ymm\u00e4rryst\u00e4 tulee koko ajan enemm\u00e4n t\u00e4m\u00e4n suhteen. Ponnistusvaiheessa osaan ohjata oikea-aikaisen ponnistamisen supistusten aikana ja arvioida, sek\u00e4 ohjata ponnistamista. Ulosauton aikana pyrin k\u00e4siin enemm\u00e4n keskittym\u00e4\u00e4n, mutta t\u00e4t\u00e4 pyrin koko ajan pikku hiljaa lis\u00e4\u00e4m\u00e4\u00e4n, kun ulos auttaminen luonnistuu paremmin k\u00e4dentaitojen puolesta.<\/p>\n\n\n\n<p><strong>Kliininen osaaminen<\/strong><\/p>\n\n\n\n<p>Osaan\/olen tehnyt:<\/p>\n\n\n\n<ul class=\"wp-block-list\">\n<li>Sis\u00e4tutkimus<\/li>\n\n\n\n<li>Ulkotutkimus<\/li>\n\n\n\n<li>Synnytyksen aikainen l\u00e4\u00e4kehoito, kuten oksitosiini, epiduraali (bolus, kipupumppu)<\/li>\n\n\n\n<li>Avustaminen; kp, scalp, PCP, epiduraali, pudendaalipuudutus, imukuppisynnytys<\/li>\n\n\n\n<li>Episiotomia<\/li>\n\n\n\n<li>Ompelu<\/li>\n\n\n\n<li>Vauvan ulosautot; k-vitamiini, napanuoran laitto ja n\u00e4ytteiden otto, ensi-imetys, vauvan ensimittaukset, apgar-pisteytys<\/li>\n\n\n\n<li>J\u00e4lkeisten synnytys; istukan, kalvojen ja napanuoran tarkistus<\/li>\n\n\n\n<li>Synnytyksen j\u00e4lkeinen 2h seuranta; kohdun painanta, j\u00e4lkivuodon seuranta, virtsaamisen seuranta, \u00e4idin infektion merkkien seuranta<\/li>\n<\/ul>\n\n\n\n<p>Olen p\u00e4\u00e4ssyt hyvin hoitamaan s\u00e4\u00e4nn\u00f6llisi\u00e4 synnytyksi\u00e4 ja niiss\u00e4 alkaa tulemaan otteet ja toimintaj\u00e4rjestys tutuksi. Rimakauhua oli alkuun melko paljon, mutta siit\u00e4 pikkuhiljaa p\u00e4\u00e4ssyt eroon, tuntuu, ett\u00e4 se on haitannut omaa tekemist\u00e4, kun j\u00e4nnitt\u00e4\u00e4 niin kovasti. Yhdess\u00e4 ollaan ohjaajan kanssa tehty, mutta pikkuhiljaa olen alkanut itse tekem\u00e4\u00e4n enemm\u00e4n ja enemm\u00e4n. Toivoisin vain ed. listan asioita lis\u00e4\u00e4 ja lis\u00e4\u00e4 toistoja, jotta ei aina tarvitsisi k\u00e4det vapisten tehd\u00e4 hommia. Olisi nyt hyv\u00e4 saada k\u00e4sitys s\u00e4\u00e4nn\u00f6llisist\u00e4 synnytyksist\u00e4, ja suunta on kyll\u00e4 oikea, viel\u00e4 lis\u00e4\u00e4 toistoja. Ep\u00e4s\u00e4\u00e4nn\u00f6llisiin synnytyksiin sitten seuraavissa harjoitteluissa.<\/p>\n\n\n\n<p><strong>Moniammatillinen ja kulttuurinen osaaminen<\/strong><\/p>\n\n\n\n<p>Moniammatillisuus n\u00e4kyy eniten l\u00e4\u00e4k\u00e4reiden ja k\u00e4til\u00f6iden v\u00e4lill\u00e4. Yhteisty\u00f6 liittyy juuri kivunlievityksien tarpeeseen tai muuhun konsultaatioon. Moniammatillisuutta ja yhteisty\u00f6t\u00e4 tehd\u00e4\u00e4n my\u00f6s paljon synnytt\u00e4neiden osaston ja vauvatehon kanssa, niiden toiminta py\u00f6rii synnytyksien ymp\u00e4rill\u00e4 tietysti. <\/p>\n\n\n\n<p>Kulttuurisia n\u00e4k\u00f6kulmia on my\u00f6s tullut, kun on hoitanut eri kulttuureista tulevien synnytt\u00e4jien synnytyksi\u00e4. Joko on tarvinnut tulkkia, tai tukihenkil\u00f6 ollut tulkkaamassa ja viel\u00e4 puhelimen k\u00e4\u00e4nt\u00e4j\u00e4t tukena. N\u00e4m\u00e4 ovat joskus melko hankaliakin, kun ei ole yhteist\u00e4 kielt\u00e4 ja olisi tietyt asiat todella t\u00e4rke\u00e4\u00e4 saada sanotuksi, kuten ponnistusvaiheen ohjaaminen tai muutoin synnytt\u00e4j\u00e4n voinnin seuraamiset.<\/p>\n\n\n\n<p><\/p>\n","protected":false},"excerpt":{"rendered":"<p>Eettinen osaaminen ja ammatillisuus Olen jo oppinut harjoitteluyksik\u00f6n t\u00e4rkeimm\u00e4t ohjeistukset ja toimintamallit. Olen tutustunut hoito-ohjeisiin ja n\u00e4it\u00e4 p\u00e4\u00e4ssyt toteuttamaan ohjaajan kanssa ohjeiden mukaisesti. Osaan tarkastella omia toimintatapoja ja mit\u00e4 niiss\u00e4 on hyv\u00e4\u00e4 ja mit\u00e4 kehitett\u00e4v\u00e4\u00e4. Minulla on pysynyt katse kokonaisuuksien hahmottamisessa ja pyrin jatkuvasti vahvistamaan oppimaani ja jo opitun p\u00e4\u00e4lle &#8230; <a class=\"continue-reading-link\" href=\"https:\/\/blogi.savonia.fi\/juliaporko\/katilotyon-harjoittelut\/tkhsyy1-katilotyon-harjoittelu-synnytyksen-aikana\/valiarviointi\/\"> Continue reading<\/a><\/p>\n","protected":false},"author":7982,"featured_media":0,"parent":420,"menu_order":1,"comment_status":"open","ping_status":"closed","template":"","meta":{"footnotes":""},"class_list":["post-436","page","type-page","status-publish","hentry"],"_links":{"self":[{"href":"https:\/\/blogi.savonia.fi\/juliaporko\/wp-json\/wp\/v2\/pages\/436","targetHints":{"allow":["GET"]}}],"collection":[{"href":"https:\/\/blogi.savonia.fi\/juliaporko\/wp-json\/wp\/v2\/pages"}],"about":[{"href":"https:\/\/blogi.savonia.fi\/juliaporko\/wp-json\/wp\/v2\/types\/page"}],"author":[{"embeddable":true,"href":"https:\/\/blogi.savonia.fi\/juliaporko\/wp-json\/wp\/v2\/users\/7982"}],"replies":[{"embeddable":true,"href":"https:\/\/blogi.savonia.fi\/juliaporko\/wp-json\/wp\/v2\/comments?post=436"}],"version-history":[{"count":11,"href":"https:\/\/blogi.savonia.fi\/juliaporko\/wp-json\/wp\/v2\/pages\/436\/revisions"}],"predecessor-version":[{"id":450,"href":"https:\/\/blogi.savonia.fi\/juliaporko\/wp-json\/wp\/v2\/pages\/436\/revisions\/450"}],"up":[{"embeddable":true,"href":"https:\/\/blogi.savonia.fi\/juliaporko\/wp-json\/wp\/v2\/pages\/420"}],"wp:attachment":[{"href":"https:\/\/blogi.savonia.fi\/juliaporko\/wp-json\/wp\/v2\/media?parent=436"}],"curies":[{"name":"wp","href":"https:\/\/api.w.org\/{rel}","templated":true}]}}