{"id":459,"date":"2024-11-04T23:43:55","date_gmt":"2024-11-04T21:43:55","guid":{"rendered":"https:\/\/blogi.savonia.fi\/juliaporko\/?page_id=459"},"modified":"2024-12-12T20:48:07","modified_gmt":"2024-12-12T18:48:07","slug":"tkhsyn1-katilotyon-harjoittelu-synnytyksen-aikana","status":"publish","type":"page","link":"https:\/\/blogi.savonia.fi\/juliaporko\/katilotyon-harjoittelut\/tkhsyn1-katilotyon-harjoittelu-synnytyksen-aikana\/","title":{"rendered":"TKHSYN1 K\u00e4til\u00f6ty\u00f6n harjoittelu synnytyksen aikana"},"content":{"rendered":"\n<p><strong>Harjoittelujakso:\u00a0<\/strong>TKHSYN1<\/p>\n\n\n\n<p><strong>Harjoittelupaikka:\u00a0<\/strong>Kuopion yliopistollinen sairaala<\/p>\n\n\n\n<p><strong>Harjoitteluaika:\u00a0<\/strong>Vko 1-4<\/p>\n\n\n\n<p><strong>Harjoittelupaikan k\u00e4til\u00f6ohjaajien nimet ja yhteystiedot:<\/strong><\/p>\n\n\n\n<p>Marella Suokannel<\/p>\n\n\n\n<p>Riina V\u00e4is\u00e4nen<\/p>\n\n\n\n<p><strong>Harjoittelua ohjaavan opettajan nimi ja yhteystiedot:<\/strong><\/p>\n\n\n\n<p>anna-kaisa.kokkonen@savonia.fi<\/p>\n\n\n\n<p><strong>T\u00e4h\u00e4n asti tehdyt k\u00e4til\u00f6ty\u00f6n harjoittelut:<\/strong><\/p>\n\n\n\n<p id=\"block-caf14bdf-aa4d-422a-baf5-e6c0c48f7020\">TKHARA1 K\u00e4til\u00f6ty\u00f6n harjoittelu raskausaikana (PSHVA Naisten akuuttikeskus, tarkkailuosasto 4 viikkoa)<\/p>\n\n\n\n<p id=\"block-c0b92b63-7627-4157-a4c3-406b4eea2caf\">TKHN1 K\u00e4til\u00f6ty\u00f6n harjoittelu naistentaudit (P\u00e4ij\u00e4t-H\u00e4meen keskussairaala, osasto R2, 3 viikkoa)<\/p>\n\n\n\n<p id=\"block-c0b18ae8-7a6c-4c29-ad1d-9b2122b4eba3\">TKHLAP1 K\u00e4til\u00f6ty\u00f6n harjoittelu lapsivuodeaikana (Espoon\/Jorvin sairaala, osasto N6, 3 viikkoa)<\/p>\n\n\n\n<p>TKHNA1 K\u00e4til\u00f6ty\u00f6n harjoittelu naistentaudit (PSHVA Naisten poliklinikka, 3 viikkoa)<\/p>\n\n\n\n<p>TKHSYY1 K\u00e4til\u00f6ty\u00f6n harjoittelu synnytyksen aikana (PKKS Naistenkeskus, synnytyssali 6 viikkoa)<\/p>\n\n\n\n<p>TKHARA1 K\u00e4til\u00f6ty\u00f6n harjoittelu raskausaikana (kys poliklinikka, 3 viikkoa)<\/p>\n\n\n\n<p>TKHLAP1 K\u00e4til\u00f6ty\u00f6n harjoittelu lapsivuodeaikana (Espoon\/Jorvin sairaala, osasto N6, 4 viikkoa)<\/p>\n\n\n\n<p><strong>K\u00e4til\u00f6ty\u00f6n harjoittelukirja<\/strong>:<\/p>\n\n\n\n<p id=\"block-18f8a050-e961-4576-a0a7-5b1300290fc0\">Naistentautipotilaan hoitoty\u00f6: 30kpl<\/p>\n\n\n\n<p id=\"block-ee90b00f-536f-4bf4-81d2-304943819066\">Raskauden aikainen k\u00e4til\u00f6ty\u00f6 136kpl<\/p>\n\n\n\n<p>Syntym\u00e4n aikainen k\u00e4til\u00f6ty\u00f6 10kpl<\/p>\n\n\n\n<p>Avautumisvaiheen k\u00e4til\u00f6ty\u00f6 10kpl<\/p>\n\n\n\n<p>Avustaminen synnytyksess\u00e4 1kpl<\/p>\n\n\n\n<p id=\"block-75dd5f47-3c57-499d-944b-a504514c1a99\">Vastasyntyneen k\u00e4til\u00f6ty\u00f6 43kpl<\/p>\n\n\n\n<p id=\"block-4c506719-7b99-41db-be38-bc71ab3c478a\">Erityistarkkailua vaativan vastasyntyneen k\u00e4til\u00f6ty\u00f6 7kpl<\/p>\n\n\n\n<p id=\"block-ff660d56-b890-4229-8eb5-0564ba3892d6\">Lapsivuodeajan k\u00e4til\u00f6ty\u00f6 37kpl<\/p>\n\n\n\n<p>Korkean riskin raskauden, synnytyksen ja lapsivuodeajan k\u00e4til\u00f6ty\u00f6 40kpl<\/p>\n","protected":false},"excerpt":{"rendered":"<p>Harjoittelujakso:\u00a0TKHSYN1 Harjoittelupaikka:\u00a0Kuopion yliopistollinen sairaala Harjoitteluaika:\u00a0Vko 1-4 Harjoittelupaikan k\u00e4til\u00f6ohjaajien nimet ja yhteystiedot: Marella Suokannel Riina V\u00e4is\u00e4nen Harjoittelua ohjaavan opettajan nimi ja yhteystiedot: anna-kaisa.kokkonen@savonia.fi T\u00e4h\u00e4n asti tehdyt k\u00e4til\u00f6ty\u00f6n harjoittelut: TKHARA1 K\u00e4til\u00f6ty\u00f6n harjoittelu raskausaikana (PSHVA Naisten akuuttikeskus, tarkkailuosasto 4 viikkoa) TKHN1 K\u00e4til\u00f6ty\u00f6n harjoittelu naistentaudit (P\u00e4ij\u00e4t-H\u00e4meen keskussairaala, osasto R2, 3 viikkoa) TKHLAP1 K\u00e4til\u00f6ty\u00f6n harjoittelu &#8230; <a class=\"continue-reading-link\" href=\"https:\/\/blogi.savonia.fi\/juliaporko\/katilotyon-harjoittelut\/tkhsyn1-katilotyon-harjoittelu-synnytyksen-aikana\/\"> Continue reading<\/a><\/p>\n","protected":false},"author":7982,"featured_media":0,"parent":376,"menu_order":8,"comment_status":"open","ping_status":"closed","template":"","meta":{"footnotes":""},"class_list":["post-459","page","type-page","status-publish","hentry"],"_links":{"self":[{"href":"https:\/\/blogi.savonia.fi\/juliaporko\/wp-json\/wp\/v2\/pages\/459","targetHints":{"allow":["GET"]}}],"collection":[{"href":"https:\/\/blogi.savonia.fi\/juliaporko\/wp-json\/wp\/v2\/pages"}],"about":[{"href":"https:\/\/blogi.savonia.fi\/juliaporko\/wp-json\/wp\/v2\/types\/page"}],"author":[{"embeddable":true,"href":"https:\/\/blogi.savonia.fi\/juliaporko\/wp-json\/wp\/v2\/users\/7982"}],"replies":[{"embeddable":true,"href":"https:\/\/blogi.savonia.fi\/juliaporko\/wp-json\/wp\/v2\/comments?post=459"}],"version-history":[{"count":7,"href":"https:\/\/blogi.savonia.fi\/juliaporko\/wp-json\/wp\/v2\/pages\/459\/revisions"}],"predecessor-version":[{"id":514,"href":"https:\/\/blogi.savonia.fi\/juliaporko\/wp-json\/wp\/v2\/pages\/459\/revisions\/514"}],"up":[{"embeddable":true,"href":"https:\/\/blogi.savonia.fi\/juliaporko\/wp-json\/wp\/v2\/pages\/376"}],"wp:attachment":[{"href":"https:\/\/blogi.savonia.fi\/juliaporko\/wp-json\/wp\/v2\/media?parent=459"}],"curies":[{"name":"wp","href":"https:\/\/api.w.org\/{rel}","templated":true}]}}