{"id":463,"date":"2024-11-04T23:45:55","date_gmt":"2024-11-04T21:45:55","guid":{"rendered":"https:\/\/blogi.savonia.fi\/juliaporko\/?page_id=463"},"modified":"2025-04-07T10:38:31","modified_gmt":"2025-04-07T07:38:31","slug":"tkhsyv1-katilotyon-harjoittelu-synnytyksen-aikana","status":"publish","type":"page","link":"https:\/\/blogi.savonia.fi\/juliaporko\/katilotyon-harjoittelut\/tkhsyv1-katilotyon-harjoittelu-synnytyksen-aikana\/","title":{"rendered":"TKHSYV1 K\u00e4til\u00f6ty\u00f6n harjoittelu synnytyksen aikana"},"content":{"rendered":"\n<p id=\"block-d0d6a8c0-67ec-4a40-a706-459a91ca8c68\"><strong>Harjoittelujakso:\u00a0<\/strong>TKHSYV1<\/p>\n\n\n\n<p id=\"block-fa0ae1c1-8e53-4ee2-b57c-75b9bd5a2ec0\"><strong>Harjoittelupaikka:\u00a0<\/strong>Keski-Pohjanmaan keskussairaala<\/p>\n\n\n\n<p id=\"block-57645191-d220-4adc-9ca4-ea7d17bd77af\"><strong>Harjoitteluaika:\u00a0<\/strong>Vko 15-21<\/p>\n\n\n\n<p id=\"block-cd9433dc-3d4d-4e01-beca-6656424626a5\"><strong>Harjoittelupaikan k\u00e4til\u00f6ohjaajien nimet ja yhteystiedot:<\/strong><\/p>\n\n\n\n<p id=\"block-1fa462a8-0b18-4d49-87eb-1e67765c76e5\"><\/p>\n\n\n\n<p id=\"block-b52d956b-1b15-4ef5-a654-70a8b2fc601f\"><strong>Harjoittelua ohjaavan opettajan nimi ja yhteystiedot:<\/strong><\/p>\n\n\n\n<p id=\"block-639c8d84-c150-47be-83de-b6461008f0be\">anna-kaisa.kokkonen@savonia.fi<\/p>\n\n\n\n<p>oona.kahkonen@savonia.fi<\/p>\n\n\n\n<p id=\"block-535b0743-5049-41bd-8524-1b3c57adbc24\"><strong>T\u00e4h\u00e4n asti tehdyt k\u00e4til\u00f6ty\u00f6n harjoittelut:<\/strong><\/p>\n\n\n\n<p id=\"block-3e1bcd1a-6554-42e9-916a-442f59c9e267\">TKHARA1 K\u00e4til\u00f6ty\u00f6n harjoittelu raskausaikana (PSHVA Naisten akuuttikeskus, tarkkailuosasto 4 viikkoa)<\/p>\n\n\n\n<p id=\"block-53a7e409-21f2-469e-b0dd-2a29d7a49ccc\">TKHN1 K\u00e4til\u00f6ty\u00f6n harjoittelu naistentaudit (P\u00e4ij\u00e4t-H\u00e4meen keskussairaala, osasto R2, 3 viikkoa)<\/p>\n\n\n\n<p id=\"block-88250512-b23e-4c9a-9183-500495dc9214\">TKHLAP1 K\u00e4til\u00f6ty\u00f6n harjoittelu lapsivuodeaikana (Espoon\/Jorvin sairaala, osasto N6, 3 viikkoa)<\/p>\n\n\n\n<p id=\"block-c555992d-8cfb-4e52-8ac8-74afb7b48cac\">TKHNA1 K\u00e4til\u00f6ty\u00f6n harjoittelu naistentaudit (PSHVA Naisten poliklinikka, 3 viikkoa)<\/p>\n\n\n\n<p id=\"block-42d4476d-c51f-4a97-bc32-0ac4a5883ced\">TKHSYY1 K\u00e4til\u00f6ty\u00f6n harjoittelu synnytyksen aikana (PKKS Naistenkeskus, synnytyssali 6 viikkoa)<\/p>\n\n\n\n<p id=\"block-7ce3c731-8be7-4429-9de5-580204098537\">TKHARA1 K\u00e4til\u00f6ty\u00f6n harjoittelu raskausaikana (kys poliklinikka, 3 viikkoa)<\/p>\n\n\n\n<p id=\"block-a532a71f-888c-4cb7-aa7e-d17affc71749\">TKHLAP1 K\u00e4til\u00f6ty\u00f6n harjoittelu lapsivuodeaikana (Espoon\/Jorvin sairaala, osasto N6, 4 viikkoa)<\/p>\n\n\n\n<p>TKHSYN1 K\u00e4til\u00f6ty\u00f6n harjoittelu synnytyssalissa (PSHVA Naisten akuuttikeskus)<\/p>\n\n\n\n<p>THKLAP1 K\u00e4til\u00f6ty\u00f6n harjoittelu lapsivuodeaikana (PSHVA vastasyntyneiden teho-osasto 3 vko)<\/p>\n\n\n\n<p id=\"block-2970e81f-a855-4934-9759-99844a54e1d5\"><strong>K\u00e4til\u00f6ty\u00f6n harjoittelukirja<\/strong>:<\/p>\n\n\n\n<p id=\"block-e2b13f4b-2af8-493d-a187-0743a5e2a122\">Naistentautipotilaan hoitoty\u00f6: 30kpl<\/p>\n\n\n\n<p id=\"block-49f85879-52d4-4579-a7bd-1da7289f3142\">Raskauden aikainen k\u00e4til\u00f6ty\u00f6 136kpl<\/p>\n\n\n\n<p id=\"block-8bcabadf-baae-47f9-ae8a-9b373d08c32c\">Syntym\u00e4n aikainen k\u00e4til\u00f6ty\u00f6 25kpl<\/p>\n\n\n\n<p id=\"block-0564ec26-f759-4045-b7d5-c96de9002efc\">Avautumisvaiheen k\u00e4til\u00f6ty\u00f6 27kpl<\/p>\n\n\n\n<p id=\"block-2a45c0c9-4bcb-4cb7-bdcf-6699b0c6276b\">Avustaminen synnytyksess\u00e4 7kpl<\/p>\n\n\n\n<p id=\"block-06d86b0f-b375-4ca3-9d22-a9c4f203a007\">Vastasyntyneen k\u00e4til\u00f6ty\u00f6 45kpl<\/p>\n\n\n\n<p id=\"block-418110c1-f091-4b8f-b6f6-1abf8c243074\">Erityistarkkailua vaativan vastasyntyneen k\u00e4til\u00f6ty\u00f6 20kpl<\/p>\n\n\n\n<p id=\"block-4efa7043-8ce5-4857-a013-0734d607ad10\">Lapsivuodeajan k\u00e4til\u00f6ty\u00f6 137kpl<\/p>\n\n\n\n<p id=\"block-5f5fa95e-d624-499f-b7b6-fca531970761\">Korkean riskin raskauden, synnytyksen ja lapsivuodeajan k\u00e4til\u00f6ty\u00f6 40kpl<\/p>\n","protected":false},"excerpt":{"rendered":"<p>Harjoittelujakso:\u00a0TKHSYV1 Harjoittelupaikka:\u00a0Keski-Pohjanmaan keskussairaala Harjoitteluaika:\u00a0Vko 15-21 Harjoittelupaikan k\u00e4til\u00f6ohjaajien nimet ja yhteystiedot: Harjoittelua ohjaavan opettajan nimi ja yhteystiedot: anna-kaisa.kokkonen@savonia.fi oona.kahkonen@savonia.fi T\u00e4h\u00e4n asti tehdyt k\u00e4til\u00f6ty\u00f6n harjoittelut: TKHARA1 K\u00e4til\u00f6ty\u00f6n harjoittelu raskausaikana (PSHVA Naisten akuuttikeskus, tarkkailuosasto 4 viikkoa) TKHN1 K\u00e4til\u00f6ty\u00f6n harjoittelu naistentaudit (P\u00e4ij\u00e4t-H\u00e4meen keskussairaala, osasto R2, 3 viikkoa) TKHLAP1 K\u00e4til\u00f6ty\u00f6n harjoittelu lapsivuodeaikana (Espoon\/Jorvin sairaala, osasto &#8230; <a class=\"continue-reading-link\" href=\"https:\/\/blogi.savonia.fi\/juliaporko\/katilotyon-harjoittelut\/tkhsyv1-katilotyon-harjoittelu-synnytyksen-aikana\/\"> Continue reading<\/a><\/p>\n","protected":false},"author":7982,"featured_media":0,"parent":376,"menu_order":10,"comment_status":"open","ping_status":"closed","template":"","meta":{"footnotes":""},"class_list":["post-463","page","type-page","status-publish","hentry"],"_links":{"self":[{"href":"https:\/\/blogi.savonia.fi\/juliaporko\/wp-json\/wp\/v2\/pages\/463","targetHints":{"allow":["GET"]}}],"collection":[{"href":"https:\/\/blogi.savonia.fi\/juliaporko\/wp-json\/wp\/v2\/pages"}],"about":[{"href":"https:\/\/blogi.savonia.fi\/juliaporko\/wp-json\/wp\/v2\/types\/page"}],"author":[{"embeddable":true,"href":"https:\/\/blogi.savonia.fi\/juliaporko\/wp-json\/wp\/v2\/users\/7982"}],"replies":[{"embeddable":true,"href":"https:\/\/blogi.savonia.fi\/juliaporko\/wp-json\/wp\/v2\/comments?post=463"}],"version-history":[{"count":4,"href":"https:\/\/blogi.savonia.fi\/juliaporko\/wp-json\/wp\/v2\/pages\/463\/revisions"}],"predecessor-version":[{"id":596,"href":"https:\/\/blogi.savonia.fi\/juliaporko\/wp-json\/wp\/v2\/pages\/463\/revisions\/596"}],"up":[{"embeddable":true,"href":"https:\/\/blogi.savonia.fi\/juliaporko\/wp-json\/wp\/v2\/pages\/376"}],"wp:attachment":[{"href":"https:\/\/blogi.savonia.fi\/juliaporko\/wp-json\/wp\/v2\/media?parent=463"}],"curies":[{"name":"wp","href":"https:\/\/api.w.org\/{rel}","templated":true}]}}