{"id":466,"date":"2024-11-04T23:48:18","date_gmt":"2024-11-04T21:48:18","guid":{"rendered":"https:\/\/blogi.savonia.fi\/juliaporko\/?page_id=466"},"modified":"2024-11-05T00:38:41","modified_gmt":"2024-11-04T22:38:41","slug":"lahtotaso-ja-tavoitteet","status":"publish","type":"page","link":"https:\/\/blogi.savonia.fi\/juliaporko\/katilotyon-harjoittelut\/tkhara1-katilotyon-harjoittelu-raskausaikana\/lahtotaso-ja-tavoitteet\/","title":{"rendered":"L\u00e4ht\u00f6taso ja tavoitteet"},"content":{"rendered":"\n<p><strong>Eettinen osaaminen ja ammatillisuus<\/strong><\/p>\n\n\n\n<p>T\u00e4m\u00e4n harjoittelun tavoitteenani on kehitt\u00e4\u00e4 herkist\u00e4kin asioista puhumista ja puheeksi ottoa. Haluan my\u00f6s oppia, miten tuoda neutraalisti my\u00f6s ik\u00e4v\u00e4n s\u00e4vyisi\u00e4 uutisia asiakkaalle, mutta samalla tuoda toivoa ep\u00e4toivoisilta vaikuttaviinkin tilanteisiin. \u00c4itiyspolilla raskauden seuranta vaatii varmasti enemm\u00e4n niin terveydenhuollon ammattilaiselta, kuin itse odottajaltakin. Toivon, ett\u00e4 l\u00f6yd\u00e4n ja opin keinoja tukemaan odottajaa ja antaa mahdollisimman laadukasta ja hyv\u00e4\u00e4 ohjausta. <\/p>\n\n\n\n<p>Eettist\u00e4 pohdintaa tulee eteen liittyen raskauden komplikaatioihin ja jopa raskauden mahdolliseen keskeytymiseen. Miten antaa huonoja uutisia, miten oma ammatillisuus kantaa n\u00e4iss\u00e4 tilanteissa ja kuinka itse herkiss\u00e4 tilanteissa pystyn olemaan tsemppaava osapuoli. Itse olen herkk\u00e4 ihminen ja varmasti tulee tilanteita eteen, kun omaa ammatillista rohkeutta ja sisua koetellaan. Haluan kuitenkin olla ainakin vastaanottojen ajan jonkinlainen kantava voima, jos huonoja uutisia tulee eteen.<\/p>\n\n\n\n<p><strong>Terveyden edist\u00e4misen osaaminen&nbsp;ja ohjausosaaminen<\/strong><\/p>\n\n\n\n<p>Ohjaamisessa ja terveyden edist\u00e4misess\u00e4 tavoitteena on itsen\u00e4inen ohjaaminen, jotta osaan tuoda t\u00e4rkeimm\u00e4t asiat esille, enk\u00e4 &#8221;hukuta&#8221; asiakasta informaatiolla. N\u00e4iss\u00e4 aion k\u00e4ytt\u00e4\u00e4 tukena potilasohjeita, ohjaajan tietoa ja K\u00e4yp\u00e4-hoito-suosituksia. Minusta on t\u00e4rke\u00e4\u00e4 l\u00f6yt\u00e4\u00e4 juuri kyseiselle odottajalle ja perheelle oleelliset asiat ja aina hy\u00f6dynt\u00e4\u00e4 perheen voimavaroja, mutta my\u00f6s pit\u00e4\u00e4 mieless\u00e4 ne asiat, miss\u00e4 odottaja ja muu perhe tarvitsee tukea. <\/p>\n\n\n\n<p>Ohjaamista toivon paljon, mutta varmasti alkuun hyv\u00e4 seurata mink\u00e4laista ohjaamista on hyv\u00e4 antaa ja yhdess\u00e4 esimerkiksi ohjaajan kanssa pohtia mitk\u00e4 asiat ovat sill\u00e4 hetkell\u00e4 t\u00e4rkeit\u00e4 ja mainitsemisen arvoisia. Ohjaamista toivon esimerkiksi raskausdiabeteksen, 1. ja 2. tyypin diabeteksen, muiden perussairauksien ja riskiraskauksien seurantaan ja hoitoon liittyen. <\/p>\n\n\n\n<p>Riskiraskaudeksi osaan sanoa ainakin juuri eri muotoiset diabetekset raskausaikana, mutta juuri erityisesti insuliinihoitoinen diabetes, hypo-\/hypertyreoosi, HAL-\u00e4idit, LGA\/SGA, geneettiset poikkeavuudet raskausaikana, geminiraskaudet, mielenterveysongelmaiset \u00e4idit, mukaan lukien sype ja my\u00f6s joitakin perussairauksia seurataan \u00e4itiyspoliklinikalla. Varmasti vastaanotoilla my\u00f6s ihan tavallisia raskauden seurannan u\u00e4-tutkimuksia, kuten rakenneu\u00e4, niskaturvotus ja muut loppuraskauden tarjonta-arviot.<\/p>\n\n\n\n<p><strong>Kliininen osaaminen<\/strong><\/p>\n\n\n\n<p>Osaan ottaa ja tulkita KTG-k\u00e4yr\u00e4\u00e4, tehd\u00e4 sis\u00e4- ja ulkotutkimusta. Kliinisi\u00e4 taitoja toki on tullut paljon opittua, mutta n\u00e4m\u00e4 varmaan oleellisimmat t\u00e4h\u00e4n harjoitteluun liittyen. Tietysti muita taitoja on veri-, virtsa- ja em\u00e4tinn\u00e4ytteidenotto, kanylointi, katetrointi, ym. l\u00e4\u00e4kehoito esimerkiksi.<\/p>\n\n\n\n<p>Haluaisin oppia tulkitsemaan my\u00f6s raskauden aikaisia ultra\u00e4\u00e4nitutkimuksia, perehty\u00e4 paremmin eri n\u00e4ytteidenottoihin ja tutkimuksiin raskausaikana ja paljon siten kliinisiin taitoihin liittyv\u00e4\u00e4 ohjausta.<\/p>\n\n\n\n<p id=\"yui_3_17_2_1_1730756080176_451\"><strong>Moniammatillinen ja kulttuurinen osaaminen<\/strong><\/p>\n\n\n\n<p>Toivon, ett\u00e4 p\u00e4\u00e4sen n\u00e4kem\u00e4\u00e4n mahdollisimman laajasti, miten raskaana olevaa hoidetaan moniammatillisesti. Varmasti paljon yhteisty\u00f6t\u00e4 l\u00e4\u00e4k\u00e4reiden ja neuvolan kanssa, mutta mit\u00e4 muuta moniammatillista osaamista voi liitty\u00e4 raskaudenseurantaan. Kulttuuritekij\u00e4t ovat aina mukana, ja jokaisella odottajalla varmasti omat toiveet ja uskomukset. Olisi hyv\u00e4 oppia &#8221;isoimpien&#8221; kulttuuriryhmien toiveita ja n\u00e4k\u00f6kulmia raskaudenseurantaan liittyen.<\/p>\n","protected":false},"excerpt":{"rendered":"<p>Eettinen osaaminen ja ammatillisuus T\u00e4m\u00e4n harjoittelun tavoitteenani on kehitt\u00e4\u00e4 herkist\u00e4kin asioista puhumista ja puheeksi ottoa. Haluan my\u00f6s oppia, miten tuoda neutraalisti my\u00f6s ik\u00e4v\u00e4n s\u00e4vyisi\u00e4 uutisia asiakkaalle, mutta samalla tuoda toivoa ep\u00e4toivoisilta vaikuttaviinkin tilanteisiin. \u00c4itiyspolilla raskauden seuranta vaatii varmasti enemm\u00e4n niin terveydenhuollon ammattilaiselta, kuin itse odottajaltakin. Toivon, ett\u00e4 l\u00f6yd\u00e4n ja opin &#8230; <a class=\"continue-reading-link\" href=\"https:\/\/blogi.savonia.fi\/juliaporko\/katilotyon-harjoittelut\/tkhara1-katilotyon-harjoittelu-raskausaikana\/lahtotaso-ja-tavoitteet\/\"> Continue reading<\/a><\/p>\n","protected":false},"author":7982,"featured_media":0,"parent":455,"menu_order":1,"comment_status":"open","ping_status":"closed","template":"","meta":{"footnotes":""},"class_list":["post-466","page","type-page","status-publish","hentry"],"_links":{"self":[{"href":"https:\/\/blogi.savonia.fi\/juliaporko\/wp-json\/wp\/v2\/pages\/466","targetHints":{"allow":["GET"]}}],"collection":[{"href":"https:\/\/blogi.savonia.fi\/juliaporko\/wp-json\/wp\/v2\/pages"}],"about":[{"href":"https:\/\/blogi.savonia.fi\/juliaporko\/wp-json\/wp\/v2\/types\/page"}],"author":[{"embeddable":true,"href":"https:\/\/blogi.savonia.fi\/juliaporko\/wp-json\/wp\/v2\/users\/7982"}],"replies":[{"embeddable":true,"href":"https:\/\/blogi.savonia.fi\/juliaporko\/wp-json\/wp\/v2\/comments?post=466"}],"version-history":[{"count":10,"href":"https:\/\/blogi.savonia.fi\/juliaporko\/wp-json\/wp\/v2\/pages\/466\/revisions"}],"predecessor-version":[{"id":484,"href":"https:\/\/blogi.savonia.fi\/juliaporko\/wp-json\/wp\/v2\/pages\/466\/revisions\/484"}],"up":[{"embeddable":true,"href":"https:\/\/blogi.savonia.fi\/juliaporko\/wp-json\/wp\/v2\/pages\/455"}],"wp:attachment":[{"href":"https:\/\/blogi.savonia.fi\/juliaporko\/wp-json\/wp\/v2\/media?parent=466"}],"curies":[{"name":"wp","href":"https:\/\/api.w.org\/{rel}","templated":true}]}}