{"id":474,"date":"2024-11-05T00:01:09","date_gmt":"2024-11-04T22:01:09","guid":{"rendered":"https:\/\/blogi.savonia.fi\/juliaporko\/?page_id=474"},"modified":"2024-12-12T21:17:52","modified_gmt":"2024-12-12T19:17:52","slug":"loppuarviointi","status":"publish","type":"page","link":"https:\/\/blogi.savonia.fi\/juliaporko\/katilotyon-harjoittelut\/tkhara1-katilotyon-harjoittelu-raskausaikana\/loppuarviointi\/","title":{"rendered":"Loppuarviointi"},"content":{"rendered":"\n<p><strong>Eettinen osaaminen ja ammatillisuus<\/strong><\/p>\n\n\n\n<p>T\u00e4m\u00e4n harjoittelun tavoitteenani on ollut kehitt\u00e4\u00e4 herkist\u00e4kin asioista puhumista, puheeksi ottoa, miten tuoda neutraalisti my\u00f6s ik\u00e4v\u00e4n s\u00e4vyisi\u00e4 uutisia asiakkaalle, mutta samalla tuoda toivoa ep\u00e4toivoisilta vaikuttaviinkin tilanteisiin. Koen, ett\u00e4 l\u00f6ysin ja opin keinoja tukemaan odottajaa ja antaa mahdollisimman laadukasta ja hyv\u00e4\u00e4 ohjausta.<\/p>\n\n\n\n<p>Eettist\u00e4 pohdintaa on tullut eteen liittyen raskauden komplikaatioihin ja jopa raskauden mahdolliseen keskeytymiseen. Miten antaa huonoja uutisia, miten oma ammatillisuus kantaa n\u00e4iss\u00e4 tilanteissa ja kuinka itse herkiss\u00e4 tilanteissa pystyn olemaan tsemppaava osapuoli. <\/p>\n\n\n\n<p><strong>Terveyden edist\u00e4misen osaaminen&nbsp;ja ohjausosaaminen<\/strong><\/p>\n\n\n\n<p>Itsen\u00e4inen ohjaaminen, jolloin osaan tuoda t\u00e4rkeimm\u00e4t asiat esille, enk\u00e4 &#8221;hukuta&#8221; asiakasta informaatiolla on kehittynyt paljon. P\u00e4\u00e4sin k\u00e4ytt\u00e4m\u00e4\u00e4n tukena potilasohjeita ja K\u00e4yp\u00e4-hoito suosituksia. Minusta on t\u00e4rke\u00e4\u00e4 l\u00f6yt\u00e4\u00e4 juuri kyseiselle odottajalle ja perheelle oleelliset asiat ja aina hy\u00f6dynt\u00e4\u00e4 perheen voimavaroja, mutta my\u00f6s pit\u00e4\u00e4 mieless\u00e4 ne asiat, miss\u00e4 odottaja ja muu perhe tarvitsee tukea.<\/p>\n\n\n\n<p>Ohjaamista p\u00e4\u00e4sin tekem\u00e4\u00e4n hyvin, esimerkiksi liittyen raskausdiabetekseen, liikelaskentaan, ennenaikaisiin supituksiin liittyen tai muutoin raskaana olevan vointiin liittyen, pre-eklampsian oireet, vuotoasiat tai psyykkiseen hyvinvointiin liittyv\u00e4t asiat. P\u00e4\u00e4sin my\u00f6s seuraamaan HAL-vastaanottoja, joissa erilainen ohjaaminen liittyy taas juuri p\u00e4ihteidenk\u00e4ytt\u00f6\u00f6n ja el\u00e4m\u00e4n muihin vaikeuksiin.<\/p>\n\n\n\n<p>Riskiraskaudeksi osaan sanoa ainakin juuri eri muotoiset diabetekset raskausaikana, mutta juuri erityisesti insuliinihoitoinen diabetes, hypo-\/hypertyreoosi, HAL-\u00e4idit, LGA\/SGA, geneettiset poikkeavuudet raskausaikana, geminiraskaudet, mielenterveysongelmaiset \u00e4idit, mukaan lukien sype ja my\u00f6s joitakin perussairauksia seurataan \u00e4itiyspoliklinikalla. Vastaanotoilla ollut my\u00f6s ihan tavallisia raskauden seurannan u\u00e4-tutkimuksia, kuten rakenneu\u00e4, niskaturvotus ja muut loppuraskauden tarjonta- tai k\u00e4ynnistysarviot.<\/p>\n\n\n\n<p><strong>Kliininen osaaminen<\/strong><\/p>\n\n\n\n<p>Osaan ottaa ja tulkita KTG-k\u00e4yr\u00e4\u00e4, tehd\u00e4 ulkotutkimusta, kirjata u\u00e4-tutkimuksen aikana ja muutoin kirjaaminen vastaanottojen saralla onnistuu hyvin. P\u00e4\u00e4sin my\u00f6s ottamaan GBS-n\u00e4ytteen ja avustamaan l\u00e4\u00e4k\u00e4ri\u00e4 n\u00e4ytteenotossa. My\u00f6s olin seuraamassa villusbiopsian otossa.<\/p>\n\n\n\n<p>P\u00e4\u00e4sin perehtym\u00e4\u00e4n hyvin raskaudenaikaisiin u\u00e4-tutkimuksiin ja virtsan\u00e4ytteidenottoja tuli my\u00f6s vastaanotoilla muutamia. My\u00f6s huumen\u00e4ytteit\u00e4 tuli vastaan. Koen, ett\u00e4 mit\u00e4\u00e4n t\u00e4rke\u00e4t\u00e4 ei j\u00e4\u00e4nyt kliinisten taitojen puolesta puuttumaan, mutta melko v\u00e4h\u00e4n k\u00e4til\u00f6n k\u00e4dentaitoja varsinaisesti tarvittiin. L\u00e4hinn\u00e4 KTG, ulkotutkimus, virtsan &#8221;stiksaus&#8221; ja verenpaineidenottoa. Tuli my\u00f6s tutuksi, mink\u00e4laisia verin\u00e4ytteit\u00e4 otetaan tietyilt\u00e4 potilasryhmilt\u00e4 ja milloin.<\/p>\n\n\n\n<p id=\"yui_3_17_2_1_1730756080176_451\"><strong>Moniammatillinen ja kulttuurinen osaaminen<\/strong><\/p>\n\n\n\n<p>P\u00e4\u00e4sin n\u00e4kem\u00e4\u00e4n, miten raskaana olevaa hoidetaan moniammatillisesti. Yhteisty\u00f6t\u00e4 l\u00e4\u00e4k\u00e4reiden ja neuvolan kanssa, mutta my\u00f6s sosiaality\u00f6ntekij\u00e4t, lastensuojelu ja esimerkiksi endokrinologia. Kulttuuritekij\u00e4t ovat aina mukana ja niit\u00e4 tulikin vastaanotoilla hyvin. Erilaisista kulttuureista tulevat odottavat kyll\u00e4 hyvin samankaltaisia asioita, eik\u00e4 mit\u00e4\u00e4n suurempaa ollutkaan. Tulkkia tarvittiin toisinaan, ja siin\u00e4 oli omat haasteensa, kun on kielimuuria.<\/p>\n\n\n\n<figure class=\"wp-block-gallery has-nested-images columns-default is-cropped wp-block-gallery-1 is-layout-flex wp-block-gallery-is-layout-flex\">\n<figure class=\"wp-block-image size-large\"><img loading=\"lazy\" decoding=\"async\" width=\"1024\" height=\"768\" data-id=\"517\" src=\"https:\/\/blogi.savonia.fi\/juliaporko\/wp-content\/uploads\/sites\/9716\/2024\/12\/IMG_8017-1-1024x768.jpeg\" alt=\"\" class=\"wp-image-517\" srcset=\"https:\/\/blogi.savonia.fi\/juliaporko\/wp-content\/uploads\/sites\/9716\/2024\/12\/IMG_8017-1-1024x768.jpeg 1024w, https:\/\/blogi.savonia.fi\/juliaporko\/wp-content\/uploads\/sites\/9716\/2024\/12\/IMG_8017-1-300x225.jpeg 300w, https:\/\/blogi.savonia.fi\/juliaporko\/wp-content\/uploads\/sites\/9716\/2024\/12\/IMG_8017-1-768x576.jpeg 768w, https:\/\/blogi.savonia.fi\/juliaporko\/wp-content\/uploads\/sites\/9716\/2024\/12\/IMG_8017-1-1536x1152.jpeg 1536w, https:\/\/blogi.savonia.fi\/juliaporko\/wp-content\/uploads\/sites\/9716\/2024\/12\/IMG_8017-1-2048x1536.jpeg 2048w, https:\/\/blogi.savonia.fi\/juliaporko\/wp-content\/uploads\/sites\/9716\/2024\/12\/IMG_8017-1-467x350.jpeg 467w, https:\/\/blogi.savonia.fi\/juliaporko\/wp-content\/uploads\/sites\/9716\/2024\/12\/IMG_8017-1-150x113.jpeg 150w\" sizes=\"auto, (max-width: 1024px) 100vw, 1024px\" \/><\/figure>\n<\/figure>\n\n\n\n<p><\/p>\n","protected":false},"excerpt":{"rendered":"<p>Eettinen osaaminen ja ammatillisuus T\u00e4m\u00e4n harjoittelun tavoitteenani on ollut kehitt\u00e4\u00e4 herkist\u00e4kin asioista puhumista, puheeksi ottoa, miten tuoda neutraalisti my\u00f6s ik\u00e4v\u00e4n s\u00e4vyisi\u00e4 uutisia asiakkaalle, mutta samalla tuoda toivoa ep\u00e4toivoisilta vaikuttaviinkin tilanteisiin. Koen, ett\u00e4 l\u00f6ysin ja opin keinoja tukemaan odottajaa ja antaa mahdollisimman laadukasta ja hyv\u00e4\u00e4 ohjausta. Eettist\u00e4 pohdintaa on tullut eteen &#8230; <a class=\"continue-reading-link\" href=\"https:\/\/blogi.savonia.fi\/juliaporko\/katilotyon-harjoittelut\/tkhara1-katilotyon-harjoittelu-raskausaikana\/loppuarviointi\/\"> Continue reading<\/a><\/p>\n","protected":false},"author":7982,"featured_media":0,"parent":455,"menu_order":2,"comment_status":"open","ping_status":"closed","template":"","meta":{"footnotes":""},"class_list":["post-474","page","type-page","status-publish","hentry"],"_links":{"self":[{"href":"https:\/\/blogi.savonia.fi\/juliaporko\/wp-json\/wp\/v2\/pages\/474","targetHints":{"allow":["GET"]}}],"collection":[{"href":"https:\/\/blogi.savonia.fi\/juliaporko\/wp-json\/wp\/v2\/pages"}],"about":[{"href":"https:\/\/blogi.savonia.fi\/juliaporko\/wp-json\/wp\/v2\/types\/page"}],"author":[{"embeddable":true,"href":"https:\/\/blogi.savonia.fi\/juliaporko\/wp-json\/wp\/v2\/users\/7982"}],"replies":[{"embeddable":true,"href":"https:\/\/blogi.savonia.fi\/juliaporko\/wp-json\/wp\/v2\/comments?post=474"}],"version-history":[{"count":7,"href":"https:\/\/blogi.savonia.fi\/juliaporko\/wp-json\/wp\/v2\/pages\/474\/revisions"}],"predecessor-version":[{"id":518,"href":"https:\/\/blogi.savonia.fi\/juliaporko\/wp-json\/wp\/v2\/pages\/474\/revisions\/518"}],"up":[{"embeddable":true,"href":"https:\/\/blogi.savonia.fi\/juliaporko\/wp-json\/wp\/v2\/pages\/455"}],"wp:attachment":[{"href":"https:\/\/blogi.savonia.fi\/juliaporko\/wp-json\/wp\/v2\/media?parent=474"}],"curies":[{"name":"wp","href":"https:\/\/api.w.org\/{rel}","templated":true}]}}