{"id":48,"date":"2021-09-22T17:43:55","date_gmt":"2021-09-22T14:43:55","guid":{"rendered":"https:\/\/blogi.savonia.fi\/juliaporko\/?page_id=48"},"modified":"2024-08-05T13:24:18","modified_gmt":"2024-08-05T10:24:18","slug":"2-sisatautia-sairastavan-hoitotyo","status":"publish","type":"page","link":"https:\/\/blogi.savonia.fi\/juliaporko\/esimerkkisivu\/2-sisatautia-sairastavan-hoitotyo\/","title":{"rendered":"2. Sis\u00e4tautia sairastavan hoitoty\u00f6"},"content":{"rendered":"\n<p>Opintojakson suoritettuaan opiskelija<br>-osaa toimia sairaanhoitajan eettisten ohjeiden ja hoitoty\u00f6n arvojen sek\u00e4 periaatteiden mukaisesti<br>-osaa toimia vastuukysymykset huomioiden sis\u00e4tautia ja sy\u00f6p\u00e4\u00e4 sairastavan potilaan hoidossa sairauden eri vaiheissa ja kohdatessaan parantumattomasti sairaan tai kuolevan potilaan sek\u00e4 heid\u00e4n l\u00e4heisens\u00e4<br>-osaa k\u00e4ytt\u00e4\u00e4 n\u00e4ytt\u00f6\u00f6n perustuvaa tietoa hoitoty\u00f6ss\u00e4<br>-tunnistaa sis\u00e4- ja sy\u00f6p\u00e4tauteja sairastavan oireet ja valita tarkoituksenmukaiset hoitoty\u00f6n toimet hoidon tarpeen arvioinnissa ja hoitamisessa<br>-osaa suunnitella, toteuttaa ja arvioida sek\u00e4 dokumentoida hoitoa yhteisty\u00f6ss\u00e4 potilaan ja omaisten kanssa<br>-tiet\u00e4\u00e4 turvallisen keskeisen sis\u00e4tautia sairastavan potilaan l\u00e4\u00e4ke- ja nestehoidon sek\u00e4 verensiirron periaatteet. Osaa l\u00e4\u00e4kelaskut.<br>-harjaantuu elintapamuutosten puheeksi ottamisessa ja terveyden edist\u00e4misen tukemisessa voimavaral\u00e4ht\u00f6isesti<br>-harjaantuu toimimaan moniammatillisen yhteisty\u00f6ss\u00e4&nbsp;<br>-osaa toimia ergonomisesti ja aseptisesti oikein<br>-osaa perifeerisen laskimon kanyloinnin<br>-osaa arvioida ja kehitt\u00e4\u00e4 sis\u00e4tautia sairastavan hoitoty\u00f6n osaamistaan<br>-arvioida ja kehitt\u00e4\u00e4 osaamistaan ja oppimistapojaan<br>-osaa tehd\u00e4 perusteltuja opintovalintoja sek\u00e4 yhdist\u00e4\u00e4 niihin kansainv\u00e4listymisen, alan ammatillisten vaihtoehtojen ja urasuunnittelun n\u00e4k\u00f6kulman.<\/p>\n","protected":false},"excerpt":{"rendered":"<p>Opintojakson suoritettuaan opiskelija-osaa toimia sairaanhoitajan eettisten ohjeiden ja hoitoty\u00f6n arvojen sek\u00e4 periaatteiden mukaisesti-osaa toimia vastuukysymykset huomioiden sis\u00e4tautia ja sy\u00f6p\u00e4\u00e4 sairastavan potilaan hoidossa sairauden eri vaiheissa ja kohdatessaan parantumattomasti sairaan tai kuolevan potilaan sek\u00e4 heid\u00e4n l\u00e4heisens\u00e4-osaa k\u00e4ytt\u00e4\u00e4 n\u00e4ytt\u00f6\u00f6n perustuvaa tietoa hoitoty\u00f6ss\u00e4-tunnistaa sis\u00e4- ja sy\u00f6p\u00e4tauteja sairastavan oireet ja valita tarkoituksenmukaiset hoitoty\u00f6n toimet &#8230; <a class=\"continue-reading-link\" href=\"https:\/\/blogi.savonia.fi\/juliaporko\/esimerkkisivu\/2-sisatautia-sairastavan-hoitotyo\/\"> Continue reading<\/a><\/p>\n","protected":false},"author":7982,"featured_media":0,"parent":2,"menu_order":3,"comment_status":"open","ping_status":"closed","template":"","meta":{"footnotes":""},"class_list":["post-48","page","type-page","status-publish","hentry"],"_links":{"self":[{"href":"https:\/\/blogi.savonia.fi\/juliaporko\/wp-json\/wp\/v2\/pages\/48","targetHints":{"allow":["GET"]}}],"collection":[{"href":"https:\/\/blogi.savonia.fi\/juliaporko\/wp-json\/wp\/v2\/pages"}],"about":[{"href":"https:\/\/blogi.savonia.fi\/juliaporko\/wp-json\/wp\/v2\/types\/page"}],"author":[{"embeddable":true,"href":"https:\/\/blogi.savonia.fi\/juliaporko\/wp-json\/wp\/v2\/users\/7982"}],"replies":[{"embeddable":true,"href":"https:\/\/blogi.savonia.fi\/juliaporko\/wp-json\/wp\/v2\/comments?post=48"}],"version-history":[{"count":4,"href":"https:\/\/blogi.savonia.fi\/juliaporko\/wp-json\/wp\/v2\/pages\/48\/revisions"}],"predecessor-version":[{"id":110,"href":"https:\/\/blogi.savonia.fi\/juliaporko\/wp-json\/wp\/v2\/pages\/48\/revisions\/110"}],"up":[{"embeddable":true,"href":"https:\/\/blogi.savonia.fi\/juliaporko\/wp-json\/wp\/v2\/pages\/2"}],"wp:attachment":[{"href":"https:\/\/blogi.savonia.fi\/juliaporko\/wp-json\/wp\/v2\/media?parent=48"}],"curies":[{"name":"wp","href":"https:\/\/api.w.org\/{rel}","templated":true}]}}