{"id":536,"date":"2025-01-19T13:40:24","date_gmt":"2025-01-19T11:40:24","guid":{"rendered":"https:\/\/blogi.savonia.fi\/juliaporko\/?page_id=536"},"modified":"2025-01-23T23:20:29","modified_gmt":"2025-01-23T21:20:29","slug":"lahtotaso-ja-tavoitteet","status":"publish","type":"page","link":"https:\/\/blogi.savonia.fi\/juliaporko\/katilotyon-harjoittelut\/tkhla1-katilotyon-harjoittelu-lapsivuodeaikana-vauvateho\/lahtotaso-ja-tavoitteet\/","title":{"rendered":"L\u00e4ht\u00f6taso ja tavoitteet"},"content":{"rendered":"\n<p><strong>Eettinen osaaminen ja ammatillisuus<\/strong><\/p>\n\n\n\n<p>Tavoitteenani olisi p\u00e4\u00e4st\u00e4 hoitamaan tilanteita, jotka kehitt\u00e4v\u00e4t omaa ammatillisuuttani. Toivon, ett\u00e4 tilanteita tulisi eteen, miss\u00e4 voisi arvioida ja mietti\u00e4 yhdess\u00e4 ohjaajan kanssa ammatillisuutta kehitt\u00e4vi\u00e4 ja eettisi\u00e4 ristiriitatilanteita her\u00e4tt\u00e4vi\u00e4 tilanteita. Pyrin avoimesti kyselem\u00e4\u00e4n mielt\u00e4 askarruttavia asioita ja keskustelemaan vaikeistakin asioista. Osaan mielest\u00e4ni hyvin l\u00e4hesty\u00e4 vaikeita eettisi\u00e4kin tilanteita ja ammatillisuuteni kyll\u00e4 kest\u00e4\u00e4 hyvin hankalatkin tilanteet. Kuitenkin on asioita, jotka her\u00e4tt\u00e4v\u00e4t toisia enemm\u00e4n ajatuksia ja n\u00e4iss\u00e4 asioissa olisi hyv\u00e4 saada mahdollisimman kehitt\u00e4vi\u00e4 n\u00e4k\u00f6kulmia ja pohdintoja. Vauvateho paikkana voi olla hyvin herkk\u00e4 niin hoitohenkil\u00f6kunnalle, kuin erityisesti vanhemmillekin. Haluan t\u00e4m\u00e4n olevan korkealla prioriteettilistalla, ett\u00e4 pystyn vanhempaa\/vanhempia tukemaan mahdollisimman hyvin. T\u00e4m\u00e4n toteutuakseen aion ja pyrin luottamaan omaan ammatillisuuteeni, sek\u00e4 antamalla tilaa ja ymm\u00e4rryst\u00e4, sek\u00e4 kuuntelemaan vaikeissakin tilanteissa.<\/p>\n\n\n\n<p><strong>Terveyden edist\u00e4misen osaaminen<\/strong> <strong>ja ohjausosaaminen<\/strong><\/p>\n\n\n\n<p>Osaan lapsivuodeosaston harjoittelun pohjalta ohjata vanhempia perushoitojen kanssa. Olen suorittanut vaadittavat lapsivuodeharjoittelut kokonaan ja t\u00e4\u00e4ll\u00e4 olen saanut kokemusta terveiden vastasyntyneiden perushoitojen ohjaamisesta. Tavoitteena on perehty\u00e4 sairaan vastasyntyneen hoitoon ja osata ohjata vanhemmille tarvittaessa niihin liittyvi\u00e4 erityishuomioita ja erityistoimia.<\/p>\n\n\n\n<p>Imetysohjaus sujuu minulta jo ihan hyvin, mutta pienten vauvojen suhteen varmasti omat haasteensa. Toivon ohjausta juuri sairaalahoitoa vaativan pienen vauvan imetysohjauksen kanssa, ett\u00e4 mit\u00e4 asioita siin\u00e4 huomioida ja miten sit\u00e4 yleisesti toteutetaan.<\/p>\n\n\n\n<p><strong>Kliininen osaaminen<\/strong><\/p>\n\n\n\n<p>Osaan terveest\u00e4 vastasyntyneest\u00e4 mitata painon, p\u00e4\u00e4nymp\u00e4ryksen, happisaturaation, sykkeen ja hengitystiheyden auskultoiden, verensokerin, kehonl\u00e4mm\u00f6n ja arvioida ihon kuntoa ja vauvan yleisvointia. Huomioin mielest\u00e4ni hyvin aseptiikan vastasyntyneen kohdalla, mutta erityishuomio tietysti sairaan vastasyntyneen kohdalla. Muutoin vauvan perushoidot ja ohjaukset sujuu ihan hyvin.<\/p>\n\n\n\n<p><strong>Moniammatillinen ja kulttuurinen osaaminen<\/strong><\/p>\n\n\n\n<p>Osaan toimia moniammatillisessa ty\u00f6ryhm\u00e4ss\u00e4. Olen ollut vastasyntyneiden kotiinl\u00e4ht\u00f6tarkastuksissa ja antanut raporttia vastasyntyneest\u00e4. Tavoitteenani on tutustua edelleen, mit\u00e4 kuuluu vastasyntyneiden teho-osastolla moniammatilliseen tiimiin ja mitk\u00e4 ovat heid\u00e4n ty\u00f6kuvat. Osaan ja pyrin aina huomioimaan kulttuurisen sensitiivisyyden ja huomioimaan n\u00e4it\u00e4 seikkoja tarvittaessa. Tavoitteenani t\u00e4ss\u00e4 erityisesti pyrki\u00e4 kunnioittamaan vanhempien omaa n\u00e4kemyst\u00e4 asioista hoitoon liittyen mahdollisuuksien mukaan.<\/p>\n","protected":false},"excerpt":{"rendered":"<p>Eettinen osaaminen ja ammatillisuus Tavoitteenani olisi p\u00e4\u00e4st\u00e4 hoitamaan tilanteita, jotka kehitt\u00e4v\u00e4t omaa ammatillisuuttani. Toivon, ett\u00e4 tilanteita tulisi eteen, miss\u00e4 voisi arvioida ja mietti\u00e4 yhdess\u00e4 ohjaajan kanssa ammatillisuutta kehitt\u00e4vi\u00e4 ja eettisi\u00e4 ristiriitatilanteita her\u00e4tt\u00e4vi\u00e4 tilanteita. Pyrin avoimesti kyselem\u00e4\u00e4n mielt\u00e4 askarruttavia asioita ja keskustelemaan vaikeistakin asioista. Osaan mielest\u00e4ni hyvin l\u00e4hesty\u00e4 vaikeita eettisi\u00e4kin tilanteita &#8230; <a class=\"continue-reading-link\" href=\"https:\/\/blogi.savonia.fi\/juliaporko\/katilotyon-harjoittelut\/tkhla1-katilotyon-harjoittelu-lapsivuodeaikana-vauvateho\/lahtotaso-ja-tavoitteet\/\"> Continue reading<\/a><\/p>\n","protected":false},"author":7982,"featured_media":0,"parent":461,"menu_order":0,"comment_status":"open","ping_status":"closed","template":"","meta":{"footnotes":""},"class_list":["post-536","page","type-page","status-publish","hentry"],"_links":{"self":[{"href":"https:\/\/blogi.savonia.fi\/juliaporko\/wp-json\/wp\/v2\/pages\/536","targetHints":{"allow":["GET"]}}],"collection":[{"href":"https:\/\/blogi.savonia.fi\/juliaporko\/wp-json\/wp\/v2\/pages"}],"about":[{"href":"https:\/\/blogi.savonia.fi\/juliaporko\/wp-json\/wp\/v2\/types\/page"}],"author":[{"embeddable":true,"href":"https:\/\/blogi.savonia.fi\/juliaporko\/wp-json\/wp\/v2\/users\/7982"}],"replies":[{"embeddable":true,"href":"https:\/\/blogi.savonia.fi\/juliaporko\/wp-json\/wp\/v2\/comments?post=536"}],"version-history":[{"count":10,"href":"https:\/\/blogi.savonia.fi\/juliaporko\/wp-json\/wp\/v2\/pages\/536\/revisions"}],"predecessor-version":[{"id":571,"href":"https:\/\/blogi.savonia.fi\/juliaporko\/wp-json\/wp\/v2\/pages\/536\/revisions\/571"}],"up":[{"embeddable":true,"href":"https:\/\/blogi.savonia.fi\/juliaporko\/wp-json\/wp\/v2\/pages\/461"}],"wp:attachment":[{"href":"https:\/\/blogi.savonia.fi\/juliaporko\/wp-json\/wp\/v2\/media?parent=536"}],"curies":[{"name":"wp","href":"https:\/\/api.w.org\/{rel}","templated":true}]}}