{"id":574,"date":"2025-02-11T10:04:43","date_gmt":"2025-02-11T08:04:43","guid":{"rendered":"https:\/\/blogi.savonia.fi\/juliaporko\/?page_id=574"},"modified":"2025-02-12T08:50:37","modified_gmt":"2025-02-12T06:50:37","slug":"loppuarviointi","status":"publish","type":"page","link":"https:\/\/blogi.savonia.fi\/juliaporko\/katilotyon-harjoittelut\/tkhla1-katilotyon-harjoittelu-lapsivuodeaikana-vauvateho\/loppuarviointi\/","title":{"rendered":"Loppuarviointi"},"content":{"rendered":"\n<p><strong>Eettinen osaaminen ja ammatillisuus<\/strong><\/p>\n\n\n\n<p>Oma ammatillisuus on kehittynyt harjoittelun aikana uuden potilasryhm\u00e4n my\u00f6t\u00e4 kivasti. Sairaiden vauvojen hoidossa sensitiivisyys ja potilasl\u00e4ht\u00f6isyys on korostunut. On ollut t\u00e4rke\u00e4\u00e4 ammatillisuuden n\u00e4k\u00f6kulmasta huolehtia esimerkiksi aseptiikasta ja oma aseptinen omatunto on kyll\u00e4 p\u00e4\u00e4ssyt uudelle tasolle, vaikka olenkin aikaisemmin ollut tarkka n\u00e4iss\u00e4 asioissa. Ollut t\u00e4rke\u00e4\u00e4 osallistuttaa vanhempia hoitoihin ja pit\u00e4\u00e4 heid\u00e4t ajantasalla niist\u00e4 asioista, jotka ovat relevantteja siin\u00e4 hetkess\u00e4. <\/p>\n\n\n\n<p>Eettisi\u00e4 ristiriitatilanteita ei nyt hirve\u00e4sti ole tullut, mutta pohdinta on liittynyt esimerkiksi HAL-perheiden hoitoon, sosiaalisesti vaikeassa tilanteessa olevan perheen hoitoon tai vauvan oikeuteen vanhempiin hoidon aikana. Yksi mielest\u00e4ni ristiriitainen tilanne itselle oli er\u00e4s imetysohjaus tapaus, miss\u00e4 hieman pohdin toisen hoitajan tapaa antaa imetysohjausta. T\u00e4ss\u00e4 huomasi hyvin erot ruokinnoissa vauvateholla ja lapsivuodeosastolla, miten itsest\u00e4 tuntuu, ett\u00e4 maitoa  ja imetyst\u00e4 puoliksi v\u00e4kisin &#8221;tyrkytet\u00e4\u00e4n&#8221;.<\/p>\n\n\n\n<p><strong>Terveyden edist\u00e4misen osaaminen<\/strong> <strong>ja ohjausosaaminen<\/strong><\/p>\n\n\n\n<p>Olen p\u00e4\u00e4ssyt ohjaamaan vanhempia perushoidoissa, kylvetyksiss\u00e4 ja antamaan imetysohjausta. On tullut esimerkiksi keskosen hoitoa, jolloin joitakin erityistoimia on pit\u00e4nyt ottaa huomioon. Olen ohjannut my\u00f6s vanhempia joidenkin hoitotoimenpiteiden aikana, jolloin kivunlievityksen\u00e4 ollaan k\u00e4ytetty \u00e4idin\/vanhemman ihokontaktia tai imetyst\u00e4\/maitotippoja. Ohjausta tullut my\u00f6s ihan hoidon perusasioissa, mit\u00e4 hoidossa suunnitelmana, selitt\u00e4nyt vahemmille hoitoon liittyvi\u00e4 asioita ja siihen liittyen antanut yleisesti tietoa. Joitakin asioita osannut itse selitt\u00e4\u00e4 ja toisinaan etsinyt tietoa potilasohjeista tai muista yksik\u00f6n l\u00e4hteist\u00e4.<\/p>\n\n\n\n<p>Vauvateholla kotiutuessa annetaan vauvan ensiapuohje ja muitakin ohjeita paperilla, mit\u00e4 ei lapsivuodeosastolla ole annettu. Terveyden edist\u00e4mist\u00e4 on tullut ohjauksen my\u00f6t\u00e4 my\u00f6s esimerkiksi asennonvaihdot, vauvan kehityksen tukemiseen liittyvi\u00e4 asioita ja hygieniaohjausta.<\/p>\n\n\n\n<p><strong>Kliininen osaaminen<\/strong><\/p>\n\n\n\n<p>Osaan terveest\u00e4 vastasyntyneest\u00e4 mitata painon, p\u00e4\u00e4nymp\u00e4ryksen, happisaturaation, sykkeen ja hengitystiheyden auskultoiden, verensokerin, kehonl\u00e4mm\u00f6n ja arvioida ihon kuntoa ja vauvan yleisvointia. Huomioin mielest\u00e4ni hyvin aseptiikan vastasyntyneen kohdalla, mutta erityishuomio tietysti sairaan vastasyntyneen kohdalla. Muutoin vauvan perushoidot ja ohjaukset sujuu hyvin.<\/p>\n\n\n\n<p>Vauvatehon laitteistoon olen my\u00f6s p\u00e4\u00e4ssyt tutustumaan ja niiden k\u00e4ytt\u00f6\u00f6n ollaan hieman perehdytty. Harjoittelun aikana tullut vastaan mm. optiflow, NIV-NAVA, nen\u00e4mahaletku, edi-katetri, imu, PIC. Olen my\u00f6s seurannut erilaisia verin\u00e4ytteenottoja, silm\u00e4tutkimuksia, r\u00f6ntgenkuvanottoa, ekstubaatio, edi-katetrin laittoa. Nen\u00e4mahaletkusta olen antanut ravitsemusta, antanut PIC-kanyyliin nesteit\u00e4 ja l\u00e4\u00e4kkeit\u00e4 ja kuunnellut stetoskoopilla syd\u00e4n\u00e4\u00e4ni\u00e4 ja hengitysteit\u00e4, arvioinut hengitysty\u00f6t\u00e4 ja t\u00e4ysiaikaisen sek\u00e4 keskosen yleisvointia arvioinut, mitannut verenpainetta ja l\u00e4mp\u00f6\u00e4. K\u00e4ytiin my\u00f6s vastasyntyneen elvytyssimulaatiota seuraamassa ja ollaan harjoiteltu vauvan painelu-puhallus- elvytyst\u00e4 ja ylipainemaskilla hengityksen tuen antoa (C-PAP). Kerran my\u00f6s oltu virvoittelussa mukana ja osallistuttu kyseisen vauvan hoitoon sen j\u00e4lkeen vauvatehon osastolla. Ollaan my\u00f6s valmisteltu potilasta sairaalasiirtoon ambulanssilla ja tutustuttu siihen liittyviin asioihin. My\u00f6s kenguruhoitoa ollaan toteutettu.<\/p>\n\n\n\n<p><strong>Moniammatillinen ja kulttuurinen osaaminen<\/strong><\/p>\n\n\n\n<p>Olen p\u00e4\u00e4ssyt tutustumaan, keit\u00e4 kuuluu vastasyntyneiden teho-osastolla moniammatilliseen tiimiin ja mitk\u00e4 ovat heid\u00e4n ty\u00f6kuvat. Hoitoon on osallistunut hoitaja, lastenl\u00e4\u00e4k\u00e4ri, lastenkirurgi, -neurologi, -silm\u00e4l\u00e4\u00e4k\u00e4ri, -radiologi, sosiaality\u00f6ntekij\u00e4. Osaan ja pyrin aina huomioimaan kulttuurisen sensitiivisyyden ja huomioimaan n\u00e4it\u00e4 seikkoja tarvittaessa. Olen pyrkinyt kunnioittamaan vanhempien toiveita mahdollisuuksien mukaan ja muistanut hoitaessa, ett\u00e4 vauva ei ole sairaalan vaan vanhempien oma, jolloin olen pyrkinyt osallistuttamaan vanhempia hoitoon ja antamaan tilaa hyvin vanhemmille.<\/p>\n\n\n\n<figure class=\"wp-block-image size-large\"><img loading=\"lazy\" decoding=\"async\" width=\"768\" height=\"1024\" src=\"https:\/\/blogi.savonia.fi\/juliaporko\/wp-content\/uploads\/sites\/9716\/2025\/02\/IMG_8117-768x1024.jpeg\" alt=\"\" class=\"wp-image-586\" srcset=\"https:\/\/blogi.savonia.fi\/juliaporko\/wp-content\/uploads\/sites\/9716\/2025\/02\/IMG_8117-768x1024.jpeg 768w, https:\/\/blogi.savonia.fi\/juliaporko\/wp-content\/uploads\/sites\/9716\/2025\/02\/IMG_8117-225x300.jpeg 225w, https:\/\/blogi.savonia.fi\/juliaporko\/wp-content\/uploads\/sites\/9716\/2025\/02\/IMG_8117-1152x1536.jpeg 1152w, https:\/\/blogi.savonia.fi\/juliaporko\/wp-content\/uploads\/sites\/9716\/2025\/02\/IMG_8117-1536x2048.jpeg 1536w, https:\/\/blogi.savonia.fi\/juliaporko\/wp-content\/uploads\/sites\/9716\/2025\/02\/IMG_8117-263x350.jpeg 263w, https:\/\/blogi.savonia.fi\/juliaporko\/wp-content\/uploads\/sites\/9716\/2025\/02\/IMG_8117-113x150.jpeg 113w, https:\/\/blogi.savonia.fi\/juliaporko\/wp-content\/uploads\/sites\/9716\/2025\/02\/IMG_8117-scaled.jpeg 1920w\" sizes=\"auto, (max-width: 768px) 100vw, 768px\" \/><\/figure>\n","protected":false},"excerpt":{"rendered":"<p>Eettinen osaaminen ja ammatillisuus Oma ammatillisuus on kehittynyt harjoittelun aikana uuden potilasryhm\u00e4n my\u00f6t\u00e4 kivasti. Sairaiden vauvojen hoidossa sensitiivisyys ja potilasl\u00e4ht\u00f6isyys on korostunut. On ollut t\u00e4rke\u00e4\u00e4 ammatillisuuden n\u00e4k\u00f6kulmasta huolehtia esimerkiksi aseptiikasta ja oma aseptinen omatunto on kyll\u00e4 p\u00e4\u00e4ssyt uudelle tasolle, vaikka olenkin aikaisemmin ollut tarkka n\u00e4iss\u00e4 asioissa. Ollut t\u00e4rke\u00e4\u00e4 osallistuttaa vanhempia &#8230; <a class=\"continue-reading-link\" href=\"https:\/\/blogi.savonia.fi\/juliaporko\/katilotyon-harjoittelut\/tkhla1-katilotyon-harjoittelu-lapsivuodeaikana-vauvateho\/loppuarviointi\/\"> Continue reading<\/a><\/p>\n","protected":false},"author":7982,"featured_media":0,"parent":461,"menu_order":0,"comment_status":"open","ping_status":"closed","template":"","meta":{"footnotes":""},"class_list":["post-574","page","type-page","status-publish","hentry"],"_links":{"self":[{"href":"https:\/\/blogi.savonia.fi\/juliaporko\/wp-json\/wp\/v2\/pages\/574","targetHints":{"allow":["GET"]}}],"collection":[{"href":"https:\/\/blogi.savonia.fi\/juliaporko\/wp-json\/wp\/v2\/pages"}],"about":[{"href":"https:\/\/blogi.savonia.fi\/juliaporko\/wp-json\/wp\/v2\/types\/page"}],"author":[{"embeddable":true,"href":"https:\/\/blogi.savonia.fi\/juliaporko\/wp-json\/wp\/v2\/users\/7982"}],"replies":[{"embeddable":true,"href":"https:\/\/blogi.savonia.fi\/juliaporko\/wp-json\/wp\/v2\/comments?post=574"}],"version-history":[{"count":10,"href":"https:\/\/blogi.savonia.fi\/juliaporko\/wp-json\/wp\/v2\/pages\/574\/revisions"}],"predecessor-version":[{"id":587,"href":"https:\/\/blogi.savonia.fi\/juliaporko\/wp-json\/wp\/v2\/pages\/574\/revisions\/587"}],"up":[{"embeddable":true,"href":"https:\/\/blogi.savonia.fi\/juliaporko\/wp-json\/wp\/v2\/pages\/461"}],"wp:attachment":[{"href":"https:\/\/blogi.savonia.fi\/juliaporko\/wp-json\/wp\/v2\/media?parent=574"}],"curies":[{"name":"wp","href":"https:\/\/api.w.org\/{rel}","templated":true}]}}