{"id":593,"date":"2025-04-07T10:36:11","date_gmt":"2025-04-07T07:36:11","guid":{"rendered":"https:\/\/blogi.savonia.fi\/juliaporko\/?page_id=593"},"modified":"2025-04-07T11:14:09","modified_gmt":"2025-04-07T08:14:09","slug":"lahtotaso-ja-tavoitteet","status":"publish","type":"page","link":"https:\/\/blogi.savonia.fi\/juliaporko\/katilotyon-harjoittelut\/tkhsyv1-katilotyon-harjoittelu-synnytyksen-aikana\/lahtotaso-ja-tavoitteet\/","title":{"rendered":"L\u00e4ht\u00f6taso ja tavoitteet"},"content":{"rendered":"\n<p>E<strong>ettinen osaaminen ja ammatillisuus<\/strong><\/p>\n\n\n\n<p>Koen, ett\u00e4 omat eettiset tavoitteet ovat nyt viimeisess\u00e4 harjoittelussa minulle todella t\u00e4rke\u00e4t ja ylettyv\u00e4t kauemmas, kuin pelk\u00e4st\u00e4\u00e4n opintoihin liittyen. Olen synnytyssaliharjoitteluissa hoitanut melko vaikeita synnytyksi\u00e4, jotka ovat vaatineet aivan j\u00e4rkytt\u00e4v\u00e4n paljon niin synnytt\u00e4j\u00e4lt\u00e4, kuin minulta itselt\u00e4 henkil\u00f6kohtaisesti. Olen useasti joutunut pohtimaan, onko minusta t\u00e4h\u00e4n ammattiin. T\u00e4t\u00e4 pohdintaa olen onneksi p\u00e4\u00e4ssyt tekem\u00e4\u00e4n my\u00f6s harjoittelun ulkopuolella ja olen tehnyt paljon itsetutkiskelua. Vahvuuksiani on se, kuinka hyvin toimin paineen alla. En h\u00e4t\u00e4\u00e4nny, pel\u00e4sty tai erityisesti tartu synnytt\u00e4j\u00e4n paniikkiin. Eettinen dilemma tulee siin\u00e4, ett\u00e4 liikaa ajattelen, kuinka itse toimisin synnytt\u00e4j\u00e4n\u00e4 tilanteessa ja peilaan itse\u00e4ni tilanteisiin, jolloin kuormitan itse\u00e4ni hirve\u00e4sti. T\u00e4m\u00e4 on kuitenkin osittain my\u00f6s hyv\u00e4 asia, ett\u00e4 osaan asemoitua synnytt\u00e4j\u00e4n asemaan, mutta toisaalta v\u00e4lill\u00e4 h\u00e4iritsee, jos liikaa asetun tunnepohjalla tilanteeseen, sill\u00e4 olen hyvin herkk\u00e4. Mainittakoon viel\u00e4, ett\u00e4 n\u00e4m\u00e4 edell\u00e4mainitut &#8221;vaikeat synnytykset&#8221; ovat minulle itselle aiheuttanut synnytyspelkoa, joka nyt ajankohtaista, sill\u00e4 itse olen raskaana. T\u00e4h\u00e4n aihealueeseen keskittyminen kyll\u00e4 pist\u00e4\u00e4 oman ammatillisuuteni koetukselle ja t\u00e4ss\u00e4 toivoisinkin erityist\u00e4 tukea, ett\u00e4 voidaan ohjaajan tai ty\u00f6porukan kanssa k\u00e4yd\u00e4 tilanteita j\u00e4lkik\u00e4teen l\u00e4pi. <\/p>\n\n\n\n<p>Vaikeiden synnytysten my\u00f6t\u00e4 olen oppinut siet\u00e4m\u00e4\u00e4n paljon aluksi vaikealta tuntuvia asioita, kuten kipua, synnytt\u00e4j\u00e4n ep\u00e4toivoa ja voimattomuutta. Olen l\u00f6yt\u00e4nyt omat keinoni rohkaista ja tukea synnytt\u00e4j\u00e4\u00e4, sek\u00e4 tietyll\u00e4 tapaa lukemaan tilannetta. T\u00e4m\u00e4 mahdollistaa sen, ett\u00e4 tilanteissa helpommin n\u00e4\u00e4n, ett\u00e4 tarvitsisiko synnytt\u00e4j\u00e4 sanallista ohjausta enemm\u00e4n tai enemm\u00e4n\/v\u00e4hemm\u00e4n rohkaisevia tsemppej\u00e4 vai rauhallisempaa otetta. Oma ammatillisuus on ottanut valtavia harppauksia, mutta my\u00f6s saanut hieman kolhuja eettisen n\u00e4k\u00f6kulman kannalta.<\/p>\n\n\n\n<p><strong>Terveyden edist\u00e4misen osaaminen<\/strong>&nbsp;<strong>ja ohjausosaaminen<\/strong><\/p>\n\n\n\n<p>Avautumisvaiheessa osaan ohjata: ilokaasu, s\u00e4\u00e4nn\u00f6llisen virtsaamisen t\u00e4rkeys, kivun hoito ja kivunhoidon vaihtoehdot miss\u00e4kin vaiheessa; ilokaasu, epiduraali, pudendaali ja paracervikaalipuudutukset, amme ja muita l\u00e4\u00e4kkeett\u00f6mi\u00e4 kuten hieronta, tens. Pystyn synnytt\u00e4j\u00e4lle my\u00f6s supistuksiin liittyen antaa ohjausta ja tietoa, kuten niiden voimakkuuteen ja kestoon liittyen. Avautumisvaiheessa olen ohjannut ammeessa oloa. Avautumisvaiheessa my\u00f6s kipujen sietoon, laatuun ja sijaintiin liittyen osaan antaa tietoa ja ohjata juuri oikeita kivunlievityksi\u00e4 avautumisvaiheessa. Olen my\u00f6s tukihenkil\u00f6\u00e4 osannut ohjata ja osallistuttaa avautumisvaiheessa. Tavoitteenani on saada varmuutta omaan ohjaukseen ja luottamusta siihen, ett\u00e4 tied\u00e4n mit\u00e4 teen. Toivoisin paljon itsen\u00e4ist\u00e4 tekemist\u00e4, varsinkin kun nyt viimeinen harjoittelu kyseess\u00e4. T\u00e4m\u00e4n my\u00f6t\u00e4 toivon, ett\u00e4 tilanteet her\u00e4tt\u00e4isiv\u00e4t keskustelua ja pohdintaa yhdess\u00e4 ohjaajan kanssa, jolloin voin entisest\u00e4\u00e4n kehitty\u00e4. Haluan paljon palautetta, pienist\u00e4kin asioista ja erityisesti yksityiskohtien hiontaa ja t\u00e4rke\u00e4\u00e4 hiljaista tietoa.<\/p>\n\n\n\n<p>Osaan tarkkailla KTG k\u00e4yr\u00e4\u00e4, niin siki\u00f6n voinnin, kuin supistusten laadun kannalta. Tunnistan supistustenaikaiset, supistusten j\u00e4lkeiset syd\u00e4n\u00e4\u00e4nilaskut, ponnistusvaiheeseen liittyv\u00e4t syd\u00e4n\u00e4\u00e4nilaskut (suurinpiirtein mik\u00e4 normaalia ja mik\u00e4 ei), siki\u00f6n takykardian ja perustason nousun, sek\u00e4 siihen liittyvi\u00e4 asioita, kuten infektion mahdollisuus. Joitakin tapauksia tullut vastaan, kun siki\u00f6indikaatiolla tehd\u00e4\u00e4n kiireellinen sektio.\u00a0Toivoisin lis\u00e4\u00e4 pohdintaa ja l\u00e4pik\u00e4ynti\u00e4 KTG-k\u00e4yr\u00e4n suhteen ja miten arvioida tilannetta k\u00e4yr\u00e4n avulla tai l\u00e4hinn\u00e4, miten hy\u00f6dynt\u00e4\u00e4 k\u00e4yr\u00e4\u00e4. Tavoitteenani on osata paremmin ennakoida k\u00e4yr\u00e4n avulla ja milloin olla yhteydess\u00e4 l\u00e4\u00e4k\u00e4riin.<\/p>\n\n\n\n<p>Olen jo alkanut ohjaamaan my\u00f6s ponnistusvaiheessa ja ymm\u00e4rryst\u00e4 tulee koko ajan enemm\u00e4n t\u00e4m\u00e4n suhteen. Ponnistusvaiheessa osaan jo ohjata oikea-aikaista ponnistamista supistusten aikana. Osaan jo hieman paremmin yhdist\u00e4\u00e4 k\u00e4dentaitoja ja omaa n\u00e4ppituntumaa ponnistusvaiheessa ohjaamiseen. S\u00e4\u00e4nn\u00f6llisen synnytyksen ponnistusvaihetta koen, ett\u00e4 pystyn ohjaamaan. Siin\u00e4 huomioiden oman ergonomian, aseptiikan ja synnytt\u00e4j\u00e4n asennon, ja tukihenkil\u00f6n roolin. Osaan ohjata synnytyksen edetess\u00e4 synnytt\u00e4j\u00e4lle sopivia ponnistusasentoja tilanteiden mukaan, ohjata oikea ponnistusajankohta ja tukea synnytt\u00e4j\u00e4\u00e4 ja tukihenkil\u00f6\u00e4 hyvin. Tavoitteenani ponnistusvaiheessa on ohjata itsen\u00e4isesti, toki oman ohjaajan kanssa yhteisty\u00f6ss\u00e4 tarvittaessa. Toivon, ett\u00e4 siin\u00e4 hetkess\u00e4 voitaisiin k\u00e4yd\u00e4 keskustelua ja ett\u00e4 saisin ohjaushetkell\u00e4 vinkkej\u00e4, ja my\u00f6s ohjaamisen j\u00e4lkeen saisin palautetta mahdollisimman nopeasti, jotta asiat j\u00e4isiv\u00e4t paremmin mieleen. Haluan ohjata itse mahdollisimman paljon, ja sitten kuulen palautetta mieluusti omasta ohjaamisestani.<\/p>\n\n\n\n<p>Osaan antaa imetysohjausta. Osaan hyvin huomioida toimenpiteiss\u00e4 potilaan ja mielest\u00e4ni hyvin huomioin potilaita aina ja kerron, mit\u00e4 teen. Minulle itselleni my\u00f6s t\u00e4rke\u00e4\u00e4 ollut, ett\u00e4 mit\u00e4 ikin\u00e4 teen, kerron synnytt\u00e4j\u00e4lle, mit\u00e4 tapahtuu ja pid\u00e4n my\u00f6s tukihenkil\u00f6n ajantasalla. Tavoitteenani olisi kehitty\u00e4 entisest\u00e4\u00e4n ensi-imetysohjauksen annossa. Toivoisin siis, ett\u00e4 voitaisiin ohjaajan kanssa yhdess\u00e4 katsoa ensi-imetyst\u00e4 mahdollisimman paljon.<\/p>\n\n\n\n<p>Osaan my\u00f6s ohjata \u00e4idille j\u00e4lkivuodon seurannan ja varmistaa kohdun kunnollisen supistumisen synnytyksen j\u00e4lkeen ja virtsaamisen t\u00e4rkeyden synnytyksen j\u00e4lkeen. Osaan synnytyksess\u00e4 avustamisen yhteydess\u00e4 my\u00f6s ohjata vauvan tihe\u00e4n seurannan syntym\u00e4nj\u00e4lkeen, hygieniaohjausta osaan antaa ja huomioida synnytt\u00e4j\u00e4n mahdollisen huonovointisuuden synnytyksen j\u00e4lkeen. Avustuksia tullut melko v\u00e4h\u00e4n, ja t\u00e4ss\u00e4 toivoisinkin toistoja lis\u00e4\u00e4, mit\u00e4 tilanteissa ohjataankaan ja mik\u00e4 on kakkosk\u00e4til\u00f6n rooli ohjaamisen suhteen. <\/p>\n\n\n\n<p>Loppuun mainitsen, ett\u00e4 oletuksenani on, ett\u00e4 Kokkolassa puhutaan melko paljon my\u00f6s ruotsia, joten olisi kiva oppia v\u00e4h\u00e4n edes ohjaamaan ruotsinkielell\u00e4.<\/p>\n\n\n\n<p><strong>Kliininen osaaminen<\/strong><\/p>\n\n\n\n<p>Osaan\/olen tehnyt:<\/p>\n\n\n\n<ul class=\"wp-block-list\">\n<li>Sis\u00e4tutkimus, avautumisvaiheessa ja synnytyksen k\u00e4ynnistyess\u00e4. Kehittymist\u00e4 on mielest\u00e4ni tapahtunut paljonkin, sill\u00e4 toisinaan vaikeassakin tilanteessa pystyy edes jonkinlaista arviota antamaan kohdunsuun tilanteesta. Pystyn my\u00f6s melko hyvin jo tunnustelemaan aukileita, pahkaa, kalvorakkoa ja arvioimaan supistuksen vaikutusta synnytyskanavassa tarjoutuvaan osaan.\u00a0Tavoitteenani on mahdollisimman paljon itsen\u00e4isesti tehd\u00e4 arviota kohdunsuun tilanteesta ja arvioida oman n\u00e4ppituntuman avulla. <\/li>\n\n\n\n<li>Synnytyksen aikainen l\u00e4\u00e4kehoito, kuten oksitosiini, epiduraali (bolus, kipupumppu), pudendaali, PCP, ilokaasu, spinaali, panadol. GBS positiivisia olen my\u00f6s hoitanut ja antibiootteja laimetanut\/antanut, sek\u00e4 korionamnioniittipotilasta olen hoitanut. Olen alkanut nyt hyvin hahmottamaan, mink\u00e4lainen kivunlievitys olisi hyv\u00e4 miss\u00e4kin synnytyksen vaiheessa. L\u00e4\u00e4kkeett\u00f6mi\u00e4 keinoja on ollut esimerkiksi aquarakkulat, asentohoidot, hieronta, tens, l\u00e4mp\u00f6hoidot ja amme.\u00a0<\/li>\n\n\n\n<li>Avustaminen; kp, scalp, PCP, epiduraali, spinaali, pudendaalipuudutus, imukuppisynnytys. Osaan ker\u00e4t\u00e4 tarvikkeet tarvittavaan toimenpiteeseen ja avustaa l\u00e4\u00e4k\u00e4ri\u00e4. Imukuppisynnytyksi\u00e4 on tullut ja niiss\u00e4 olen my\u00f6s ollut avustamassa, puuduttamassa ja leikkaamassa episiotomiaa.<\/li>\n\n\n\n<li>Episiotomioita tullut n. 10 + puudutukset.<\/li>\n\n\n\n<li>Ompelua tullut melko hyvin, koen ett\u00e4 olen t\u00e4m\u00e4n suhteen p\u00e4\u00e4ssyt hyvin alkuun. Olen p\u00e4\u00e4ssyt kokeilemaan jatkuvaa ommelta ja prinsessaommelta. Ompelua ehdottomasti toivon lis\u00e4\u00e4 ja t\u00e4ss\u00e4 tukea ja vinkkej\u00e4, sek\u00e4 k\u00e4rsiv\u00e4llisyytt\u00e4, sill\u00e4 hahmotusongelmia v\u00e4lill\u00e4 kyll\u00e4 on.<\/li>\n\n\n\n<li>Vauvan ulosautot; k-vitamiini, napanuoran laitto ja n\u00e4ytteiden otto, ensi-imetys, vauvan ensimittaukset, apgar-pisteytys. Apgarpisteytyst\u00e4 toivoisin, ett\u00e4 k\u00e4yt\u00e4isiin lis\u00e4\u00e4 l\u00e4pi. Ulosauttoja olen saanut systemaattisesti hyv\u00e4ll\u00e4 tahdilla, joten otteiden kanssa sujuu jo melko hyvin. V\u00e4lilihan tukeminen ja p\u00e4\u00e4n syntym\u00e4n hidastaminen on sujunut hyvin. Muutamia kertoja ollut napanuoraa kiertyneen\u00e4 kaulan ymp\u00e4ri, n\u00e4ist\u00e4kin mielest\u00e4ni selvinnut hyvin.\u00a0Ulosauttoja minulla tosiaan on se 25kpl, eli n\u00e4iss\u00e4 tulee olemaan isoin paine, ett\u00e4 saanko 40kpl ker\u00e4tty\u00e4. Tosiaan viimeinen harjoitteluni, joten toivon, ett\u00e4 ulosauttoja tulee paljon. Koen kyll\u00e4, ett\u00e4 niiss\u00e4 ei suuria osaamisen aukkoja ole, sill\u00e4 ymm\u00e4rr\u00e4n &#8221;logiikan&#8221; ulosauttojen aikana, mik\u00e4 on t\u00e4rke\u00e4\u00e4 ja mihin kiinnitt\u00e4\u00e4 huomiota.<\/li>\n\n\n\n<li>Kakkosk\u00e4til\u00f6intej\u00e4 tullut melko v\u00e4h\u00e4n. N\u00e4iss\u00e4 olen antanut kohtua supistavaa l\u00e4\u00e4kett\u00e4, ottanut astrup n\u00e4ytteit\u00e4, tukenut synnytt\u00e4j\u00e4\u00e4 ja passannut hoitavaa k\u00e4til\u00f6\u00e4, sek\u00e4 hoitanut kirjauksia. My\u00f6s sektioihin olen p\u00e4\u00e4ssyt ottamaan vauvaa vastaan ja seuraamaan. Kiireelliseen sektioon olen my\u00f6s p\u00e4\u00e4ssyt. Avustuksia toivon my\u00f6s lis\u00e4\u00e4, niin opin kannalta, kuin tapauksien m\u00e4\u00e4r\u00e4n kannalta, jotta saan kaikki tapaukset t\u00e4yteen ja p\u00e4\u00e4sen valmistumaan.<\/li>\n\n\n\n<li>J\u00e4lkeisten synnytys; istukan, kalvojen ja napanuoran tarkistus. N\u00e4iden suhteen sujuu hyvin, pystyn erottamaan repaleiset kalvot t\u00e4ydellisist\u00e4 ja arvioimaan istukan t\u00e4ydellisyytt\u00e4. Muutama tilanne tullut, ett\u00e4 synnytt\u00e4j\u00e4lle ollut runsaampi verenvuoto synnytyksen j\u00e4lkeen, joten n\u00e4iden hoitoa tullut my\u00f6s. 2. vaiheen erityistapauksia tullut v\u00e4h\u00e4n, joten jos tilanteita ei tule, toivon ett\u00e4 voitaisiin k\u00e4yd\u00e4 l\u00e4pi esimerkiksi napacocktailit ym. vuoto- ja riskitilanteet synnytt\u00e4j\u00e4n suhteen.<\/li>\n\n\n\n<li>Synnytyksen j\u00e4lkeinen 2h seuranta; kohdun painanta, j\u00e4lkivuodon seuranta, virtsaamisen seuranta, vastasyntyneen voinnin seuranta, ensi-imetys. Olen p\u00e4\u00e4ssyt my\u00f6s seuraamaan vastasyntyneen virvoittelua.\u00a0Koen ett\u00e4 vastasyntyneen arviointi sujuu paremmin vauvateho-harjoittelun j\u00e4lkeen. Virvoitteluun liittyvi\u00e4 asioita voisi k\u00e4yd\u00e4 lis\u00e4\u00e4 l\u00e4pi, ja miten arvioida vastasyntynytt\u00e4. <\/li>\n<\/ul>\n\n\n\n<p><strong>Moniammatillinen ja kulttuurinen osaaminen<\/strong><\/p>\n\n\n\n<p>Moniammatillisuuden puolesta olen p\u00e4\u00e4ssyt arvioimaan, miss\u00e4 k\u00e4til\u00f6n osaaminen ja vastuualue tulee vastaan ja milloin on se hetki kutsua l\u00e4\u00e4k\u00e4ri paikalle. Olen avustanut gynekologia paikallispuudutuksien laitossa ja anestesial\u00e4\u00e4k\u00e4ri\u00e4 esimerkiksi epiduraalin laitossa. Olen my\u00f6s ollut seuraamassa mikroverin\u00e4ytteidenottoa.&nbsp;<\/p>\n\n\n\n<p>Olen hoitanut synnytyksen, miss\u00e4 ei ollut synnytt\u00e4j\u00e4n kanssa yhteist\u00e4 kielt\u00e4. Kuten aiemmin mainitsin, jos olen ymm\u00e4rt\u00e4nyt oikein, ett\u00e4 Kokkolassa on kaksikielisyytt\u00e4 melko paljon, joten olisi kiva p\u00e4\u00e4st\u00e4 oppimaan ruotsinkielell\u00e4 ohjaamista. Jotakin sanastoa on mieless\u00e4, mutta kertausta kyll\u00e4 tarvitaan. Olen itseasiassa itse lukenut pitk\u00e4\u00e4 ruotsia lukiossa, joten ymm\u00e4rr\u00e4n ruotsinkielt\u00e4 ainakin kohtalaisen hyvin. Englanti sujuu kyll\u00e4 hyvin, mutta haluaisin synnytyst\u00e4 hoitaa ruotsiksi, jos vain mahdollista.<\/p>\n","protected":false},"excerpt":{"rendered":"<p>Eettinen osaaminen ja ammatillisuus Koen, ett\u00e4 omat eettiset tavoitteet ovat nyt viimeisess\u00e4 harjoittelussa minulle todella t\u00e4rke\u00e4t ja ylettyv\u00e4t kauemmas, kuin pelk\u00e4st\u00e4\u00e4n opintoihin liittyen. Olen synnytyssaliharjoitteluissa hoitanut melko vaikeita synnytyksi\u00e4, jotka ovat vaatineet aivan j\u00e4rkytt\u00e4v\u00e4n paljon niin synnytt\u00e4j\u00e4lt\u00e4, kuin minulta itselt\u00e4 henkil\u00f6kohtaisesti. Olen useasti joutunut pohtimaan, onko minusta t\u00e4h\u00e4n ammattiin. T\u00e4t\u00e4 &#8230; <a class=\"continue-reading-link\" href=\"https:\/\/blogi.savonia.fi\/juliaporko\/katilotyon-harjoittelut\/tkhsyv1-katilotyon-harjoittelu-synnytyksen-aikana\/lahtotaso-ja-tavoitteet\/\"> Continue reading<\/a><\/p>\n","protected":false},"author":7982,"featured_media":0,"parent":463,"menu_order":0,"comment_status":"open","ping_status":"closed","template":"","meta":{"footnotes":""},"class_list":["post-593","page","type-page","status-publish","hentry"],"_links":{"self":[{"href":"https:\/\/blogi.savonia.fi\/juliaporko\/wp-json\/wp\/v2\/pages\/593","targetHints":{"allow":["GET"]}}],"collection":[{"href":"https:\/\/blogi.savonia.fi\/juliaporko\/wp-json\/wp\/v2\/pages"}],"about":[{"href":"https:\/\/blogi.savonia.fi\/juliaporko\/wp-json\/wp\/v2\/types\/page"}],"author":[{"embeddable":true,"href":"https:\/\/blogi.savonia.fi\/juliaporko\/wp-json\/wp\/v2\/users\/7982"}],"replies":[{"embeddable":true,"href":"https:\/\/blogi.savonia.fi\/juliaporko\/wp-json\/wp\/v2\/comments?post=593"}],"version-history":[{"count":3,"href":"https:\/\/blogi.savonia.fi\/juliaporko\/wp-json\/wp\/v2\/pages\/593\/revisions"}],"predecessor-version":[{"id":599,"href":"https:\/\/blogi.savonia.fi\/juliaporko\/wp-json\/wp\/v2\/pages\/593\/revisions\/599"}],"up":[{"embeddable":true,"href":"https:\/\/blogi.savonia.fi\/juliaporko\/wp-json\/wp\/v2\/pages\/463"}],"wp:attachment":[{"href":"https:\/\/blogi.savonia.fi\/juliaporko\/wp-json\/wp\/v2\/media?parent=593"}],"curies":[{"name":"wp","href":"https:\/\/api.w.org\/{rel}","templated":true}]}}