{"id":251,"date":"2024-06-06T23:20:22","date_gmt":"2024-06-06T20:20:22","guid":{"rendered":"https:\/\/blogi.savonia.fi\/kingsleyaliche\/?page_id=251"},"modified":"2024-06-06T23:20:22","modified_gmt":"2024-06-06T20:20:22","slug":"valitarkastelu","status":"publish","type":"page","link":"https:\/\/blogi.savonia.fi\/kingsleyaliche\/esimerkkisivu\/nursing-developmental-competencies\/valitarkastelu\/","title":{"rendered":"V\u00e4litarkastelu"},"content":{"rendered":"\n<p><strong>Oppimisen osaaminen<\/strong>: Kliininen harjoittelu on edennyt hyvin, kommunikaatio ja yhteisty\u00f6 mentorin sairaanhoitajan sek\u00e4 muiden terveydenhuollon ammattilaisten kanssa ovat sujuneet hyvin.<\/p>\n\n\n\n<p>Kuinka saavutin tavoitteeni: Voin sanoa t\u00e4ll\u00e4 hetkell\u00e4, ett\u00e4 olen pystynyt saavuttamaan erilaisia tavoitteitani yhteisty\u00f6ss\u00e4 mentorini ja muiden osaston henkil\u00f6kunnan j\u00e4senten kanssa ty\u00f6skentelem\u00e4ll\u00e4 tiiviisti heid\u00e4n kanssaan, etenem\u00e4ll\u00e4 omassa tahdissani ja kysym\u00e4ll\u00e4 mielt\u00e4 askarruttavia kysymyksi\u00e4.<\/p>\n\n\n\n<p>Eettinen tieto ja ammattitaito: Eettinen ja ammatillinen osaaminen on parantunut, kun olen noudattanut sit\u00e4, mit\u00e4 minulle on opetettu yliopistossa ja kuinka mentorini hoitaa useita tilanteita. Olen my\u00f6s ottanut asianmukaisesti huomioon kaikkien potilaiden oikeudet, riippumatta heid\u00e4n terveydentilastaan ja kiireest\u00e4 hoidon tarpeessa, hy\u00f6dynt\u00e4en hoitoperiaatteita ja potilaan asemaa ja oikeuksia.<\/p>\n\n\n\n<p><strong>Moniammatillinen osaaminen:<\/strong> Olen oppinut tuntemaan osaston eri henkil\u00f6t ja ollut tiiviiss\u00e4 yhteisty\u00f6ss\u00e4 henkil\u00f6kunnan j\u00e4senten kanssa, mik\u00e4 on johtanut lis\u00e4osaamisen hankkimiseen hoitajilta, l\u00e4\u00e4k\u00e4reilt\u00e4, fysioterapeuteilta ja muiden osaston j\u00e4senilt\u00e4.<\/p>\n\n\n\n<p>N\u00e4ytt\u00f6\u00f6n perustuva hoitoty\u00f6 ja p\u00e4\u00e4t\u00f6ksenteko: Olen opiskelijana pystynyt jatkamaan harjoittelua tutkimalla useita aiheita ja my\u00f6s mentorisairaanhoitajien avulla, kysym\u00e4ll\u00e4 kysymyksi \u00e4 ja noudattamalla osastolla asetettuja ohjeita varmistaen, ett\u00e4 toimenpiteet perustuvat n\u00e4ytt\u00f6\u00f6n perustuvaan hoitoty\u00f6h\u00f6n.<\/p>\n\n\n\n<p>Kulttuurinen osaaminen: Olen oppinut, ett\u00e4 kaikkia kohdellaan tasavertaisesti t\u00e4\u00e4ll\u00e4 ilman syrjint\u00e4\u00e4. Nollatoleranssi.<\/p>\n\n\n\n<p><strong>Kliininen osaaminen:<\/strong> Kliininen osaamiseni edistyminen on my\u00f6s parantunut, sill\u00e4 pystyn kommunikoimaan tehokkaasti ja k\u00e4sittelem\u00e4\u00e4n erilaisia akuutteja potilaita osastolla ja ymm\u00e4rt\u00e4m\u00e4\u00e4n heit\u00e4.<\/p>\n\n\n\n<p>Olen pystynyt parantamaan tiet\u00e4myst\u00e4ni eri sy\u00f6v\u00e4n hoitomuodoista ja hoidosta osallistumalla p\u00e4ivitt\u00e4isiin toimintoihin osastolla.<\/p>\n\n\n\n<p>Ymm\u00e4rrys siit\u00e4, ett\u00e4 jokaisen asiakkaan oikeudet kunnioitetaan, asiakkaan p\u00e4\u00e4t\u00f6ksenteko otetaan t\u00e4ysin huomioon ja asiakkaan kaikkiin tapahtumiin ei j\u00e4tet\u00e4 huomiotta, my\u00f6s asiakkaan puhtaus on olennainen tapa parantaa heid\u00e4n terveydentilaansa.<\/p>\n\n\n\n<p>Suhteeni muihin kollegoihin on varsin syd\u00e4mellinen.<\/p>\n\n\n\n<p>Tavoitteet j\u00e4ljell\u00e4 olevalle viikolle<\/p>\n\n\n\n<p>Enemm\u00e4n keskustelua osaston l\u00e4\u00e4k\u00e4rin kanssa<\/p>\n\n\n\n<p>Itsen\u00e4inen ty\u00f6skentely<\/p>\n\n\n\n<p>Kuinka saavuttaa t\u00e4m\u00e4<\/p>\n\n\n\n<p>Olemalla saatavilla aina tarvittaessa ja avoin kaikille teht\u00e4ville, jotka on annettu, vastatakseen heid\u00e4n tarpeisiinsa.<\/p>\n","protected":false},"excerpt":{"rendered":"<p>Oppimisen osaaminen: Kliininen harjoittelu on edennyt hyvin, kommunikaatio ja yhteisty\u00f6 mentorin sairaanhoitajan sek\u00e4 muiden terveydenhuollon ammattilaisten kanssa ovat sujuneet hyvin. Kuinka saavutin tavoitteeni: Voin sanoa t\u00e4ll\u00e4 hetkell\u00e4, ett\u00e4 olen pystynyt saavuttamaan erilaisia tavoitteitani yhteisty\u00f6ss\u00e4 mentorini ja muiden osaston henkil\u00f6kunnan j\u00e4senten kanssa ty\u00f6skentelem\u00e4ll\u00e4 tiiviisti heid\u00e4n kanssaan, etenem\u00e4ll\u00e4 omassa tahdissani ja kysym\u00e4ll\u00e4 &#8230; <a class=\"continue-reading-link\" href=\"https:\/\/blogi.savonia.fi\/kingsleyaliche\/esimerkkisivu\/nursing-developmental-competencies\/valitarkastelu\/\"> Continue reading<\/a><\/p>\n","protected":false},"author":8445,"featured_media":0,"parent":230,"menu_order":2,"comment_status":"open","ping_status":"closed","template":"","meta":{"footnotes":""},"class_list":["post-251","page","type-page","status-publish","hentry"],"_links":{"self":[{"href":"https:\/\/blogi.savonia.fi\/kingsleyaliche\/wp-json\/wp\/v2\/pages\/251","targetHints":{"allow":["GET"]}}],"collection":[{"href":"https:\/\/blogi.savonia.fi\/kingsleyaliche\/wp-json\/wp\/v2\/pages"}],"about":[{"href":"https:\/\/blogi.savonia.fi\/kingsleyaliche\/wp-json\/wp\/v2\/types\/page"}],"author":[{"embeddable":true,"href":"https:\/\/blogi.savonia.fi\/kingsleyaliche\/wp-json\/wp\/v2\/users\/8445"}],"replies":[{"embeddable":true,"href":"https:\/\/blogi.savonia.fi\/kingsleyaliche\/wp-json\/wp\/v2\/comments?post=251"}],"version-history":[{"count":2,"href":"https:\/\/blogi.savonia.fi\/kingsleyaliche\/wp-json\/wp\/v2\/pages\/251\/revisions"}],"predecessor-version":[{"id":253,"href":"https:\/\/blogi.savonia.fi\/kingsleyaliche\/wp-json\/wp\/v2\/pages\/251\/revisions\/253"}],"up":[{"embeddable":true,"href":"https:\/\/blogi.savonia.fi\/kingsleyaliche\/wp-json\/wp\/v2\/pages\/230"}],"wp:attachment":[{"href":"https:\/\/blogi.savonia.fi\/kingsleyaliche\/wp-json\/wp\/v2\/media?parent=251"}],"curies":[{"name":"wp","href":"https:\/\/api.w.org\/{rel}","templated":true}]}}