{"id":267,"date":"2024-10-01T17:53:43","date_gmt":"2024-10-01T14:53:43","guid":{"rendered":"https:\/\/blogi.savonia.fi\/kingsleyaliche\/?page_id=267"},"modified":"2024-10-22T14:20:18","modified_gmt":"2024-10-22T11:20:18","slug":"learning-goal","status":"publish","type":"page","link":"https:\/\/blogi.savonia.fi\/kingsleyaliche\/esimerkkisivu\/professional-optional-studies\/learning-goal\/","title":{"rendered":"learning goal"},"content":{"rendered":"\n<p>Min\u00e4 olen kingsley kotoisin Nigeriasta. Olen innostunut matkustamisesta, ihmisten hoitamisesta ja asiakas palvelusta.<br>Olen suorittanut ty\u00f6harjoittelua Nikosian yliopistossa sairaanhoitaja opiskelijana ennen kun muutin Suomeen. Sairaanhoitaja opiskelijan ty\u00f6el\u00e4m\u00e4 ja arkip\u00e4iv\u00e4t eiv\u00e4t siis ole minulle uutta, mutta uskon, ett\u00e4 jokaisessa paikassa tulee uutta kokemusta. Olen suorittanut ensimm\u00e4isen harjoitteluni Attendo V\u00e4nrikiss\u00e4, l\u00e4\u00e4k\u00e4riharjoitteluni sy\u00f6p\u00e4tautien osastolla, Vastasyntyneiden teho-osastolla, Niuvaniemi Sairaalalla, Aistinelin ja pehmytosakirurgian leikkausyksik\u00f6n osastolla sek\u00e4 Lev\u00e4sen Palvelukeskuksessa. Lis\u00e4ksi olen ty\u00f6skennellyt hoitajana Attendo Saaristossa, Harjulassa, Puijonlaakso osasto 1, Lev\u00e4sen dementia osastolla ja Harjulan Kotihoidossa.<\/p>\n\n\n\n<p><strong>MILLAINEN OPPIJA MIN\u00c4 OLEN<\/strong><\/p>\n\n\n\n<p>Pid\u00e4n itse\u00e4ni aktiivisena oppijana ja tykk\u00e4\u00e4n todella oppia harjoittelemalla. Olen nopea kysym\u00e4\u00e4n kysymyksi\u00e4, jos olen h\u00e4mmentynyt teht\u00e4v\u00e4st\u00e4 tai sovelluksesta, jota en ymm\u00e4rr\u00e4.<\/p>\n\n\n\n<p><strong>P\u00e4tevyystaso<\/strong><\/p>\n\n\n\n<p>T\u00e4ll\u00e4 hetkell\u00e4 olen p\u00e4\u00e4ssyt hankkimaan monipuolista osaamista sek\u00e4 jaksoiltani eri ty\u00f6harjoittelussa ett\u00e4 my\u00f6s p\u00e4ivitt\u00e4isess\u00e4 ty\u00f6el\u00e4m\u00e4ss\u00e4.<\/p>\n\n\n\n<p><strong>Vahvuuteni<\/strong><\/p>\n\n\n\n<p>Pystyn ty\u00f6skentelem\u00e4\u00e4n eri IV-linjojen kanssa ja aseptisesti.<br>Pystyn k\u00e4sittelem\u00e4\u00e4n ja tunnistamaan erilaisia \u200b\u200bl\u00e4\u00e4kkeit\u00e4 ja pyrin ymm\u00e4rt\u00e4m\u00e4\u00e4n kunkin l\u00e4\u00e4kkeen k\u00e4yt\u00f6n sek\u00e4 tutustumaan erilaisiin sivuvaikutuksiin.<br>Ymm\u00e4rr\u00e4n prosessin ja PEG-sy\u00f6tt\u00f6j\u00e4rjestelm\u00e4n k\u00e4yt\u00f6n<br>Ymm\u00e4rr\u00e4n NEWS ja PEWS-j\u00e4rjestelm\u00e4n ja osaan k\u00e4ytt\u00e4\u00e4 sit\u00e4.<br>Ymm\u00e4rr\u00e4n ABCDE:n ja sen arviointivaiheet.<br>Verin\u00e4ytteiden tilaaminen veripankista ja veren antaminen potilaille<\/p>\n\n\n\n<p>T\u00e4ll\u00e4 tulevalla harjoittelujaksolla haluan merkitt\u00e4v\u00e4sti parantaa ja ymm\u00e4rt\u00e4\u00e4 osaston ammattisairaanhoitajien toimintatapoja ja n\u00e4in he my\u00f6s parantavat ty\u00f6teht\u00e4vi\u00e4\u00e4n. Seuraavat ovat kompetenssit, joita haluan parantaa t\u00e4ll\u00e4 harjoittelujaksolla.<\/p>\n\n\n\n<p>Haluan kehitt\u00e4\u00e4 taitojani CVK-linjan k\u00e4yt\u00f6ss\u00e4.<br>Veren ker\u00e4\u00e4minen potilailta ja vaikeiden suonien tunnistaminen<br>Asianmukainen raportointij\u00e4rjestelm\u00e4 ja keskustelu osaston l\u00e4\u00e4k\u00e4reiden kanssa<br>Ymm\u00e4rt\u00e4\u00e4 sy\u00f6v\u00e4n hoidon vaiheet ja erityisesti uuden ja innovatiivisen hoidon.<\/p>\n\n\n\n<p><strong>Resurssit ja interventiot, joiden avulla saavutat osaamistasosi:<\/strong><\/p>\n\n\n\n<p>Sairaanhoitajaopiskelijana olen harjoitellut potilaiden ja heid\u00e4n omaistensa ohjaamista erilaisten kommunikaatiotaitojen avulla. Minua on ohjattu erilaisten aseptisten tekniikoiden k\u00e4yt\u00f6ss\u00e4, potilasohjauksessa, katetrin asettamisessa, l\u00e4\u00e4ketieteellisiss\u00e4 toimenpiteiss\u00e4 ja erilaisissa hoitoty\u00f6n interventioissa.<\/p>\n\n\n\n<p>Edellisell\u00e4 harjoittelullani minulle on kerrottu, ett\u00e4 kiinnit\u00e4n huomiota yksityiskohtiin ja olen eritt\u00e4in valmis ottamaan vastaan \u200b\u200buusia teht\u00e4vi\u00e4 enk\u00e4 pelk\u00e4\u00e4 kysy\u00e4 kysymyksi\u00e4 tarvittaessa.<\/p>\n\n\n\n<p>Tavoitteeni on oppia ennakoimaan tapauksia eri ty\u00f6ymp\u00e4rist\u00f6iss\u00e4 ja kiinnitt\u00e4m\u00e4\u00e4n huomiota potilasturvallisuuteen. Toivon, ett\u00e4 voin keskustella esimieheni kanssa kullekin potilaalle t\u00e4rkeist\u00e4 asioista ja etsin itsen\u00e4isesti lis\u00e4tietoa potilasturvallisuudesta.<\/p>\n\n\n\n<p>Suunnittelen my\u00f6s osallistuvani aktiivisesti osaston p\u00e4ivitt\u00e4iseen raportointiin ja my\u00f6s eri tapoihin, joita osastolla oleva sairaanhoitaja k\u00e4ytt\u00e4\u00e4 itsens\u00e4 kouluttamiseen ja kehitt\u00e4miseen.<\/p>\n\n\n\n<p>Tavoitteenani on my\u00f6s olla osa hoitohenkil\u00f6kunnan p\u00e4ivitt\u00e4ist\u00e4 rutiinia, sill\u00e4 t\u00e4m\u00e4 harjoittelu antaa minulle hyv\u00e4t mahdollisuudet oppia ty\u00f6skentelem\u00e4\u00e4n suomalaisessa hoitoty\u00f6ymp\u00e4rist\u00f6ss\u00e4 ja oikeanlaisen idean t\u00e4st\u00e4 erikoisosastosta. Minulla on paljon uutta opittavaa, kun ty\u00f6skentelen erilaisten erikoistuneiden hoitohenkil\u00f6kunnan kanssa. Odotan sit\u00e4.<\/p>\n","protected":false},"excerpt":{"rendered":"<p>Min\u00e4 olen kingsley kotoisin Nigeriasta. Olen innostunut matkustamisesta, ihmisten hoitamisesta ja asiakas palvelusta.Olen suorittanut ty\u00f6harjoittelua Nikosian yliopistossa sairaanhoitaja opiskelijana ennen kun muutin Suomeen. Sairaanhoitaja opiskelijan ty\u00f6el\u00e4m\u00e4 ja arkip\u00e4iv\u00e4t eiv\u00e4t siis ole minulle uutta, mutta uskon, ett\u00e4 jokaisessa paikassa tulee uutta kokemusta. Olen suorittanut ensimm\u00e4isen harjoitteluni Attendo V\u00e4nrikiss\u00e4, l\u00e4\u00e4k\u00e4riharjoitteluni sy\u00f6p\u00e4tautien osastolla, &#8230; <a class=\"continue-reading-link\" href=\"https:\/\/blogi.savonia.fi\/kingsleyaliche\/esimerkkisivu\/professional-optional-studies\/learning-goal\/\"> Continue reading<\/a><\/p>\n","protected":false},"author":8445,"featured_media":0,"parent":264,"menu_order":-1,"comment_status":"open","ping_status":"closed","template":"","meta":{"footnotes":""},"class_list":["post-267","page","type-page","status-publish","hentry"],"_links":{"self":[{"href":"https:\/\/blogi.savonia.fi\/kingsleyaliche\/wp-json\/wp\/v2\/pages\/267","targetHints":{"allow":["GET"]}}],"collection":[{"href":"https:\/\/blogi.savonia.fi\/kingsleyaliche\/wp-json\/wp\/v2\/pages"}],"about":[{"href":"https:\/\/blogi.savonia.fi\/kingsleyaliche\/wp-json\/wp\/v2\/types\/page"}],"author":[{"embeddable":true,"href":"https:\/\/blogi.savonia.fi\/kingsleyaliche\/wp-json\/wp\/v2\/users\/8445"}],"replies":[{"embeddable":true,"href":"https:\/\/blogi.savonia.fi\/kingsleyaliche\/wp-json\/wp\/v2\/comments?post=267"}],"version-history":[{"count":1,"href":"https:\/\/blogi.savonia.fi\/kingsleyaliche\/wp-json\/wp\/v2\/pages\/267\/revisions"}],"predecessor-version":[{"id":268,"href":"https:\/\/blogi.savonia.fi\/kingsleyaliche\/wp-json\/wp\/v2\/pages\/267\/revisions\/268"}],"up":[{"embeddable":true,"href":"https:\/\/blogi.savonia.fi\/kingsleyaliche\/wp-json\/wp\/v2\/pages\/264"}],"wp:attachment":[{"href":"https:\/\/blogi.savonia.fi\/kingsleyaliche\/wp-json\/wp\/v2\/media?parent=267"}],"curies":[{"name":"wp","href":"https:\/\/api.w.org\/{rel}","templated":true}]}}