{"id":269,"date":"2024-10-01T17:54:43","date_gmt":"2024-10-01T14:54:43","guid":{"rendered":"https:\/\/blogi.savonia.fi\/kingsleyaliche\/?page_id=269"},"modified":"2024-11-29T19:52:46","modified_gmt":"2024-11-29T17:52:46","slug":"learning-reflection","status":"publish","type":"page","link":"https:\/\/blogi.savonia.fi\/kingsleyaliche\/esimerkkisivu\/professional-optional-studies\/learning-reflection\/","title":{"rendered":"Learning Reflection"},"content":{"rendered":"\n<p><strong>Viikko 1<\/strong><\/p>\n\n\n\n<p><strong>Perehdytys osastolla<\/strong><\/p>\n\n\n\n<ul class=\"wp-block-list\">\n<li>Ymm\u00e4rt\u00e4\u00e4 uuden osaston toimintatavat.<\/li>\n\n\n\n<li>Mahdollisuus ty\u00f6skennell\u00e4 oman potilaan kanssa.<\/li>\n\n\n\n<li>L\u00e4\u00e4kkeiden k\u00e4sittely ja iv-injektioiden antaminen ohjaajan sairaanhoitajan valvonnassa.<\/li>\n<\/ul>\n\n\n\n<p><strong>Mit\u00e4 tehty:<\/strong><\/p>\n\n\n\n<p>Ohjaava sairaanhoitajani ja min\u00e4 olemme ty\u00f6skennelleet eri potilaiden kanssa. Oman potilaan kanssa ty\u00f6skentely on antanut minulle lis\u00e4\u00e4 vastuuta ja mahdollisuuksia kommunikoida potilaan, h\u00e4nen perheens\u00e4 sek\u00e4 l\u00e4\u00e4k\u00e4rin kanssa raportointitilanteessa.<\/p>\n\n\n\n<p><strong>olo:<\/strong><\/p>\n\n\n\n<p>Olen tuntenut oloni itsevarmaksi ty\u00f6skennelless\u00e4ni osastolla lasten kanssa ja k\u00e4ytt\u00e4ess\u00e4ni suomen kielt\u00e4 niin potilaiden kuin henkil\u00f6kunnankin kanssa. Ohjaaja sairaanhoitaja on auttanut minua l\u00f6yt\u00e4m\u00e4\u00e4n oikean ty\u00f6skentelytahdin ja n\u00e4ytt\u00e4nyt, kuinka asiat hoidetaan.<\/p>\n\n\n\n<p><strong>Arviointi:<\/strong><\/p>\n\n\n\n<p>Ohjaaja sairaanhoitaja on sanonut, ett\u00e4 harjoittelu sujuu hyvin ja ett\u00e4 k\u00e4dentaitoni ovat hyv\u00e4t.<\/p>\n\n\n\n<p><strong>Toimintasuunnitelma:<\/strong><\/p>\n\n\n\n<ul class=\"wp-block-list\">\n<li>Ottaa lis\u00e4\u00e4 vastuuta.<\/li>\n\n\n\n<li>Verin\u00e4ytteiden otto CVK-linjasta.<\/li>\n<\/ul>\n\n\n\n<p><strong>Viikko 2<\/strong><\/p>\n\n\n\n<ul class=\"wp-block-list\">\n<li>Verin\u00e4ytteiden otto.<\/li>\n\n\n\n<li>Osallistuminen raportointikokoukseen ohjaajan sairaanhoitajan kanssa.<\/li>\n\n\n\n<li>Likvorn\u00e4ytteen otto potilailta.<\/li>\n<\/ul>\n\n\n\n<p><strong>Mit\u00e4 tehty:<\/strong><\/p>\n\n\n\n<p>Ty\u00f6skentely oman potilaan kanssa on antanut minulle enemm\u00e4n vastuuta ja mahdollisuuden kommunikoida potilaan kanssa, ymm\u00e4rt\u00e4\u00e4 h\u00e4nen l\u00e4\u00e4kityst\u00e4\u00e4n ja ymm\u00e4rt\u00e4\u00e4 sy\u00f6p\u00e4potilaiden tunteita. Olen voinut seurata lasten likvorn\u00e4ytteiden ottoa ja siihen liittyvi\u00e4 toimenpiteit\u00e4, ottaa verin\u00e4ytteit\u00e4 ja tehd\u00e4 yhteisty\u00f6t\u00e4 l\u00e4\u00e4k\u00e4rin kanssa raportointitilanteessa, kysyen tarvittaessa.<\/p>\n\n\n\n<p><strong>olo:<\/strong><\/p>\n\n\n\n<p>Olen tuntenut henkil\u00f6kunnan halukkuuden auttaa minua kehittym\u00e4\u00e4n, samoin kuin l\u00e4\u00e4k\u00e4reiden antamien toimenpideohjeiden merkityksen ja tuntenut oloni varmaksi suomen kielen k\u00e4yt\u00f6ss\u00e4 niin potilaiden kuin henkil\u00f6kunnankin kanssa. Ohjaaja sairaanhoitaja on auttanut minua l\u00f6yt\u00e4m\u00e4\u00e4n oikean ty\u00f6rytmin ja n\u00e4ytt\u00e4nyt, kuinka asiat hoidetaan.<\/p>\n\n\n\n<p><strong>Arviointi:<\/strong><\/p>\n\n\n\n<p>Ohjaaja sairaanhoitaja on sanonut, ett\u00e4 harjoittelu sujuu hyvin, ett\u00e4 taitoni paranevat ajan my\u00f6t\u00e4 ja ett\u00e4 olen rauhallinen ty\u00f6ss\u00e4ni.<\/p>\n\n\n\n<p><strong>Toimintasuunnitelma:<\/strong><\/p>\n\n\n\n<ul class=\"wp-block-list\">\n<li>Ottaa lis\u00e4\u00e4 vastuuta.<\/li>\n\n\n\n<li>Avustaa n\u00e4ytteiden ker\u00e4\u00e4misess\u00e4<\/li>\n\n\n\n<li>osallistua enemm\u00e4n osaston keskusteluihin.<\/li>\n<\/ul>\n\n\n\n<p><strong>Viikko 3<\/strong><\/p>\n\n\n\n<div class=\"wp-block-group is-vertical is-layout-flex wp-container-core-group-is-layout-8cf370e7 wp-block-group-is-layout-flex\">\n<div class=\"wp-block-group is-vertical is-layout-flex wp-container-core-group-is-layout-8cf370e7 wp-block-group-is-layout-flex\">\n<p>Apuna l\u00e4\u00e4k\u00e4rille potilaiden n\u00e4ytteiden ker\u00e4\u00e4misess\u00e4<br>Verin\u00e4ytteenotto potilailta<br>Potilaiden PEWS-kertomusten kokoaminen ja saapuvien potilaiden hallinta<br>Yksitt\u00e4iset keskustelut potilaiden vanhempien kanssa. <\/p>\n\n\n\n<p>Potilaiden vieminen takaisin osastolle l\u00e4\u00e4kkeiden antamisen j\u00e4lkeen. <\/p>\n\n\n\n<p>Seuraavan p\u00e4iv\u00e4n potilaiden valmistelu.<\/p>\n<\/div>\n<\/div>\n\n\n\n<p><strong>Mit\u00e4 tehty:<\/strong> <\/p>\n\n\n\n<p>T\u00e4ll\u00e4 viikolla olin p\u00e4iv\u00e4osastolla, miss\u00e4 pystyin ymm\u00e4rt\u00e4m\u00e4\u00e4n paremmin ja n\u00e4kem\u00e4\u00e4n lasten p\u00e4iv\u00e4osaston p\u00e4ivitt\u00e4isen rutiinin. Valmistelin ennen potilaiden saapumista, varmistin, ett\u00e4 kaikki tarvittavat v\u00e4lineet olivat saatavilla jokaisessa huoneessa ja tein heid\u00e4t mukaviksi. Tein yhteisty\u00f6t\u00e4 eri terveydenhuollon ammattilaisten kanssa varmistaakseni, ett\u00e4 lapsen p\u00e4ivitt\u00e4inen el\u00e4m\u00e4 ei h\u00e4iriintyisi. Pystyin my\u00f6s avustamaan l\u00e4\u00e4k\u00e4ri\u00e4 potilaiden n\u00e4ytteiden ker\u00e4\u00e4misess\u00e4, ja sek\u00e4 ohjaaja sairaanhoitajani ett\u00e4 l\u00e4\u00e4k\u00e4ri antoivat minulle selvennyst\u00e4 tapahtumista.<\/p>\n\n\n\n<p><strong>Olo:<\/strong> <\/p>\n\n\n\n<p>Tunnen itseni nyt rauhallisemmaksi p\u00e4iv\u00e4osastolla, ja se, ett\u00e4 jokainen p\u00e4iv\u00e4 voi olla jotain uutta, on todella kiehtovaa.<\/p>\n\n\n\n<p><strong>Arviointi:<\/strong> <\/p>\n\n\n\n<p>Ohjaaja sairaanhoitaja on sanonut, ett\u00e4 harjoittelu sujuu hyvin, taitoni paranevat ajan my\u00f6t\u00e4 ja olen rauhallinen ty\u00f6ss\u00e4ni.<\/p>\n\n\n\n<p><strong>Toimintasuunnitelma:<\/strong> <\/p>\n\n\n\n<div class=\"wp-block-group is-vertical is-layout-flex wp-container-core-group-is-layout-8cf370e7 wp-block-group-is-layout-flex\">\n<p>Haluaisin saada enemm\u00e4n vastuuta, kun harjoitteluohjelmani l\u00e4hestyy loppuaan. <\/p>\n\n\n\n<p>Olisi my\u00f6s mukavaa hoitaa omaa potilasta joka vuorossa ohjaavan sairaanhoitajan tai minua ohjaajan sairaanhoitajan valvonnassa. <\/p>\n\n\n\n<p>Haluaisin my\u00f6s osallistua saapuvien potilaiden suunnitteluun osastolle.<\/p>\n<\/div>\n\n\n\n<p><strong>Viikko 4<\/strong><\/p>\n\n\n\n<p>Mid Evaluation<\/p>\n\n\n\n<p><strong>Viikko 5<\/strong><\/p>\n\n\n\n<p><strong>Teht\u00e4v\u00e4t:<\/strong><\/p>\n\n\n\n<ul class=\"wp-block-list\">\n<li>Potilashuoneiden valmistelu.<\/li>\n\n\n\n<li>Verin\u00e4ytteiden ottaminen potilailta.<\/li>\n\n\n\n<li>Potilaiden PEWS-raporttien (Pediatric Early Warning Score) kokoaminen ja saapuvien potilaiden hallinta.<\/li>\n\n\n\n<li>Ohjaavan sairaanhoitajan avustaminen potilaiden l\u00e4\u00e4kityksen seurannassa.<\/li>\n\n\n\n<li>Seuraavan p\u00e4iv\u00e4n potilaiden valmistelu.<\/li>\n<\/ul>\n\n\n\n<p><strong>Mit\u00e4 tehty:<\/strong><br>T\u00e4ll\u00e4 viikolla olin p\u00e4iv\u00e4osastolla, miss\u00e4 syvensin ymm\u00e4rryst\u00e4ni lasten p\u00e4iv\u00e4osaston p\u00e4ivitt\u00e4isest\u00e4 rutiinista. Valmistelin potilaiden saapumista varmistaen, ett\u00e4 kaikki tarvittavat v\u00e4lineet olivat saatavilla jokaisessa huoneessa ja potilaat tunsivat olonsa mukavaksi. Tein yhteisty\u00f6t\u00e4 eri terveydenhuollon ammattilaisten kanssa varmistaakseni, ett\u00e4 lasten p\u00e4ivitt\u00e4inen el\u00e4m\u00e4 ei h\u00e4iriintyisi.<br>Avustin l\u00e4\u00e4k\u00e4ri\u00e4 potilaiden n\u00e4ytteiden ker\u00e4\u00e4misess\u00e4, ja sek\u00e4 ohjaaja sairaanhoitaja ett\u00e4 l\u00e4\u00e4k\u00e4ri antoivat minulle selkeit\u00e4 ohjeita ja selityksi\u00e4 prosessin aikana.<br>Minulle annettiin my\u00f6s vastuuta saapuvien potilaiden hallinnasta, mukaan lukien heid\u00e4n ohjeistamisensa p\u00e4iv\u00e4n kulusta ja odotuksista sek\u00e4 heid\u00e4n terveydentilansa selvitt\u00e4minen.<\/p>\n\n\n\n<p><strong>Olo:<\/strong><br>Tunnen itseni nyt rauhallisemmaksi p\u00e4iv\u00e4osastolla, ja se, ett\u00e4 jokainen p\u00e4iv\u00e4 voi tuoda jotain uutta, on todella kiehtovaa.<\/p>\n\n\n\n<p><strong>Arviointi:<\/strong><br>Ohjaava sairaanhoitaja on todennut, ett\u00e4 harjoittelu sujuu hyvin, taitoni paranevat ajan my\u00f6t\u00e4 ja pysyn rauhallisena ty\u00f6ss\u00e4ni.<\/p>\n\n\n\n<p><strong>Toimintasuunnitelma:<\/strong><\/p>\n\n\n\n<ul class=\"wp-block-list\">\n<li>Haluaisin saada enemm\u00e4n vastuuta, kun harjoitteluohjelmani l\u00e4hestyy loppuaan.<\/li>\n\n\n\n<li>Haluaisin my\u00f6s osallistua saapuvien potilaiden suunnitteluun osastolle.<\/li>\n<\/ul>\n\n\n\n<p><strong>Viikko 6<\/strong><\/p>\n\n\n\n<p><strong>Teht\u00e4v\u00e4t:<\/strong><\/p>\n\n\n\n<ul class=\"wp-block-list\">\n<li>Oman potilaan hoitaminen.<\/li>\n\n\n\n<li>Potilashuoneiden valmistelu.<\/li>\n\n\n\n<li>Verin\u00e4ytteiden ottaminen potilailta.<\/li>\n\n\n\n<li>Potilaiden PEWS-raporttien (Pediatric Early Warning Score) kokoaminen ja saapuvien potilaiden hallinta.<\/li>\n\n\n\n<li>Ohjaavan sairaanhoitajan avustaminen potilaiden l\u00e4\u00e4kityksen seurannassa.<\/li>\n\n\n\n<li>Seuraavan p\u00e4iv\u00e4n potilaiden valmistelu.<\/li>\n<\/ul>\n\n\n\n<p><strong>Mit\u00e4 tehty:<\/strong><br>T\u00e4ll\u00e4 viikolla ty\u00f6skentelin sek\u00e4 p\u00e4iv\u00e4osastolla ett\u00e4 osastolla, koska paikat olivat muuttuneet. T\u00e4m\u00e4 on antanut minulle paremman k\u00e4sityksen sairaanhoitajan p\u00e4ivitt\u00e4isist\u00e4 haasteista ja osaston yleisest\u00e4 toiminnasta sek\u00e4 siit\u00e4, mit\u00e4 terveydenhuoltoj\u00e4rjestelm\u00e4 kohtaa p\u00e4ivitt\u00e4in. Olen saanut paremman ymm\u00e4rryksen lasten onkologian osaston ja p\u00e4iv\u00e4osaston p\u00e4ivitt\u00e4isest\u00e4 rutiinista ja alkanut sopeutua siihen. Valmistelin potilaiden saapumista varmistaen, ett\u00e4 jokaisessa huoneessa oli kaikki tarvittavat v\u00e4lineet, ja tein potilaista olonsa mukavan. Tein yhteisty\u00f6t\u00e4 eri terveydenhuollon ammattilaisten kanssa varmistaakseni, ettei lasten p\u00e4ivitt\u00e4inen el\u00e4m\u00e4 h\u00e4iriintynyt. Avustin my\u00f6s l\u00e4\u00e4k\u00e4ri\u00e4 potilaiden n\u00e4ytteiden ker\u00e4\u00e4misess\u00e4, ja sek\u00e4 ohjaava sairaanhoitaja ett\u00e4 l\u00e4\u00e4k\u00e4ri antoivat selkeit\u00e4 ohjeita ja selityksi\u00e4 prosessin aikana. Minulle annettiin my\u00f6s vastuuta omien potilaiden hoidosta, mik\u00e4 sis\u00e4lsi heid\u00e4n kanssaan keskustelun hoitoprosessin kulusta ja odotuksista sek\u00e4 heid\u00e4n terveydentilansa kartoittamisen.<\/p>\n\n\n\n<p><strong>Tunteet:<\/strong><br>Yhteisty\u00f6 apteekkarin kanssa on antanut minulle lis\u00e4\u00e4 tietoa ja ymm\u00e4rryst\u00e4 aseptiikasta sek\u00e4 lasten l\u00e4\u00e4kkeiden p\u00e4ivitt\u00e4iseen hoitoon liittyvist\u00e4 laskelmista. Olen my\u00f6s saanut n\u00e4hd\u00e4, miten he tekev\u00e4t yhteisty\u00f6t\u00e4 muiden tiimin j\u00e4senten kanssa parhaiden hoitosuunnitelmien saavuttamiseksi potilaille.<\/p>\n\n\n\n<p><strong>Arviointi:<\/strong><br>Ohjaava sairaanhoitaja on todennut, ett\u00e4 harjoittelu sujuu hyvin, taitoni paranevat jatkuvasti ja olen rauhallinen ty\u00f6ss\u00e4ni.<\/p>\n\n\n\n<p><strong>Toimintasuunnitelma:<\/strong><br>Ty\u00f6skentely itsen\u00e4isesti ja omien potilaiden hoitaminen.<\/p>\n\n\n\n<p><strong>Viikko 7<\/strong><\/p>\n\n\n\n<p>Loppu arvointi<\/p>\n","protected":false},"excerpt":{"rendered":"<p>Viikko 1 Perehdytys osastolla Mit\u00e4 tehty: Ohjaava sairaanhoitajani ja min\u00e4 olemme ty\u00f6skennelleet eri potilaiden kanssa. Oman potilaan kanssa ty\u00f6skentely on antanut minulle lis\u00e4\u00e4 vastuuta ja mahdollisuuksia kommunikoida potilaan, h\u00e4nen perheens\u00e4 sek\u00e4 l\u00e4\u00e4k\u00e4rin kanssa raportointitilanteessa. olo: Olen tuntenut oloni itsevarmaksi ty\u00f6skennelless\u00e4ni osastolla lasten kanssa ja k\u00e4ytt\u00e4ess\u00e4ni suomen kielt\u00e4 niin potilaiden kuin &#8230; <a class=\"continue-reading-link\" href=\"https:\/\/blogi.savonia.fi\/kingsleyaliche\/esimerkkisivu\/professional-optional-studies\/learning-reflection\/\"> Continue reading<\/a><\/p>\n","protected":false},"author":8445,"featured_media":0,"parent":264,"menu_order":-2,"comment_status":"open","ping_status":"closed","template":"","meta":{"footnotes":""},"class_list":["post-269","page","type-page","status-publish","hentry"],"_links":{"self":[{"href":"https:\/\/blogi.savonia.fi\/kingsleyaliche\/wp-json\/wp\/v2\/pages\/269","targetHints":{"allow":["GET"]}}],"collection":[{"href":"https:\/\/blogi.savonia.fi\/kingsleyaliche\/wp-json\/wp\/v2\/pages"}],"about":[{"href":"https:\/\/blogi.savonia.fi\/kingsleyaliche\/wp-json\/wp\/v2\/types\/page"}],"author":[{"embeddable":true,"href":"https:\/\/blogi.savonia.fi\/kingsleyaliche\/wp-json\/wp\/v2\/users\/8445"}],"replies":[{"embeddable":true,"href":"https:\/\/blogi.savonia.fi\/kingsleyaliche\/wp-json\/wp\/v2\/comments?post=269"}],"version-history":[{"count":7,"href":"https:\/\/blogi.savonia.fi\/kingsleyaliche\/wp-json\/wp\/v2\/pages\/269\/revisions"}],"predecessor-version":[{"id":294,"href":"https:\/\/blogi.savonia.fi\/kingsleyaliche\/wp-json\/wp\/v2\/pages\/269\/revisions\/294"}],"up":[{"embeddable":true,"href":"https:\/\/blogi.savonia.fi\/kingsleyaliche\/wp-json\/wp\/v2\/pages\/264"}],"wp:attachment":[{"href":"https:\/\/blogi.savonia.fi\/kingsleyaliche\/wp-json\/wp\/v2\/media?parent=269"}],"curies":[{"name":"wp","href":"https:\/\/api.w.org\/{rel}","templated":true}]}}