{"id":273,"date":"2024-10-01T17:58:09","date_gmt":"2024-10-01T14:58:09","guid":{"rendered":"https:\/\/blogi.savonia.fi\/kingsleyaliche\/?page_id=273"},"modified":"2024-11-28T19:38:29","modified_gmt":"2024-11-28T17:38:29","slug":"final-evaluation","status":"publish","type":"page","link":"https:\/\/blogi.savonia.fi\/kingsleyaliche\/esimerkkisivu\/professional-optional-studies\/final-evaluation\/","title":{"rendered":"Final Evaluation"},"content":{"rendered":"\n<h3 class=\"wp-block-heading\"><strong>OPPIMISTAIDOT<\/strong><\/h3>\n\n\n\n<p>Harjoittelun alussa l\u00e4hdin avoimin mielin, tavoitteena syvent\u00e4\u00e4 koulussa, aiemmissa harjoitteluissa ja ty\u00f6kokemuksissa oppimiani taitoja. Halusin omaksua ja oppia ammattilaisten osaamista ty\u00f6el\u00e4m\u00e4ss\u00e4.<\/p>\n\n\n\n<h3 class=\"wp-block-heading\"><strong>EETTINEN OSAAMINEN JA AMMATTIMAISESTI TOIMIMINEN<\/strong><\/h3>\n\n\n\n<p>Lapsen oikeuksien tunteminen ja perheen kunnioittaminen olivat keskeisi\u00e4 osia t\u00e4ss\u00e4 harjoittelussa. N\u00e4iden periaatteiden ymm\u00e4rt\u00e4minen jo etuk\u00e4teen auttoi minua toimimaan tehokkaammin k\u00e4yt\u00e4nn\u00f6n ty\u00f6ss\u00e4. Harjoittelun aikana opin arvostamaan syvemmin eettisi\u00e4 haasteita, jotka liittyv\u00e4t lasten ja nuorten kanssa ty\u00f6skentelyyn. T\u00e4m\u00e4 auttoi minua l\u00e4hestym\u00e4\u00e4n teht\u00e4vi\u00e4ni suuremmalla empatialla ja ammattimaisuudella.<\/p>\n\n\n\n<h3 class=\"wp-block-heading\"><strong>TY\u00d6YHTEIS\u00d6OSAAMINEN<\/strong><\/h3>\n\n\n\n<p>Ty\u00f6skentely t\u00e4ss\u00e4 ymp\u00e4rist\u00f6ss\u00e4 oli palkitsevaa. Henkil\u00f6kunta oli yst\u00e4v\u00e4llist\u00e4 ja avuliasta, mik\u00e4 loi tukevan ilmapiirin, jossa pystyin kehittym\u00e4\u00e4n. Voin luottavaisin mielin sanoa kasvaneeni merkitt\u00e4v\u00e4sti alallani ja edistyneeni kohti ammattimaista osaamista.<br>Panostin ty\u00f6vuorojen aikataulujen noudattamiseen ja teht\u00e4vieni itsen\u00e4iseen hoitamiseen, saaden tarvittaessa tukea jokaisen vuoron vastuuhenkil\u00f6lt\u00e4. T\u00e4m\u00e4 l\u00e4hestymistapa vaikutti suuresti harjoitteluni onnistumiseen. Mentorini olivat poikkeuksellisia\u2014ymm\u00e4rt\u00e4v\u00e4isi\u00e4, kannustavia ja aina valmiita auttamaan.<\/p>\n\n\n\n<h3 class=\"wp-block-heading\"><strong>POTILASL\u00c4HT\u00d6INEN HOITOTY\u00d6<\/strong><\/h3>\n\n\n\n<p>Potilaiden hoito on aina ollut ensisijainen tavoitteeni. Varmistin, ett\u00e4 heid\u00e4n tarpeensa ja huolensa huomioitiin ennen muita teht\u00e4vi\u00e4. Tunnistin perheiden t\u00e4rke\u00e4n roolin potilaiden tukena ja pyrin k\u00e4sittelem\u00e4\u00e4n tilanteet kokonaisvaltaisesti kuuntelemalla tarkasti ja osoittamalla empatiaa sek\u00e4 potilaille ett\u00e4 heid\u00e4n perheilleen.<\/p>\n\n\n\n<h3 class=\"wp-block-heading\"><strong>N\u00c4YTT\u00d6\u00d6N PERUSTUVA HOITOTY\u00d6 JA P\u00c4\u00c4T\u00d6KSENTEKO<\/strong><\/h3>\n\n\n\n<p>Otin aktiivisesti vastuuta omasta oppimisestani tekem\u00e4ll\u00e4 tutkimuksia ja tutustumalla mentoreideni antamiin oppimateriaaleihin. T\u00e4m\u00e4 paransi osaamistani merkitt\u00e4v\u00e4sti, erityisesti keskeisill\u00e4 alueilla, kuten k\u00e4sihygieniassa, joka on eritt\u00e4in t\u00e4rke\u00e4\u00e4 lasten kanssa ty\u00f6skennelless\u00e4.<\/p>\n\n\n\n<h3 class=\"wp-block-heading\"><strong>KLIININEN HOITOTY\u00d6<\/strong><\/h3>\n\n\n\n<p>Voin ylpe\u00e4n\u00e4 todeta, ett\u00e4 kliiniset taitoni ovat kehittyneet huomattavasti, kiitos Lasten veri- ja sy\u00f6p\u00e4tautien osaston ja Lasten p\u00e4iv\u00e4sairaalan henkil\u00f6kunnalle. Mentorini olivat joustavia ja tukevia, rohkaisten minua kokeilemaan uusia teht\u00e4vi\u00e4 ja hankkimaan k\u00e4yt\u00e4nn\u00f6n kokemusta.<br>Harjoitteluni aikana osallistuin erilaisiin toimenpiteisiin ja tutkimuksiin, avustin l\u00e4\u00e4k\u00e4reit\u00e4, osallistuin osastokokouksiin ja otin aktiivisen roolin osaston toiminnassa. T\u00e4m\u00e4 kokemus lis\u00e4si huomattavasti itseluottamustani, sill\u00e4 mentorini luottivat osaamiseeni, mik\u00e4 paransi my\u00f6s ty\u00f6motivaatiooni.<br>Sain runsaasti mahdollisuuksia oppia ja harjoitella, mik\u00e4 on ollut korvaamatonta tulevaisuuden uralleni.<\/p>\n\n\n\n<h3 class=\"wp-block-heading\"><strong>TAVOITTEIDEN SAAVUTTAMINEN<\/strong><\/h3>\n\n\n\n<p>Olen iloinen voidessani todeta, ett\u00e4 saavutin harjoitteluni tavoitteet. Suunnilleen koko harjoittelujakson ajan k\u00e4ytin suomen kielt\u00e4 viestinn\u00e4ss\u00e4, mik\u00e4 paransi merkitt\u00e4v\u00e4sti sek\u00e4 l\u00e4\u00e4ketieteellist\u00e4 ett\u00e4 yleist\u00e4 kielitaitoani. T\u00e4m\u00e4 kokemus ei ainoastaan vastannut odotuksiani, vaan ylitti ne. Olen eritt\u00e4in kiitollinen mentoreilleni ja kollegoilleni heid\u00e4n ohjauksestaan ja tuestaan.<\/p>\n","protected":false},"excerpt":{"rendered":"<p>OPPIMISTAIDOT Harjoittelun alussa l\u00e4hdin avoimin mielin, tavoitteena syvent\u00e4\u00e4 koulussa, aiemmissa harjoitteluissa ja ty\u00f6kokemuksissa oppimiani taitoja. Halusin omaksua ja oppia ammattilaisten osaamista ty\u00f6el\u00e4m\u00e4ss\u00e4. EETTINEN OSAAMINEN JA AMMATTIMAISESTI TOIMIMINEN Lapsen oikeuksien tunteminen ja perheen kunnioittaminen olivat keskeisi\u00e4 osia t\u00e4ss\u00e4 harjoittelussa. N\u00e4iden periaatteiden ymm\u00e4rt\u00e4minen jo etuk\u00e4teen auttoi minua toimimaan tehokkaammin k\u00e4yt\u00e4nn\u00f6n ty\u00f6ss\u00e4. Harjoittelun &#8230; <a class=\"continue-reading-link\" href=\"https:\/\/blogi.savonia.fi\/kingsleyaliche\/esimerkkisivu\/professional-optional-studies\/final-evaluation\/\"> Continue reading<\/a><\/p>\n","protected":false},"author":8445,"featured_media":0,"parent":264,"menu_order":-4,"comment_status":"open","ping_status":"closed","template":"","meta":{"footnotes":""},"class_list":["post-273","page","type-page","status-publish","hentry"],"_links":{"self":[{"href":"https:\/\/blogi.savonia.fi\/kingsleyaliche\/wp-json\/wp\/v2\/pages\/273","targetHints":{"allow":["GET"]}}],"collection":[{"href":"https:\/\/blogi.savonia.fi\/kingsleyaliche\/wp-json\/wp\/v2\/pages"}],"about":[{"href":"https:\/\/blogi.savonia.fi\/kingsleyaliche\/wp-json\/wp\/v2\/types\/page"}],"author":[{"embeddable":true,"href":"https:\/\/blogi.savonia.fi\/kingsleyaliche\/wp-json\/wp\/v2\/users\/8445"}],"replies":[{"embeddable":true,"href":"https:\/\/blogi.savonia.fi\/kingsleyaliche\/wp-json\/wp\/v2\/comments?post=273"}],"version-history":[{"count":2,"href":"https:\/\/blogi.savonia.fi\/kingsleyaliche\/wp-json\/wp\/v2\/pages\/273\/revisions"}],"predecessor-version":[{"id":285,"href":"https:\/\/blogi.savonia.fi\/kingsleyaliche\/wp-json\/wp\/v2\/pages\/273\/revisions\/285"}],"up":[{"embeddable":true,"href":"https:\/\/blogi.savonia.fi\/kingsleyaliche\/wp-json\/wp\/v2\/pages\/264"}],"wp:attachment":[{"href":"https:\/\/blogi.savonia.fi\/kingsleyaliche\/wp-json\/wp\/v2\/media?parent=273"}],"curies":[{"name":"wp","href":"https:\/\/api.w.org\/{rel}","templated":true}]}}