{"id":19,"date":"2025-12-01T11:07:42","date_gmt":"2025-12-01T09:07:42","guid":{"rendered":"https:\/\/blogi.savonia.fi\/laroseduventjulia\/?page_id=19"},"modified":"2025-12-01T11:07:42","modified_gmt":"2025-12-01T09:07:42","slug":"tiedote","status":"publish","type":"page","link":"https:\/\/blogi.savonia.fi\/laroseduventjulia\/tiedote\/","title":{"rendered":"Tiedote"},"content":{"rendered":"\n<p><strong>Hemmotteleva ja rentouttava uusi ruusu-SPA: La Rose du\u00a0vent\u00a0Julia<\/strong>\u00a0<\/p>\n\n\n\n<p>Uusi ruusuteemainen SPA&nbsp;La Rose du&nbsp;vent&nbsp;Julia&nbsp;avataan&nbsp;Rovaniemell\u00e4&nbsp;1.12.2025&nbsp;klo 12.00.&nbsp;&nbsp;<\/p>\n\n\n\n<p>&nbsp;Yritys&nbsp;hemmottelee&nbsp;asiakkaita loman, sek\u00e4 my\u00f6s arjen kiireen keskell\u00e4. Teema on ruusuinen&nbsp;ja tunnelmallinen.&nbsp;Tarjolla on hierontaa ja kasvohoitoja SPA altailla oleskelun lis\u00e4ksi. Rentoutumisen&nbsp;kylkeen&nbsp;voit my\u00f6s ostaa&nbsp;kahvilan puolelta&nbsp;pikku purtavaa,&nbsp;juotavaksi esimerkiksi&nbsp;Ranskasta toimitettua&nbsp;shampanjaa,&nbsp;tai&nbsp;vaikka teet\u00e4 oman maun mukaan.&nbsp;&nbsp;<\/p>\n\n\n\n<p>SPA:ssa&nbsp;on 4 erilaista allashuonetta: yksi isompi allashuone punaisella ruusu&nbsp;teemalla,&nbsp;jonka yhteydess\u00e4 on kahvila ja p\u00e4\u00e4syt muihin allashuoneisiin ja hemmottelutiloihin, yksi keltainen hieman isompi allashuone,&nbsp;sek\u00e4&nbsp;vaaleanpunainen&nbsp;ja&nbsp;tummanvioletti pienempi huone. My\u00f6s ulkotiloissa on allas, joka on avoinna ymp\u00e4ri vuoden. Kes\u00e4ll\u00e4 p\u00e4\u00e4set&nbsp;puutarhaulkoallas&nbsp;osastolle ja talvella p\u00e4\u00e4set viilent\u00e4v\u00e4\u00e4n raikkaaseen&nbsp;lumiseen ulkoilmaan&nbsp;ja l\u00e4mpim\u00e4\u00e4n veteen.&nbsp;<\/p>\n\n\n\n<p>(<em>Kuvituskuvien linkit tiedotteen lopussa<\/em>)&nbsp;<\/p>\n\n\n\n<figure class=\"wp-block-image size-full\"><img loading=\"lazy\" decoding=\"async\" width=\"457\" height=\"351\" src=\"https:\/\/blogi.savonia.fi\/laroseduventjulia\/wp-content\/uploads\/sites\/15202\/2025\/12\/image.png\" alt=\"\" class=\"wp-image-20\" srcset=\"https:\/\/blogi.savonia.fi\/laroseduventjulia\/wp-content\/uploads\/sites\/15202\/2025\/12\/image.png 457w, https:\/\/blogi.savonia.fi\/laroseduventjulia\/wp-content\/uploads\/sites\/15202\/2025\/12\/image-300x230.png 300w\" sizes=\"auto, (max-width: 457px) 100vw, 457px\" \/><\/figure>\n\n\n\n<figure class=\"wp-block-image size-full\"><img loading=\"lazy\" decoding=\"async\" width=\"339\" height=\"349\" src=\"https:\/\/blogi.savonia.fi\/laroseduventjulia\/wp-content\/uploads\/sites\/15202\/2025\/12\/image-1.png\" alt=\"\" class=\"wp-image-21\" srcset=\"https:\/\/blogi.savonia.fi\/laroseduventjulia\/wp-content\/uploads\/sites\/15202\/2025\/12\/image-1.png 339w, https:\/\/blogi.savonia.fi\/laroseduventjulia\/wp-content\/uploads\/sites\/15202\/2025\/12\/image-1-291x300.png 291w\" sizes=\"auto, (max-width: 339px) 100vw, 339px\" \/><\/figure>\n\n\n\n<p>Lis\u00e4tietoa saatte yritt\u00e4jilt\u00e4, ty\u00f6ntekij\u00f6ilt\u00e4mme&nbsp;ja&nbsp;nettisivuiltamme.&nbsp;<\/p>\n\n\n\n<p>www.laroseduventjulia.fi&nbsp;<\/p>\n\n\n\n<p>Yhteystiedot:&nbsp;<\/p>\n\n\n\n<p>Nette Leutonen&nbsp;netteleutonen@gmail.com&nbsp;<\/p>\n\n\n\n<p>Aamu&nbsp;Alakruuvi&nbsp;&nbsp;Aamu.Alakruuvi@gmail.com&nbsp;<\/p>\n\n\n\n<p>Linkit:&nbsp;<\/p>\n\n\n\n<p><a href=\"https:\/\/www.bing.com\/images\/search?view=detailV2&amp;ccid=BGiye8H0&amp;id=CCAAED51F742DED811E2E0E218B936161A1777E5&amp;thid=OIP.BGiye8H0b9b-r8JZXEL2fAHaHm&amp;mediaurl=https%3a%2f%2fupload.wikimedia.org%2fwikipedia%2fcommons%2f1%2f19%2fCosmetologist_applying_skincare_treatment.jpg&amp;cdnurl=https%3a%2f%2fth.bing.com%2fth%2fid%2fR.0468b27bc1f46fd6feafc2595c42f67c%3frik%3d5XcXGhY2uRji4A%26pid%3dImgRaw%26r%3d0&amp;exph=1024&amp;expw=997&amp;q=kasvohoito&amp;FORM=IRPRST&amp;ck=F343D0A89F917162CCB420EA15109A09&amp;selectedIndex=0&amp;itb=0&amp;qft=+filterui%3alicense-L2_L3_L4_L5_L6_L7\" target=\"_blank\" rel=\"noreferrer noopener\">https:\/\/www.bing.com\/images\/search?view=detailV2&amp;ccid=BGiye8H0&amp;id=CCAAED51F742DED811E2E0E218B936161A1777E5&amp;thid=OIP.BGiye8H0b9b-r8JZXEL2fAHaHm&amp;mediaurl=https%3a%2f%2fupload.wikimedia.org%2fwikipedia%2fcommons%2f1%2f19%2fCosmetologist_applying_skincare_treatment.jpg&amp;cdnurl=https%3a%2f%2fth.bing.com%2fth%2fid%2fR.0468b27bc1f46fd6feafc2595c42f67c%3frik%3d5XcXGhY2uRji4A%26pid%3dImgRaw%26r%3d0&amp;exph=1024&amp;expw=997&amp;q=kasvohoito&amp;FORM=IRPRST&amp;ck=F343D0A89F917162CCB420EA15109A09&amp;selectedIndex=0&amp;itb=0&amp;qft=+filterui%3alicense-L2_L3_L4_L5_L6_L7<\/a>&nbsp;<\/p>\n\n\n\n<p><a href=\"https:\/\/www.bing.com\/images\/search?view=detailV2&amp;ccid=HwCFsHEF&amp;id=D03EDA6C0441EFE2CF6AB7445EA80F778DD085EB&amp;thid=OIP.HwCFsHEFKV6pAwN0mo3-8wHaE8&amp;mediaurl=https%3a%2f%2flive.staticflickr.com%2f2329%2f2413988302_53abd294a1_b.jpg&amp;cdnurl=https%3a%2f%2fth.bing.com%2fth%2fid%2fR.1f0085b07105295ea90303749a8dfef3%3frik%3d64XQjXcPqF5Etw%26pid%3dImgRaw%26r%3d0&amp;exph=683&amp;expw=1024&amp;q=ruusu+spa+milk&amp;FORM=IRPRST&amp;ck=43B306D102298D9AC2AA4EBFCC510974&amp;selectedIndex=0&amp;itb=0&amp;qft=+filterui%3alicense-L2_L3_L4_L5_L6_L7\" target=\"_blank\" rel=\"noreferrer noopener\">https:\/\/www.bing.com\/images\/search?view=detailV2&amp;ccid=HwCFsHEF&amp;id=D03EDA6C0441EFE2CF6AB7445EA80F778DD085EB&amp;thid=OIP.HwCFsHEFKV6pAwN0mo3-8wHaE8&amp;mediaurl=https%3a%2f%2flive.staticflickr.com%2f2329%2f2413988302_53abd294a1_b.jpg&amp;cdnurl=https%3a%2f%2fth.bing.com%2fth%2fid%2fR.1f0085b07105295ea90303749a8dfef3%3frik%3d64XQjXcPqF5Etw%26pid%3dImgRaw%26r%3d0&amp;exph=683&amp;expw=1024&amp;q=ruusu+spa+milk&amp;FORM=IRPRST&amp;ck=43B306D102298D9AC2AA4EBFCC510974&amp;selectedIndex=0&amp;itb=0&amp;qft=+filterui%3alicense-L2_L3_L4_L5_L6_L7<\/a>&nbsp;<\/p>\n","protected":false},"excerpt":{"rendered":"<p>Hemmotteleva ja rentouttava uusi ruusu-SPA: La Rose du\u00a0vent\u00a0Julia\u00a0 Uusi ruusuteemainen SPA&nbsp;La Rose du&nbsp;vent&nbsp;Julia&nbsp;avataan&nbsp;Rovaniemell\u00e4&nbsp;1.12.2025&nbsp;klo 12.00.&nbsp;&nbsp; &nbsp;Yritys&nbsp;hemmottelee&nbsp;asiakkaita loman, sek\u00e4 my\u00f6s arjen kiireen keskell\u00e4. Teema on ruusuinen&nbsp;ja tunnelmallinen.&nbsp;Tarjolla on hierontaa ja kasvohoitoja SPA altailla oleskelun lis\u00e4ksi. Rentoutumisen&nbsp;kylkeen&nbsp;voit my\u00f6s ostaa&nbsp;kahvilan puolelta&nbsp;pikku purtavaa,&nbsp;juotavaksi esimerkiksi&nbsp;Ranskasta toimitettua&nbsp;shampanjaa,&nbsp;tai&nbsp;vaikka&#8230; <a class=\"more-link\" href=\"https:\/\/blogi.savonia.fi\/laroseduventjulia\/tiedote\/\">Continue Reading &rarr;<\/a><\/p>\n","protected":false},"author":13338,"featured_media":0,"parent":0,"menu_order":0,"comment_status":"closed","ping_status":"closed","template":"","meta":{"footnotes":""},"class_list":["post-19","page","type-page","status-publish","hentry"],"_links":{"self":[{"href":"https:\/\/blogi.savonia.fi\/laroseduventjulia\/wp-json\/wp\/v2\/pages\/19","targetHints":{"allow":["GET"]}}],"collection":[{"href":"https:\/\/blogi.savonia.fi\/laroseduventjulia\/wp-json\/wp\/v2\/pages"}],"about":[{"href":"https:\/\/blogi.savonia.fi\/laroseduventjulia\/wp-json\/wp\/v2\/types\/page"}],"author":[{"embeddable":true,"href":"https:\/\/blogi.savonia.fi\/laroseduventjulia\/wp-json\/wp\/v2\/users\/13338"}],"replies":[{"embeddable":true,"href":"https:\/\/blogi.savonia.fi\/laroseduventjulia\/wp-json\/wp\/v2\/comments?post=19"}],"version-history":[{"count":1,"href":"https:\/\/blogi.savonia.fi\/laroseduventjulia\/wp-json\/wp\/v2\/pages\/19\/revisions"}],"predecessor-version":[{"id":22,"href":"https:\/\/blogi.savonia.fi\/laroseduventjulia\/wp-json\/wp\/v2\/pages\/19\/revisions\/22"}],"wp:attachment":[{"href":"https:\/\/blogi.savonia.fi\/laroseduventjulia\/wp-json\/wp\/v2\/media?parent=19"}],"curies":[{"name":"wp","href":"https:\/\/api.w.org\/{rel}","templated":true}]}}