{"id":26,"date":"2025-12-01T14:23:33","date_gmt":"2025-12-01T12:23:33","guid":{"rendered":"https:\/\/blogi.savonia.fi\/laroseduventjulia\/?page_id=26"},"modified":"2025-12-01T14:23:33","modified_gmt":"2025-12-01T12:23:33","slug":"yrityspalaveri","status":"publish","type":"page","link":"https:\/\/blogi.savonia.fi\/laroseduventjulia\/yrityspalaveri\/","title":{"rendered":"Yrityspalaveri"},"content":{"rendered":"\n<p><\/p>\n\n\n\n<figure class=\"wp-block-table\"><table class=\"has-fixed-layout\"><tbody><tr><td>osallistujat:&nbsp;&nbsp;<\/td><td>Nette Leutonen &amp; Aamu&nbsp;Alakruuvi&nbsp;<\/td><\/tr><tr><td>\u200b\u200bP\u00e4iv\u00e4m\u00e4\u00e4r\u00e4:\u200b&nbsp;<\/td><td>30.10.2025&nbsp;<\/td><\/tr><tr><td>Yrityksen nimi:&nbsp;<\/td><td>\u00a0\u00a0La Rose du vent Julia<\/td><\/tr><tr><td>Kuvaus:&nbsp;<\/td><td>SPA,&nbsp;Rentouttava&nbsp;hierontaa&nbsp;ja kasvohoitoa, sek\u00e4 allashuoneita&nbsp;sis\u00e4lt\u00e4v\u00e4 SPA.&nbsp;Mahdollisuus ostaa juotavaa ja pikkupurtavaa rentoutumisen&nbsp;yhteyteen.&nbsp;Takapihalla&nbsp;Puutarha ja&nbsp;ulkoallas(avoinna&nbsp;my\u00f6s talvella)&nbsp;Teemana&nbsp;Puutarha: sis\u00e4lt\u00e4\u00e4 ruusuja&nbsp;ja&nbsp;erilaisia puutarha kasveja. V\u00e4rimaailmalta vihre\u00e4+&nbsp;allas- ja rentoutushuoneissa omat ruusujen&nbsp;teemav\u00e4rit.&nbsp;<\/td><\/tr><tr><td>j\u00e4senten vahvuudet:&nbsp;<\/td><td>Nette:&nbsp;Yhteisty\u00f6kyky ja luovuus&nbsp;sek\u00e4 tunnollisuus.&nbsp;Aamu:&nbsp;ahkeruus ja&nbsp;ideointi&nbsp;sek\u00e4 t\u00e4sm\u00e4llisyys.&nbsp;<\/td><\/tr><tr><td>Oppimis- ja arvosanatavoitteet&nbsp;<\/td><td>&nbsp;&nbsp;oppimistavoitteena on&nbsp;ymm\u00e4rt\u00e4\u00e4 yrityksen liittyv\u00e4\u00e4 viestint\u00e4\u00e4&nbsp;eri n\u00e4k\u00f6kulmista.&nbsp;arvosanatavoite: Mahdollisimman hyv\u00e4,&nbsp;4-5.&nbsp;&nbsp;<\/td><\/tr><tr><td>&nbsp;&nbsp;&nbsp;<\/td><td>&nbsp;<\/td><\/tr><tr><td>&nbsp;<\/td><td>&nbsp;<\/td><\/tr><tr><td>Ryhm\u00e4ty\u00f6skentelyn ja&nbsp;portfolioteht\u00e4vien&nbsp;tekemisen pelis\u00e4\u00e4nn\u00f6t:&nbsp;<\/td><td>&nbsp;&nbsp;&nbsp;&nbsp;Toimintatapa:&nbsp;Pohditaan mahdollisimman paljon yhdess\u00e4&nbsp;ja&nbsp;toteutetaan molempien ideoita.&nbsp;&nbsp;sitoutuminen\/&nbsp;osallistuminen&nbsp;tunneille:&nbsp;Mahdollisimman paljon ty\u00f6stet\u00e4\u00e4n tunnilla eteenp\u00e4in. Tarvittaessa my\u00f6s vapaa-ajalla.&nbsp;&nbsp;miten korvataan&nbsp;poissaolo? jos esim. sairastuu:&nbsp;Ty\u00f6stet\u00e4\u00e4n yhdess\u00e4\/ ilmoitetaan parille ajoissa ja tehd\u00e4\u00e4n oma osuus, kun on tarpeeksi terve aikataulujen puitteissa.&nbsp;<\/td><\/tr><tr><td>P\u00e4iv\u00e4ys,&nbsp;&nbsp;paikka ja allekirjoitukset:&nbsp;<\/td><td>30.10.2025\u00a0Savonia\u00a0Microkadun\u00a0Kampus, Kuopio\u00a0. Nette Leutonen &amp; Aamu Alakruuvi<\/td><\/tr><\/tbody><\/table><\/figure>\n","protected":false},"excerpt":{"rendered":"<p>osallistujat:&nbsp;&nbsp; Nette Leutonen &amp; Aamu&nbsp;Alakruuvi&nbsp; \u200b\u200bP\u00e4iv\u00e4m\u00e4\u00e4r\u00e4:\u200b&nbsp; 30.10.2025&nbsp; Yrityksen nimi:&nbsp; \u00a0\u00a0La Rose du vent Julia Kuvaus:&nbsp; SPA,&nbsp;Rentouttava&nbsp;hierontaa&nbsp;ja kasvohoitoa, sek\u00e4 allashuoneita&nbsp;sis\u00e4lt\u00e4v\u00e4 SPA.&nbsp;Mahdollisuus ostaa juotavaa ja pikkupurtavaa rentoutumisen&nbsp;yhteyteen.&nbsp;Takapihalla&nbsp;Puutarha ja&nbsp;ulkoallas(avoinna&nbsp;my\u00f6s talvella)&nbsp;Teemana&nbsp;Puutarha: sis\u00e4lt\u00e4\u00e4 ruusuja&nbsp;ja&nbsp;erilaisia puutarha kasveja. V\u00e4rimaailmalta vihre\u00e4+&nbsp;allas- ja rentoutushuoneissa omat ruusujen&nbsp;teemav\u00e4rit.&nbsp; j\u00e4senten vahvuudet:&nbsp; Nette:&nbsp;Yhteisty\u00f6kyky&#8230; <a class=\"more-link\" href=\"https:\/\/blogi.savonia.fi\/laroseduventjulia\/yrityspalaveri\/\">Continue Reading &rarr;<\/a><\/p>\n","protected":false},"author":13338,"featured_media":0,"parent":0,"menu_order":0,"comment_status":"closed","ping_status":"closed","template":"","meta":{"footnotes":""},"class_list":["post-26","page","type-page","status-publish","hentry"],"_links":{"self":[{"href":"https:\/\/blogi.savonia.fi\/laroseduventjulia\/wp-json\/wp\/v2\/pages\/26","targetHints":{"allow":["GET"]}}],"collection":[{"href":"https:\/\/blogi.savonia.fi\/laroseduventjulia\/wp-json\/wp\/v2\/pages"}],"about":[{"href":"https:\/\/blogi.savonia.fi\/laroseduventjulia\/wp-json\/wp\/v2\/types\/page"}],"author":[{"embeddable":true,"href":"https:\/\/blogi.savonia.fi\/laroseduventjulia\/wp-json\/wp\/v2\/users\/13338"}],"replies":[{"embeddable":true,"href":"https:\/\/blogi.savonia.fi\/laroseduventjulia\/wp-json\/wp\/v2\/comments?post=26"}],"version-history":[{"count":1,"href":"https:\/\/blogi.savonia.fi\/laroseduventjulia\/wp-json\/wp\/v2\/pages\/26\/revisions"}],"predecessor-version":[{"id":27,"href":"https:\/\/blogi.savonia.fi\/laroseduventjulia\/wp-json\/wp\/v2\/pages\/26\/revisions\/27"}],"wp:attachment":[{"href":"https:\/\/blogi.savonia.fi\/laroseduventjulia\/wp-json\/wp\/v2\/media?parent=26"}],"curies":[{"name":"wp","href":"https:\/\/api.w.org\/{rel}","templated":true}]}}